{"id":10895,"date":"2020-11-10T08:23:22","date_gmt":"2020-11-10T08:23:22","guid":{"rendered":"https:\/\/casinofrog.com\/?page_id=10895"},"modified":"2024-12-28T08:44:40","modified_gmt":"2024-12-28T08:44:40","slug":"contacto","status":"publish","type":"page","link":"https:\/\/casinofrog.com\/es\/contacto\/","title":{"rendered":"Cont\u00e1ctanos en Casino Frog (ES)"},"content":{"rendered":"<div class=\"wp-block-image\">\n<figure class=\"alignleft\"><img loading=\"lazy\" decoding=\"async\" width=\"100\" height=\"60\" src=\"https:\/\/casinofrog.com\/wp-content\/uploads\/contacto-es.png\" alt=\"contacto es\" class=\"wp-image-10971\"\/><\/figure>\n<\/div>\n\n\n<p class=\"wp-block-paragraph\">Usa el formulario de abajo para contactar al equipo de Casino Frog. \u00a1Haznos saber lo que piensas de nosotros! Tambi\u00e9n nos encantar\u00eda ayudarte con cualquier problema que puedas tener, escuchar tus comentarios y responder a cualquier pregunta.<\/p>\n\n\n\n<p class=\"wp-block-paragraph\">Env\u00edanos un mensaje introduciendo tus datos en el formulario de contacto de abajo. \u00a1Nos pondremos en contacto contigo lo antes posible!<\/p>\n\n\n<div class=\"wpforms-container wpforms-container-full\" id=\"wpforms-10923\"><form id=\"wpforms-form-10923\" class=\"wpforms-validate wpforms-form\" data-formid=\"10923\" method=\"post\" enctype=\"multipart\/form-data\" action=\"\/es\/wp-json\/wp\/v2\/pages\/10895\" data-token=\"599a38a672a9df1ab03316e6d168b054\" data-token-time=\"1776040114\"><noscript class=\"wpforms-error-noscript\">Por favor, activa JavaScript en tu navegador para completar este formulario.<\/noscript><div class=\"wpforms-field-container\"><div id=\"wpforms-10923-field_0-container\" class=\"wpforms-field wpforms-field-name\" data-field-id=\"0\"><label class=\"wpforms-field-label\" for=\"wpforms-10923-field_0\">Nombre <span class=\"wpforms-required-label\">*<\/span><\/label><input type=\"text\" id=\"wpforms-10923-field_0\" class=\"wpforms-field-medium wpforms-field-required\" name=\"wpforms[fields][0]\" placeholder=\"Tu nombre\" required><\/div><div id=\"wpforms-10923-field_1-container\" class=\"wpforms-field wpforms-field-email\" data-field-id=\"1\"><label class=\"wpforms-field-label\" for=\"wpforms-10923-field_1\">Correo electr\u00f3nico <span class=\"wpforms-required-label\">*<\/span><\/label><input type=\"email\" id=\"wpforms-10923-field_1\" class=\"wpforms-field-medium wpforms-field-required\" name=\"wpforms[fields][1]\" placeholder=\"Tu direcci\u00f3n de correo electr\u00f3nico\" spellcheck=\"false\" required><\/div><div id=\"wpforms-10923-field_6-container\" class=\"wpforms-field wpforms-field-select wpforms-field-select-style-classic\" data-field-id=\"6\"><label class=\"wpforms-field-label\" for=\"wpforms-10923-field_6\">Categor\u00edas<\/label><select id=\"wpforms-10923-field_6\" class=\"wpforms-field-medium\" name=\"wpforms[fields][6]\"><option value=\"\" class=\"placeholder\" disabled  selected='selected'>Selecciona un tema<\/option><option value=\"Reportar un problema\"  class=\"choice-1 depth-1\"  >Reportar un problema<\/option><option value=\"Dejar un comentario\"  class=\"choice-2 depth-1\"  >Dejar un comentario<\/option><option value=\"Reportar un error\"  class=\"choice-3 depth-1\"  >Reportar un error<\/option><option value=\"Otro\"  class=\"choice-4 depth-1\"  >Otro<\/option><\/select><\/div><div id=\"wpforms-10923-field_2-container\" class=\"wpforms-field wpforms-field-textarea\" data-field-id=\"2\"><label class=\"wpforms-field-label\" for=\"wpforms-10923-field_2\">Mensaje <span class=\"wpforms-required-label\">*<\/span><\/label><textarea id=\"wpforms-10923-field_2\" class=\"wpforms-field-medium wpforms-field-required\" name=\"wpforms[fields][2]\" placeholder=\"Deja un mensaje\" required><\/textarea><\/div><\/div><!-- .wpforms-field-container --><div class=\"wpforms-field wpforms-field-hp\"><label for=\"wpforms-10923-field-hp\" class=\"wpforms-field-label\">Comment<\/label><input type=\"text\" name=\"wpforms[hp]\" id=\"wpforms-10923-field-hp\" class=\"wpforms-field-medium\"><\/div><div class=\"wpforms-recaptcha-container wpforms-is-recaptcha wpforms-is-recaptcha-type-v3\" ><input type=\"hidden\" name=\"wpforms[recaptcha]\" value=\"\"><\/div><div class=\"wpforms-submit-container\" ><input type=\"hidden\" name=\"wpforms[id]\" value=\"10923\"><input type=\"hidden\" name=\"page_title\" value=\"\"><input type=\"hidden\" name=\"page_url\" value=\"https:\/\/casinofrog.com\/es\/wp-json\/wp\/v2\/pages\/10895\"><input type=\"hidden\" name=\"url_referer\" value=\"\"><button type=\"submit\" name=\"wpforms[submit]\" id=\"wpforms-submit-10923\" class=\"wpforms-submit\" data-alt-text=\"Enviando...\" data-submit-text=\"Enviar\" aria-live=\"assertive\" value=\"wpforms-submit\">Enviar<\/button><\/div><\/form><\/div>  <!-- .wpforms-container -->\n\n\n\n<hr class=\"wp-block-separator has-alpha-channel-opacity\"\/>\n\n\n\n<p class=\"wp-block-paragraph\">Casino Frog N.V. (#938493)<br>Heelsumstraat 51 E-Commerce Park, Willemstad, Curazao<br>+5999 783 1899<\/p>\n","protected":false},"excerpt":{"rendered":"<p>Usa el formulario de abajo para contactar al equipo de Casino Frog. \u00a1Haznos saber lo que piensas de nosotros! Tambi\u00e9n nos encantar\u00eda ayudarte con cualquier problema que puedas tener, escuchar tus comentarios y responder a cualquier pregunta. Env\u00edanos un mensaje introduciendo tus datos en el formulario de contacto de abajo. \u00a1Nos pondremos en contacto contigo &#8230; <a title=\"Cont\u00e1ctanos en Casino Frog (ES)\" class=\"read-more\" href=\"https:\/\/casinofrog.com\/es\/contacto\/\" aria-label=\"Leer m\u00e1s sobre Cont\u00e1ctanos en Casino Frog (ES)\">Leer m\u00e1s<\/a><\/p>\n","protected":false},"author":72,"featured_media":0,"parent":0,"menu_order":0,"comment_status":"closed","ping_status":"closed","template":"","meta":{"_crdt_document":"","footnotes":""},"class_list":["post-10895","page","type-page","status-publish"],"_links":{"self":[{"href":"https:\/\/casinofrog.com\/es\/wp-json\/wp\/v2\/pages\/10895","targetHints":{"allow":["GET"]}}],"collection":[{"href":"https:\/\/casinofrog.com\/es\/wp-json\/wp\/v2\/pages"}],"about":[{"href":"https:\/\/casinofrog.com\/es\/wp-json\/wp\/v2\/types\/page"}],"author":[{"embeddable":true,"href":"https:\/\/casinofrog.com\/es\/wp-json\/wp\/v2\/users\/72"}],"replies":[{"embeddable":true,"href":"https:\/\/casinofrog.com\/es\/wp-json\/wp\/v2\/comments?post=10895"}],"version-history":[{"count":6,"href":"https:\/\/casinofrog.com\/es\/wp-json\/wp\/v2\/pages\/10895\/revisions"}],"predecessor-version":[{"id":20570,"href":"https:\/\/casinofrog.com\/es\/wp-json\/wp\/v2\/pages\/10895\/revisions\/20570"}],"wp:attachment":[{"href":"https:\/\/casinofrog.com\/es\/wp-json\/wp\/v2\/media?parent=10895"}],"curies":[{"name":"wp","href":"https:\/\/api.w.org\/{rel}","templated":true}]}}