{"id":10889,"date":"2020-11-10T08:20:45","date_gmt":"2020-11-10T08:20:45","guid":{"rendered":"https:\/\/casinofrog.com\/?page_id=10889"},"modified":"2024-12-28T08:44:37","modified_gmt":"2024-12-28T08:44:37","slug":"ayuda","status":"publish","type":"page","link":"https:\/\/casinofrog.com\/es\/ayuda\/","title":{"rendered":"Recibe ayuda en Casino Frog (ES)"},"content":{"rendered":"\n<h2 class=\"wp-block-heading\">Centro de asistencia de Casino Frog<\/h2>\n\n\n\n<p class=\"wp-block-paragraph\">Encuentra respuestas a cualquier inquietud que puedas tener seleccionando un tema o navegando por las preguntas frecuentes que aparecen a continuaci\u00f3n.<\/p>\n\n\n<form role=\"search\" method=\"get\" action=\"https:\/\/casinofrog.com\/es\/\" class=\"wp-block-search__button-outside wp-block-search__text-button wp-block-search\"    ><label class=\"wp-block-search__label\" for=\"wp-block-search__input-2\" >Buscar<\/label><div class=\"wp-block-search__inside-wrapper\" ><input class=\"wp-block-search__input\" id=\"wp-block-search__input-2\" placeholder=\"\" value=\"\" type=\"search\" name=\"s\" required \/><button aria-label=\"Buscar\" class=\"wp-block-search__button wp-element-button\" type=\"submit\" >Buscar<\/button><\/div><\/form>\n\n\n<hr class=\"wp-block-separator has-alpha-channel-opacity\"\/>\n\n\n\n<h2 class=\"wp-block-heading\">\u00bfC\u00f3mo podemos ayudarte?<\/h2>\n\n\n\n<p class=\"has-text-align-center wp-block-paragraph\">Empieza eligiendo un tema.<\/p>\n\n\n<div  class=\"lgc-column lgc-grid-parent lgc-grid-33 lgc-tablet-grid-50 lgc-mobile-grid-100 lgc-equal-heights \"><div  class=\"inside-grid-column\">\n<h4><a href=\"https:\/\/casinofrog.com\/es\/acerca-de-nosotros\/\">Acerca de Casino Frog<\/a><\/h4>\n<p>Ve a nuestra p\u00e1gina \u00abAcerca de\u00bb si deseas saber m\u00e1s sobre Casino Frog, incluyendo nuestros objetivos y valores.<\/p>\n<\/div><\/div>\n\n\n<div  class=\"lgc-column lgc-grid-parent lgc-grid-33 lgc-tablet-grid-50 lgc-mobile-grid-100 lgc-equal-heights \"><div  class=\"inside-grid-column\">\n<h4><a href=\"https:\/\/casinofrog.com\/es\/juego-responsable\/\">Juego responsable<\/a><\/h4>\n<p>Apoyamos y promovemos totalmente el juego responsable. Averigua m\u00e1s sobre nuestra postura en este asunto aqu\u00ed.<\/p>\n<\/div><\/div>\n\n\n<div  class=\"lgc-column lgc-grid-parent lgc-grid-33 lgc-tablet-grid-50 lgc-mobile-grid-100 lgc-equal-heights \"><div  class=\"inside-grid-column\">\n<h4><a href=\"https:\/\/casinofrog.com\/es\/contacto\/\">Cont\u00e1ctanos<\/a><\/h4>\n<p>Nos encantar\u00eda saber de ti. Env\u00edanos un mensaje con cualquier tipo de asunto y nos pondremos en contacto contigo tan pronto como podamos.<\/p>\n<\/div><\/div>\n\n\n\n<hr class=\"wp-block-separator has-alpha-channel-opacity\"\/>\n\n\n\n<h2 class=\"wp-block-heading\"><span lang=\"ES-VE\">Preguntas frecuentes<\/span><\/h2>\n\n\n<style>#sp-ea-10905 .spcollapsing { height: 0; overflow: hidden; transition-property: height;transition-duration: 500ms;}#sp-ea-10905{ position: relative; }#sp-ea-10905 .ea-card{ opacity: 0;}#eap-preloader-10905{ position: absolute; left: 0; top: 0; height: 100%;width: 100%; text-align: center;display: flex; align-items: center;justify-content: center;}#sp-ea-10905.sp-easy-accordion>.sp-ea-single {margin-bottom: 10px; border: 1px solid #e2e2e2; }#sp-ea-10905.sp-easy-accordion>.sp-ea-single>.ea-header a {color: #444;}#sp-ea-10905.sp-easy-accordion>.sp-ea-single>.sp-collapse>.ea-body {background: #fff; color: #444;}#sp-ea-10905.sp-easy-accordion>.sp-ea-single {background: #eee;}#sp-ea-10905.sp-easy-accordion>.sp-ea-single>.ea-header a .ea-expand-icon { float: left; color: #444;font-size: 16px;}<\/style><div id=\"sp_easy_accordion-1776033756\"><div id=\"sp-ea-10905\" class=\"sp-ea-one sp-easy-accordion\" data-ea-active=\"ea-click\" data-ea-mode=\"vertical\" data-preloader=\"1\" data-scroll-active-item=\"\" data-offset-to-scroll=\"0\"><div id=\"eap-preloader-10905\" class=\"accordion-preloader\"><img decoding=\"async\" src=\"https:\/\/casinofrog.com\/wp-content\/plugins\/easy-accordion-free\/public\/assets\/ea_loader.svg\" alt=\"Loader image\"\/><\/div><div class=\"ea-card ea-expand sp-ea-single\"><h3 class=\"ea-header\"><a class=\"collapsed\" id=\"ea-header-109050\" role=\"button\" data-sptoggle=\"spcollapse\" data-sptarget=\"#collapse109050\" aria-controls=\"collapse109050\" href=\"#\" aria-expanded=\"true\" tabindex=\"0\"><i aria-hidden=\"true\" role=\"presentation\" class=\"ea-expand-icon eap-icon-ea-expand-minus\"><\/i> \u00bfQu\u00e9 es Casino Frog?<\/a><\/h3><div class=\"sp-collapse spcollapse collapsed show\" id=\"collapse109050\" role=\"region\" aria-labelledby=\"ea-header-109050\"> <div class=\"ea-body\"><p>Casino Frog es un servicio de comparaci\u00f3n de sitios de juego en l\u00ednea creado para hacerles la vida m\u00e1s f\u00e1cil a los jugadores. Nuestro equipo est\u00e1 formado por expertos motivados, con varios a\u00f1os de experiencia en el sector, que se apasionan por ayudarte a encontrar el sitio de casino ideal.<\/p><\/div><\/div><\/div><div class=\"ea-card ea-expand sp-ea-single\"><h3 class=\"ea-header\"><a class=\"collapsed\" id=\"ea-header-109051\" role=\"button\" data-sptoggle=\"spcollapse\" data-sptarget=\"#collapse109051\" aria-controls=\"collapse109051\" href=\"#\" aria-expanded=\"true\" tabindex=\"0\"><i aria-hidden=\"true\" role=\"presentation\" class=\"ea-expand-icon eap-icon-ea-expand-minus\"><\/i> \u00bfC\u00f3mo puedo unirme a un sitio de casino?<\/a><\/h3><div class=\"sp-collapse spcollapse collapsed show\" id=\"collapse109051\" role=\"region\" aria-labelledby=\"ea-header-109051\"> <div class=\"ea-body\"><p>Para asegurarte de unirte a un sitio de casino de calidad lo primero que debes hacer es <a href=\"https:\/\/casinofrog.com\/es\/casino-online\/\">comprar las ofertas<\/a> en nuestras listas detalladas de casinos. Selecciona tu favorito una vez que hayas terminado de comparar. Despu\u00e9s de eso, debes registrarte, a menudo rellenando un formulario de registro. Una vez registrado, lo \u00fanico que queda por hacer es un dep\u00f3sito y ya estar\u00e1s listo para empezar a disfrutar de tus juegos favoritos.<\/p><\/div><\/div><\/div><div class=\"ea-card ea-expand sp-ea-single\"><h3 class=\"ea-header\"><a class=\"collapsed\" id=\"ea-header-109052\" role=\"button\" data-sptoggle=\"spcollapse\" data-sptarget=\"#collapse109052\" aria-controls=\"collapse109052\" href=\"#\" aria-expanded=\"true\" tabindex=\"0\"><i aria-hidden=\"true\" role=\"presentation\" class=\"ea-expand-icon eap-icon-ea-expand-minus\"><\/i> \u00bfQu\u00e9 edad debo tener para jugar en l\u00ednea?<\/a><\/h3><div class=\"sp-collapse spcollapse collapsed show\" id=\"collapse109052\" role=\"region\" aria-labelledby=\"ea-header-109052\"> <div class=\"ea-body\"><p>La edad m\u00ednima permitida para jugar en un casino online es <strong>18 a\u00f1os<\/strong>. Ese es el caso en Espa\u00f1a y en la mayor\u00eda de los pa\u00edses del mundo.<\/p><\/div><\/div><\/div><div class=\"ea-card ea-expand sp-ea-single\"><h3 class=\"ea-header\"><a class=\"collapsed\" id=\"ea-header-109053\" role=\"button\" data-sptoggle=\"spcollapse\" data-sptarget=\"#collapse109053\" aria-controls=\"collapse109053\" href=\"#\" aria-expanded=\"true\" tabindex=\"0\"><i aria-hidden=\"true\" role=\"presentation\" class=\"ea-expand-icon eap-icon-ea-expand-minus\"><\/i> \u00bfCu\u00e1ndo puedo retirar mis ganancias obtenidas de los bonos?<\/a><\/h3><div class=\"sp-collapse spcollapse collapsed show\" id=\"collapse109053\" role=\"region\" aria-labelledby=\"ea-header-109053\"> <div class=\"ea-body\"><p>Puedes retirar el dinero de tu bonificaci\u00f3n cuando hayas cumplido los requisitos de la promoci\u00f3n. Casi todas las ofertas de bonos vienen con ciertos t\u00e9rminos y condiciones, como por ejemplo la obligaci\u00f3n de reinvertir el bono X cantidad de veces.<\/p><\/div><\/div><\/div><div class=\"ea-card ea-expand sp-ea-single\"><h3 class=\"ea-header\"><a class=\"collapsed\" id=\"ea-header-109054\" role=\"button\" data-sptoggle=\"spcollapse\" data-sptarget=\"#collapse109054\" aria-controls=\"collapse109054\" href=\"#\" aria-expanded=\"true\" tabindex=\"0\"><i aria-hidden=\"true\" role=\"presentation\" class=\"ea-expand-icon eap-icon-ea-expand-minus\"><\/i> \u00bfSon seguros los casinos online en Espa\u00f1a?<\/a><\/h3><div class=\"sp-collapse spcollapse collapsed show\" id=\"collapse109054\" role=\"region\" aria-labelledby=\"ea-header-109054\"> <div class=\"ea-body\"><p>La respuesta corta es <strong>s\u00ed<\/strong>, los casinos en l\u00ednea en Espa\u00f1a son seguros. Siempre y cuando elijas un sitio de casino con licencia y que est\u00e9 verificado, estar\u00e1s en buenas manos. Todos los sitios de casino que recomendamos cumplen con los m\u00e1s altos est\u00e1ndares de transparencia y seguridad con sus licencias y m\u00e9todos de encriptaci\u00f3n. La seguridad de los jugadores es muy importante para nosotros y es el principal factor que consideramos al calificar un casino.<\/p><\/div><\/div><\/div><div class=\"ea-card ea-expand sp-ea-single\"><h3 class=\"ea-header\"><a class=\"collapsed\" id=\"ea-header-109055\" role=\"button\" data-sptoggle=\"spcollapse\" data-sptarget=\"#collapse109055\" aria-controls=\"collapse109055\" href=\"#\" aria-expanded=\"true\" tabindex=\"0\"><i aria-hidden=\"true\" role=\"presentation\" class=\"ea-expand-icon eap-icon-ea-expand-minus\"><\/i> \u00bfC\u00f3mo dejo de apostar?<\/a><\/h3><div class=\"sp-collapse spcollapse collapsed show\" id=\"collapse109055\" role=\"region\" aria-labelledby=\"ea-header-109055\"> <div class=\"ea-body\"><p>Si est\u00e1s pasando por un momento en el que el juego ya no es divertido o placentero, deber\u00edas tomarte un descanso. Hay muchas opciones para aquellos que necesitan tomarse un descanso del juego o dejarlo por completo. Una alternativa es \"prohibirse\" a s\u00ed mismo la entrada a todos los sitios de casinos. Pero si necesitas ayuda externa, tambi\u00e9n hay organizaciones que ofrecen ayuda como la Asociaci\u00f3n para la prevenci\u00f3n y ayuda al lud\u00f3pata (APAL) y Jugadores an\u00f3nimos de Espa\u00f1a J.A., entre otras, donde se puede obtener asesoramiento gratuito.<\/p><\/div><\/div><\/div><div class=\"ea-card ea-expand sp-ea-single\"><h3 class=\"ea-header\"><a class=\"collapsed\" id=\"ea-header-109056\" role=\"button\" data-sptoggle=\"spcollapse\" data-sptarget=\"#collapse109056\" aria-controls=\"collapse109056\" href=\"#\" aria-expanded=\"true\" tabindex=\"0\"><i aria-hidden=\"true\" role=\"presentation\" class=\"ea-expand-icon eap-icon-ea-expand-minus\"><\/i> \u00bfPuedo jugar desde mi m\u00f3vil?<\/a><\/h3><div class=\"sp-collapse spcollapse collapsed show\" id=\"collapse109056\" role=\"region\" aria-labelledby=\"ea-header-109056\"> <div class=\"ea-body\"><p><strong>S\u00ed<\/strong>, puedes hacerlo. Todo lo que necesitar\u00e1s es un smartphone algo moderno y una buena conexi\u00f3n a Internet. Los sitios de casinos de hoy en d\u00eda han sido optimizados para adaptarse a diferentes dispositivos. Por lo general, ni siquiera necesitar\u00e1s descargar una aplicaci\u00f3n para jugar, ya que el navegador web de tu m\u00f3vil es lo suficientemente bueno, la mayor\u00eda de las veces, para permitirte disfrutar de tus juegos favoritos.<\/p><\/div><\/div><\/div><script type=\"application\/ld+json\">{ \"@context\": \"https:\/\/schema.org\", \"@type\": \"FAQPage\", \"@id\": \"sp-ea-schema-10905-69dc1fdc0ab62\", \"mainEntity\": [{ \"@type\": \"Question\", \"name\": \"\u00bfQu\u00e9 es Casino Frog?\", \"acceptedAnswer\": { \"@type\": \"Answer\", \"text\": \"Casino Frog es un servicio de comparaci\u00f3n de sitios de juego en l\u00ednea creado para hacerles la vida m\u00e1s f\u00e1cil a los jugadores. Nuestro equipo est\u00e1 formado por expertos motivados, con varios a\u00f1os de experiencia en el sector, que se apasionan por ayudarte a encontrar el sitio de casino ideal.\" } },{ \"@type\": \"Question\", \"name\": \"\u00bfC\u00f3mo puedo unirme a un sitio de casino?\", \"acceptedAnswer\": { \"@type\": \"Answer\", \"text\": \"Para asegurarte de unirte a un sitio de casino de calidad lo primero que debes hacer es comprar las ofertas en nuestras listas detalladas de casinos. Selecciona tu favorito una vez que hayas terminado de comparar. Despu\u00e9s de eso, debes registrarte, a menudo rellenando un formulario de registro. Una vez registrado, lo \u00fanico que queda por hacer es un dep\u00f3sito y ya estar\u00e1s listo para empezar a disfrutar de tus juegos favoritos.\" } },{ \"@type\": \"Question\", \"name\": \"\u00bfQu\u00e9 edad debo tener para jugar en l\u00ednea?\", \"acceptedAnswer\": { \"@type\": \"Answer\", \"text\": \"La edad m\u00ednima permitida para jugar en un casino online es<strong>18 a\u00f1os<\/strong>. Ese es el caso en Espa\u00f1a y en la mayor\u00eda de los pa\u00edses del mundo.\" } },{ \"@type\": \"Question\", \"name\": \"\u00bfCu\u00e1ndo puedo retirar mis ganancias obtenidas de los bonos?\", \"acceptedAnswer\": { \"@type\": \"Answer\", \"text\": \"Puedes retirar el dinero de tu bonificaci\u00f3n cuando hayas cumplido los requisitos de la promoci\u00f3n. Casi todas las ofertas de bonos vienen con ciertos t\u00e9rminos y condiciones, como por ejemplo la obligaci\u00f3n de reinvertir el bono X cantidad de veces.\" } },{ \"@type\": \"Question\", \"name\": \"\u00bfSon seguros los casinos online en Espa\u00f1a?\", \"acceptedAnswer\": { \"@type\": \"Answer\", \"text\": \"La respuesta corta es<strong>s\u00ed<\/strong>, los casinos en l\u00ednea en Espa\u00f1a son seguros. Siempre y cuando elijas un sitio de casino con licencia y que est\u00e9 verificado, estar\u00e1s en buenas manos. Todos los sitios de casino que recomendamos cumplen con los m\u00e1s altos est\u00e1ndares de transparencia y seguridad con sus licencias y m\u00e9todos de encriptaci\u00f3n. La seguridad de los jugadores es muy importante para nosotros y es el principal factor que consideramos al calificar un casino.\" } },{ \"@type\": \"Question\", \"name\": \"\u00bfC\u00f3mo dejo de apostar?\", \"acceptedAnswer\": { \"@type\": \"Answer\", \"text\": \"Si est\u00e1s pasando por un momento en el que el juego ya no es divertido o placentero, deber\u00edas tomarte un descanso. Hay muchas opciones para aquellos que necesitan tomarse un descanso del juego o dejarlo por completo. Una alternativa es 'prohibirse' a s\u00ed mismo la entrada a todos los sitios de casinos. Pero si necesitas ayuda externa, tambi\u00e9n hay organizaciones que ofrecen ayuda como la Asociaci\u00f3n para la prevenci\u00f3n y ayuda al lud\u00f3pata (APAL) y Jugadores an\u00f3nimos de Espa\u00f1a J.A., entre otras, donde se puede obtener asesoramiento gratuito.\" } },{ \"@type\": \"Question\", \"name\": \"\u00bfPuedo jugar desde mi m\u00f3vil?\", \"acceptedAnswer\": { \"@type\": \"Answer\", \"text\": \"<strong>S\u00ed<\/strong>, puedes hacerlo. Todo lo que necesitar\u00e1s es un smartphone algo moderno y una buena conexi\u00f3n a Internet. Los sitios de casinos de hoy en d\u00eda han sido optimizados para adaptarse a diferentes dispositivos. Por lo general, ni siquiera necesitar\u00e1s descargar una aplicaci\u00f3n para jugar, ya que el navegador web de tu m\u00f3vil es lo suficientemente bueno, la mayor\u00eda de las veces, para permitirte disfrutar de tus juegos favoritos.\" } }] }<\/script><\/div><\/div>\n","protected":false},"excerpt":{"rendered":"<p>Centro de asistencia de Casino Frog Encuentra respuestas a cualquier inquietud que puedas tener seleccionando un tema o navegando por las preguntas frecuentes que aparecen a continuaci\u00f3n. \u00bfC\u00f3mo podemos ayudarte? Empieza eligiendo un tema. Preguntas frecuentes<\/p>\n","protected":false},"author":72,"featured_media":0,"parent":0,"menu_order":0,"comment_status":"closed","ping_status":"closed","template":"","meta":{"_crdt_document":"","footnotes":""},"class_list":["post-10889","page","type-page","status-publish"],"_links":{"self":[{"href":"https:\/\/casinofrog.com\/es\/wp-json\/wp\/v2\/pages\/10889","targetHints":{"allow":["GET"]}}],"collection":[{"href":"https:\/\/casinofrog.com\/es\/wp-json\/wp\/v2\/pages"}],"about":[{"href":"https:\/\/casinofrog.com\/es\/wp-json\/wp\/v2\/types\/page"}],"author":[{"embeddable":true,"href":"https:\/\/casinofrog.com\/es\/wp-json\/wp\/v2\/users\/72"}],"replies":[{"embeddable":true,"href":"https:\/\/casinofrog.com\/es\/wp-json\/wp\/v2\/comments?post=10889"}],"version-history":[{"count":8,"href":"https:\/\/casinofrog.com\/es\/wp-json\/wp\/v2\/pages\/10889\/revisions"}],"predecessor-version":[{"id":20569,"href":"https:\/\/casinofrog.com\/es\/wp-json\/wp\/v2\/pages\/10889\/revisions\/20569"}],"wp:attachment":[{"href":"https:\/\/casinofrog.com\/es\/wp-json\/wp\/v2\/media?parent=10889"}],"curies":[{"name":"wp","href":"https:\/\/api.w.org\/{rel}","templated":true}]}}