{"id":10811,"date":"2020-11-09T15:52:02","date_gmt":"2020-11-09T15:52:02","guid":{"rendered":"https:\/\/casinofrog.com\/?page_id=10811"},"modified":"2024-12-28T08:44:22","modified_gmt":"2024-12-28T08:44:22","slug":"autores","status":"publish","type":"page","link":"https:\/\/casinofrog.com\/es\/autores\/","title":{"rendered":"Autores en Casino Frog (ES)"},"content":{"rendered":"\n<p class=\"wp-block-paragraph\">Conoce a nuestro equipo de Casino Frog en espa\u00f1ol. Se dedican a ofrecer el mejor contenido de casino de toda Espa\u00f1a. Con sus habilidades combinadas, est\u00e1n dando un gran salto en la industria, expandiendo constantemente los l\u00edmites.<\/p>\n\n\n\n<hr class=\"wp-block-separator has-alpha-channel-opacity\"\/>\n\n\n<div  class=\"lgc-column lgc-grid-parent lgc-grid-33 lgc-tablet-grid-50 lgc-mobile-grid-100 lgc-equal-heights \"><div  class=\"inside-grid-column\">\n<img loading=\"lazy\" decoding=\"async\" class=\"round alignnone wp-image-6957 size-full\" src=\"https:\/\/casinofrog.com\/wp-content\/uploads\/antonio-hernandez.jpg\" alt=\"\" width=\"150\" height=\"150\" \/>\n<p style=\"text-align: left;\"><strong>Antonio Hern\u00e1ndez<br \/>\n<\/strong>Antonio tiene un t\u00edtulo en marketing de la Universidad Rey Juan Carlos, pero lo que realmente disfruta es jugar y escribir sobre juegos de casino; sobre todo de los que son en directo con crupieres reales. En su tiempo libre, le gusta viajar por el mundo y visitar casinos f\u00edsicos para experimentar la adrenalina de jugar en vivo de vez en cuando.<\/p>\n<p style=\"text-align: left;\"><\/p><\/div><\/div>\n\n\n<div  class=\"lgc-column lgc-grid-parent lgc-grid-33 lgc-tablet-grid-50 lgc-mobile-grid-100 lgc-equal-heights \"><div  class=\"inside-grid-column\">\n<img loading=\"lazy\" decoding=\"async\" class=\"round alignnone wp-image-6871 size-full\" src=\"https:\/\/casinofrog.com\/wp-content\/uploads\/marta-gonzalez.jpg\" alt=\"\" width=\"150\" height=\"150\" \/><br \/>\n<strong>Marta Gonz\u00e1lez<\/strong><br \/>\nMarta es una talentosa escritora y creadora de contenidos, lo que la convierte en un miembro importante de nuestro equipo. Le encantan todo tipo de tragaperras online, pero sus favoritas son Starburst, o cualquiera que haya sido desarrollada por NetEnt. Estudi\u00f3 periodismo en la Universidad de Sevilla, y disfruta mucho de leer novelas policiales. .<br \/>\n<\/div><\/div>\n\n\n<div  class=\"lgc-column lgc-grid-parent lgc-grid-33 lgc-tablet-grid-50 lgc-mobile-grid-100 lgc-equal-heights \"><div  class=\"inside-grid-column\">\n<img loading=\"lazy\" decoding=\"async\" class=\"round alignnone wp-image-6970 size-full\" src=\"https:\/\/casinofrog.com\/wp-content\/uploads\/jose-ramos.jpg\" alt=\"\" width=\"150\" height=\"150\" \/><br \/>\n<strong>Jos\u00e9 Ramos<\/strong><br \/>\nJos\u00e9 conoce la escena de las apuestas online como su propia mano. Es un verdadero veterano y ha estado involucrado en muchos proyectos de casino en su vida, d\u00e1ndole as\u00ed la experiencia necesaria para saber d\u00f3nde y c\u00f3mo jugar. Tiene un t\u00edtulo en traducci\u00f3n e interpretaci\u00f3n de idiomas, y lo que m\u00e1s le gusta es probar los mejores casinos online y casas de apuestas deportivas del mercado.<br \/>\n<\/div><\/div><div class=\"lgc-clear\"><\/div>\n","protected":false},"excerpt":{"rendered":"<p>Conoce a nuestro equipo de Casino Frog en espa\u00f1ol. Se dedican a ofrecer el mejor contenido de casino de toda Espa\u00f1a. Con sus habilidades combinadas, est\u00e1n dando un gran salto en la industria, expandiendo constantemente los l\u00edmites.<\/p>\n","protected":false},"author":72,"featured_media":0,"parent":0,"menu_order":0,"comment_status":"closed","ping_status":"closed","template":"","meta":{"_crdt_document":"","footnotes":""},"class_list":["post-10811","page","type-page","status-publish"],"_links":{"self":[{"href":"https:\/\/casinofrog.com\/es\/wp-json\/wp\/v2\/pages\/10811","targetHints":{"allow":["GET"]}}],"collection":[{"href":"https:\/\/casinofrog.com\/es\/wp-json\/wp\/v2\/pages"}],"about":[{"href":"https:\/\/casinofrog.com\/es\/wp-json\/wp\/v2\/types\/page"}],"author":[{"embeddable":true,"href":"https:\/\/casinofrog.com\/es\/wp-json\/wp\/v2\/users\/72"}],"replies":[{"embeddable":true,"href":"https:\/\/casinofrog.com\/es\/wp-json\/wp\/v2\/comments?post=10811"}],"version-history":[{"count":6,"href":"https:\/\/casinofrog.com\/es\/wp-json\/wp\/v2\/pages\/10811\/revisions"}],"predecessor-version":[{"id":20566,"href":"https:\/\/casinofrog.com\/es\/wp-json\/wp\/v2\/pages\/10811\/revisions\/20566"}],"wp:attachment":[{"href":"https:\/\/casinofrog.com\/es\/wp-json\/wp\/v2\/media?parent=10811"}],"curies":[{"name":"wp","href":"https:\/\/api.w.org\/{rel}","templated":true}]}}