{"id":10802,"date":"2020-11-10T08:20:26","date_gmt":"2020-11-10T08:20:26","guid":{"rendered":"https:\/\/casinofrog.com\/?page_id=10802"},"modified":"2024-12-28T08:34:47","modified_gmt":"2024-12-28T08:34:47","slug":"juego-responsable","status":"publish","type":"page","link":"https:\/\/casinofrog.com\/es\/juego-responsable\/","title":{"rendered":"Juego responsable en Espa\u00f1a"},"content":{"rendered":"<div class=\"wp-block-image\">\n<figure class=\"alignright\"><img loading=\"lazy\" decoding=\"async\" width=\"130\" height=\"130\" src=\"https:\/\/casinofrog.com\/wp-content\/uploads\/juego-responsable-es.png\" alt=\"juego responsable espa\u00f1a\" class=\"wp-image-10988\"\/><\/figure>\n<\/div>\n\n\n<p class=\"wp-block-paragraph\">El entretenimiento en l\u00ednea, como los juegos de casinos y las apuestas deportivas, es una gran manera de pasar el tiempo. Sin embargo, hay riesgos asociados a las apuestas, y por eso es esencial que los espa\u00f1oles jueguen de forma responsable.<\/p>\n\n\n\n<p class=\"wp-block-paragraph\">La mayor\u00eda de los pa\u00edses que permiten el juego, ya sea en l\u00ednea o en f\u00edsico, tienen sistemas para ayudar a los afectados por problemas relacionados a la adicci\u00f3n al juego. Las empresas que se benefician de los juegos de azar tambi\u00e9n suelen estar obligadas a proporcionar ayuda a aquellos que se encuentran en una espiral de adicci\u00f3n.<\/p>\n\n\n\n<p class=\"wp-block-paragraph\">En Espa\u00f1a existen diferentes organizaciones que brindan apoyo y asesoramiento a los jugadores, y que promueven en juego responsable en el pa\u00eds. Este fant\u00e1stico sistema suele ser gratuito y est\u00e1 disponible para todo aquel que solicite ayuda.<\/p>\n\n\n\n<hr class=\"wp-block-separator has-alpha-channel-opacity\"\/>\n\n\n\n<h2 class=\"wp-block-heading\">\u00bfQu\u00e9 es la adicci\u00f3n al juego?<\/h2>\n\n\n\n<p class=\"wp-block-paragraph\">La adicci\u00f3n al juego es un t\u00e9rmino usado para describir las pr\u00e1cticas que han ido mucho m\u00e1s all\u00e1 del simple entretenimiento. Aquellos que tienen un problema con el juego, o incluso una adicci\u00f3n al juego, son capaces (o no) de notar que ya no disfrutan de los juegos de dinero real como antes. En su lugar, pueden desarrollar una obsesi\u00f3n por continuar jugando, y sus vidas pueden verse enormemente afectadas por eso.<\/p>\n\n\n\n<p class=\"wp-block-paragraph\">Hay algunos factores que los jugadores deben tener en cuenta al pensar si el juego se ha convertido en un problema para ellos. Las se\u00f1ales de alerta incluyen: el juego para intentar recuperar el dinero perdido, o el juego con dinero que debe gastarse en cosas esenciales como el alquiler, el pago de facturas o la compra de alimentos.<\/p>\n\n\n\n<p class=\"wp-block-paragraph\">El juego nunca debe ser visto como una forma de hacer dinero. No debe verse como algo que pueda ayudar a pagar las facturas o el alquiler. Lo ideal es que siempre sea visto como una forma de sano entretenimiento y nada m\u00e1s.<\/p>\n\n\n\n<h3 class=\"wp-block-heading\">El consejo de Casino Frog con respecto al juego responsable<\/h3>\n\n\n\n<p class=\"wp-block-paragraph\">Apostar es muy divertido, pero es importante que los jugadores entiendan c\u00f3mo apostar responsablemente para evitar cualquier problema. Nuestro equipo de expertos recomienda que los jugadores se aseguren de ser conscientes de los peligros de jugar de forma irresponsable. Toma las medidas necesarias para asegurarte de jugar solo por diversi\u00f3n y entretenimiento.<\/p>\n\n\n\n<p class=\"wp-block-paragraph\">Cuando juegas en l\u00ednea, tienes que tener en mente que un juego es s\u00f3lo eso, un juego. No debe ser visto como una forma de hacer dinero, y no debe ser visto como una oportunidad de inversi\u00f3n. Internet est\u00e1 lleno de estrategias y t\u00e1cticas para aplicar al juego en l\u00ednea, pero ninguna de ellas debe ser considerada como una forma segura y estable de ganarse la vida.<\/p>\n\n\n\n<h4 class=\"wp-block-heading\">Establecer un presupuesto<\/h4>\n\n\n\n<p class=\"wp-block-paragraph\">Antes de jugar cualquier juego de dinero real, deber\u00edas establecer un presupuesto. Aseg\u00farate de que la cifra sea una cantidad que puedas permitirte perder. Prep\u00e1rate mentalmente para dejar de jugar en caso de que pierdas todos tus fondos.<\/p>\n\n\n\n<p class=\"wp-block-paragraph\">Las p\u00e9rdidas son inevitables cuando se juega, pero aquellos que tienen problemas de juego tienden a tomar esas p\u00e9rdidas a pecho, gastando demasiado en sus intentos de recuperar el dinero. Aseg\u00farate de no caer en esa trampa. Si lo pierdes todo, ac\u00e9ptalo y contin\u00faa con tu vida, es parte de la experiencia.<\/p>\n\n\n\n<p class=\"wp-block-paragraph\">Aseg\u00farate de que el dinero que uses para apostar sea parte de tu presupuesto destinado a actividades de ocio y entretenimiento. Si tienes solo el dinero para pagar el alquiler, la comida o las facturas, aseg\u00farate de guardarlo y usarlo solo para ese prop\u00f3sito. Recuerda, aunque pienses que tu estrategia es ganadora y est\u00e9s seguro de que no perder\u00e1s el dinero, podr\u00eda suceder.<\/p>\n\n\n\n<p class=\"wp-block-paragraph\">Sugerimos a todos los jugadores que se informen sobre los servicios de apoyo a adictos al juego en Espa\u00f1a. Que no te de verg\u00fcenza estar preparado para pedir ayuda si alguna vez la necesitas. De hecho puede ser el primer paso para una recuperaci\u00f3n exitosa. La adicci\u00f3n al juego puede ser devastadora. Si los jugadores saben pedir ayuda a la primera se\u00f1al de un problema, ser\u00e1 m\u00e1s f\u00e1cil volver a la normalidad.<\/p>\n\n\n\n<hr class=\"wp-block-separator has-alpha-channel-opacity\"\/>\n\n\n\n<h2 class=\"wp-block-heading\">\u00bfC\u00f3mo recibir ayuda en Espa\u00f1a si tienes un problema de juego?<\/h2>\n\n\n\n<p class=\"wp-block-paragraph\">Si t\u00fa o alguno de tus seres queridos est\u00e1n teniendo problemas con el juego, no dudes en ponerte en contacto con alguna de las muchas organizaciones de apoyo disponibles en Espa\u00f1a. El principal proveedor de apoyo para la adicci\u00f3n al juego y los problemas de juego en Espa\u00f1a es la Asociaci\u00f3n para la prevenci\u00f3n y ayuda al lud\u00f3pata (APAL). Esta organizaci\u00f3n proporciona informaci\u00f3n, asesoramiento y apoyo gratuitos a cualquier persona que lo necesite.<\/p>\n\n\n\n<p class=\"wp-block-paragraph\">Visite <a href=\"http:\/\/apalmadrid.org\/\" target=\"_blank\" rel=\"noopener\">apalmadrid.org<\/a> para obtener m\u00e1s informaci\u00f3n.<\/p>\n\n\n\n<p class=\"wp-block-paragraph\">Para poder disfrutar realmente del juego y sacar el m\u00e1ximo provecho de todos los casinos, aplicaciones, casas de apuestas y juegos disponibles, es vital que los jugadores se tomen en serio el juego responsable.<\/p>\n\n\n\n<p class=\"wp-block-paragraph\">Ten en cuenta nuestros consejos para promover el juego responsable siempre que juegues en l\u00ednea, y reducir\u00e1s significativamente la posibilidad de desarrollar un problema con el juego.<\/p>\n\n\n\n<p class=\"wp-block-paragraph\">Nunca apuestes dinero que no puedas permitirte perder, y siempre estate preparado para dejar de hacerlo. Si tienes la cabeza despejada y no te sientes tentado a gastar m\u00e1s de la cuenta cuando juegas en l\u00ednea, es mucho m\u00e1s probable que disfrutes al m\u00e1ximo tu experiencia con cualquier juego que elijas. Los jugadores espa\u00f1oles tienen la suerte de contar con servicios que ofrecen apoyo e informaci\u00f3n sobre la adicci\u00f3n al juego o la ludopat\u00eda. S\u00f3lo tienes que visitar apalmadrid.org o atej.org para mantenerte informado y obtener ayuda, en caso de que la necesites.<\/p>\n","protected":false},"excerpt":{"rendered":"<p>El entretenimiento en l\u00ednea, como los juegos de casinos y las apuestas deportivas, es una gran manera de pasar el tiempo. Sin embargo, hay riesgos asociados a las apuestas, y por eso es esencial que los espa\u00f1oles jueguen de forma responsable. La mayor\u00eda de los pa\u00edses que permiten el juego, ya sea en l\u00ednea o &#8230; <a title=\"Juego responsable en Espa\u00f1a\" class=\"read-more\" href=\"https:\/\/casinofrog.com\/es\/juego-responsable\/\" aria-label=\"Leer m\u00e1s sobre Juego responsable en Espa\u00f1a\">Leer m\u00e1s<\/a><\/p>\n","protected":false},"author":62,"featured_media":0,"parent":0,"menu_order":0,"comment_status":"closed","ping_status":"closed","template":"","meta":{"_crdt_document":"","footnotes":""},"class_list":["post-10802","page","type-page","status-publish"],"_links":{"self":[{"href":"https:\/\/casinofrog.com\/es\/wp-json\/wp\/v2\/pages\/10802","targetHints":{"allow":["GET"]}}],"collection":[{"href":"https:\/\/casinofrog.com\/es\/wp-json\/wp\/v2\/pages"}],"about":[{"href":"https:\/\/casinofrog.com\/es\/wp-json\/wp\/v2\/types\/page"}],"author":[{"embeddable":true,"href":"https:\/\/casinofrog.com\/es\/wp-json\/wp\/v2\/users\/62"}],"replies":[{"embeddable":true,"href":"https:\/\/casinofrog.com\/es\/wp-json\/wp\/v2\/comments?post=10802"}],"version-history":[{"count":5,"href":"https:\/\/casinofrog.com\/es\/wp-json\/wp\/v2\/pages\/10802\/revisions"}],"predecessor-version":[{"id":20502,"href":"https:\/\/casinofrog.com\/es\/wp-json\/wp\/v2\/pages\/10802\/revisions\/20502"}],"wp:attachment":[{"href":"https:\/\/casinofrog.com\/es\/wp-json\/wp\/v2\/media?parent=10802"}],"curies":[{"name":"wp","href":"https:\/\/api.w.org\/{rel}","templated":true}]}}