{"id":10798,"date":"2020-11-09T14:58:30","date_gmt":"2020-11-09T14:58:30","guid":{"rendered":"https:\/\/casinofrog.com\/?page_id=10798"},"modified":"2024-12-28T08:44:30","modified_gmt":"2024-12-28T08:44:30","slug":"trabaja-con-nosotros","status":"publish","type":"page","link":"https:\/\/casinofrog.com\/es\/trabaja-con-nosotros\/","title":{"rendered":"Empleos en Casino Frog (ES)"},"content":{"rendered":"\n<p class=\"wp-block-paragraph\">En Casino Frog somos ambiciosos y nos hemos fijado grandes metas para ayudar a nuestros visitantes de toda Espa\u00f1a, as\u00ed como del resto del mundo, en la b\u00fasqueda del mejor sitio de casino en espa\u00f1ol. Ya que estamos en una fase de constante expansi\u00f3n, queremos reclutar nuevos talentos que aporten frescura y entusiasmo al equipo.<\/p>\n\n\n\n<p class=\"wp-block-paragraph\">\u00bfTal vez tienes justo lo que estamos buscando? Si crees que es as\u00ed, \u00a1env\u00edanos tu solicitud a jobs@casinofrog.com!<\/p>\n\n\n\n<hr class=\"wp-block-separator has-alpha-channel-opacity\"\/>\n\n\n\n<h2 class=\"wp-block-heading\">\u00bfPor qu\u00e9 trabajar con nosotros?<\/h2>\n\n\n\n<p class=\"wp-block-paragraph\">Nuestro principal objetivo es facilitar a los espa\u00f1oles la b\u00fasqueda de los casinos m\u00e1s fiables y seguros del mercado. Podemos lograrlo siguiendo cuidadosamente las tendencias de la industria, y manteni\u00e9ndonos actualizados e informados sobre cualquier cambio.<\/p>\n\n\n\n<p class=\"wp-block-paragraph\">Valoramos mucho el trabajo en equipo y la proactividad individual. La voz de cada compa\u00f1ero de trabajo en el equipo es escuchada, y estamos convencidos de que el intercambio de ideas y conocimientos es la clave del \u00e9xito.<\/p>\n\n\n\n<p class=\"wp-block-paragraph\">El esp\u00edritu de equipo es otra palabra clave de nuestra cultura empresarial, por lo que siempre estamos dispuestos a ayudarnos y a aprender unos de otros para alcanzar nuestros objetivos en com\u00fan. Tambi\u00e9n nos aseguramos de que haya espacio para el desarrollo de las competencias personales apoyando y proporcionando la formaci\u00f3n adecuada cuando sea necesario.<\/p>\n\n\n\n<h3 class=\"wp-block-heading\">Creemos en nuestros compa\u00f1eros de trabajo<\/h3>\n\n\n\n<p class=\"wp-block-paragraph\">El entorno en el que trabajamos cambia y evoluciona constantemente, por lo que siempre hay espacio para ampliar en conjunto las habilidades de todos. Es nuestro deber asegurarnos de que cada colaborador se sienta c\u00f3modo en su papel. Proporcionamos entrenamiento y otras herramientas para crear el ambiente de trabajo ideal para nuestros empleados.<\/p>\n\n\n\n<h3 class=\"wp-block-heading\">Excelente ambiente laboral<\/h3>\n\n\n\n<p class=\"wp-block-paragraph\">Cada empleado de Casino Frog debe sentir que cumple un papel importante dentro de nuestra compa\u00f1\u00eda. Tambi\u00e9n creemos firmemente en promover un ambiente diverso e inclusivo donde todos sean tratados por igual. Esto contribuye a crear un lugar de trabajo m\u00e1s din\u00e1mico y amigable.<\/p>\n\n\n\n<h3 class=\"wp-block-heading\">Metas en com\u00fan<\/h3>\n\n\n\n<p class=\"wp-block-paragraph\">Creemos en el trabajo en equipo, y al compartir los mismos valores podemos trabajar juntos para lograr objetivos que tengamos en com\u00fan. Esto ha demostrado ser una estrategia exitosa para Casino Frog. Dicho esto, tambi\u00e9n valoramos los perfiles autodidactas, proactivos y con responsabilidad individual, ya que estas actitudes ayudan a construir el car\u00e1cter y a fortalecer el esp\u00edritu del equipo.<\/p>\n\n\n\n<hr class=\"wp-block-separator has-alpha-channel-opacity\"\/>\n\n\n\n<h2 class=\"wp-block-heading\">\u00danete a nuestro equipo<\/h2>\n\n\n\n<p class=\"wp-block-paragraph\">\u00bfBuscas avanzar en tu carrera? Encuentra abajo cualquier puesto de trabajo actualmente disponible en Casino Frog.<\/p>\n\n\n\n<h4 class=\"wp-block-heading\">Desarrollador web \u2013 Full time<\/h4>\n\n\n\n<p class=\"wp-block-paragraph\">Si eres un desarrollador web experimentado y apasionado por los juegos de casino, \u00a1podr\u00edas ser la nueva estrella de nuestro equipo! Siempre estamos buscando implementar nuevas caracter\u00edsticas y servicios en nuestro sitio, y buscamos a alguien con las aptitudes necesarias y que comparta nuestra visi\u00f3n.<\/p>\n\n\n\n<h4 class=\"wp-block-heading\">Escritor de rese\u00f1as de casinos \u2013 Full time \/ Part time<\/h4>\n\n\n\n<p class=\"wp-block-paragraph\">Estamos buscando expandir nuestra creciente biblioteca de contenidos con algunas rese\u00f1as excepcionales de casinos. Para ello, necesitamos un escritor con experiencia previa y conocimiento del mercado de los casinos para evaluar diferentes sitios y determinar si cumplen con nuestros altos est\u00e1ndares de calidad.<\/p>\n\n\n\n<hr class=\"wp-block-separator has-alpha-channel-opacity\"\/>\n\n\n\n<h2 class=\"wp-block-heading\">Aplica hoy<\/h2>\n\n\n\n<p class=\"wp-block-paragraph\">\u00bfNo puedes encontrar el puesto que est\u00e1s buscando? Env\u00edanos un mensaje y haznos saber c\u00f3mo puedes ayudar al equipo de Casino Frog con tus aptitudes. Nos encantar\u00eda ver tu CV, as\u00ed que env\u00edanoslo por correo electr\u00f3nico a jobs@casinofrog.com.<\/p>\n","protected":false},"excerpt":{"rendered":"<p>En Casino Frog somos ambiciosos y nos hemos fijado grandes metas para ayudar a nuestros visitantes de toda Espa\u00f1a, as\u00ed como del resto del mundo, en la b\u00fasqueda del mejor sitio de casino en espa\u00f1ol. Ya que estamos en una fase de constante expansi\u00f3n, queremos reclutar nuevos talentos que aporten frescura y entusiasmo al equipo. &#8230; <a title=\"Empleos en Casino Frog (ES)\" class=\"read-more\" href=\"https:\/\/casinofrog.com\/es\/trabaja-con-nosotros\/\" aria-label=\"Leer m\u00e1s sobre Empleos en Casino Frog (ES)\">Leer m\u00e1s<\/a><\/p>\n","protected":false},"author":72,"featured_media":0,"parent":0,"menu_order":0,"comment_status":"closed","ping_status":"closed","template":"","meta":{"_crdt_document":"","footnotes":""},"class_list":["post-10798","page","type-page","status-publish"],"_links":{"self":[{"href":"https:\/\/casinofrog.com\/es\/wp-json\/wp\/v2\/pages\/10798","targetHints":{"allow":["GET"]}}],"collection":[{"href":"https:\/\/casinofrog.com\/es\/wp-json\/wp\/v2\/pages"}],"about":[{"href":"https:\/\/casinofrog.com\/es\/wp-json\/wp\/v2\/types\/page"}],"author":[{"embeddable":true,"href":"https:\/\/casinofrog.com\/es\/wp-json\/wp\/v2\/users\/72"}],"replies":[{"embeddable":true,"href":"https:\/\/casinofrog.com\/es\/wp-json\/wp\/v2\/comments?post=10798"}],"version-history":[{"count":4,"href":"https:\/\/casinofrog.com\/es\/wp-json\/wp\/v2\/pages\/10798\/revisions"}],"predecessor-version":[{"id":20568,"href":"https:\/\/casinofrog.com\/es\/wp-json\/wp\/v2\/pages\/10798\/revisions\/20568"}],"wp:attachment":[{"href":"https:\/\/casinofrog.com\/es\/wp-json\/wp\/v2\/media?parent=10798"}],"curies":[{"name":"wp","href":"https:\/\/api.w.org\/{rel}","templated":true}]}}