{"id":10794,"date":"2020-11-09T14:48:24","date_gmt":"2020-11-09T14:48:24","guid":{"rendered":"https:\/\/casinofrog.com\/?page_id=10794"},"modified":"2024-12-28T08:44:24","modified_gmt":"2024-12-28T08:44:24","slug":"socios","status":"publish","type":"page","link":"https:\/\/casinofrog.com\/es\/socios\/","title":{"rendered":"Socios de Casino Frog (ES)"},"content":{"rendered":"\n<p class=\"wp-block-paragraph\">Casino Frog se ha asociado con varios sitios de casinos aclamados para ofrecer a nuestros clientes la mejor experiencia de juego, junto con bonos exclusivos. Creemos que una asociaci\u00f3n s\u00f3lida es la base del \u00e9xito, y es importante para nosotros que todos y cada uno de los socios de Casino Frog apoyen el juego seguro y responsable.<\/p>\n\n\n\n<p class=\"wp-block-paragraph\">\u00bfEst\u00e1 tu negocio buscando ampliar sus horizontes y unirse a la familia de socios de Casino Frog? No dudes en ponerte en contacto con nosotros para que iniciemos una conversaci\u00f3n. Mientras tanto, echa un vistazo a nuestros queridos casinos asociados.<\/p>\n","protected":false},"excerpt":{"rendered":"<p>Casino Frog se ha asociado con varios sitios de casinos aclamados para ofrecer a nuestros clientes la mejor experiencia de juego, junto con bonos exclusivos. Creemos que una asociaci\u00f3n s\u00f3lida es la base del \u00e9xito, y es importante para nosotros que todos y cada uno de los socios de Casino Frog apoyen el juego seguro &#8230; <a title=\"Socios de Casino Frog (ES)\" class=\"read-more\" href=\"https:\/\/casinofrog.com\/es\/socios\/\" aria-label=\"Leer m\u00e1s sobre Socios de Casino Frog (ES)\">Leer m\u00e1s<\/a><\/p>\n","protected":false},"author":72,"featured_media":0,"parent":0,"menu_order":0,"comment_status":"closed","ping_status":"closed","template":"","meta":{"_crdt_document":"","footnotes":""},"class_list":["post-10794","page","type-page","status-publish"],"_links":{"self":[{"href":"https:\/\/casinofrog.com\/es\/wp-json\/wp\/v2\/pages\/10794","targetHints":{"allow":["GET"]}}],"collection":[{"href":"https:\/\/casinofrog.com\/es\/wp-json\/wp\/v2\/pages"}],"about":[{"href":"https:\/\/casinofrog.com\/es\/wp-json\/wp\/v2\/types\/page"}],"author":[{"embeddable":true,"href":"https:\/\/casinofrog.com\/es\/wp-json\/wp\/v2\/users\/72"}],"replies":[{"embeddable":true,"href":"https:\/\/casinofrog.com\/es\/wp-json\/wp\/v2\/comments?post=10794"}],"version-history":[{"count":4,"href":"https:\/\/casinofrog.com\/es\/wp-json\/wp\/v2\/pages\/10794\/revisions"}],"predecessor-version":[{"id":20567,"href":"https:\/\/casinofrog.com\/es\/wp-json\/wp\/v2\/pages\/10794\/revisions\/20567"}],"wp:attachment":[{"href":"https:\/\/casinofrog.com\/es\/wp-json\/wp\/v2\/media?parent=10794"}],"curies":[{"name":"wp","href":"https:\/\/api.w.org\/{rel}","templated":true}]}}