{"id":10734,"date":"2020-11-09T14:39:33","date_gmt":"2020-11-09T14:39:33","guid":{"rendered":"https:\/\/casinofrog.com\/?page_id=10734"},"modified":"2024-12-28T08:44:20","modified_gmt":"2024-12-28T08:44:20","slug":"acerca-de-nosotros","status":"publish","type":"page","link":"https:\/\/casinofrog.com\/es\/acerca-de-nosotros\/","title":{"rendered":"Acerca de Casino Frog (ES)"},"content":{"rendered":"<div class=\"wp-block-image\">\n<figure class=\"aligncenter\"><img loading=\"lazy\" decoding=\"async\" width=\"1400\" height=\"425\" src=\"https:\/\/casinofrog.com\/wp-content\/uploads\/sobre-nosotros.png\" alt=\"sobre nosotros\" class=\"wp-image-10954\" srcset=\"https:\/\/casinofrog.com\/wp-content\/uploads\/sobre-nosotros.png 1400w, https:\/\/casinofrog.com\/wp-content\/uploads\/sobre-nosotros-300x91.png 300w, https:\/\/casinofrog.com\/wp-content\/uploads\/sobre-nosotros-1024x311.png 1024w, https:\/\/casinofrog.com\/wp-content\/uploads\/sobre-nosotros-768x233.png 768w\" sizes=\"auto, (max-width: 1400px) 100vw, 1400px\" \/><\/figure>\n<\/div>\n\n\n<p class=\"wp-block-paragraph\"><\/p>\n\n\n\n<h2 class=\"wp-block-heading\">Nuestra misi\u00f3n<\/h2>\n\n\n\n<p class=\"wp-block-paragraph\">En el Casino Frog Espa\u00f1a nuestra misi\u00f3n es proporcionarte una visi\u00f3n completa de la industria de los juegos de azar. La transparencia es clave, por eso nos esforzamos en siempre ser una fuente de informaci\u00f3n confiable, precisa e imparcial. A trav\u00e9s de varias revisiones, nuestro equipo de expertos pretende ofrecer un contenido objetivo para asegurar que tu experiencia, en el casino que elijas, sea la mejor posible.<\/p>\n\n\n\n<hr class=\"wp-block-separator has-alpha-channel-opacity\"\/>\n\n\n\n<h2 class=\"wp-block-heading\">Nuestra visi\u00f3n<\/h2>\n\n\n\n<p class=\"wp-block-paragraph\">El equipo de Casino Frog Espa\u00f1a se gu\u00eda por los valores fundamentales de la marca.<\/p>\n\n\n\n<p class=\"wp-block-paragraph\">Creemos en el verdadero compromiso con los usuarios. Por esa raz\u00f3n le damos forma a nuestro contenido teniendo en mente las necesidades de nuestros lectores. Al priorizar la calidad sobre la cantidad, nos aseguramos de no gastar en vano el valioso tiempo de nuestros usuarios.<\/p>\n\n\n\n<p class=\"wp-block-paragraph\">La transparencia y la integridad son vitales para nosotros. El contenido que proporcionamos debe ser genuino, accesible y cumplir nuestros m\u00e1s altos est\u00e1ndares de calidad.<\/p>\n\n\n\n<p class=\"wp-block-paragraph\">Estos valores fundamentales son compartidos por todos, ya que la colaboraci\u00f3n y el trabajo en equipo son clave para impulsar nuestra empresa.<\/p>\n\n\n\n<hr class=\"wp-block-separator has-alpha-channel-opacity\"\/>\n\n\n\n<h2 class=\"wp-block-heading\">Nuestra garant\u00eda<\/h2>\n\n\n\n<p class=\"wp-block-paragraph\">Al ser una empresa independiente, nos aseguramos de que el contenido de nuestro sitio sea imparcial. Esto incluye todos nuestros art\u00edculos, gu\u00edas y rese\u00f1as de casinos.<\/p>\n\n\n\n<p class=\"wp-block-paragraph\">Los sitios de juego que se recomiendan en Casino Frog Espa\u00f1a est\u00e1n completamente examinados. Cada casino que se encuentra en el sitio debe cumplir con todos nuestros requisitos. Confiable, justo, r\u00e1pido y lo m\u00e1s importante: seguro. Tu seguridad es nuestra prioridad.<\/p>\n\n\n\n<p class=\"wp-block-paragraph\">Casino Frog Espa\u00f1a siempre ser\u00e1 un servicio gratuito. La experiencia y el conocimiento en constante expansi\u00f3n que ofrecemos no tienen costo alguno, y nunca lo tendr\u00e1n.<\/p>\n\n\n\n<p class=\"wp-block-paragraph\"><em>Declaraci\u00f3n:<\/em><\/p>\n\n\n\n<p class=\"wp-block-paragraph\"><em>Casino Frog es un sitio web afiliado. Lo que significa que no alojamos ning\u00fan juego de casino propio, sino que promocionamos informaci\u00f3n sobre sitios de casinos en l\u00ednea. Cada vez que nuestros visitantes se registran y juegan en un casino a trav\u00e9s de nuestro sitio web, podemos recibir una compensaci\u00f3n.<\/em><\/p>\n","protected":false},"excerpt":{"rendered":"<p>Nuestra misi\u00f3n En el Casino Frog Espa\u00f1a nuestra misi\u00f3n es proporcionarte una visi\u00f3n completa de la industria de los juegos de azar. La transparencia es clave, por eso nos esforzamos en siempre ser una fuente de informaci\u00f3n confiable, precisa e imparcial. A trav\u00e9s de varias revisiones, nuestro equipo de expertos pretende ofrecer un contenido objetivo &#8230; <a title=\"Acerca de Casino Frog (ES)\" class=\"read-more\" href=\"https:\/\/casinofrog.com\/es\/acerca-de-nosotros\/\" aria-label=\"Leer m\u00e1s sobre Acerca de Casino Frog (ES)\">Leer m\u00e1s<\/a><\/p>\n","protected":false},"author":72,"featured_media":0,"parent":0,"menu_order":0,"comment_status":"closed","ping_status":"closed","template":"","meta":{"_crdt_document":"","footnotes":""},"class_list":["post-10734","page","type-page","status-publish"],"_links":{"self":[{"href":"https:\/\/casinofrog.com\/es\/wp-json\/wp\/v2\/pages\/10734","targetHints":{"allow":["GET"]}}],"collection":[{"href":"https:\/\/casinofrog.com\/es\/wp-json\/wp\/v2\/pages"}],"about":[{"href":"https:\/\/casinofrog.com\/es\/wp-json\/wp\/v2\/types\/page"}],"author":[{"embeddable":true,"href":"https:\/\/casinofrog.com\/es\/wp-json\/wp\/v2\/users\/72"}],"replies":[{"embeddable":true,"href":"https:\/\/casinofrog.com\/es\/wp-json\/wp\/v2\/comments?post=10734"}],"version-history":[{"count":4,"href":"https:\/\/casinofrog.com\/es\/wp-json\/wp\/v2\/pages\/10734\/revisions"}],"predecessor-version":[{"id":20565,"href":"https:\/\/casinofrog.com\/es\/wp-json\/wp\/v2\/pages\/10734\/revisions\/20565"}],"wp:attachment":[{"href":"https:\/\/casinofrog.com\/es\/wp-json\/wp\/v2\/media?parent=10734"}],"curies":[{"name":"wp","href":"https:\/\/api.w.org\/{rel}","templated":true}]}}