{"id":484,"date":"2020-06-18T08:01:14","date_gmt":"2020-06-18T08:01:14","guid":{"rendered":"https:\/\/www.casinofrog.com\/?page_id=484"},"modified":"2024-12-28T08:39:33","modified_gmt":"2024-12-28T08:39:33","slug":"uber","status":"publish","type":"page","link":"https:\/\/casinofrog.com\/de\/uber\/","title":{"rendered":"\u00dcber Casino Frog (DE)"},"content":{"rendered":"\n<h2 class=\"wp-block-heading\"><figure><img loading=\"lazy\" decoding=\"async\" class=\"alignnone wp-image-10181 size-full\" src=\"https:\/\/casinofrog.com\/wp-content\/uploads\/uber-uns-de.png\" alt=\"\u00dcber uns\" width=\"1400\" height=\"425\" srcset=\"https:\/\/casinofrog.com\/wp-content\/uploads\/uber-uns-de.png 1400w, https:\/\/casinofrog.com\/wp-content\/uploads\/uber-uns-de-300x91.png 300w, https:\/\/casinofrog.com\/wp-content\/uploads\/uber-uns-de-1024x311.png 1024w, https:\/\/casinofrog.com\/wp-content\/uploads\/uber-uns-de-768x233.png 768w\" sizes=\"auto, (max-width: 1400px) 100vw, 1400px\" \/><\/figure><\/h2>\n\n\n\n<h2 class=\"wp-block-heading\">Unser Auftrag<\/h2>\n\n\n\n<p class=\"wp-block-paragraph\">Wir von Casino Frog haben eine Mission: Ihnen einen ausf\u00fchrlichen Einblick in die Gl\u00fccksspielbranche zu erm\u00f6glichen. Transparenz ist dabei unser oberstes Gebot, damit wir als zuverl\u00e4ssige Quelle f\u00fcr sachgem\u00e4\u00dfe und ehrliche Informationen dienen k\u00f6nnen. Unser Expertenteam hat es sich zur Aufgabe gemacht, ihr Casino-Erlebnis so positiv wie m\u00f6glich zu gestalten. Dazu haben wir ausf\u00fchrlich getestet und stellen objektive Inhalte bereit.<\/p>\n\n\n\n<hr class=\"wp-block-separator has-alpha-channel-opacity\"\/>\n\n\n\n<h2 class=\"wp-block-heading\">Unsere Werte<\/h2>\n\n\n\n<p class=\"wp-block-paragraph\">Das Casino Frog Team lebt unsere Grundwerte.<\/p>\n\n\n\n<p class=\"wp-block-paragraph\">Wir glauben an Kundenorientierung und pr\u00e4sentieren unsere Inhalte in einer Form, die unseren Lesern zugutekommt. Indem wir auf Qualit\u00e4t statt auf Quantit\u00e4t setzen, k\u00f6nnen wir unseren Lesern helfen, ohne ihre wertvolle Zeit zu verschwenden.<\/p>\n\n\n\n<p class=\"wp-block-paragraph\">Transparenz und Integrit\u00e4t sind uns wichtige Anliegen. Unsere Inhalte sind echt und richten sich nach den h\u00f6chsten Standards.<\/p>\n\n\n\n<p class=\"wp-block-paragraph\">Diese Grundwerte ziehen sich wie ein roter Faden durch unsere Redaktion und wir glauben daran, dass Zusammenarbeit und Teamwork uns entscheidend weiterbringen.<\/p>\n\n\n\n<hr class=\"wp-block-separator has-alpha-channel-opacity\"\/>\n\n\n\n<h2 class=\"wp-block-heading\">Unsere Garantie<\/h2>\n\n\n\n<p class=\"wp-block-paragraph\">Indem wir unabh\u00e4ngig bleiben, k\u00f6nnen wir unvoreingenommene Inhalte liefern. Das umfasst alle unsere Artikel, Guides und Casino-Bewertungen.<\/p>\n\n\n\n<p class=\"wp-block-paragraph\">Die Casinos, die wir empfehlen, wurden gr\u00fcndlich gepr\u00fcft. Jedes dieser Casinos entspricht all unseren Anforderungen: vertrauensw\u00fcrdig, fair, schnell und &#8211; am wichtigsten &#8211; sicher. Ihre Sicherheit hat bei uns oberste Priorit\u00e4t.<\/p>\n\n\n\n<p class=\"wp-block-paragraph\">Casino Frog wird als Service immer gratis bleiben. Die Expertise und unser ausuferndes Wissen kommen ohne Aufpreis &#8211; und so soll es bleiben.<\/p>\n\n\n\n<p class=\"wp-block-paragraph\">Bekanntgabe:<br><em>Bei Casino Frog handelt es sich um eine Affiliate-Webseite. Das bedeutet, dass wir selbst keine Casinospiele veranstalten, aber Online Casinos bewerben. Wenn sich ein Nutzer \u00fcber unsere Webseite bei einem Casino anmeldet und dort spielt, erhalten wir m\u00f6glicherweise eine Verg\u00fctung.<\/em><\/p>\n","protected":false},"excerpt":{"rendered":"<p>Unser Auftrag Wir von Casino Frog haben eine Mission: Ihnen einen ausf\u00fchrlichen Einblick in die Gl\u00fccksspielbranche zu erm\u00f6glichen. Transparenz ist dabei unser oberstes Gebot, damit wir als zuverl\u00e4ssige Quelle f\u00fcr sachgem\u00e4\u00dfe und ehrliche Informationen dienen k\u00f6nnen. Unser Expertenteam hat es sich zur Aufgabe gemacht, ihr Casino-Erlebnis so positiv wie m\u00f6glich zu gestalten. Dazu haben wir &#8230; <a title=\"\u00dcber Casino Frog (DE)\" class=\"read-more\" href=\"https:\/\/casinofrog.com\/de\/uber\/\" aria-label=\"Mehr Informationen \u00fcber \u00dcber Casino Frog (DE)\">Weiterlesen &#8230;<\/a><\/p>\n","protected":false},"author":72,"featured_media":0,"parent":0,"menu_order":0,"comment_status":"closed","ping_status":"closed","template":"","meta":{"_crdt_document":"","footnotes":""},"class_list":["post-484","page","type-page","status-publish"],"_links":{"self":[{"href":"https:\/\/casinofrog.com\/de\/wp-json\/wp\/v2\/pages\/484","targetHints":{"allow":["GET"]}}],"collection":[{"href":"https:\/\/casinofrog.com\/de\/wp-json\/wp\/v2\/pages"}],"about":[{"href":"https:\/\/casinofrog.com\/de\/wp-json\/wp\/v2\/types\/page"}],"author":[{"embeddable":true,"href":"https:\/\/casinofrog.com\/de\/wp-json\/wp\/v2\/users\/72"}],"replies":[{"embeddable":true,"href":"https:\/\/casinofrog.com\/de\/wp-json\/wp\/v2\/comments?post=484"}],"version-history":[{"count":13,"href":"https:\/\/casinofrog.com\/de\/wp-json\/wp\/v2\/pages\/484\/revisions"}],"predecessor-version":[{"id":20536,"href":"https:\/\/casinofrog.com\/de\/wp-json\/wp\/v2\/pages\/484\/revisions\/20536"}],"wp:attachment":[{"href":"https:\/\/casinofrog.com\/de\/wp-json\/wp\/v2\/media?parent=484"}],"curies":[{"name":"wp","href":"https:\/\/api.w.org\/{rel}","templated":true}]}}