{"id":4260,"date":"2020-07-24T13:31:15","date_gmt":"2020-07-24T13:31:15","guid":{"rendered":"https:\/\/www.casinofrog.com\/?page_id=4260"},"modified":"2024-12-28T08:39:32","modified_gmt":"2024-12-28T08:39:32","slug":"guides","status":"publish","type":"page","link":"https:\/\/casinofrog.com\/de\/guides\/","title":{"rendered":"Guides"},"content":{"rendered":"\n<h2 class=\"wp-block-heading\">Casino Frog Wissensfundament<\/h2>\n\n\n\n<p class=\"wp-block-paragraph\">Bevor Sie sich in die Welt des Gl\u00fccksspiels begeben, sollten Sie die Grundlagen beherrschen. Wenn Sie in unser Wissensfundament eintauchen, k\u00f6nnen Sie gleich damit loslegen, tolle Erlebnisse im Casino zu genie\u00dfen.<\/p>\n\n\n\n<p class=\"wp-block-paragraph\">Wir haben eine Reihe an Guides f\u00fcr Anf\u00e4nger erstellt, mit deren Hilfe man schnell startklar ist. Wir m\u00f6chten Ihre wertvolle Zeit nicht verschwenden. Deswegen haben wir und in den Guides kurz und pr\u00e4zise gefasst und dabei auf einfache Lesbarkeit geachtet.<\/p>\n\n\n\n<h2 class=\"wp-block-heading\">Unsere Guides<\/h2>\n\n\n\n<p class=\"wp-block-paragraph\">Egal, ob Gl\u00fccksspiel f\u00fcr Sie Neuland darstellt oder ob Sie ein Casino-Veteran sind, wir stehen Ihnen mit unseren Guides zur Verf\u00fcgung.<\/p>\n\n\n<div  class=\"lgc-column lgc-grid-parent lgc-grid-33 lgc-tablet-grid-50 lgc-mobile-grid-100 lgc-equal-heights \"><div  class=\"inside-grid-column\">\n<h3><a href=\"https:\/\/casinofrog.com\/de\/guides\/allgemeinen-geschaeftsbedingungen\/\">Die Allgemeinen Gesch\u00e4ftsbedingungen verstehen<\/a><\/h3>\n<p>Alle Casinos mit gutem Ruf verf\u00fcgen \u00fcber Allgemeine Gesch\u00e4ftsbedingungen.<\/p>\n<\/div><\/div>\n\n\n<div  class=\"lgc-column lgc-grid-parent lgc-grid-33 lgc-tablet-grid-50 lgc-mobile-grid-100 lgc-equal-heights \"><div  class=\"inside-grid-column\">\n<h3><a href=\"https:\/\/casinofrog.com\/de\/guides\/wie-wir-bewerten\/\">Wie wir Casinos testen und bewerten<\/a><\/h3>\n<p>Auf dieser Seite m\u00f6chten wir erkl\u00e4ren, wie Casinofrog.com Online Casinos testet und bewertet.<\/p>\n<\/div><\/div>\n\n\n<div  class=\"lgc-column lgc-grid-parent lgc-grid-33 lgc-tablet-grid-50 lgc-mobile-grid-100 lgc-equal-heights \"><div  class=\"inside-grid-column\">\n<h3><a href=\"https:\/\/casinofrog.com\/de\/verantwortungsvolles-spielen\/\">Verantwortungsvolles Spielen<\/a><\/h3>\n<p>Beim Online-Gl\u00fccksspiel ist es wichtig, verantwortungsvoll zu spielen. Wir erkl\u00e4ren, was es zu beachten gibt.<\/p>\n<\/div><\/div>\n\n\n<div  class=\"lgc-column lgc-grid-parent lgc-grid-33 lgc-tablet-grid-50 lgc-mobile-grid-100 lgc-equal-heights \"><div  class=\"inside-grid-column\">\n<h3><a href=\"https:\/\/casinofrog.com\/de\/guides\/wager-im-casino\/\">Wager im Casino: Umsatzbedingungen erkl\u00e4rt<\/a><\/h3>\n<p>Schauen Sie sich die Umsatzbedingungen immer genau an, bevor Sie einen Bonus aktivieren.<\/p>\n<\/div><\/div>\n","protected":false},"excerpt":{"rendered":"<p>Casino Frog Wissensfundament Bevor Sie sich in die Welt des Gl\u00fccksspiels begeben, sollten Sie die Grundlagen beherrschen. Wenn Sie in unser Wissensfundament eintauchen, k\u00f6nnen Sie gleich damit loslegen, tolle Erlebnisse im Casino zu genie\u00dfen. Wir haben eine Reihe an Guides f\u00fcr Anf\u00e4nger erstellt, mit deren Hilfe man schnell startklar ist. Wir m\u00f6chten Ihre wertvolle Zeit &#8230; <a title=\"Guides\" class=\"read-more\" href=\"https:\/\/casinofrog.com\/de\/guides\/\" aria-label=\"Mehr Informationen \u00fcber Guides\">Weiterlesen &#8230;<\/a><\/p>\n","protected":false},"author":72,"featured_media":0,"parent":0,"menu_order":0,"comment_status":"closed","ping_status":"closed","template":"","meta":{"_crdt_document":"","footnotes":""},"class_list":["post-4260","page","type-page","status-publish"],"_links":{"self":[{"href":"https:\/\/casinofrog.com\/de\/wp-json\/wp\/v2\/pages\/4260","targetHints":{"allow":["GET"]}}],"collection":[{"href":"https:\/\/casinofrog.com\/de\/wp-json\/wp\/v2\/pages"}],"about":[{"href":"https:\/\/casinofrog.com\/de\/wp-json\/wp\/v2\/types\/page"}],"author":[{"embeddable":true,"href":"https:\/\/casinofrog.com\/de\/wp-json\/wp\/v2\/users\/72"}],"replies":[{"embeddable":true,"href":"https:\/\/casinofrog.com\/de\/wp-json\/wp\/v2\/comments?post=4260"}],"version-history":[{"count":10,"href":"https:\/\/casinofrog.com\/de\/wp-json\/wp\/v2\/pages\/4260\/revisions"}],"predecessor-version":[{"id":20534,"href":"https:\/\/casinofrog.com\/de\/wp-json\/wp\/v2\/pages\/4260\/revisions\/20534"}],"wp:attachment":[{"href":"https:\/\/casinofrog.com\/de\/wp-json\/wp\/v2\/media?parent=4260"}],"curies":[{"name":"wp","href":"https:\/\/api.w.org\/{rel}","templated":true}]}}