{"id":4258,"date":"2020-07-24T13:26:25","date_gmt":"2020-07-24T13:26:25","guid":{"rendered":"https:\/\/www.casinofrog.com\/?page_id=4258"},"modified":"2024-12-28T08:39:52","modified_gmt":"2024-12-28T08:39:52","slug":"partner","status":"publish","type":"page","link":"https:\/\/casinofrog.com\/de\/partner\/","title":{"rendered":"Partner von Casino Frog (DE)"},"content":{"rendered":"\n<p class=\"wp-block-paragraph\">Casino Frog hat sich mit ein paar anerkannten Casino-Webseiten zusammengeschlossen, um unseren Lesern das bestm\u00f6gliche Casino-Erlebnis bieten zu k\u00f6nnen. Dazu geh\u00f6ren unter anderem auch exklusive Bonusangebote. Wir glauben daran, dass starke Partnerschaften die Grundlage f\u00fcr Erfolg sind. Zudem ist es uns wichtig, dass alle unsere Partner von Casino Frog sicheres und verantwortungsvolles Gl\u00fccksspiel f\u00f6rdern.<\/p>\n\n\n\n<p class=\"wp-block-paragraph\">M\u00f6chte Ihr Unternehmen den Horizont erweitern und Teil der Familie von Casino Frogs Partnern werden? Z\u00f6gern Sie nicht, uns zu <a href=\"https:\/\/casinofrog.com\/de\/kontakt\/\">kontaktieren<\/a>, lassen Sie uns ins Gespr\u00e4ch kommen. In der Zwischenzeit k\u00f6nnen Sie sich gern bei unseren hochgesch\u00e4tzten Partnern umschauen:<\/p>\n\n\n<div class=\"su-custom-gallery su-custom-gallery-align-left su-custom-gallery-title-never\"><div class=\"su-custom-gallery-slide\" style=\"width:130px;height:65px\"><a><img loading=\"lazy\" decoding=\"async\" src=\"https:\/\/casinofrog.com\/wp-content\/uploads\/megalotto-130x65.png\" alt=\"megalotto\" width=\"130\" height=\"65\" \/><span class=\"su-custom-gallery-title\">megalotto<\/span><\/a><\/div><div class=\"su-custom-gallery-slide\" style=\"width:130px;height:65px\"><a><img loading=\"lazy\" decoding=\"async\" src=\"https:\/\/casinofrog.com\/wp-content\/uploads\/spins-lab-130x65.png\" alt=\"spins-lab\" width=\"130\" height=\"65\" \/><span class=\"su-custom-gallery-title\">spins-lab<\/span><\/a><\/div><div class=\"su-custom-gallery-slide\" style=\"width:130px;height:65px\"><a><img loading=\"lazy\" decoding=\"async\" src=\"https:\/\/casinofrog.com\/wp-content\/uploads\/dux-casino-130x65.png\" alt=\"dux-casino\" width=\"130\" height=\"65\" \/><span class=\"su-custom-gallery-title\">dux-casino<\/span><\/a><\/div><div class=\"su-custom-gallery-slide\" style=\"width:130px;height:65px\"><a><img loading=\"lazy\" decoding=\"async\" src=\"https:\/\/casinofrog.com\/wp-content\/uploads\/spins-joy-130x65.png\" alt=\"spins-joy\" width=\"130\" height=\"65\" \/><span class=\"su-custom-gallery-title\">spins-joy<\/span><\/a><\/div><div class=\"su-custom-gallery-slide\" style=\"width:130px;height:65px\"><a><img loading=\"lazy\" decoding=\"async\" src=\"https:\/\/casinofrog.com\/wp-content\/uploads\/neon-vegas-130x65.png\" alt=\"neon-vegas\" width=\"130\" height=\"65\" \/><span class=\"su-custom-gallery-title\">neon-vegas<\/span><\/a><\/div><div class=\"su-custom-gallery-slide\" style=\"width:130px;height:65px\"><a><img loading=\"lazy\" decoding=\"async\" src=\"https:\/\/casinofrog.com\/wp-content\/uploads\/spins-planet-130x65.png\" alt=\"spins-planet\" width=\"130\" height=\"65\" \/><span class=\"su-custom-gallery-title\">spins-planet<\/span><\/a><\/div><div class=\"su-custom-gallery-slide\" style=\"width:130px;height:65px\"><a><img loading=\"lazy\" decoding=\"async\" src=\"https:\/\/casinofrog.com\/wp-content\/uploads\/casoola-130x65.png\" alt=\"casoola\" width=\"130\" height=\"65\" \/><span class=\"su-custom-gallery-title\">casoola<\/span><\/a><\/div><div class=\"su-custom-gallery-slide\" style=\"width:130px;height:65px\"><a><img loading=\"lazy\" decoding=\"async\" src=\"https:\/\/casinofrog.com\/wp-content\/uploads\/kassu-130x65.png\" alt=\"kassu\" width=\"130\" height=\"65\" \/><span class=\"su-custom-gallery-title\">kassu<\/span><\/a><\/div><div class=\"su-custom-gallery-slide\" style=\"width:130px;height:65px\"><a><img loading=\"lazy\" decoding=\"async\" src=\"https:\/\/casinofrog.com\/wp-content\/uploads\/spins-gods-130x65.png\" alt=\"spins-gods\" width=\"130\" height=\"65\" \/><span class=\"su-custom-gallery-title\">spins-gods<\/span><\/a><\/div><div class=\"su-custom-gallery-slide\" style=\"width:130px;height:65px\"><a><img loading=\"lazy\" decoding=\"async\" src=\"https:\/\/casinofrog.com\/wp-content\/uploads\/spela-130x65.png\" alt=\"spela\" width=\"130\" height=\"65\" \/><span class=\"su-custom-gallery-title\">spela<\/span><\/a><\/div><div class=\"su-custom-gallery-slide\" style=\"width:130px;height:65px\"><a><img loading=\"lazy\" decoding=\"async\" src=\"https:\/\/casinofrog.com\/wp-content\/uploads\/sloty-130x65.png\" alt=\"sloty\" width=\"130\" height=\"65\" \/><span class=\"su-custom-gallery-title\">sloty<\/span><\/a><\/div><div class=\"su-custom-gallery-slide\" style=\"width:130px;height:65px\"><a><img loading=\"lazy\" decoding=\"async\" src=\"https:\/\/casinofrog.com\/wp-content\/uploads\/vegas-hero-130x65.png\" alt=\"vegas-hero\" width=\"130\" height=\"65\" \/><span class=\"su-custom-gallery-title\">vegas-hero<\/span><\/a><\/div><div class=\"su-custom-gallery-slide\" style=\"width:130px;height:65px\"><a><img loading=\"lazy\" decoding=\"async\" src=\"https:\/\/casinofrog.com\/wp-content\/uploads\/spinit-130x65.png\" alt=\"spinit\" width=\"130\" height=\"65\" \/><span class=\"su-custom-gallery-title\">spinit<\/span><\/a><\/div><div class=\"su-custom-gallery-slide\" style=\"width:130px;height:65px\"><a><img loading=\"lazy\" decoding=\"async\" src=\"https:\/\/casinofrog.com\/wp-content\/uploads\/pelaa-130x65.png\" alt=\"pelaa\" width=\"130\" height=\"65\" \/><span class=\"su-custom-gallery-title\">pelaa<\/span><\/a><\/div><div class=\"su-custom-gallery-slide\" style=\"width:130px;height:65px\"><a><img loading=\"lazy\" decoding=\"async\" src=\"https:\/\/casinofrog.com\/wp-content\/uploads\/genesis-spins-130x65.png\" alt=\"genesis-spins\" width=\"130\" height=\"65\" \/><span class=\"su-custom-gallery-title\">genesis-spins<\/span><\/a><\/div><div class=\"su-custom-gallery-slide\" style=\"width:130px;height:65px\"><a><img loading=\"lazy\" decoding=\"async\" src=\"https:\/\/casinofrog.com\/wp-content\/uploads\/spins-cruise-130x65.png\" alt=\"spins-cruise\" width=\"130\" height=\"65\" \/><span class=\"su-custom-gallery-title\">spins-cruise<\/span><\/a><\/div><div class=\"su-clear\"><\/div><\/div>\n","protected":false},"excerpt":{"rendered":"<p>Casino Frog hat sich mit ein paar anerkannten Casino-Webseiten zusammengeschlossen, um unseren Lesern das bestm\u00f6gliche Casino-Erlebnis bieten zu k\u00f6nnen. Dazu geh\u00f6ren unter anderem auch exklusive Bonusangebote. Wir glauben daran, dass starke Partnerschaften die Grundlage f\u00fcr Erfolg sind. Zudem ist es uns wichtig, dass alle unsere Partner von Casino Frog sicheres und verantwortungsvolles Gl\u00fccksspiel f\u00f6rdern. M\u00f6chte &#8230; <a title=\"Partner von Casino Frog (DE)\" class=\"read-more\" href=\"https:\/\/casinofrog.com\/de\/partner\/\" aria-label=\"Mehr Informationen \u00fcber Partner von Casino Frog (DE)\">Weiterlesen &#8230;<\/a><\/p>\n","protected":false},"author":72,"featured_media":0,"parent":0,"menu_order":0,"comment_status":"closed","ping_status":"closed","template":"","meta":{"_crdt_document":"","footnotes":""},"class_list":["post-4258","page","type-page","status-publish"],"_links":{"self":[{"href":"https:\/\/casinofrog.com\/de\/wp-json\/wp\/v2\/pages\/4258","targetHints":{"allow":["GET"]}}],"collection":[{"href":"https:\/\/casinofrog.com\/de\/wp-json\/wp\/v2\/pages"}],"about":[{"href":"https:\/\/casinofrog.com\/de\/wp-json\/wp\/v2\/types\/page"}],"author":[{"embeddable":true,"href":"https:\/\/casinofrog.com\/de\/wp-json\/wp\/v2\/users\/72"}],"replies":[{"embeddable":true,"href":"https:\/\/casinofrog.com\/de\/wp-json\/wp\/v2\/comments?post=4258"}],"version-history":[{"count":13,"href":"https:\/\/casinofrog.com\/de\/wp-json\/wp\/v2\/pages\/4258\/revisions"}],"predecessor-version":[{"id":20540,"href":"https:\/\/casinofrog.com\/de\/wp-json\/wp\/v2\/pages\/4258\/revisions\/20540"}],"wp:attachment":[{"href":"https:\/\/casinofrog.com\/de\/wp-json\/wp\/v2\/media?parent=4258"}],"curies":[{"name":"wp","href":"https:\/\/api.w.org\/{rel}","templated":true}]}}