{"id":39,"date":"2020-06-08T10:49:02","date_gmt":"2020-06-08T10:49:02","guid":{"rendered":"https:\/\/www.casinofrog.com\/?page_id=39"},"modified":"2024-12-28T11:36:47","modified_gmt":"2024-12-28T11:36:47","slug":"casino-frog-deutschland","status":"publish","type":"page","link":"https:\/\/casinofrog.com\/de\/","title":{"rendered":"Casino Frog Deutschland (DE)"},"content":{"rendered":"\n<h2 class=\"wp-block-heading\">Deutscher Online Casino Guide 2026<\/h2>\n\n\n<div class=\"wp-block-image\">\n<figure class=\"alignright\"><img loading=\"lazy\" decoding=\"async\" width=\"140\" height=\"130\" src=\"https:\/\/casinofrog.com\/wp-content\/uploads\/casino-frog-deutschland-1.png\" alt=\"\" class=\"wp-image-5258\"\/><\/figure>\n<\/div>\n\n\n<table id=\"tablepress-1\" class=\"tablepress tablepress-id-1 tablepress-responsive tablepress-responsive-stack-headers tablepress-responsive-stack-phone\">\n<thead>\n<tr class=\"row-1\">\n\t<td class=\"column-1\"><\/td><th class=\"column-2\">Casino<\/th><th class=\"column-3\">Name<\/th><th class=\"column-4\">Bewertung<\/th><th class=\"column-5\">Bonus<\/th><th class=\"column-6\">Spielen<\/th>\n<\/tr>\n<\/thead>\n<tbody class=\"row-striping\">\n<tr class=\"row-2\">\n\t<td class=\"column-1\"><\/td><td class=\"column-2\"><a href=\"\/de\/go\/asino\" target=\"_blank\" rel=\"nofollow noopener noreferrer\"><img loading=\"lazy\" decoding=\"async\" src=\"\/wp-content\/uploads\/asino.png\" width=\"130\" height=\"65\" alt=\"Asino\"><\/a><\/td><td class=\"column-3\"><strong>Asino<\/strong><\/td><td class=\"column-4\">5.0 \/ 5 <i class=\"fa fa-star\"><\/td><td class=\"column-5\">Bis zu <strong>7800\u20ac<\/strong> & 350 Freispiele<br \/>\n<small><a href=\"\/de\/go\/asino\" target=\"_blank\" rel=\"nofollow noopener\">AGB<\/a> &#8211; Spielen mit verantwortung (18+)<br \/>\n<\/small><\/td><td class=\"column-6\"><a href=\"\/de\/go\/asino\" rel=\"nofollow noopener noreferrer\" target=\"_blank\" class=\"play\">Jetzt Spielen!<\/a><\/td>\n<\/tr>\n<tr class=\"row-3\">\n\t<td class=\"column-1\"><\/td><td class=\"column-2\"><a href=\"\/de\/go\/winlegends\" target=\"_blank\" rel=\"nofollow noopener noreferrer\"><img loading=\"lazy\" decoding=\"async\" src=\"\/wp-content\/uploads\/winlegends.png\" width=\"130\" height=\"65\" alt=\"WinLegends\"><\/a><\/td><td class=\"column-3\"><strong>WinLegends<\/strong><\/td><td class=\"column-4\">4.9 \/ 5 <i class=\"fa fa-star\"><\/td><td class=\"column-5\"><strong>225%<\/strong> bis zu <strong>2000\u20ac<\/strong> & 100 Freispiele<br \/>\n<small><a href=\"\/de\/go\/winlegends\" target=\"_blank\" rel=\"nofollow noopener\">AGB<\/a> &#8211; Spielen mit verantwortung (18+)<br \/>\n<\/small><\/td><td class=\"column-6\"><a href=\"\/de\/go\/winlegends\" rel=\"nofollow noopener noreferrer\" target=\"_blank\" class=\"play\">Jetzt Spielen!<\/a><\/td>\n<\/tr>\n<tr class=\"row-4\">\n\t<td class=\"column-1\"><\/td><td class=\"column-2\"><a href=\"\/de\/go\/smokace\" target=\"_blank\" rel=\"nofollow noopener noreferrer\"><img loading=\"lazy\" decoding=\"async\" src=\"\/wp-content\/uploads\/smokace.png\" width=\"130\" height=\"65\" alt=\"SmokAce\"><\/a><\/td><td class=\"column-3\"><strong>SmokAce<\/strong><\/td><td class=\"column-4\">4.9 \/ 5 <i class=\"fa fa-star\"><\/td><td class=\"column-5\"><strong>100%<\/strong> bis zu <strong>500\u20ac<\/strong> & 100 Freispiele<br \/>\n<small><a href=\"\/de\/go\/smokace\" target=\"_blank\" rel=\"nofollow noopener\">AGB<\/a> &#8211; Spielen mit verantwortung (18+)<br \/>\n<\/small><\/td><td class=\"column-6\"><a href=\"\/de\/go\/smokace\" rel=\"nofollow noopener noreferrer\" target=\"_blank\" class=\"play\">Jetzt Spielen!<\/a><\/td>\n<\/tr>\n<tr class=\"row-5\">\n\t<td class=\"column-1\"><\/td><td class=\"column-2\"><a href=\"\/de\/go\/spinfever\" target=\"_blank\" rel=\"nofollow noopener noreferrer\"><img loading=\"lazy\" decoding=\"async\" src=\"\/wp-content\/uploads\/spinfever.png\" width=\"130\" height=\"65\" alt=\"SpinFever\"><\/a><\/td><td class=\"column-3\"><strong>SpinFever<\/strong><\/td><td class=\"column-4\">4.9 \/ 5 <i class=\"fa fa-star\"><\/td><td class=\"column-5\"><strong>100%<\/strong> bis zu <strong>500\u20ac<\/strong> & 50 Freispiele<br \/>\n<small><a href=\"\/de\/go\/spinfever\" target=\"_blank\" rel=\"nofollow noopener\">AGB<\/a> &#8211; Spielen mit verantwortung (18+)<br \/>\n<\/small><\/td><td class=\"column-6\"><a href=\"\/de\/go\/spinfever\" rel=\"nofollow noopener noreferrer\" target=\"_blank\" class=\"play\">Jetzt Spielen!<\/a><\/td>\n<\/tr>\n<tr class=\"row-6\">\n\t<td class=\"column-1\"><\/td><td class=\"column-2\"><a href=\"\/de\/go\/olympusbet\" target=\"_blank\" rel=\"nofollow noopener noreferrer\"><img loading=\"lazy\" decoding=\"async\" src=\"\/wp-content\/uploads\/olympusbet.png\" width=\"130\" height=\"65\" alt=\"OlympusBet\"><\/a><\/td><td class=\"column-3\"><strong>OlympusBet<\/strong><\/td><td class=\"column-4\">4.9 \/ 5 <i class=\"fa fa-star\"><\/td><td class=\"column-5\"><strong>100%<\/strong> bis zu <strong>500\u20ac<\/strong> & 100 Freispiele<br \/>\n<small><a href=\"\/de\/go\/spinfever\" target=\"_blank\" rel=\"nofollow noopener\">AGB<\/a> &#8211; Spielen mit verantwortung (18+)<br \/>\n<\/small><\/td><td class=\"column-6\"><a href=\"\/de\/go\/olympusbet\" rel=\"nofollow noopener noreferrer\" target=\"_blank\" class=\"play\">Jetzt Spielen!<\/a><\/td>\n<\/tr>\n<tr class=\"row-7\">\n\t<td class=\"column-1\"><\/td><td class=\"column-2\"><a href=\"\/de\/go\/winawin\" target=\"_blank\" rel=\"nofollow noopener noreferrer\"><img loading=\"lazy\" decoding=\"async\" src=\"\/wp-content\/uploads\/winawin.png\" width=\"130\" height=\"65\" alt=\"Winawin\"><\/a><\/td><td class=\"column-3\"><strong>Winawin<\/strong><\/td><td class=\"column-4\">4.9 \/ 5 <i class=\"fa fa-star\"><\/td><td class=\"column-5\"><strong>100%<\/strong> bis zu <strong>300\u20ac<\/strong> & 50 Freispiele<br \/>\n<small><a href=\"\/de\/go\/spinfever\" target=\"_blank\" rel=\"nofollow noopener\">AGB<\/a> &#8211; Spielen mit verantwortung (18+)<br \/>\n<\/small><\/td><td class=\"column-6\"><a href=\"\/de\/go\/winawin\" rel=\"nofollow noopener noreferrer\" target=\"_blank\" class=\"play\">Jetzt Spielen!<\/a><\/td>\n<\/tr>\n<tr class=\"row-8\">\n\t<td class=\"column-1\"><\/td><td class=\"column-2\"><a href=\"\/de\/go\/beastino\" target=\"_blank\" rel=\"nofollow noopener noreferrer\"><img loading=\"lazy\" decoding=\"async\" src=\"\/wp-content\/uploads\/beastino.png\" width=\"130\" height=\"65\" alt=\"Beastino\"><\/a><\/td><td class=\"column-3\"><strong>Beastino<\/strong><\/td><td class=\"column-4\">4.9 \/ 5 <i class=\"fa fa-star\"><\/td><td class=\"column-5\"><strong>100%<\/strong> bis zu <strong>250\u20ac<\/strong> & Cashback!<br \/>\n<small><a href=\"\/de\/go\/beastino\" target=\"_blank\" rel=\"nofollow noopener\">AGB<\/a> &#8211; Spielen mit verantwortung (18+)<br \/>\n<\/small><\/td><td class=\"column-6\"><a href=\"\/de\/go\/beastino\" rel=\"nofollow noopener noreferrer\" target=\"_blank\" class=\"play\">Jetzt Spielen!<\/a><\/td>\n<\/tr>\n<tr class=\"row-9\">\n\t<td class=\"column-1\"><\/td><td class=\"column-2\"><a href=\"\/de\/go\/sg-casino\" target=\"_blank\" rel=\"nofollow noopener noreferrer\"><img loading=\"lazy\" decoding=\"async\" src=\"\/wp-content\/uploads\/sg-casino.png\" width=\"130\" height=\"65\" alt=\"SG Casino\"><\/a><\/td><td class=\"column-3\"><strong>SG Casino<\/strong><\/td><td class=\"column-4\">4.8 \/ 5 <i class=\"fa fa-star\"><\/td><td class=\"column-5\"><strong>100%<\/strong> bis zu <strong>500\u20ac<\/strong> & 200 Freispiele<br \/>\n<small><a href=\"\/de\/go\/sg-casino\" target=\"_blank\" rel=\"nofollow noopener\">AGB<\/a> &#8211; Spielen mit verantwortung (18+)<br \/>\n<\/small><\/td><td class=\"column-6\"><a href=\"\/de\/go\/sg-casino\" rel=\"nofollow noopener noreferrer\" target=\"_blank\" class=\"play\">Jetzt Spielen!<\/a><\/td>\n<\/tr>\n<tr class=\"row-10\">\n\t<td class=\"column-1\"><\/td><td class=\"column-2\"><a href=\"\/de\/go\/slotwolf\" target=\"_blank\" rel=\"nofollow noopener noreferrer\"><img loading=\"lazy\" decoding=\"async\" src=\"\/wp-content\/uploads\/slotwolf.png\" width=\"130\" height=\"65\" alt=\"SlotWolf\"><\/a><\/td><td class=\"column-3\"><strong>SlotWolf<\/strong><\/td><td class=\"column-4\">4.8 \/ 5 <i class=\"fa fa-star\"><\/td><td class=\"column-5\"><strong>3000\u20ac<\/strong> & 200 Freispiele<br \/>\n<small><a href=\"\/de\/go\/slotwolf\" target=\"_blank\" rel=\"nofollow noopener\">AGB<\/a> &#8211; Spielen mit verantwortung (18+)<br \/>\n<\/small><\/td><td class=\"column-6\"><a href=\"\/de\/go\/slotwolf\" rel=\"nofollow noopener noreferrer\" target=\"_blank\" class=\"play\">Jetzt Spielen!<\/a><\/td>\n<\/tr>\n<tr class=\"row-11\">\n\t<td class=\"column-1\"><\/td><td class=\"column-2\"><a href=\"\/de\/go\/manga-casino\" target=\"_blank\" rel=\"nofollow noopener noreferrer\"><img loading=\"lazy\" decoding=\"async\" src=\"\/wp-content\/uploads\/manga-casino.png\" width=\"130\" height=\"65\" alt=\"Manga Casino\"><\/a><\/td><td class=\"column-3\"><strong>Manga Casino<\/strong><\/td><td class=\"column-4\">4.8 \/ 5 <i class=\"fa fa-star\"><\/td><td class=\"column-5\"><strong>100%<\/strong> bis zu <strong>100\u20ac<\/strong> & 150 Freispiele<br \/>\n<small><a href=\"\/de\/go\/manga-casino\" target=\"_blank\" rel=\"nofollow noopener\">AGB<\/a> &#8211; Spielen mit verantwortung (18+)<br \/>\n<\/small><\/td><td class=\"column-6\"><a href=\"\/de\/go\/manga-casino\" rel=\"nofollow noopener noreferrer\" target=\"_blank\" class=\"play\">Jetzt Spielen!<\/a><\/td>\n<\/tr>\n<tr class=\"row-12\">\n\t<td class=\"column-1\"><\/td><td class=\"column-2\"><a href=\"\/de\/go\/qbet\" target=\"_blank\" rel=\"nofollow noopener noreferrer\"><img loading=\"lazy\" decoding=\"async\" src=\"\/wp-content\/uploads\/qbet.png\" width=\"130\" height=\"65\" alt=\"QBet\"><\/a><\/td><td class=\"column-3\"><strong>QBet<\/strong><\/td><td class=\"column-4\">4.8 \/ 5 <i class=\"fa fa-star\"><\/td><td class=\"column-5\"><strong>100%<\/strong> bis zu <strong>100\u20ac<\/strong> & 150 Freispiele<br \/>\n<small><a href=\"\/de\/go\/qbet\" target=\"_blank\" rel=\"nofollow noopener\">AGB<\/a> &#8211; Spielen mit verantwortung (18+)<br \/>\n<\/small><\/td><td class=\"column-6\"><a href=\"\/de\/go\/qbet\" rel=\"nofollow noopener noreferrer\" target=\"_blank\" class=\"play\">Jetzt Spielen!<\/a><\/td>\n<\/tr>\n<tr class=\"row-13\">\n\t<td class=\"column-1\"><\/td><td class=\"column-2\"><a href=\"\/de\/go\/1bet\" target=\"_blank\" rel=\"nofollow noopener noreferrer\"><img loading=\"lazy\" decoding=\"async\" src=\"\/wp-content\/uploads\/1bet.png\" width=\"130\" height=\"65\" alt=\"1Bet\"><\/a><\/td><td class=\"column-3\"><strong>1bet Casino<\/strong><\/td><td class=\"column-4\">4.7 \/ 5 <i class=\"fa fa-star\"><\/td><td class=\"column-5\"><strong>100%<\/strong> bis zu <strong>500\u20ac<\/strong><br \/>\n<small><a href=\"\/de\/go\/1bet\" target=\"_blank\" rel=\"nofollow noopener\">AGB<\/a> &#8211; Spielen mit verantwortung (18+)<br \/>\n<\/small><\/td><td class=\"column-6\"><a href=\"\/de\/go\/1bet\" rel=\"nofollow noopener noreferrer\" target=\"_blank\" class=\"play\">Jetzt Spielen!<\/a><\/td>\n<\/tr>\n<tr class=\"row-14\">\n\t<td class=\"column-1\"><\/td><td class=\"column-2\"><a href=\"\/de\/go\/22bet\" target=\"_blank\" rel=\"nofollow noopener noreferrer\"><img loading=\"lazy\" decoding=\"async\" src=\"\/wp-content\/uploads\/22bet.png\" width=\"130\" height=\"65\" alt=\"22bet\"><\/a><\/td><td class=\"column-3\"><strong>22bet Casino<\/strong><\/td><td class=\"column-4\">4.7 \/ 5 <i class=\"fa fa-star\"><\/td><td class=\"column-5\"><strong>100%<\/strong> bis zu <strong>300\u20ac<\/strong><br \/>\n<small><a href=\"\/de\/go\/22bet\" target=\"_blank\" rel=\"nofollow noopener\">AGB<\/a> &#8211; Spielen mit verantwortung (18+)<br \/>\n<\/small><\/td><td class=\"column-6\"><a href=\"\/de\/go\/22bet\" rel=\"nofollow noopener noreferrer\" target=\"_blank\" class=\"play\">Jetzt Spielen!<\/a><\/td>\n<\/tr>\n<tr class=\"row-15\">\n\t<td class=\"column-1\"><\/td><td class=\"column-2\"><a href=\"\/de\/go\/skycrown\" target=\"_blank\" rel=\"nofollow noopener noreferrer\"><img loading=\"lazy\" decoding=\"async\" src=\"\/wp-content\/uploads\/skycrown.png\" width=\"130\" height=\"65\" alt=\"SkyCrown\"><\/a><\/td><td class=\"column-3\"><strong>SkyCrown<\/strong><\/td><td class=\"column-4\">4.6 \/ 5 <i class=\"fa fa-star\"><\/td><td class=\"column-5\"><strong>100%<\/strong> bis zu <strong>500\u20ac<\/strong> & 225 Freispiele<br \/>\n<small><a href=\"\/de\/go\/skycrown\" target=\"_blank\" rel=\"nofollow noopener\">AGB<\/a> &#8211; Spielen mit verantwortung (18+)<br \/>\n<\/small><\/td><td class=\"column-6\"><a href=\"\/de\/go\/skycrown\" rel=\"nofollow noopener noreferrer\" target=\"_blank\" class=\"play\">Jetzt Spielen!<\/a><\/td>\n<\/tr>\n<tr class=\"row-16\">\n\t<td class=\"column-1\"><\/td><td class=\"column-2\"><a href=\"\/de\/go\/goodman-casino\" target=\"_blank\" rel=\"nofollow noopener noreferrer\"><img loading=\"lazy\" decoding=\"async\" src=\"\/wp-content\/uploads\/goodman-casino.png\" width=\"130\" height=\"65\" alt=\"Goodman Casino\"><\/a><\/td><td class=\"column-3\"><strong>Goodman Casino<\/strong><\/td><td class=\"column-4\">4.6 \/ 5 <i class=\"fa fa-star\"><\/td><td class=\"column-5\"><strong>100%<\/strong> bis zu <strong>500\u20ac<\/strong> & 150 Freispiele<br \/>\n<small><a href=\"\/de\/go\/goodman-casino\" target=\"_blank\" rel=\"nofollow noopener\">AGB<\/a> &#8211; Spielen mit verantwortung (18+)<br \/>\n<\/small><\/td><td class=\"column-6\"><a href=\"\/de\/go\/goodman-casino\" rel=\"nofollow noopener noreferrer\" target=\"_blank\" class=\"play\">Jetzt Spielen!<\/a><\/td>\n<\/tr>\n<tr class=\"row-17\">\n\t<td class=\"column-1\"><\/td><td class=\"column-2\"><a href=\"\/de\/go\/dolly-casino\" target=\"_blank\" rel=\"nofollow noopener noreferrer\"><img loading=\"lazy\" decoding=\"async\" src=\"\/wp-content\/uploads\/dolly-casino.png\" width=\"130\" height=\"65\" alt=\"Dolly Casino\"><\/a><\/td><td class=\"column-3\"><strong>Dolly Casino<\/strong><\/td><td class=\"column-4\">4.5 \/ 5 <i class=\"fa fa-star\"><\/td><td class=\"column-5\"><strong>100%<\/strong> bis zu <strong>500\u20ac<\/strong> & 100 Freispiele<br \/>\n<small><a href=\"\/de\/go\/dolly-casino\" target=\"_blank\" rel=\"nofollow noopener\">AGB<\/a> &#8211; Spielen mit verantwortung (18+)<br \/>\n<\/small><\/td><td class=\"column-6\"><a href=\"\/de\/go\/dolly-casino\" rel=\"nofollow noopener noreferrer\" target=\"_blank\" class=\"play\">Jetzt Spielen!<\/a><\/td>\n<\/tr>\n<tr class=\"row-18\">\n\t<td class=\"column-1\"><\/td><td class=\"column-2\"><a href=\"\/de\/go\/fezbet\" target=\"_blank\" rel=\"nofollow noopener noreferrer\"><img loading=\"lazy\" decoding=\"async\" src=\"\/wp-content\/uploads\/fezbet.png\" width=\"130\" height=\"65\" alt=\"Fezbet\"><\/a><\/td><td class=\"column-3\"><strong>Fezbet<\/strong><\/td><td class=\"column-4\">4.5 \/ 5 <i class=\"fa fa-star\"><\/td><td class=\"column-5\"><strong>100%<\/strong> bis zu <strong>500\u20ac<\/strong> & 200 Freispiele<br \/>\n<small><a href=\"\/de\/go\/fezbet\" target=\"_blank\" rel=\"nofollow noopener\">AGB<\/a> &#8211; Spielen mit verantwortung (18+)<br \/>\n<\/small><\/td><td class=\"column-6\"><a href=\"\/de\/go\/fezbet\" rel=\"nofollow noopener noreferrer\" target=\"_blank\" class=\"play\">Jetzt Spielen!<\/a><\/td>\n<\/tr>\n<tr class=\"row-19\">\n\t<td class=\"column-1\"><\/td><td class=\"column-2\"><a href=\"\/de\/go\/winstoria\" target=\"_blank\" rel=\"nofollow noopener noreferrer\"><img loading=\"lazy\" decoding=\"async\" src=\"\/wp-content\/uploads\/winstoria.png\" width=\"130\" height=\"65\" alt=\"Winstoria\"><\/a><\/td><td class=\"column-3\"><strong>Winstoria<\/strong><\/td><td class=\"column-4\">4.5 \/ 5 <i class=\"fa fa-star\"><\/td><td class=\"column-5\"><strong>300%<\/strong> bis zu <strong>300\u20ac<\/strong> & 270 Freispiele<br \/>\n<small><a href=\"\/de\/go\/winstoria\" target=\"_blank\" rel=\"nofollow noopener\">AGB<\/a> &#8211; Spielen mit verantwortung (18+)<br \/>\n<\/small><\/td><td class=\"column-6\"><a href=\"\/de\/go\/winstoria\" rel=\"nofollow noopener noreferrer\" target=\"_blank\" class=\"play\">Jetzt Spielen!<\/a><\/td>\n<\/tr>\n<tr class=\"row-20\">\n\t<td class=\"column-1\"><\/td><td class=\"column-2\"><a href=\"\/de\/go\/greatwin\" target=\"_blank\" rel=\"nofollow noopener noreferrer\"><img loading=\"lazy\" decoding=\"async\" src=\"\/wp-content\/uploads\/greatwin.png\" width=\"130\" height=\"65\" alt=\"GreatWin\"><\/a><\/td><td class=\"column-3\"><strong>GreatWin<\/strong><\/td><td class=\"column-4\">4.4 \/ 5 <i class=\"fa fa-star\"><\/td><td class=\"column-5\"><strong>100%<\/strong> bis zu <strong>500\u20ac<\/strong> & 200 Freispiele<br \/>\n<small><a href=\"\/de\/go\/greatwin\" target=\"_blank\" rel=\"nofollow noopener\">AGB<\/a> &#8211; Spielen mit verantwortung (18+)<br \/>\n<\/small><\/td><td class=\"column-6\"><a href=\"\/de\/go\/greatwin\" rel=\"nofollow noopener noreferrer\" target=\"_blank\" class=\"play\">Jetzt Spielen!<\/a><\/td>\n<\/tr>\n<tr class=\"row-21\">\n\t<td class=\"column-1\"><\/td><td class=\"column-2\"><a href=\"\/de\/go\/vegadream\" target=\"_blank\" rel=\"nofollow noopener noreferrer\"><img loading=\"lazy\" decoding=\"async\" src=\"\/wp-content\/uploads\/vegadream.png\" width=\"130\" height=\"65\" alt=\"Vegadream\"><\/a><\/td><td class=\"column-3\"><strong>Vegadream<\/strong><\/td><td class=\"column-4\">4.4 \/ 5 <i class=\"fa fa-star\"><\/td><td class=\"column-5\"><strong>100%<\/strong> bis zu <strong>550\u20ac<\/strong> & 100 Freispiele<br \/>\n<small><a href=\"\/de\/go\/vegadream\" target=\"_blank\" rel=\"nofollow noopener\">AGB<\/a> &#8211; Spielen mit verantwortung (18+)<br \/>\n<\/small><\/td><td class=\"column-6\"><a href=\"\/de\/go\/vegadream\" rel=\"nofollow noopener noreferrer\" target=\"_blank\" class=\"play\">Jetzt Spielen!<\/a><\/td>\n<\/tr>\n<tr class=\"row-22\">\n\t<td class=\"column-1\"><\/td><td class=\"column-2\"><a href=\"\/de\/go\/rabona\" target=\"_blank\" rel=\"nofollow noopener noreferrer\"><img loading=\"lazy\" decoding=\"async\" src=\"\/wp-content\/uploads\/rabona.png\" width=\"130\" height=\"65\" alt=\"Rabona\"><\/a><\/td><td class=\"column-3\"><strong>Rabona<\/strong><\/td><td class=\"column-4\">4.3 \/ 5 <i class=\"fa fa-star\"><\/td><td class=\"column-5\"><strong>100%<\/strong> bis zu <strong>500\u20ac<\/strong> & 200 Freispiele<br \/>\n<small><a href=\"\/de\/go\/rabona\" target=\"_blank\" rel=\"nofollow noopener\">AGB<\/a> &#8211; Spielen mit verantwortung (18+)<br \/>\n<\/small><\/td><td class=\"column-6\"><a href=\"\/de\/go\/rabona\" rel=\"nofollow noopener noreferrer\" target=\"_blank\" class=\"play\">Jetzt Spielen!<\/a><\/td>\n<\/tr>\n<\/tbody>\n<\/table>\n<!-- #tablepress-1 from cache -->\n\n\n<p class=\"wp-block-paragraph\">Tauchen Sie direkt in unsere Inhalte transparenter, ehrlicher und aktueller Artikel \u00fcber die Casino-Branche ein. Unser umfangreiches Wissen kann Ihnen bei Fragen zum Themenbereich der Casinos helfen. <\/p>\n\n\n\n<p class=\"wp-block-paragraph\">Alle diese Links f\u00fchren Sie direkt zu unseren beliebtesten Artikeln:<\/p>\n\n\n\n<ul class=\"wp-block-list\">\n<li><a href=\"https:\/\/casinofrog.com\/de\/online-casino\/\">Online Casino Deutschland<\/a>\n<ul class=\"wp-block-list\">\n<li><a href=\"https:\/\/casinofrog.com\/de\/online-casino\/neue\/\">Neue Online Casinos<\/a><\/li>\n\n\n\n<li><a href=\"https:\/\/casinofrog.com\/de\/online-casino\/ohne-limit\/\">Online Casino ohne Limit<\/a><\/li>\n\n\n\n<li><a href=\"https:\/\/casinofrog.com\/de\/online-casino\/seriose\/\">Seri\u00f6se Online Casinos<\/a><\/li>\n\n\n\n<li><a href=\"https:\/\/casinofrog.com\/de\/online-casino\/ohne-anmeldung\/\">Casinos ohne Anmeldung<\/a><\/li>\n\n\n\n<li><a href=\"https:\/\/casinofrog.com\/de\/online-casino\/ohne-deutsche-lizenz\/\">Casinos ohne Deutsche Lizenz<\/a><\/li>\n\n\n\n<li><a href=\"https:\/\/casinofrog.com\/de\/online-casino\/ohne-5-sekunden-regel\/\">Casinos ohne 5 Sekunden Regel<\/a><\/li>\n\n\n\n<li><a href=\"https:\/\/casinofrog.com\/de\/online-casino\/bonus\/\">Casino Bonus<\/a><\/li>\n\n\n\n<li><a href=\"https:\/\/casinofrog.com\/de\/online-casino\/echtgeld\/\">Online Casino Echtgeld<\/a><\/li>\n<\/ul>\n<\/li>\n<\/ul>\n\n\n\n<hr class=\"wp-block-separator has-alpha-channel-opacity\"\/>\n\n\n\n<h2 class=\"wp-block-heading\">W\u00e4hlen Sie Ihr Casino<\/h2>\n\n\n\n<p class=\"wp-block-paragraph\">Mit unserem Casino Vergleichs-Tool f\u00e4llt Ihnen der Einstieg leicht. Wir erleichtern Ihnen die Suche nach Ihrer Lieblings-Seite.<br>Unten finden Sie unsere ausgekl\u00fcgelte Liste mit einer \u00dcbersicht an seri\u00f6sen Casinos, Zahlungsmethoden, Bonusangeboten, Bewertungen und mehr.<\/p>\n\n\n\n<h3 class=\"wp-block-heading\">Wir helfen Ihnen<\/h3>\n\n\n\n<p class=\"wp-block-paragraph\">Wir m\u00f6chten gew\u00e4hrleisten, dass Sie jegliche Fragen, die Sie haben, zufriedenstellend beantwortet bekommen. Dennoch kann es vorkommen, dass eine Frage von keinem unserer Artikel, Guides oder in den FAQ beantwortet wird.<\/p>\n\n\n\n<p class=\"wp-block-paragraph\">In diesen F\u00e4llen k\u00f6nnen Sie ihre Frage und Ihr Feedback gern an <a href=\"https:\/\/casinofrog.com\/de\/kontakt\/\">support<\/a> senden und wir werden uns so schnell wie m\u00f6glich um Ihr Anliegen k\u00fcmmern.<\/p>\n\n\n\n<hr class=\"wp-block-separator has-alpha-channel-opacity\"\/>\n\n\n\n<h2 class=\"wp-block-heading\">Ihre Sicherheit geht vor<\/h2>\n\n\n\n<p class=\"wp-block-paragraph\">Uns sind Vertrauen, Ehrlichkeit und Sicherheit wichtig. Es ist unser Anliegen, jede Casino-Webseite auf Vertrauensw\u00fcrdigkeit und Sicherheit zu \u00fcberpr\u00fcfen, bevor wir sie Ihnen empfehlen.<\/p>\n\n\n\n<p class=\"wp-block-paragraph\">Jedes Casino, das wir empfehlen, muss \u00fcber die erforderliche Lizenz, zuverl\u00e4ssige Zahlungsmethoden, kompetenten Kundendienst sowie schnelle Auszahlungen verf\u00fcgen. Das ist unsere Casino Frog-Garantie.<\/p>\n\n\n\n<p class=\"wp-block-paragraph\">Gl\u00fccksspiel &#8211; in Ma\u00dfen &#8211; sollte eine spa\u00dfige und aufregende Angelegenheit sein. Noch wichtiger ist: Es sollte in einer sicheren Umgebung stattfinden. Deshalb haben wir es uns zum Prinzip gemacht, dass alle empfohlenen Casinos zuverl\u00e4ssig und seri\u00f6s sein m\u00fcssen.<\/p>\n\n\n\n<h3 class=\"wp-block-heading\">Warum Casino Frog?<\/h3>\n\n\n\n<p class=\"wp-block-paragraph\">Bei Casino Frog dreht es sich auch um den Spa\u00df. Gleichzeitig gehen wir aber auch mit dem n\u00f6tigen Ernst an die Sache heran. Beim Gl\u00fccksspiel setzen Sie Ihr hart verdientes Geld ein. Daraus leitet sich unsere Aufgabe ab, Ihnen die M\u00f6glichkeit zu geben, das Beste aus Ihrem Geld herauszuholen.<\/p>\n\n\n\n<p class=\"wp-block-paragraph\">Das Casino Frog Team ist seit Jahrzehnten im Gesch\u00e4ft. Wir wissen, was wir tun und wir k\u00f6nnen Ihnen versichern, dass sie hier das beste Erlebnis haben.<\/p>\n\n\n\n<p class=\"wp-block-paragraph\">Treten Sie der Casino Frog-Familie bei und erhalten Sie Zugang zu allen etablierten Casinos, neuen und alten. Sie finden bei uns auch die besten Bonusangebote sowie aktuelle Informationen, die Sie ben\u00f6tigen, um Ihre Casino-Gewohnheiten zu optimieren.<\/p>\n\n\n\n<p class=\"wp-block-paragraph\">Dar\u00fcber hinaus ist unser Service v\u00f6llig umsonst und das wird auch so bleiben. Wir werden ihnen niemals etwas f\u00fcr unsere Dienste berechnen: keine versteckten Geb\u00fchren, es ist alles gratis.<\/p>\n\n\n\n<p class=\"wp-block-paragraph\">M\u00f6chten Sie mehr \u00fcber uns erfahren? Besuchen Sie unsere <a href=\"https:\/\/casinofrog.com\/de\/uber\/\">\u00dcber Uns-Seite<\/a>, um mehr \u00fcber unsere Anliegen und unsere Werte zu erfahren.<\/p>\n\n\n\n<hr class=\"wp-block-separator has-alpha-channel-opacity\"\/>\n\n\n\n<h2 class=\"wp-block-heading\">Expertenrat auf einen Mausklick<\/h2>\n\n\n\n<p class=\"wp-block-paragraph\">Ob Gl\u00fccksspiel f\u00fcr Sie Neuland ist oder ob Sie ein erfahrener Casino-Veteran sind, bei uns k\u00f6nnen Sie eine Antwort auf Ihre Fragen erhalten.<\/p>\n\n\n\n<p class=\"wp-block-paragraph\">Die Experten von Casino Frog haben <a href=\"https:\/\/casinofrog.com\/de\/guides\/\">Anleitungen f\u00fcr Anf\u00e4nger<\/a> erstellt, so dass man als neuer Spieler direkt mit dem Spielen loslegen kann. Holen Sie sich alles, was Sie brauchen, um mehr zu gewinnen und schnellere Auszahlungen zu genie\u00dfen. Werden Sie jetzt zu einem erfolgreichen Casino-Spieler!<\/p>\n\n\n\n<p class=\"wp-block-paragraph\">Veteranen k\u00f6nnen hier ebenfalls eine Menge an wertvollen Informationen finden, damit sie in der Welt der Casinos immer auf dem neuesten Stand bleiben.<\/p>\n\n\n\n<h3 class=\"wp-block-heading\">Wir k\u00fcmmern uns<\/h3>\n\n\n\n<p class=\"wp-block-paragraph\">Online-Unterhaltung sollte man immer in Ma\u00dfen genie\u00dfen. Casino-Spiele sollen Spa\u00df machen und Aufregung bieten, doch Sie k\u00f6nnen auch zu einem Problem werden. Sollten Sie selbst oder jemand, den Sie kennen, Probleme im Zusammenhang mit Gl\u00fccksspiel entwickeln, dann ist es wichtig, angemessene Hilfe einzuholen.<\/p>\n\n\n\n<p class=\"wp-block-paragraph\">Besuchen Sie unseren Guide f\u00fcr <a href=\"https:\/\/casinofrog.com\/de\/verantwortungsvolles-spielen\/\">verantwortungsvolles Spielen<\/a>, um mehr zu erfahren.<\/p>\n","protected":false},"excerpt":{"rendered":"<p>Deutscher Online Casino Guide Tauchen Sie direkt in unsere Inhalte transparenter, ehrlicher und aktueller Artikel \u00fcber die Casino-Branche ein. Unser umfangreiches Wissen kann Ihnen bei Fragen zum Themenbereich der Casinos helfen. Alle diese Links f\u00fchren Sie direkt zu unseren beliebtesten Artikeln: W\u00e4hlen Sie Ihr Casino Mit unserem Casino Vergleichs-Tool f\u00e4llt Ihnen der Einstieg leicht. Wir &#8230; <a title=\"Casino Frog Deutschland (DE)\" class=\"read-more\" href=\"https:\/\/casinofrog.com\/de\/\" aria-label=\"Mehr Informationen \u00fcber Casino Frog Deutschland (DE)\">Weiterlesen &#8230;<\/a><\/p>\n","protected":false},"author":72,"featured_media":0,"parent":0,"menu_order":0,"comment_status":"closed","ping_status":"closed","template":"","meta":{"_crdt_document":"","footnotes":""},"class_list":["post-39","page","type-page","status-publish"],"_links":{"self":[{"href":"https:\/\/casinofrog.com\/de\/wp-json\/wp\/v2\/pages\/39","targetHints":{"allow":["GET"]}}],"collection":[{"href":"https:\/\/casinofrog.com\/de\/wp-json\/wp\/v2\/pages"}],"about":[{"href":"https:\/\/casinofrog.com\/de\/wp-json\/wp\/v2\/types\/page"}],"author":[{"embeddable":true,"href":"https:\/\/casinofrog.com\/de\/wp-json\/wp\/v2\/users\/72"}],"replies":[{"embeddable":true,"href":"https:\/\/casinofrog.com\/de\/wp-json\/wp\/v2\/comments?post=39"}],"version-history":[{"count":23,"href":"https:\/\/casinofrog.com\/de\/wp-json\/wp\/v2\/pages\/39\/revisions"}],"predecessor-version":[{"id":20735,"href":"https:\/\/casinofrog.com\/de\/wp-json\/wp\/v2\/pages\/39\/revisions\/20735"}],"wp:attachment":[{"href":"https:\/\/casinofrog.com\/de\/wp-json\/wp\/v2\/media?parent=39"}],"curies":[{"name":"wp","href":"https:\/\/api.w.org\/{rel}","templated":true}]}}