{"id":1713,"date":"2020-07-16T14:17:46","date_gmt":"2020-07-16T14:17:46","guid":{"rendered":"https:\/\/www.casinofrog.com\/?page_id=1713"},"modified":"2024-12-28T08:32:53","modified_gmt":"2024-12-28T08:32:53","slug":"wie-wir-bewerten","status":"publish","type":"page","link":"https:\/\/casinofrog.com\/de\/guides\/wie-wir-bewerten\/","title":{"rendered":"Wie wir Casinos testen und bewerten"},"content":{"rendered":"\n<p class=\"wp-block-paragraph\">Auf dieser Seite m\u00f6chten wir erkl\u00e4ren, wie Casinofrog.com Online Casinos testet und bewertet. Es handelt sich dabei um eine langwierige Prozedur, die aus einigen gut durchdachten Schritten besteht. Unsere Experten analysieren die Kernkriterien wie Sicherheit, Bonusangebote und mehr und sind dabei so objektiv wie m\u00f6glich.<\/p>\n\n\n\n<p class=\"wp-block-paragraph\">Unser Ziel mit dieser Seite ist es, Ihnen m\u00f6glichst anschaulich zu erkl\u00e4ren, warum wir bei Casino Frog bestimmte Casinos in unseren Listen empfehlen.<\/p>\n\n\n\n<hr class=\"wp-block-separator has-alpha-channel-opacity\"\/>\n\n\n\n<h2 class=\"wp-block-heading\">So kommen unsere Bewertungen zustande<\/h2>\n\n\n\n<p class=\"wp-block-paragraph\">Wenn wir ein Online Casino untersuchen, dann schauen wir uns jeden Aspekt genauestens an. Auf diese Weise k\u00f6nnen wir garantieren, Sie nur mit den besten und lizenzierten Anbietern zu versorgen.<\/p>\n\n\n\n<p class=\"wp-block-paragraph\">Nun m\u00f6chten wir einige der grunds\u00e4tzlichen Kriterien, die dar\u00fcber entscheiden, ob ein Casino den Anspr\u00fcchen von Casino Frog gerecht wird, mit Ihnen teilen.<\/p>\n\n\n\n<h3 class=\"wp-block-heading\">Sicherheit<\/h3>\n\n\n\n<p class=\"wp-block-paragraph\">Wenn man um echtes Geld spielt, dann m\u00f6chte man nat\u00fcrlich, dass es so zuverl\u00e4ssig wie m\u00f6glich ist. Aus diesem Grund steht die Sicherheit ganz oben auf unserer Priorit\u00e4tenliste, wenn wir eine Casino-Review anfertigen.<\/p>\n\n\n\n<p class=\"wp-block-paragraph\">Anders ausgedr\u00fcckt: Unter den empfohlenen Anbietern auf <a class=\"rank-math-link\" href=\"https:\/\/casinofrog.com\/de\/\">Casinofrog.com<\/a> werden Sie keine Casinos finden, bei denen der Aspekt der Sicherheit M\u00e4ngel aufweist oder Ihre Daten und Ihr Geld nicht ausreichend gesch\u00fctzt sind.<\/p>\n\n\n\n<h3 class=\"wp-block-heading\">Lizenzen<\/h3>\n\n\n\n<p class=\"wp-block-paragraph\">Eine anerkannte Gl\u00fccksspiellizenz muss vorliegen, bevor wir \u00fcberhaupt an eine Empfehlung denken. Wenn ein Casino \u00fcber eine entsprechende Lizenz verf\u00fcgt, k\u00f6nnen wir daraus ablesen, dass sie nach den Regeln spielen und an Auflagen gebunden sind.<\/p>\n\n\n\n<p class=\"wp-block-paragraph\">Es gibt mehrere Regulierungsbeh\u00f6rden, die wir als seri\u00f6s betrachten, wie zum Beispiel die britische Gambling Commission, die Regulatory Authority aus Gibraltar sowie die maltesische Beh\u00f6rde MGA.<\/p>\n\n\n\n<h3 class=\"wp-block-heading\">Bonusangebote<\/h3>\n\n\n\n<p class=\"wp-block-paragraph\">Casino Bonus spielt bei der Wahl des Anbieters f\u00fcr viele Spieler eine entscheidende Rolle. Ein lukrativer Bonus kann in der Tat zu einer angenehmen Erfahrung im Casino beitragen.<\/p>\n\n\n\n<p class=\"wp-block-paragraph\">Allerdings schauen sich einige User die Umsatzbedingungen der Angebote \u00fcberhaupt nicht an. Unsere Experten sorgen daf\u00fcr, dass Sie keinen <a href=\"https:\/\/casinofrog.com\/de\/online-casino\/bonus\/\">Bonus<\/a> mit unfairen Bedingungen aktivieren.<\/p>\n\n\n\n<h3 class=\"wp-block-heading\">Spiele<\/h3>\n\n\n\n<p class=\"wp-block-paragraph\">Wir finden, dass eine gro\u00dfe Auswahl an Spielautomaten in Kombination mit weiteren Casinospielen zu einem besseren Erlebnis f\u00fchrt. In den meisten Casinos kann man die Spiele zun\u00e4chst kostenlos testen, bevor man sein eigenes Geld in den Ring schmei\u00dft.<\/p>\n\n\n\n<p class=\"wp-block-paragraph\">Nat\u00fcrlich testen wir die Spiele aber auch immer um echtes Geld. So k\u00f6nnen wir gew\u00e4hrleisten, dass wir keinen Anbieter empfehlen, bei dem wir nicht selbst gern unser eigenes Geld einsetzen.<\/p>\n\n\n\n<h3 class=\"wp-block-heading\">Kundendienst<\/h3>\n\n\n\n<p class=\"wp-block-paragraph\">Ein weiterer wichtiger Bestandteil der Bewertung ist der Kundenservice. Bedeutsame Kriterien sind dabei die durchschnittlichen Antwortzeiten sowie die Kontaktoptionen. Doch auch die Frage, wie hilfreich und kompetent die Mitarbeiter sind, wird von uns getestet.<\/p>\n\n\n\n<p class=\"wp-block-paragraph\">Dann sollte der Kundendienst nat\u00fcrlich nicht nur auf Englisch, sondern auch auf Deutsch bereitstehen. Schlie\u00dflich schauen wir uns auch die Abdeckung an: Im Idealfall k\u00f6nnen wir rund um die Uhr 24 Stunden am Tag Hilfe in Anspruch nehmen.<\/p>\n\n\n\n<h3 class=\"wp-block-heading\">Zahlungsmethoden<\/h3>\n\n\n\n<p class=\"wp-block-paragraph\">Zus\u00e4tzlich zu diesen Kriterien m\u00fcssen Online Casinos auch \u00fcber die angemessenen Zahlungsmethoden verf\u00fcgen. Als Spieler hat man auf langsame und ineffektive Transaktionen keine Lust.<\/p>\n\n\n\n<p class=\"wp-block-paragraph\">Wenn man das Spielerkonto aufl\u00e4dt, dann sollte das Guthaben sofort erscheinen. Bei Auszahlungen erwarten wir, dass unser Geld innerhalb von zwei Tagen verbucht wird. Deshalb ist es in Online Casinos wichtig, dass schnelle und zuverl\u00e4ssige Zahlungsoptionen vorhanden sind.<\/p>\n\n\n\n<h3 class=\"wp-block-heading\">Ruf und Bekanntheit<\/h3>\n\n\n\n<p class=\"wp-block-paragraph\">Es gibt ein paar Betreiber von Gl\u00fccksspiel-Webseiten, die man besser meiden sollte. Um das zu tun, muss man allerdings wissen, wie man diese Betreiber erkennt.<\/p>\n\n\n\n<p class=\"wp-block-paragraph\">Ein Weg, herauszufinden, ob in einem Casino alles mit rechten Dingen zugeht, ist die Analyse von Erfahrungen der Spieler. Wir schauen uns im Rahmen unserer Testverfahren immer auch die Bewertungen und das Feedback anderer Spieler an.<\/p>\n\n\n\n<hr class=\"wp-block-separator has-alpha-channel-opacity\"\/>\n\n\n\n<h2 class=\"wp-block-heading\">Wir kennen die Branche<\/h2>\n\n\n<div class=\"wp-block-image\">\n<figure class=\"alignright\"><img loading=\"lazy\" decoding=\"async\" width=\"130\" height=\"130\" src=\"https:\/\/casinofrog.com\/wp-content\/uploads\/wie-wir-bewerten-de.png\" alt=\"Wie wir Casinos testen und bewerten\" class=\"wp-image-6735\"\/><\/figure>\n<\/div>\n\n\n<p class=\"wp-block-paragraph\">Ein gro\u00dfer Vorteil an Casino Frog ist die jahrzehntelange Erfahrung, die wir in unserem Team haben. Dank unserer Belegschaft an Testern und Experten verf\u00fcgen wir \u00fcber das Wissen, das man ben\u00f6tigt, um Casinos genau unter die Lupe zu nehmen.<\/p>\n\n\n\n<p class=\"wp-block-paragraph\">Mit unserer Expertise k\u00f6nnen wir Ihnen dabei helfen, sich in der Welt der <a href=\"https:\/\/casinofrog.com\/de\/online-casino\/\">Online Casinos zurechtzufinden<\/a>. Sich bei einem Casino ein Spielerkonto zu erstellen und die erste Einzahlung zu t\u00e4tigen, ist normalerweise ziemlich unkompliziert. Als schwieriger erweist es sich, zun\u00e4chst einmal einen zuverl\u00e4ssigen und wirklich guten Anbieter zu finden.<\/p>\n\n\n\n<p class=\"wp-block-paragraph\">Zum Gl\u00fcck hat Casinofrog.com die schwere Arbeit bereits erledigt und Listen mit den besten Optionen zusammengestellt.<\/p>\n\n\n\n<hr class=\"wp-block-separator has-alpha-channel-opacity\"\/>\n\n\n\n<h2 class=\"wp-block-heading\">Warum man Casino Frog vertrauen kann<\/h2>\n\n\n\n<p class=\"wp-block-paragraph\">Wir m\u00f6chten noch die Frage diskutieren, was Casino Frog zu einer vertrauensw\u00fcrdigen Quelle macht. Warum sollte man uns mehr Vertrauen entgegenbringen als anderen Vergleichs-Webseiten?<\/p>\n\n\n\n<p class=\"wp-block-paragraph\">Hier sind ein paar Gr\u00fcnde daf\u00fcr, dass so viele User unseren Service n\u00fctzlich finden.<\/p>\n\n\n\n<h4 class=\"wp-block-heading\">Wir glauben an Transparenz<\/h4>\n\n\n\n<p class=\"wp-block-paragraph\">Wir erkl\u00e4ren unsere Bewertungskriterien und m\u00f6chten, dass unsere Leser die Bewertungen nachvollziehen k\u00f6nnen. Deshalb binden wir die Spieler auch aktiv in den Bewertungsprozess ein.<\/p>\n\n\n\n<h4 class=\"wp-block-heading\">Preisgekr\u00f6nt<\/h4>\n\n\n\n<p class=\"wp-block-paragraph\">Die harte Arbeit von Casino Frog im Bereich der Online Casinos hat sich auf vielfache Weise ausgezahlt. Wir wurden mehrfach f\u00fcr Preisverleihungen nominiert und hatten auch schon die Ehre, in manchen Kategorien zum Sieger gek\u00fcrt zu werden.<\/p>\n\n\n\n<h4 class=\"wp-block-heading\">Gegenseitiges Vertrauen<\/h4>\n\n\n\n<p class=\"wp-block-paragraph\">Wir st\u00fcrzen uns niemals Hals \u00fcber Kopf in eine Zusammenarbeit, wenn wir uns nicht absolut sicher sind. Deshalb arbeiten wir nur mit Casinos, die \u00fcber einen makellosen Ruf verf\u00fcgen, sodass wir sie voller Stolz empfehlen k\u00f6nnen.<\/p>\n\n\n\n<h4 class=\"wp-block-heading\">Wir werden zitiert<\/h4>\n\n\n\n<p class=\"wp-block-paragraph\">Casino Frog wurde bereits in einigen f\u00fchrenden Ver\u00f6ffentlichungen zitiert. Das werten wir als Zeichen daf\u00fcr, dass unsere Arbeit \u00fcber die Grenzen unserer Stammleserschaft hinaus anerkannt und respektiert wird.<\/p>\n\n\n\n<hr class=\"wp-block-separator has-alpha-channel-opacity\"\/>\n\n\n\n<h2 class=\"wp-block-heading\">Stets unabh\u00e4ngig und auf dem neuesten Stand<\/h2>\n\n\n\n<p class=\"wp-block-paragraph\">Casino Frog ist ein unabh\u00e4ngiger Vergleichs-Service, der unvoreingenommene Beurteilungen, Guides und mehr bietet. \u00dcbrigens ist unser Service komplett kostenlos. Wir erheben f\u00fcr die Nutzung unserer Webseite keine Geb\u00fchr und das wird sich auch nicht \u00e4ndern. Wir wollen immer unabh\u00e4ngig bleiben und Sie mit ehrlichen Erfahrungen im Bereich Casino versorgen.<\/p>\n\n\n\n<p class=\"wp-block-paragraph\">Wir tun alles daf\u00fcr, immer auf dem neuesten Stand zu sein, damit wir relevante und genaue Inhalte pr\u00e4sentieren k\u00f6nnen. Gleichzeitig kann nat\u00fcrlich auch uns mal ein Fehler unterlaufen. Falls Sie irgendwo auf unserer Webseite eine Fehlinformation entdecken, z\u00f6gern Sie bitte nicht, <a class=\"rank-math-link\" href=\"https:\/\/casinofrog.com\/de\/kontakt\/\">sich mit uns in Verbindung zu setzen<\/a>. Wir tun unser bestes, um die Infos auf Casinofrog.com so pr\u00e4zise wie m\u00f6glich zu gestalten.<\/p>\n","protected":false},"excerpt":{"rendered":"<p>Auf dieser Seite m\u00f6chten wir erkl\u00e4ren, wie Casinofrog.com Online Casinos testet und bewertet. Es handelt sich dabei um eine langwierige Prozedur, die aus einigen gut durchdachten Schritten besteht. Unsere Experten analysieren die Kernkriterien wie Sicherheit, Bonusangebote und mehr und sind dabei so objektiv wie m\u00f6glich. Unser Ziel mit dieser Seite ist es, Ihnen m\u00f6glichst anschaulich &#8230; <a title=\"Wie wir Casinos testen und bewerten\" class=\"read-more\" href=\"https:\/\/casinofrog.com\/de\/guides\/wie-wir-bewerten\/\" aria-label=\"Mehr Informationen \u00fcber Wie wir Casinos testen und bewerten\">Weiterlesen &#8230;<\/a><\/p>\n","protected":false},"author":40,"featured_media":0,"parent":4260,"menu_order":0,"comment_status":"closed","ping_status":"closed","template":"","meta":{"_crdt_document":"","footnotes":""},"class_list":["post-1713","page","type-page","status-publish"],"_links":{"self":[{"href":"https:\/\/casinofrog.com\/de\/wp-json\/wp\/v2\/pages\/1713","targetHints":{"allow":["GET"]}}],"collection":[{"href":"https:\/\/casinofrog.com\/de\/wp-json\/wp\/v2\/pages"}],"about":[{"href":"https:\/\/casinofrog.com\/de\/wp-json\/wp\/v2\/types\/page"}],"author":[{"embeddable":true,"href":"https:\/\/casinofrog.com\/de\/wp-json\/wp\/v2\/users\/40"}],"replies":[{"embeddable":true,"href":"https:\/\/casinofrog.com\/de\/wp-json\/wp\/v2\/comments?post=1713"}],"version-history":[{"count":11,"href":"https:\/\/casinofrog.com\/de\/wp-json\/wp\/v2\/pages\/1713\/revisions"}],"predecessor-version":[{"id":20490,"href":"https:\/\/casinofrog.com\/de\/wp-json\/wp\/v2\/pages\/1713\/revisions\/20490"}],"up":[{"embeddable":true,"href":"https:\/\/casinofrog.com\/de\/wp-json\/wp\/v2\/pages\/4260"}],"wp:attachment":[{"href":"https:\/\/casinofrog.com\/de\/wp-json\/wp\/v2\/media?parent=1713"}],"curies":[{"name":"wp","href":"https:\/\/api.w.org\/{rel}","templated":true}]}}