{"id":1616,"date":"2020-07-14T07:52:56","date_gmt":"2020-07-14T07:52:56","guid":{"rendered":"https:\/\/www.casinofrog.com\/?page_id=1616"},"modified":"2024-12-28T08:33:03","modified_gmt":"2024-12-28T08:33:03","slug":"verantwortungsvolles-spielen","status":"publish","type":"page","link":"https:\/\/casinofrog.com\/de\/verantwortungsvolles-spielen\/","title":{"rendered":"Verantwortungsvolles Spielen in Deutschland"},"content":{"rendered":"<div class=\"wp-block-image\">\n<figure class=\"alignright\"><img loading=\"lazy\" decoding=\"async\" width=\"130\" height=\"130\" src=\"https:\/\/casinofrog.com\/wp-content\/uploads\/verantwortungsvolles-spielen.png\" alt=\"\" class=\"wp-image-5905\"\/><\/figure>\n<\/div>\n\n\n<p class=\"wp-block-paragraph\">Online-Entertainment wie Casinos und Sportwetten sind ein toller Zeitvertreib. Gleichzeitig k\u00f6nnen beim Gl\u00fccksspiel aber auch Probleme auftreten. Deshalb ist es wichtig, verantwortungsvoll zu spielen.<\/p>\n\n\n\n<p class=\"wp-block-paragraph\">Die meisten L\u00e4nder, in denen Gl\u00fccksspiel erlaubt ist, verf\u00fcgen \u00fcber bestimmte Hilfestellungen f\u00fcr die Betroffenen von Spielproblemen. Oftmals bieten auch die Gl\u00fccksspielanbieter selbst verschiedene Arten der ersten Hilfe an, wenn jemand von Gl\u00fccksspielsucht betroffen ist.<\/p>\n\n\n\n<p class=\"wp-block-paragraph\">In Deutschland gibt es zudem ein solides Netzwerk an wohlt\u00e4tigen Organisationen, das bei der F\u00f6rderung verantwortungsvollen Spielens sowie bei der Bek\u00e4mpfung von Spielsucht wichtige Arbeit leistet.<\/p>\n\n\n\n<hr class=\"wp-block-separator has-alpha-channel-opacity\"\/>\n\n\n\n<h2 class=\"wp-block-heading\">Was ist Spielsucht?<\/h2>\n\n\n\n<p class=\"wp-block-paragraph\">Mit dem Begriff der Spielsucht wird ein Verhalten beschrieben, bei dem das Gl\u00fccksspiel weit \u00fcber den Zweck der Unterhaltung hinausgeht. Wer ein Spielproblem hat oder sogar eine Spielsucht entwickelt, stellt h\u00e4ufig fest, dass man das Spielen um echtes Geld nicht mehr genie\u00dfen kann. Stattdessen hat man das Gef\u00fchl, dass man keine andere Wahl hat, als zu spielen. Dies kann betr\u00e4chtliche Auswirkungen auf das Leben des Spielers haben.<\/p>\n\n\n\n<p class=\"wp-block-paragraph\">Es gibt ein paar Aspekte, die man beleuchten kann, wenn man sich die Frage stellt, ob Gl\u00fccksspiel zu einem Problem geworden ist. Ein Warnsignal ist es, wenn man spielt, um verlorenes Geld zur\u00fcckzugewinnen oder wenn man mit Geld spielt, das man f\u00fcr notwendige Dinge wie die Miete, Rechnungen oder Essen ben\u00f6tigt.<\/p>\n\n\n\n<p class=\"wp-block-paragraph\">Man sollte Gl\u00fccksspiel niemals als eine Methode zum Geldverdienen betrachten. Es sollte auch nicht als etwas verstanden werden, das dabei hilft, f\u00fcr Miete oder andere Ausgaben zu bezahlen. Im Idealfall dient es allein der Unterhaltung und erf\u00fcllt keinen anderen Zweck.<\/p>\n\n\n\n<h3 class=\"wp-block-heading\">Casino Frogs Rat zum Thema verantwortungsvolles Spielen<\/h3>\n\n\n\n<p class=\"wp-block-paragraph\">Gl\u00fccksspiel macht Spa\u00df, aber um m\u00f6gliche Probleme zu vermeiden, muss man in der Lage sein, verantwortungsvoll zu spielen. Unser Expertenteam empfiehlt, sich mit den Risiken des Gl\u00fccksspiels vertraut zu machen. Sie sollten die notwendigen Schritte einleiten, um zu gew\u00e4hrleisten, dass Gl\u00fccksspiel f\u00fcr Sie einen reinen Unterhaltungswert hat.<\/p>\n\n\n\n<p class=\"wp-block-paragraph\">Wenn Sie online spielen, sollten Sie sich in Erinnerung rufen, dass ein Spiel letztlich nur ein Spiel ist. Es dient nicht dem Zweck des Geldverdienens und stellt auch keine Investitionsanlage dar. Im Internet wimmelt es von Strategien und Taktiken zum Thema Gl\u00fccksspiel. Allerdings kann keine von ihnen als sichere Methode zum Geldverdienen verstanden werden.<\/p>\n\n\n\n<h4 class=\"wp-block-heading\">Ein Budget festlegen<\/h4>\n\n\n\n<p class=\"wp-block-paragraph\">Bevor sie um echtes Geld spielen, sollten Sie ein Budget festlegen. Stellen Sie sicher, dass es sich dabei um einen Betrag handelt, den Sie verschmerzen k\u00f6nnen. Falls Sie Ihren Einsatz verlieren, sollten Sie in der Lage sein, aufzuh\u00f6ren.<\/p>\n\n\n\n<p class=\"wp-block-paragraph\">Verluste sind beim Gl\u00fccksspiel unvermeidbar. Wer aber mit Spielproblemen zu k\u00e4mpfen hat, der nimmt sich diese Verluste zu Herzen und sprengt sein Budget beim Versuch, das Geld zur\u00fcckzugewinnen. Sie sollten gew\u00e4hrleisten, dass Sie nicht in diese Falle tappen. Wenn Sie Ihr Budget verlieren, dann sollten Sie dies akzeptieren und das Spiel beenden.<\/p>\n\n\n\n<p class=\"wp-block-paragraph\">Stellen Sie sicher, dass Ihr Budget zum Spielen Ihrem Budget f\u00fcr Unterhaltung zugeordnet ist. Wenn Sie Geld f\u00fcr die Miete, f\u00fcr Essen oder f\u00fcr andere Ausgaben ben\u00f6tigen, dann legen Sie dieses Geld beiseite. Denken Sie daran, dass Sie das Geld verlieren k\u00f6nnen, auch wenn Sie denken, dass Sie eine gute Strategie haben und optimistisch sind.<\/p>\n\n\n\n<p class=\"wp-block-paragraph\">Wir empfehlen, dass sich jeder mit den verf\u00fcgbaren Hilfsangeboten vertraut macht. Wenn Sie Hilfe ben\u00f6tigen, dann sollten Sie nicht z\u00f6gern, diese in Anspruch zu nehmen. Das muss einem nicht peinlich sein. Tats\u00e4chlich handelt es sich dabei um den ersten Schritt heraus aus der Krise. Spielsucht kann niederschmetternd sein. Wenn man wei\u00df, dass man bereits bei den ersten Anzeichen Hilfe aufsuchen sollte, dann f\u00e4llt es leichter, wieder zur Normalit\u00e4t zur\u00fcckzukehren.<\/p>\n\n\n\n<hr class=\"wp-block-separator has-alpha-channel-opacity\"\/>\n\n\n\n<h2 class=\"wp-block-heading\">So bekommt man in Deutschland Hilfe bei Spielproblemen<\/h2>\n\n\n\n<p class=\"wp-block-paragraph\">Wenn Sie oder Menschen, die Ihnen nahestehen, ein Problem mit Gl\u00fccksspiel entwickelt haben, dann z\u00f6gern Sie nicht, sich an eine der Hilfsorganisationen zu wenden. Eine der gr\u00f6\u00dften Organisationen zur Hilfestellung bei Spielsucht ist Gambling Therapy. Dort kann man sich kostenlos auf Deutsch beraten lassen und Hilfe per Livechat, E-Mail oder in Foren einholen.<\/p>\n\n\n\n<p class=\"wp-block-paragraph\">Um mehr zu erfahren, k\u00f6nnen Sie einfach <a href=\"https:\/\/www.gamblingtherapy.org\/de\" target=\"_blank\" rel=\"noopener noreferrer\">gamblingtherapy.org\/de<\/a> besuchen.<\/p>\n\n\n\n<p class=\"wp-block-paragraph\">Um Gl\u00fccksspiel wirklich genie\u00dfen zu k\u00f6nnen und mit all den Casinos, Apps, Wettanbietern und Spielen Spa\u00df zu haben, muss man als Spieler das Thema verantwortungsvolles Spielen ernst nehmen.<\/p>\n\n\n\n<p class=\"wp-block-paragraph\">Wenn Sie unsere Ratschl\u00e4ge zum Thema befolgen, verringern Sie das Risiko, in die Spielsucht abzudriften.<\/p>\n\n\n\n<p class=\"wp-block-paragraph\">Setzen Sie niemals Geld ein, dessen Verlust Sie nicht verschmerzen k\u00f6nnen und seien Sie jederzeit bereit, aufzuh\u00f6ren. Wenn Sie einen klaren Kopf behalten und sich nicht dazu verleiten lassen, zu viel Geld beim Online-Gl\u00fccksspiel auszugeben, dann bieten Ihnen die Spiele beste Unterhaltung.&nbsp;F\u00fcr den Fall der F\u00e4lle sind in Deutschland Hilfsangebote verf\u00fcgbar, dazu besuchen Sie bitte die Webseite gamblingtherapy.org\/de.<\/p>\n","protected":false},"excerpt":{"rendered":"<p>Online-Entertainment wie Casinos und Sportwetten sind ein toller Zeitvertreib. Gleichzeitig k\u00f6nnen beim Gl\u00fccksspiel aber auch Probleme auftreten. Deshalb ist es wichtig, verantwortungsvoll zu spielen. Die meisten L\u00e4nder, in denen Gl\u00fccksspiel erlaubt ist, verf\u00fcgen \u00fcber bestimmte Hilfestellungen f\u00fcr die Betroffenen von Spielproblemen. Oftmals bieten auch die Gl\u00fccksspielanbieter selbst verschiedene Arten der ersten Hilfe an, wenn jemand &#8230; <a title=\"Verantwortungsvolles Spielen in Deutschland\" class=\"read-more\" href=\"https:\/\/casinofrog.com\/de\/verantwortungsvolles-spielen\/\" aria-label=\"Mehr Informationen \u00fcber Verantwortungsvolles Spielen in Deutschland\">Weiterlesen &#8230;<\/a><\/p>\n","protected":false},"author":41,"featured_media":0,"parent":0,"menu_order":0,"comment_status":"closed","ping_status":"closed","template":"","meta":{"_crdt_document":"","footnotes":""},"class_list":["post-1616","page","type-page","status-publish"],"_links":{"self":[{"href":"https:\/\/casinofrog.com\/de\/wp-json\/wp\/v2\/pages\/1616","targetHints":{"allow":["GET"]}}],"collection":[{"href":"https:\/\/casinofrog.com\/de\/wp-json\/wp\/v2\/pages"}],"about":[{"href":"https:\/\/casinofrog.com\/de\/wp-json\/wp\/v2\/types\/page"}],"author":[{"embeddable":true,"href":"https:\/\/casinofrog.com\/de\/wp-json\/wp\/v2\/users\/41"}],"replies":[{"embeddable":true,"href":"https:\/\/casinofrog.com\/de\/wp-json\/wp\/v2\/comments?post=1616"}],"version-history":[{"count":7,"href":"https:\/\/casinofrog.com\/de\/wp-json\/wp\/v2\/pages\/1616\/revisions"}],"predecessor-version":[{"id":20492,"href":"https:\/\/casinofrog.com\/de\/wp-json\/wp\/v2\/pages\/1616\/revisions\/20492"}],"wp:attachment":[{"href":"https:\/\/casinofrog.com\/de\/wp-json\/wp\/v2\/media?parent=1616"}],"curies":[{"name":"wp","href":"https:\/\/api.w.org\/{rel}","templated":true}]}}