{"id":1614,"date":"2020-07-14T07:45:16","date_gmt":"2020-07-14T07:45:16","guid":{"rendered":"https:\/\/www.casinofrog.com\/?page_id=1614"},"modified":"2024-12-28T09:17:39","modified_gmt":"2024-12-28T09:17:39","slug":"wager-im-casino","status":"publish","type":"page","link":"https:\/\/casinofrog.com\/de\/guides\/wager-im-casino\/","title":{"rendered":"Wager im Casino: Umsatzbedingungen erkl\u00e4rt"},"content":{"rendered":"\n<h2 class=\"wp-block-heading\">Top Online Casinos mit den besten Konditionen<\/h2>\n\n\n\n<table id=\"tablepress-1\" class=\"tablepress tablepress-id-1 tablepress-responsive tablepress-responsive-stack-headers tablepress-responsive-stack-phone\">\n<thead>\n<tr class=\"row-1\">\n\t<td class=\"column-1\"><\/td><th class=\"column-2\">Casino<\/th><th class=\"column-3\">Name<\/th><th class=\"column-4\">Bewertung<\/th><th class=\"column-5\">Bonus<\/th><th class=\"column-6\">Spielen<\/th>\n<\/tr>\n<\/thead>\n<tbody class=\"row-striping\">\n<tr class=\"row-2\">\n\t<td class=\"column-1\"><\/td><td class=\"column-2\"><a href=\"\/de\/go\/asino\" target=\"_blank\" rel=\"nofollow noopener noreferrer\"><img loading=\"lazy\" decoding=\"async\" src=\"\/wp-content\/uploads\/asino.png\" width=\"130\" height=\"65\" alt=\"Asino\"><\/a><\/td><td class=\"column-3\"><strong>Asino<\/strong><\/td><td class=\"column-4\">5.0 \/ 5 <i class=\"fa fa-star\"><\/td><td class=\"column-5\">Bis zu <strong>7800\u20ac<\/strong> & 350 Freispiele<br \/>\n<small><a href=\"\/de\/go\/asino\" target=\"_blank\" rel=\"nofollow noopener\">AGB<\/a> &#8211; Spielen mit verantwortung (18+)<br \/>\n<\/small><\/td><td class=\"column-6\"><a href=\"\/de\/go\/asino\" rel=\"nofollow noopener noreferrer\" target=\"_blank\" class=\"play\">Jetzt Spielen!<\/a><\/td>\n<\/tr>\n<tr class=\"row-3\">\n\t<td class=\"column-1\"><\/td><td class=\"column-2\"><a href=\"\/de\/go\/winlegends\" target=\"_blank\" rel=\"nofollow noopener noreferrer\"><img loading=\"lazy\" decoding=\"async\" src=\"\/wp-content\/uploads\/winlegends.png\" width=\"130\" height=\"65\" alt=\"WinLegends\"><\/a><\/td><td class=\"column-3\"><strong>WinLegends<\/strong><\/td><td class=\"column-4\">4.9 \/ 5 <i class=\"fa fa-star\"><\/td><td class=\"column-5\"><strong>225%<\/strong> bis zu <strong>2000\u20ac<\/strong> & 100 Freispiele<br \/>\n<small><a href=\"\/de\/go\/winlegends\" target=\"_blank\" rel=\"nofollow noopener\">AGB<\/a> &#8211; Spielen mit verantwortung (18+)<br \/>\n<\/small><\/td><td class=\"column-6\"><a href=\"\/de\/go\/winlegends\" rel=\"nofollow noopener noreferrer\" target=\"_blank\" class=\"play\">Jetzt Spielen!<\/a><\/td>\n<\/tr>\n<tr class=\"row-4\">\n\t<td class=\"column-1\"><\/td><td class=\"column-2\"><a href=\"\/de\/go\/smokace\" target=\"_blank\" rel=\"nofollow noopener noreferrer\"><img loading=\"lazy\" decoding=\"async\" src=\"\/wp-content\/uploads\/smokace.png\" width=\"130\" height=\"65\" alt=\"SmokAce\"><\/a><\/td><td class=\"column-3\"><strong>SmokAce<\/strong><\/td><td class=\"column-4\">4.9 \/ 5 <i class=\"fa fa-star\"><\/td><td class=\"column-5\"><strong>100%<\/strong> bis zu <strong>500\u20ac<\/strong> & 100 Freispiele<br \/>\n<small><a href=\"\/de\/go\/smokace\" target=\"_blank\" rel=\"nofollow noopener\">AGB<\/a> &#8211; Spielen mit verantwortung (18+)<br \/>\n<\/small><\/td><td class=\"column-6\"><a href=\"\/de\/go\/smokace\" rel=\"nofollow noopener noreferrer\" target=\"_blank\" class=\"play\">Jetzt Spielen!<\/a><\/td>\n<\/tr>\n<tr class=\"row-5\">\n\t<td class=\"column-1\"><\/td><td class=\"column-2\"><a href=\"\/de\/go\/spinfever\" target=\"_blank\" rel=\"nofollow noopener noreferrer\"><img loading=\"lazy\" decoding=\"async\" src=\"\/wp-content\/uploads\/spinfever.png\" width=\"130\" height=\"65\" alt=\"SpinFever\"><\/a><\/td><td class=\"column-3\"><strong>SpinFever<\/strong><\/td><td class=\"column-4\">4.9 \/ 5 <i class=\"fa fa-star\"><\/td><td class=\"column-5\"><strong>100%<\/strong> bis zu <strong>500\u20ac<\/strong> & 50 Freispiele<br \/>\n<small><a href=\"\/de\/go\/spinfever\" target=\"_blank\" rel=\"nofollow noopener\">AGB<\/a> &#8211; Spielen mit verantwortung (18+)<br \/>\n<\/small><\/td><td class=\"column-6\"><a href=\"\/de\/go\/spinfever\" rel=\"nofollow noopener noreferrer\" target=\"_blank\" class=\"play\">Jetzt Spielen!<\/a><\/td>\n<\/tr>\n<tr class=\"row-6\">\n\t<td class=\"column-1\"><\/td><td class=\"column-2\"><a href=\"\/de\/go\/olympusbet\" target=\"_blank\" rel=\"nofollow noopener noreferrer\"><img loading=\"lazy\" decoding=\"async\" src=\"\/wp-content\/uploads\/olympusbet.png\" width=\"130\" height=\"65\" alt=\"OlympusBet\"><\/a><\/td><td class=\"column-3\"><strong>OlympusBet<\/strong><\/td><td class=\"column-4\">4.9 \/ 5 <i class=\"fa fa-star\"><\/td><td class=\"column-5\"><strong>100%<\/strong> bis zu <strong>500\u20ac<\/strong> & 100 Freispiele<br \/>\n<small><a href=\"\/de\/go\/spinfever\" target=\"_blank\" rel=\"nofollow noopener\">AGB<\/a> &#8211; Spielen mit verantwortung (18+)<br \/>\n<\/small><\/td><td class=\"column-6\"><a href=\"\/de\/go\/olympusbet\" rel=\"nofollow noopener noreferrer\" target=\"_blank\" class=\"play\">Jetzt Spielen!<\/a><\/td>\n<\/tr>\n<tr class=\"row-7\">\n\t<td class=\"column-1\"><\/td><td class=\"column-2\"><a href=\"\/de\/go\/winawin\" target=\"_blank\" rel=\"nofollow noopener noreferrer\"><img loading=\"lazy\" decoding=\"async\" src=\"\/wp-content\/uploads\/winawin.png\" width=\"130\" height=\"65\" alt=\"Winawin\"><\/a><\/td><td class=\"column-3\"><strong>Winawin<\/strong><\/td><td class=\"column-4\">4.9 \/ 5 <i class=\"fa fa-star\"><\/td><td class=\"column-5\"><strong>100%<\/strong> bis zu <strong>300\u20ac<\/strong> & 50 Freispiele<br \/>\n<small><a href=\"\/de\/go\/spinfever\" target=\"_blank\" rel=\"nofollow noopener\">AGB<\/a> &#8211; Spielen mit verantwortung (18+)<br \/>\n<\/small><\/td><td class=\"column-6\"><a href=\"\/de\/go\/winawin\" rel=\"nofollow noopener noreferrer\" target=\"_blank\" class=\"play\">Jetzt Spielen!<\/a><\/td>\n<\/tr>\n<tr class=\"row-8\">\n\t<td class=\"column-1\"><\/td><td class=\"column-2\"><a href=\"\/de\/go\/beastino\" target=\"_blank\" rel=\"nofollow noopener noreferrer\"><img loading=\"lazy\" decoding=\"async\" src=\"\/wp-content\/uploads\/beastino.png\" width=\"130\" height=\"65\" alt=\"Beastino\"><\/a><\/td><td class=\"column-3\"><strong>Beastino<\/strong><\/td><td class=\"column-4\">4.9 \/ 5 <i class=\"fa fa-star\"><\/td><td class=\"column-5\"><strong>100%<\/strong> bis zu <strong>250\u20ac<\/strong> & Cashback!<br \/>\n<small><a href=\"\/de\/go\/beastino\" target=\"_blank\" rel=\"nofollow noopener\">AGB<\/a> &#8211; Spielen mit verantwortung (18+)<br \/>\n<\/small><\/td><td class=\"column-6\"><a href=\"\/de\/go\/beastino\" rel=\"nofollow noopener noreferrer\" target=\"_blank\" class=\"play\">Jetzt Spielen!<\/a><\/td>\n<\/tr>\n<tr class=\"row-9\">\n\t<td class=\"column-1\"><\/td><td class=\"column-2\"><a href=\"\/de\/go\/sg-casino\" target=\"_blank\" rel=\"nofollow noopener noreferrer\"><img loading=\"lazy\" decoding=\"async\" src=\"\/wp-content\/uploads\/sg-casino.png\" width=\"130\" height=\"65\" alt=\"SG Casino\"><\/a><\/td><td class=\"column-3\"><strong>SG Casino<\/strong><\/td><td class=\"column-4\">4.8 \/ 5 <i class=\"fa fa-star\"><\/td><td class=\"column-5\"><strong>100%<\/strong> bis zu <strong>500\u20ac<\/strong> & 200 Freispiele<br \/>\n<small><a href=\"\/de\/go\/sg-casino\" target=\"_blank\" rel=\"nofollow noopener\">AGB<\/a> &#8211; Spielen mit verantwortung (18+)<br \/>\n<\/small><\/td><td class=\"column-6\"><a href=\"\/de\/go\/sg-casino\" rel=\"nofollow noopener noreferrer\" target=\"_blank\" class=\"play\">Jetzt Spielen!<\/a><\/td>\n<\/tr>\n<tr class=\"row-10\">\n\t<td class=\"column-1\"><\/td><td class=\"column-2\"><a href=\"\/de\/go\/slotwolf\" target=\"_blank\" rel=\"nofollow noopener noreferrer\"><img loading=\"lazy\" decoding=\"async\" src=\"\/wp-content\/uploads\/slotwolf.png\" width=\"130\" height=\"65\" alt=\"SlotWolf\"><\/a><\/td><td class=\"column-3\"><strong>SlotWolf<\/strong><\/td><td class=\"column-4\">4.8 \/ 5 <i class=\"fa fa-star\"><\/td><td class=\"column-5\"><strong>3000\u20ac<\/strong> & 200 Freispiele<br \/>\n<small><a href=\"\/de\/go\/slotwolf\" target=\"_blank\" rel=\"nofollow noopener\">AGB<\/a> &#8211; Spielen mit verantwortung (18+)<br \/>\n<\/small><\/td><td class=\"column-6\"><a href=\"\/de\/go\/slotwolf\" rel=\"nofollow noopener noreferrer\" target=\"_blank\" class=\"play\">Jetzt Spielen!<\/a><\/td>\n<\/tr>\n<tr class=\"row-11\">\n\t<td class=\"column-1\"><\/td><td class=\"column-2\"><a href=\"\/de\/go\/manga-casino\" target=\"_blank\" rel=\"nofollow noopener noreferrer\"><img loading=\"lazy\" decoding=\"async\" src=\"\/wp-content\/uploads\/manga-casino.png\" width=\"130\" height=\"65\" alt=\"Manga Casino\"><\/a><\/td><td class=\"column-3\"><strong>Manga Casino<\/strong><\/td><td class=\"column-4\">4.8 \/ 5 <i class=\"fa fa-star\"><\/td><td class=\"column-5\"><strong>100%<\/strong> bis zu <strong>100\u20ac<\/strong> & 150 Freispiele<br \/>\n<small><a href=\"\/de\/go\/manga-casino\" target=\"_blank\" rel=\"nofollow noopener\">AGB<\/a> &#8211; Spielen mit verantwortung (18+)<br \/>\n<\/small><\/td><td class=\"column-6\"><a href=\"\/de\/go\/manga-casino\" rel=\"nofollow noopener noreferrer\" target=\"_blank\" class=\"play\">Jetzt Spielen!<\/a><\/td>\n<\/tr>\n<tr class=\"row-12\">\n\t<td class=\"column-1\"><\/td><td class=\"column-2\"><a href=\"\/de\/go\/qbet\" target=\"_blank\" rel=\"nofollow noopener noreferrer\"><img loading=\"lazy\" decoding=\"async\" src=\"\/wp-content\/uploads\/qbet.png\" width=\"130\" height=\"65\" alt=\"QBet\"><\/a><\/td><td class=\"column-3\"><strong>QBet<\/strong><\/td><td class=\"column-4\">4.8 \/ 5 <i class=\"fa fa-star\"><\/td><td class=\"column-5\"><strong>100%<\/strong> bis zu <strong>100\u20ac<\/strong> & 150 Freispiele<br \/>\n<small><a href=\"\/de\/go\/qbet\" target=\"_blank\" rel=\"nofollow noopener\">AGB<\/a> &#8211; Spielen mit verantwortung (18+)<br \/>\n<\/small><\/td><td class=\"column-6\"><a href=\"\/de\/go\/qbet\" rel=\"nofollow noopener noreferrer\" target=\"_blank\" class=\"play\">Jetzt Spielen!<\/a><\/td>\n<\/tr>\n<tr class=\"row-13\">\n\t<td class=\"column-1\"><\/td><td class=\"column-2\"><a href=\"\/de\/go\/1bet\" target=\"_blank\" rel=\"nofollow noopener noreferrer\"><img loading=\"lazy\" decoding=\"async\" src=\"\/wp-content\/uploads\/1bet.png\" width=\"130\" height=\"65\" alt=\"1Bet\"><\/a><\/td><td class=\"column-3\"><strong>1bet Casino<\/strong><\/td><td class=\"column-4\">4.7 \/ 5 <i class=\"fa fa-star\"><\/td><td class=\"column-5\"><strong>100%<\/strong> bis zu <strong>500\u20ac<\/strong><br \/>\n<small><a href=\"\/de\/go\/1bet\" target=\"_blank\" rel=\"nofollow noopener\">AGB<\/a> &#8211; Spielen mit verantwortung (18+)<br \/>\n<\/small><\/td><td class=\"column-6\"><a href=\"\/de\/go\/1bet\" rel=\"nofollow noopener noreferrer\" target=\"_blank\" class=\"play\">Jetzt Spielen!<\/a><\/td>\n<\/tr>\n<tr class=\"row-14\">\n\t<td class=\"column-1\"><\/td><td class=\"column-2\"><a href=\"\/de\/go\/22bet\" target=\"_blank\" rel=\"nofollow noopener noreferrer\"><img loading=\"lazy\" decoding=\"async\" src=\"\/wp-content\/uploads\/22bet.png\" width=\"130\" height=\"65\" alt=\"22bet\"><\/a><\/td><td class=\"column-3\"><strong>22bet Casino<\/strong><\/td><td class=\"column-4\">4.7 \/ 5 <i class=\"fa fa-star\"><\/td><td class=\"column-5\"><strong>100%<\/strong> bis zu <strong>300\u20ac<\/strong><br \/>\n<small><a href=\"\/de\/go\/22bet\" target=\"_blank\" rel=\"nofollow noopener\">AGB<\/a> &#8211; Spielen mit verantwortung (18+)<br \/>\n<\/small><\/td><td class=\"column-6\"><a href=\"\/de\/go\/22bet\" rel=\"nofollow noopener noreferrer\" target=\"_blank\" class=\"play\">Jetzt Spielen!<\/a><\/td>\n<\/tr>\n<tr class=\"row-15\">\n\t<td class=\"column-1\"><\/td><td class=\"column-2\"><a href=\"\/de\/go\/skycrown\" target=\"_blank\" rel=\"nofollow noopener noreferrer\"><img loading=\"lazy\" decoding=\"async\" src=\"\/wp-content\/uploads\/skycrown.png\" width=\"130\" height=\"65\" alt=\"SkyCrown\"><\/a><\/td><td class=\"column-3\"><strong>SkyCrown<\/strong><\/td><td class=\"column-4\">4.6 \/ 5 <i class=\"fa fa-star\"><\/td><td class=\"column-5\"><strong>100%<\/strong> bis zu <strong>500\u20ac<\/strong> & 225 Freispiele<br \/>\n<small><a href=\"\/de\/go\/skycrown\" target=\"_blank\" rel=\"nofollow noopener\">AGB<\/a> &#8211; Spielen mit verantwortung (18+)<br \/>\n<\/small><\/td><td class=\"column-6\"><a href=\"\/de\/go\/skycrown\" rel=\"nofollow noopener noreferrer\" target=\"_blank\" class=\"play\">Jetzt Spielen!<\/a><\/td>\n<\/tr>\n<tr class=\"row-16\">\n\t<td class=\"column-1\"><\/td><td class=\"column-2\"><a href=\"\/de\/go\/goodman-casino\" target=\"_blank\" rel=\"nofollow noopener noreferrer\"><img loading=\"lazy\" decoding=\"async\" src=\"\/wp-content\/uploads\/goodman-casino.png\" width=\"130\" height=\"65\" alt=\"Goodman Casino\"><\/a><\/td><td class=\"column-3\"><strong>Goodman Casino<\/strong><\/td><td class=\"column-4\">4.6 \/ 5 <i class=\"fa fa-star\"><\/td><td class=\"column-5\"><strong>100%<\/strong> bis zu <strong>500\u20ac<\/strong> & 150 Freispiele<br \/>\n<small><a href=\"\/de\/go\/goodman-casino\" target=\"_blank\" rel=\"nofollow noopener\">AGB<\/a> &#8211; Spielen mit verantwortung (18+)<br \/>\n<\/small><\/td><td class=\"column-6\"><a href=\"\/de\/go\/goodman-casino\" rel=\"nofollow noopener noreferrer\" target=\"_blank\" class=\"play\">Jetzt Spielen!<\/a><\/td>\n<\/tr>\n<tr class=\"row-17\">\n\t<td class=\"column-1\"><\/td><td class=\"column-2\"><a href=\"\/de\/go\/dolly-casino\" target=\"_blank\" rel=\"nofollow noopener noreferrer\"><img loading=\"lazy\" decoding=\"async\" src=\"\/wp-content\/uploads\/dolly-casino.png\" width=\"130\" height=\"65\" alt=\"Dolly Casino\"><\/a><\/td><td class=\"column-3\"><strong>Dolly Casino<\/strong><\/td><td class=\"column-4\">4.5 \/ 5 <i class=\"fa fa-star\"><\/td><td class=\"column-5\"><strong>100%<\/strong> bis zu <strong>500\u20ac<\/strong> & 100 Freispiele<br \/>\n<small><a href=\"\/de\/go\/dolly-casino\" target=\"_blank\" rel=\"nofollow noopener\">AGB<\/a> &#8211; Spielen mit verantwortung (18+)<br \/>\n<\/small><\/td><td class=\"column-6\"><a href=\"\/de\/go\/dolly-casino\" rel=\"nofollow noopener noreferrer\" target=\"_blank\" class=\"play\">Jetzt Spielen!<\/a><\/td>\n<\/tr>\n<tr class=\"row-18\">\n\t<td class=\"column-1\"><\/td><td class=\"column-2\"><a href=\"\/de\/go\/fezbet\" target=\"_blank\" rel=\"nofollow noopener noreferrer\"><img loading=\"lazy\" decoding=\"async\" src=\"\/wp-content\/uploads\/fezbet.png\" width=\"130\" height=\"65\" alt=\"Fezbet\"><\/a><\/td><td class=\"column-3\"><strong>Fezbet<\/strong><\/td><td class=\"column-4\">4.5 \/ 5 <i class=\"fa fa-star\"><\/td><td class=\"column-5\"><strong>100%<\/strong> bis zu <strong>500\u20ac<\/strong> & 200 Freispiele<br \/>\n<small><a href=\"\/de\/go\/fezbet\" target=\"_blank\" rel=\"nofollow noopener\">AGB<\/a> &#8211; Spielen mit verantwortung (18+)<br \/>\n<\/small><\/td><td class=\"column-6\"><a href=\"\/de\/go\/fezbet\" rel=\"nofollow noopener noreferrer\" target=\"_blank\" class=\"play\">Jetzt Spielen!<\/a><\/td>\n<\/tr>\n<tr class=\"row-19\">\n\t<td class=\"column-1\"><\/td><td class=\"column-2\"><a href=\"\/de\/go\/winstoria\" target=\"_blank\" rel=\"nofollow noopener noreferrer\"><img loading=\"lazy\" decoding=\"async\" src=\"\/wp-content\/uploads\/winstoria.png\" width=\"130\" height=\"65\" alt=\"Winstoria\"><\/a><\/td><td class=\"column-3\"><strong>Winstoria<\/strong><\/td><td class=\"column-4\">4.5 \/ 5 <i class=\"fa fa-star\"><\/td><td class=\"column-5\"><strong>300%<\/strong> bis zu <strong>300\u20ac<\/strong> & 270 Freispiele<br \/>\n<small><a href=\"\/de\/go\/winstoria\" target=\"_blank\" rel=\"nofollow noopener\">AGB<\/a> &#8211; Spielen mit verantwortung (18+)<br \/>\n<\/small><\/td><td class=\"column-6\"><a href=\"\/de\/go\/winstoria\" rel=\"nofollow noopener noreferrer\" target=\"_blank\" class=\"play\">Jetzt Spielen!<\/a><\/td>\n<\/tr>\n<tr class=\"row-20\">\n\t<td class=\"column-1\"><\/td><td class=\"column-2\"><a href=\"\/de\/go\/greatwin\" target=\"_blank\" rel=\"nofollow noopener noreferrer\"><img loading=\"lazy\" decoding=\"async\" src=\"\/wp-content\/uploads\/greatwin.png\" width=\"130\" height=\"65\" alt=\"GreatWin\"><\/a><\/td><td class=\"column-3\"><strong>GreatWin<\/strong><\/td><td class=\"column-4\">4.4 \/ 5 <i class=\"fa fa-star\"><\/td><td class=\"column-5\"><strong>100%<\/strong> bis zu <strong>500\u20ac<\/strong> & 200 Freispiele<br \/>\n<small><a href=\"\/de\/go\/greatwin\" target=\"_blank\" rel=\"nofollow noopener\">AGB<\/a> &#8211; Spielen mit verantwortung (18+)<br \/>\n<\/small><\/td><td class=\"column-6\"><a href=\"\/de\/go\/greatwin\" rel=\"nofollow noopener noreferrer\" target=\"_blank\" class=\"play\">Jetzt Spielen!<\/a><\/td>\n<\/tr>\n<tr class=\"row-21\">\n\t<td class=\"column-1\"><\/td><td class=\"column-2\"><a href=\"\/de\/go\/vegadream\" target=\"_blank\" rel=\"nofollow noopener noreferrer\"><img loading=\"lazy\" decoding=\"async\" src=\"\/wp-content\/uploads\/vegadream.png\" width=\"130\" height=\"65\" alt=\"Vegadream\"><\/a><\/td><td class=\"column-3\"><strong>Vegadream<\/strong><\/td><td class=\"column-4\">4.4 \/ 5 <i class=\"fa fa-star\"><\/td><td class=\"column-5\"><strong>100%<\/strong> bis zu <strong>550\u20ac<\/strong> & 100 Freispiele<br \/>\n<small><a href=\"\/de\/go\/vegadream\" target=\"_blank\" rel=\"nofollow noopener\">AGB<\/a> &#8211; Spielen mit verantwortung (18+)<br \/>\n<\/small><\/td><td class=\"column-6\"><a href=\"\/de\/go\/vegadream\" rel=\"nofollow noopener noreferrer\" target=\"_blank\" class=\"play\">Jetzt Spielen!<\/a><\/td>\n<\/tr>\n<tr class=\"row-22\">\n\t<td class=\"column-1\"><\/td><td class=\"column-2\"><a href=\"\/de\/go\/rabona\" target=\"_blank\" rel=\"nofollow noopener noreferrer\"><img loading=\"lazy\" decoding=\"async\" src=\"\/wp-content\/uploads\/rabona.png\" width=\"130\" height=\"65\" alt=\"Rabona\"><\/a><\/td><td class=\"column-3\"><strong>Rabona<\/strong><\/td><td class=\"column-4\">4.3 \/ 5 <i class=\"fa fa-star\"><\/td><td class=\"column-5\"><strong>100%<\/strong> bis zu <strong>500\u20ac<\/strong> & 200 Freispiele<br \/>\n<small><a href=\"\/de\/go\/rabona\" target=\"_blank\" rel=\"nofollow noopener\">AGB<\/a> &#8211; Spielen mit verantwortung (18+)<br \/>\n<\/small><\/td><td class=\"column-6\"><a href=\"\/de\/go\/rabona\" rel=\"nofollow noopener noreferrer\" target=\"_blank\" class=\"play\">Jetzt Spielen!<\/a><\/td>\n<\/tr>\n<\/tbody>\n<\/table>\n<!-- #tablepress-1 from cache -->\n\n\n<hr class=\"wp-block-separator has-alpha-channel-opacity\"\/>\n\n\n<div class=\"wp-block-image\">\n<figure class=\"alignright\"><img loading=\"lazy\" decoding=\"async\" width=\"150\" height=\"150\" src=\"https:\/\/casinofrog.com\/wp-content\/uploads\/umsatzbedingungen-deutschland.png\" alt=\"\" class=\"wp-image-6658\"\/><\/figure>\n<\/div>\n\n\n<p class=\"wp-block-paragraph\">Fast alle deutschen Online Casinos bieten einiges an Bonus an. Meistens handelt es sich dabei um einen Willkommensbonus, der nur neuen Spielern zusteht.<\/p>\n\n\n\n<p class=\"wp-block-paragraph\">Allerdings kann man in manchen Casinos auch als \u201e\u00e4lterer\u201d Spieler Bonusangebote nutzen. Die genauen Bedingungen der Boni sind von Fall zu Fall unterschiedlich, doch fast alle haben eines gemeinsam: Man muss den Bonus umsetzen.<\/p>\n\n\n\n<p class=\"wp-block-paragraph\">Wir erkl\u00e4ren Ihnen, was Umsatzbedingungen sind. \u00dcbrigens hei\u00dfen sie manchmal auch Freispielbedingungen, Durchspielanforderungen oder &#8211; an den englischen Begriff angelehnt &#8211; schlicht Casino Bonus Wagering.<\/p>\n\n\n\n<p class=\"wp-block-paragraph\">Doch zur\u00fcck zum eigentlichen Thema: Umsatzbedingungen sind ein definierter Satz an Regeln, der die Auszahlung von Guthaben aus Bonus betrifft. Viele Casinos versorgen neue Spieler sofort nach der Registrierung mit einem Bonus.<\/p>\n\n\n\n<p class=\"wp-block-paragraph\">Manchmal muss man noch nicht einmal echtes Geld einzahlen, um ein Angebot zu aktivieren. Auf den ersten Blick sieht es wie Gratis-Geld aus, das man geschenkt bekommt. Doch nat\u00fcrlich hat die Sache einen Haken: Er nennt sich Umsatzbedingungen.<\/p>\n\n\n\n<p class=\"wp-block-paragraph\">Wie alle anderen Unternehmen werden auch Online Casinos mit dem Zweck betrieben, einen Gewinn zu erwirtschaften. Deshalb k\u00f6nnen sie es den Spielern nicht gestatten, einen gew\u00e4hrten Bonus einfach sofort wieder vom Spielerkonto abzuheben. Um das zu verhindern, wird von den Spielern verlangt, den Bonus mit einem bestimmten Multiplikator im Casino einzusetzen, bevor man ihn auf sein privates Konto auszahlen kann.<\/p>\n\n\n\n<p class=\"wp-block-paragraph\">Diese Regeln werden von den Gl\u00fccksspiel-Webseiten auf vielfache Weise umgesetzt. Die H\u00fcrden, die man als Spieler vor der Auszahlung eines Bonus nehmen muss, k\u00f6nnen sich von Anbieter zu Anbieter stark unterscheiden.<\/p>\n\n\n\n<p class=\"wp-block-paragraph\">Lassen Sie uns einen genauen Blick darauf werfen, wie diese Anforderungen funktionieren und was man wissen sollte, bevor man einen Bonus beansprucht.<\/p>\n\n\n\n<hr class=\"wp-block-separator has-alpha-channel-opacity\"\/>\n\n\n\n<h2 class=\"wp-block-heading\">Umsatzbedingungen: Wie funktionieren sie?<\/h2>\n\n\n\n<p class=\"wp-block-paragraph\">Die Umsatzbedingungen beschreiben die erforderliche Anzahl, wie oft man den Bonus einsetzen muss, damit er sich in Echtgeldguthaben verwandelt. Sobald Ihr Guthaben als Echtgeld vorliegt, k\u00f6nnen Sie es jederzeit und unbegrenzt auszahlen.<\/p>\n\n\n\n<p class=\"wp-block-paragraph\">Umsatzbedingungen gelten f\u00fcr fast <a href=\"https:\/\/casinofrog.com\/de\/online-casino\/bonus\/\">jeden Casinobonus<\/a>. Manche Casinos verlangen von den Spielern, den Bonus 25 mal einzusetzen, bei anderen Anbietern muss man ihn mehrmals einsetzen, damit man ihn auszahlen kann.<\/p>\n\n\n\n<p class=\"wp-block-paragraph\">Die exakte Anzahl der Umsatzbedingungen h\u00e4ngt vom Bonus ab. Ein Bonus ohne Einzahlung hat zum Beispiel oftmals h\u00f6here Anforderungen als ein Einzahlungsbonus. Bevor Sie einen Bonus aktivieren, sollten Sie sich das Kleingedruckte durchlesen und dabei besonderen Fokus auf die erforderlichen Umsatzbedingungen werfen.<\/p>\n\n\n\n<p class=\"wp-block-paragraph\">Das alles h\u00f6rt sich zun\u00e4chst vielleicht etwas kompliziert an. Wenn man das Prinzip aber einmal verstanden hat, dann ist es ganz einfach. Wir wollen uns mal ein Beispiel anschauen.<\/p>\n\n\n\n<p class=\"wp-block-paragraph\">Sagen wir, Sie erhalten einen Bonus von 50\u20ac mit Umsatzbedingungen vom 50-fachen des Bonus. Daraus ergibt sich, dass Sie 2500\u20ac einsetzen m\u00fcssen, bis sich das Guthaben in <a href=\"https:\/\/casinofrog.com\/de\/online-casino\/echtgeld\/\">Echtgeld<\/a> verwandelt.<\/p>\n\n\n\n<h3 class=\"wp-block-heading\">Spielt es eine Rolle, welche Spiele ich w\u00e4hle?<\/h3>\n\n\n\n<p class=\"wp-block-paragraph\">Man sollte dabei aber auch eine Sache bedenken: Die Regeln zu den Umsatzbedingungen variieren oftmals abh\u00e4ngig vom Spiel, f\u00fcr das man sich entscheidet. Wie stark ein Spieleinsatz gewichtet wird, h\u00e4ngt davon ab, was genau man spielt.<\/p>\n\n\n\n<p class=\"wp-block-paragraph\">So kann es vorkommen, dass im Rahmen der Umsatzbedingungen alle 10\u20ac gewertet werden, die man an einem Video-Slot einsetzt, aber nicht die vollen 10\u20ac z\u00e4hlen, wenn Sie stattdessen Roulette spielen.<\/p>\n\n\n\n<p class=\"wp-block-paragraph\">In manchen F\u00e4llen gilt f\u00fcr Roulette eine Gewichtung, die in Prozent angegeben ist. So kann ein Casino 20% des Umsatzes werten. Das hei\u00dft, pro 10\u20ac, die man einsetzt, gelten nur 2\u20ac, wenn man Roulette spielt.<\/p>\n\n\n\n<p class=\"wp-block-paragraph\">Die genauen Regeln f\u00fcr verschiedene Spiele sind bei jedem Online Casino anders. Sie m\u00fcssen aber klar und deutlich in den Bonusbedingungen beschrieben sein. Casino Frog empfiehlt, sich immer \u00fcber die Bonusregeln in Bezug auf seine Lieblingsspiele zu informieren. So kann man gew\u00e4hrleisten, dass man den bestm\u00f6glichen Deal bekommt, wenn man online spielt.<\/p>\n\n\n\n<h3 class=\"wp-block-heading\">Was sollte ich sonst noch \u00fcber Umsatzbedingungen wissen?<\/h3>\n\n\n\n<p class=\"wp-block-paragraph\">Obwohl sich die Regeln bez\u00fcglich der Umsatzbedingungen von Casino zu Casino unterscheiden, ist das Grundprinzip dasselbe.<\/p>\n\n\n\n<p class=\"wp-block-paragraph\">Man sollte immer schauen, ob mit der Anzahl der Umsatzbedingungen nur der Bonusbetrag selbst gemeint ist. Manche Anbieter lassen die Umsatzanforderungen niedriger erscheinen, als sie tats\u00e4chlich sind, indem Sie bei der Beschreibung einen Trick anwenden: Wenn sich die Umsatzbedingungen auf den Bonus und die Einzahlung beziehen, dann wirkt sich das zum Nachteil f\u00fcr den Spieler aus.<\/p>\n","protected":false},"excerpt":{"rendered":"<p>Top Online Casinos mit den besten Konditionen Fast alle deutschen Online Casinos bieten einiges an Bonus an. Meistens handelt es sich dabei um einen Willkommensbonus, der nur neuen Spielern zusteht. Allerdings kann man in manchen Casinos auch als \u201e\u00e4lterer\u201d Spieler Bonusangebote nutzen. Die genauen Bedingungen der Boni sind von Fall zu Fall unterschiedlich, doch fast &#8230; <a title=\"Wager im Casino: Umsatzbedingungen erkl\u00e4rt\" class=\"read-more\" href=\"https:\/\/casinofrog.com\/de\/guides\/wager-im-casino\/\" aria-label=\"Mehr Informationen \u00fcber Wager im Casino: Umsatzbedingungen erkl\u00e4rt\">Weiterlesen &#8230;<\/a><\/p>\n","protected":false},"author":39,"featured_media":0,"parent":4260,"menu_order":0,"comment_status":"closed","ping_status":"closed","template":"","meta":{"_crdt_document":"","footnotes":""},"class_list":["post-1614","page","type-page","status-publish"],"_links":{"self":[{"href":"https:\/\/casinofrog.com\/de\/wp-json\/wp\/v2\/pages\/1614","targetHints":{"allow":["GET"]}}],"collection":[{"href":"https:\/\/casinofrog.com\/de\/wp-json\/wp\/v2\/pages"}],"about":[{"href":"https:\/\/casinofrog.com\/de\/wp-json\/wp\/v2\/types\/page"}],"author":[{"embeddable":true,"href":"https:\/\/casinofrog.com\/de\/wp-json\/wp\/v2\/users\/39"}],"replies":[{"embeddable":true,"href":"https:\/\/casinofrog.com\/de\/wp-json\/wp\/v2\/comments?post=1614"}],"version-history":[{"count":9,"href":"https:\/\/casinofrog.com\/de\/wp-json\/wp\/v2\/pages\/1614\/revisions"}],"predecessor-version":[{"id":20627,"href":"https:\/\/casinofrog.com\/de\/wp-json\/wp\/v2\/pages\/1614\/revisions\/20627"}],"up":[{"embeddable":true,"href":"https:\/\/casinofrog.com\/de\/wp-json\/wp\/v2\/pages\/4260"}],"wp:attachment":[{"href":"https:\/\/casinofrog.com\/de\/wp-json\/wp\/v2\/media?parent=1614"}],"curies":[{"name":"wp","href":"https:\/\/api.w.org\/{rel}","templated":true}]}}