{"id":1360,"date":"2020-07-07T07:06:39","date_gmt":"2020-07-07T07:06:39","guid":{"rendered":"https:\/\/www.casinofrog.com\/?page_id=1360"},"modified":"2024-12-28T08:33:58","modified_gmt":"2024-12-28T08:33:58","slug":"allgemeinen-geschaeftsbedingungen","status":"publish","type":"page","link":"https:\/\/casinofrog.com\/de\/guides\/allgemeinen-geschaeftsbedingungen\/","title":{"rendered":"Die Allgemeinen Gesch\u00e4ftsbedingungen verstehen"},"content":{"rendered":"<div class=\"wp-block-image\">\n<figure class=\"alignright\"><img loading=\"lazy\" decoding=\"async\" width=\"220\" height=\"90\" src=\"https:\/\/casinofrog.com\/wp-content\/uploads\/die-allgemeinen-geschaeftsbedingungen-verstehen.png\" alt=\"die allgemeinen geschaeftsbedingungen verstehen\" class=\"wp-image-6293\"\/><\/figure>\n<\/div>\n\n\n<p class=\"wp-block-paragraph\">Alle Casinos mit gutem Ruf verf\u00fcgen \u00fcber Allgemeine Gesch\u00e4ftsbedingungen, die den Spielern die eigenen Regeln erkl\u00e4ren. Die AGB sind ein fester Bestandteil fast jeder Webseite. Besonders, wenn Geld ins Spiel kommt, f\u00e4llt Ihnen eine ziemlich wichtige Rolle zu.<\/p>\n\n\n\n<p class=\"wp-block-paragraph\">F\u00fcr Casino-Webseiten sind die AGB von zentraler Bedeutung. Sie erf\u00fcllen eine doppelte Funktion: Den Betreiber sowie die Spieler gleichzeitig zu sch\u00fctzen und zu gew\u00e4hrleisten, dass man ein angenehmes Spielerlebnis haben kann.<\/p>\n\n\n\n<p class=\"wp-block-paragraph\">Falls Sie sich k\u00fcrzlich bei einem neuen Online Casino registriert haben, wurden Sie wahrscheinlich darum gebeten, den AGB zuzustimmen. Normalerweise kann man sich kein Spielerkonto erstellen, ohne dass man best\u00e4tigt, die AGB gelesen zu haben und ihnen zuzustimmen.<\/p>\n\n\n\n<p class=\"wp-block-paragraph\">Nat\u00fcrlich ist es verlockend, das entsprechende K\u00e4stchen einfach abzuhaken, dennoch empfiehlt es sich, die AGB tats\u00e4chlich zu lesen. Schauen Sie sich die Bedingungen kurz an, um zu gew\u00e4hrleisten, dass in ihnen nichts Ungew\u00f6hnliches enthalten ist.<\/p>\n\n\n\n<hr class=\"wp-block-separator has-alpha-channel-opacity\"\/>\n\n\n\n<h3 class=\"wp-block-heading\">Bedingungen, auf die man achten sollte<\/h3>\n\n\n\n<p class=\"wp-block-paragraph\">Das Regelwerk der Online Casinos kann ganz sch\u00f6n lang sein. <a href=\"https:\/\/casinofrog.com\/de\/online-casino\/\">Viele Online Casinos<\/a> haben unz\u00e4hlige Abs\u00e4tze voller Unterpunkte, die man vor der Kontoerstellung lesen soll. Es lohnt sich, die Zeit zu investieren, damit man genau wei\u00df, was man zu erwarten hat, bevor man um echtes Geld spielt.<\/p>\n\n\n\n<p class=\"wp-block-paragraph\">Die Allgemeinen Gesch\u00e4ftsbedingungen werden in einzelne Bereiche unterteilt. So werden die AGB lesbarer und man kann die Informationen einfacher verarbeiten. Man sollte sich immer ansehen, wer gegebenenfalls von der Nutzung der Seite ausgeschlossen ist. Dort wird erkl\u00e4rt, dass ein Spieler aus einem Land, in dem Gl\u00fccksspiel verboten ist, nicht spielen darf. Au\u00dferdem findet man dort Informationen zum Mindestalter und anderen Klauseln, die die freie Nutzung einschr\u00e4nken.<\/p>\n\n\n\n<p class=\"wp-block-paragraph\">Bei manchen Inhalten in den AGB handelt es sich schlicht um einen Haftungsausschluss. Das bedeutet, dass das Casino f\u00fcr bestimmte Handlungen der Spieler keine Verantwortung \u00fcbernimmt.<\/p>\n\n\n\n<p class=\"wp-block-paragraph\">So kann es vorkommen, dass das Casino Verantwortung daf\u00fcr von sich weist, wenn Minderj\u00e4hrige auf ihrer Seite spielen oder Menschen aus L\u00e4ndern, die von der Seite ausgeschlossen sind. Die Betreiber ergreifen durchaus Ma\u00dfnahmen, die Spieler an diesen Aktivit\u00e4ten zu hindern. Eine Garantie, Spieler davon abzuhalten zu k\u00f6nnen, die Regeln zu ignorieren, gibt es aber nicht. Deshalb ist ein solcher Haftungsausschluss f\u00fcr Gl\u00fccksspiel-Webseiten von gro\u00dfer Wichtigkeit.<\/p>\n\n\n\n<p class=\"wp-block-paragraph\">Casinos geben in ihren AGB oftmals Informationen zum Thema Umsatzbedingungen. Diese sollte man aufmerksam studieren. Umsatzbedingungen sind der Schl\u00fcssel zum <a href=\"https:\/\/casinofrog.com\/de\/online-casino\/bonus\/\">Casinobonus<\/a> und anderen Belohnungen und die Bonusbedingungen sollte man zu 100% nachvollziehen k\u00f6nnen.<\/p>\n\n\n\n<p class=\"wp-block-paragraph\">Achten Sie bei allen Bonusangeboten, die Sie aktivieren, auf die Umsatzanforderungen. Sehen Sie sich an, wie viel Sie einsetzen m\u00fcssen, um Ihr Guthaben auszahlen zu k\u00f6nnen. Mehr Informationen dazu finden Sie in unserem <a class=\"rank-math-link\" href=\"https:\/\/casinofrog.com\/de\/guides\/wager-im-casino\/\">Guide zum Thema Umsatzbedingungen<\/a>.<\/p>\n\n\n\n<p class=\"wp-block-paragraph\">Die Geld-Transaktionen sind sowohl f\u00fcr das Casino als auch f\u00fcr die Spieler von gro\u00dfer Wichtigkeit. Informationen zu den verf\u00fcgbaren Zahlungsmethoden sowie die Regeln zum Auszahlen der Gewinne sollte man sich aufmerksam durchlesen.<\/p>\n\n\n\n<p class=\"wp-block-paragraph\">So erfahren Sie, wie Sie das Geld auszahlen k\u00f6nnen und wie viel Zeit das in Anspruch nimmt. Au\u00dferdem k\u00f6nnen Sie dort erfahren, welche Ma\u00dfnahmen das Casino ergriffen hat, um Ihr Geld zu sch\u00fctzen. Manche Casinos fordern zus\u00e4tzliche Sicherheitsma\u00dfnahmen ein. Sie k\u00f6nnten zum Beispiel darum gebeten werden, Ihren Ausweis und einen Adressnachweis als Kopie einzusenden, bevor Sie um echtes Geld spielen.<\/p>\n\n\n\n<hr class=\"wp-block-separator has-alpha-channel-opacity\"\/>\n\n\n\n<h3 class=\"wp-block-heading\">Datenschutz bei Online Casinos<\/h3>\n\n\n\n<p class=\"wp-block-paragraph\">In den AGB kommt auch das Thema Datenschutz vor. Auf der Registrierungsseite muss man in einem K\u00e4stchen angeben, dass man die AGB gelesen hat. Daneben befindet sich meistens ein K\u00e4stchen zum Thema Datenschutz. In diesem Zusammenhang kann man auch angeben, ob man Promotions-E-Mails erhalten m\u00f6chte oder ob man per Anruf, SMS oder auf dem Postweg kontaktiert werden m\u00f6chte. Diesen Abschnitt sollten Sie aufmerksam lesen und nur der Kommunikation zustimmen, die Sie auch wirklich erhalten m\u00f6chten.<\/p>\n\n\n\n<p class=\"wp-block-paragraph\">Manche Spieler lehnen jegliche Kommunikation ab, das ist auch vollkommen legitim. Dabei sollte man aber auch Bedenken, dass man dadurch wahrscheinlich das eine oder andere Bonusangebot verpasst. Deswegen empfehlen wir unseren Lesern, zumindest eine Art der Kontaktaufnahme zu gestatten, besonders, wenn man h\u00e4ufiger spielen m\u00f6chte. Dann ist nat\u00fcrlich auch zu bedenken, dass bestimmte E-Mails zum Spielerkonto oder zu den Transaktionen von der Marketing-Kommunikation abgetrennt sind. Diese Art von Kommunikation kann immer stattfinden.<\/p>\n\n\n\n<p class=\"wp-block-paragraph\">Die AGB m\u00f6gen auf den ersten Blick \u00fcberw\u00e4ltigend erscheinen. Doch ein schneller Blick in das Kleingedruckte kann Ihnen dabei helfen, Vertrauen zu einer Casino-Webseite aufzubauen. Schauen Sie sich die AGB ruhig an, um sich mit der Seite vertraut zu machen. Wenn Sie mit allem zufrieden sind, dann k\u00f6nnen das entsprechende K\u00e4stchen abhaken, die Registrierung abschlie\u00dfen und anschlie\u00dfend sofort mit dem Spielen beginnen.<\/p>\n","protected":false},"excerpt":{"rendered":"<p>Alle Casinos mit gutem Ruf verf\u00fcgen \u00fcber Allgemeine Gesch\u00e4ftsbedingungen, die den Spielern die eigenen Regeln erkl\u00e4ren. Die AGB sind ein fester Bestandteil fast jeder Webseite. Besonders, wenn Geld ins Spiel kommt, f\u00e4llt Ihnen eine ziemlich wichtige Rolle zu. F\u00fcr Casino-Webseiten sind die AGB von zentraler Bedeutung. Sie erf\u00fcllen eine doppelte Funktion: Den Betreiber sowie die &#8230; <a title=\"Die Allgemeinen Gesch\u00e4ftsbedingungen verstehen\" class=\"read-more\" href=\"https:\/\/casinofrog.com\/de\/guides\/allgemeinen-geschaeftsbedingungen\/\" aria-label=\"Mehr Informationen \u00fcber Die Allgemeinen Gesch\u00e4ftsbedingungen verstehen\">Weiterlesen &#8230;<\/a><\/p>\n","protected":false},"author":41,"featured_media":0,"parent":4260,"menu_order":0,"comment_status":"closed","ping_status":"closed","template":"","meta":{"_crdt_document":"","footnotes":""},"class_list":["post-1360","page","type-page","status-publish"],"_links":{"self":[{"href":"https:\/\/casinofrog.com\/de\/wp-json\/wp\/v2\/pages\/1360","targetHints":{"allow":["GET"]}}],"collection":[{"href":"https:\/\/casinofrog.com\/de\/wp-json\/wp\/v2\/pages"}],"about":[{"href":"https:\/\/casinofrog.com\/de\/wp-json\/wp\/v2\/types\/page"}],"author":[{"embeddable":true,"href":"https:\/\/casinofrog.com\/de\/wp-json\/wp\/v2\/users\/41"}],"replies":[{"embeddable":true,"href":"https:\/\/casinofrog.com\/de\/wp-json\/wp\/v2\/comments?post=1360"}],"version-history":[{"count":7,"href":"https:\/\/casinofrog.com\/de\/wp-json\/wp\/v2\/pages\/1360\/revisions"}],"predecessor-version":[{"id":20496,"href":"https:\/\/casinofrog.com\/de\/wp-json\/wp\/v2\/pages\/1360\/revisions\/20496"}],"up":[{"embeddable":true,"href":"https:\/\/casinofrog.com\/de\/wp-json\/wp\/v2\/pages\/4260"}],"wp:attachment":[{"href":"https:\/\/casinofrog.com\/de\/wp-json\/wp\/v2\/media?parent=1360"}],"curies":[{"name":"wp","href":"https:\/\/api.w.org\/{rel}","templated":true}]}}