{"id":1355,"date":"2020-07-07T07:02:40","date_gmt":"2020-07-07T07:02:40","guid":{"rendered":"https:\/\/www.casinofrog.com\/?page_id=1355"},"modified":"2024-12-28T08:39:48","modified_gmt":"2024-12-28T08:39:48","slug":"karriere","status":"publish","type":"page","link":"https:\/\/casinofrog.com\/de\/karriere\/","title":{"rendered":"Karriere bei Casino Frog (DE)"},"content":{"rendered":"\n<p class=\"wp-block-paragraph\">Bei Casino Frog setzen wir uns hohe Ziele. Wir sind immer auf der Suche nach talentierten Leuten aus Deutschland und der ganzen Welt, die diese Ziele mit uns erreichen m\u00f6chten.<\/p>\n\n\n\n<p class=\"wp-block-paragraph\">Da wir uns weiterhin in einer Phase kraftvollen Wachstums befinden, m\u00f6chten wir unser Team vergr\u00f6\u00dfern.<\/p>\n\n\n\n<p class=\"wp-block-paragraph\">Vielleicht verf\u00fcgen Sie \u00fcber genau die Qualit\u00e4ten, die wir suchen. Senden Sie Ihre Bewerbung gern an jobs@casinofrog.com.<\/p>\n\n\n\n<hr class=\"wp-block-separator has-alpha-channel-opacity\"\/>\n\n\n\n<h2 class=\"wp-block-heading\">Warum man bei uns arbeiten sollte<\/h2>\n\n\n\n<p class=\"wp-block-paragraph\">Unser wichtigstes Anliegen ist es, unseren Lesern die Suche nach den zuverl\u00e4ssigsten und sichersten Online Casinos zu erleichtern. Das erreichen wir, indem wir alle Entwicklungen im Auge behalten und uns st\u00e4ndig \u00fcber alle Ver\u00e4nderungen informieren.<\/p>\n\n\n\n<p class=\"wp-block-paragraph\">Wir sind der Meinung, dass beides wichtig ist: Teamwork und Eigeninitiative. Unsere Mitarbeiter h\u00f6ren einander zu. Wir sind \u00fcberzeugt davon, dass der Schl\u00fcssel zum Erfolg darin besteht, Erfahrungen und Ideen auszutauschen.<\/p>\n\n\n\n<p class=\"wp-block-paragraph\">Unsere Firmenkultur ist stark von Teamgeist gepr\u00e4gt. Es ist wichtig, einander zu helfen, um die gemeinsamen Ziele zu erreichen. Dazu geh\u00f6rt nat\u00fcrlich auch, dass jeder pers\u00f6nliche Verantwortung \u00fcbernimmt und die M\u00f6glichkeit bekommt, sich durch Training und gute Erfahrungswerte weiterzuentwickeln.<\/p>\n\n\n\n<h3 class=\"wp-block-heading\">Wir glauben an unsere Mitarbeiter<\/h3>\n\n\n\n<p class=\"wp-block-paragraph\">Unsere Branche unterliegt einem stetigen Wandel. Deshalb besteht eigentlich immer die M\u00f6glichkeit, seine eigenen F\u00e4higkeiten zu optimieren.<\/p>\n\n\n\n<p class=\"wp-block-paragraph\">Wir betrachten es als unsere Pflicht, jeden Mitarbeiter mit dem n\u00f6tigen R\u00fcstzeug auszustatten, damit er seine Aufgaben meisterhaft erf\u00fcllen kann. Das f\u00e4ngt bei regelm\u00e4\u00dfigem Training an und h\u00f6rt bei einer optimalen Arbeitsatmosph\u00e4re noch lange nicht auf.<\/p>\n\n\n\n<h3 class=\"wp-block-heading\">Freundliche Arbeitsatmosph\u00e4re<\/h3>\n\n\n\n<p class=\"wp-block-paragraph\">Jedes Team-Mitglied von Casino Frog soll das Gef\u00fchl haben, einen wichtigen Beitrag f\u00fcr die Firma zu leisten. Wir glauben au\u00dferdem daran, dass ein Umfeld, das divers und inklusiv ist und in dem jeder gleich behandelt wird, eine Selbstverst\u00e4ndlichkeit sein sollte.<\/p>\n\n\n\n<p class=\"wp-block-paragraph\">Das tr\u00e4gt dazu bei, eine dynamisches und freundliches Klima am Arbeitsplatz zu erschaffen.<\/p>\n\n\n\n<h3 class=\"wp-block-heading\">Gemeinsame Ziele<\/h3>\n\n\n\n<p class=\"wp-block-paragraph\">Wir glauben an Teamwork und wir denken, dass die Zusammenarbeit durch gemeinsame Ziele gest\u00e4rkt wird. Das hat sich f\u00fcr Casino Frog in der Tat als erfolgreiche Strategie erwiesen.<\/p>\n\n\n\n<p class=\"wp-block-paragraph\">Gleichzeitig ist jedoch auch pers\u00f6nliche Verantwortung von Bedeutung. Wenn jeder in seiner Rolle \u00fcberzeugt, dann kommt das auch dem Teamgedanken zugute.<\/p>\n\n\n\n<hr class=\"wp-block-separator has-alpha-channel-opacity\"\/>\n\n\n\n<h2 class=\"wp-block-heading\">Werden Sie Teil unseres Teams<\/h2>\n\n\n\n<p class=\"wp-block-paragraph\">M\u00f6chten Sie Ihre Karriere in Schwung bringen? Schauen Sie sich jetzt unsere offenen Stellen bei Casino Frog an.<\/p>\n\n\n\n<h4 class=\"wp-block-heading\">Casino-Tester \u2013 Teilzeit<\/h4>\n\n\n\n<p class=\"wp-block-paragraph\">Wir m\u00f6chten unser Verzeichnis an qualitativ hochwertigen Casino-Reviews erweitern. Deshalb sind wir auf der Suche nach einem Redakteur mit Erfahrungen im Bereich Online Casino.<\/p>\n\n\n\n<hr class=\"wp-block-separator has-alpha-channel-opacity\"\/>\n\n\n\n<h2 class=\"wp-block-heading\">Bewerben Sie sich jetzt<\/h2>\n\n\n\n<p class=\"wp-block-paragraph\">Wir haben keine Stelle ausgeschrieben, die zu Ihnen passt? Schreiben Sie uns einfach direkt an und lassen Sie uns wissen, wie wir von Ihnen profitieren k\u00f6nnen. Wir freuen uns auf Ihre Initiativbewerbung.<\/p>\n\n\n\n<p class=\"wp-block-paragraph\">Senden Sie uns einfach eine E-Mail an die Adresse jobs@casinofrog.com.<\/p>\n","protected":false},"excerpt":{"rendered":"<p>Bei Casino Frog setzen wir uns hohe Ziele. Wir sind immer auf der Suche nach talentierten Leuten aus Deutschland und der ganzen Welt, die diese Ziele mit uns erreichen m\u00f6chten. Da wir uns weiterhin in einer Phase kraftvollen Wachstums befinden, m\u00f6chten wir unser Team vergr\u00f6\u00dfern. Vielleicht verf\u00fcgen Sie \u00fcber genau die Qualit\u00e4ten, die wir suchen. &#8230; <a title=\"Karriere bei Casino Frog (DE)\" class=\"read-more\" href=\"https:\/\/casinofrog.com\/de\/karriere\/\" aria-label=\"Mehr Informationen \u00fcber Karriere bei Casino Frog (DE)\">Weiterlesen &#8230;<\/a><\/p>\n","protected":false},"author":72,"featured_media":0,"parent":0,"menu_order":0,"comment_status":"closed","ping_status":"closed","template":"","meta":{"_crdt_document":"","footnotes":""},"class_list":["post-1355","page","type-page","status-publish"],"_links":{"self":[{"href":"https:\/\/casinofrog.com\/de\/wp-json\/wp\/v2\/pages\/1355","targetHints":{"allow":["GET"]}}],"collection":[{"href":"https:\/\/casinofrog.com\/de\/wp-json\/wp\/v2\/pages"}],"about":[{"href":"https:\/\/casinofrog.com\/de\/wp-json\/wp\/v2\/types\/page"}],"author":[{"embeddable":true,"href":"https:\/\/casinofrog.com\/de\/wp-json\/wp\/v2\/users\/72"}],"replies":[{"embeddable":true,"href":"https:\/\/casinofrog.com\/de\/wp-json\/wp\/v2\/comments?post=1355"}],"version-history":[{"count":8,"href":"https:\/\/casinofrog.com\/de\/wp-json\/wp\/v2\/pages\/1355\/revisions"}],"predecessor-version":[{"id":20539,"href":"https:\/\/casinofrog.com\/de\/wp-json\/wp\/v2\/pages\/1355\/revisions\/20539"}],"wp:attachment":[{"href":"https:\/\/casinofrog.com\/de\/wp-json\/wp\/v2\/media?parent=1355"}],"curies":[{"name":"wp","href":"https:\/\/api.w.org\/{rel}","templated":true}]}}