{"id":13049,"date":"2021-10-23T09:48:31","date_gmt":"2021-10-23T09:48:31","guid":{"rendered":"https:\/\/casinofrog.com\/?page_id=13049"},"modified":"2024-12-28T11:09:31","modified_gmt":"2024-12-28T11:09:31","slug":"5-euro-einzahlung","status":"publish","type":"page","link":"https:\/\/casinofrog.com\/de\/online-casino\/5-euro-einzahlung\/","title":{"rendered":"Casino mit 5 Euro Einzahlung"},"content":{"rendered":"\n<p class=\"has-text-align-center wp-block-paragraph\">Nicht jeder, der in einem Casino spielt, will gleich bei der ersten Einzahlung ein kleines Verm\u00f6gen investieren. Aus diesem Grund suchen viele Spieler ein Casino mit 5 Euro Mindesteinzahlung. Auf Casino Frog finden Sie die besten <strong>Casinos mit 5 Euro Einzahlung<\/strong>. Einfach einzahlen, Spiel ausw\u00e4hlen und loslegen. Unser Ziel ist es, das Spiel im Casino f\u00fcr unsere Leserinnen und Leser so einfach wie m\u00f6glich zu gestalten. Unsere Liste ist deshalb immer auf dem neuesten Stand.<\/p>\n\n\n\n<div style=\"text-align: center;\">\n<div style=\"display: inline-block; text-align: left;\">Liste der Online Casinos 2026 mit Bestnote<br><i class=\"fa fa-asterisk\"><\/i> Gelistet wird jedes neue Casino mit 5 Euro Einzahlung<br><i class=\"fa fa-asterisk\"><\/i> Neueste Infos werden t\u00e4glich aktualisiert<br><i class=\"fa fa-asterisk\"><\/i> Immer die aktuellen Bonus-Angebote der gelisteten Casinos<\/div>\n<\/div>\n\n\n\n<hr class=\"wp-block-separator has-alpha-channel-opacity\"\/>\n\n\n\n<h2 class=\"wp-block-heading\">Top Casinos mit 5 & 10 Euro Einzahlung 2026<\/h2>\n\n\n\n<table id=\"tablepress-1\" class=\"tablepress tablepress-id-1 tablepress-responsive tablepress-responsive-stack-headers tablepress-responsive-stack-phone\">\n<thead>\n<tr class=\"row-1\">\n\t<td class=\"column-1\"><\/td><th class=\"column-2\">Casino<\/th><th class=\"column-3\">Name<\/th><th class=\"column-4\">Bewertung<\/th><th class=\"column-5\">Bonus<\/th><th class=\"column-6\">Spielen<\/th>\n<\/tr>\n<\/thead>\n<tbody class=\"row-striping\">\n<tr class=\"row-2\">\n\t<td class=\"column-1\"><\/td><td class=\"column-2\"><a href=\"\/de\/go\/22bet\" target=\"_blank\" rel=\"nofollow noopener noreferrer\"><img loading=\"lazy\" decoding=\"async\" src=\"\/wp-content\/uploads\/22bet.png\" width=\"130\" height=\"65\" alt=\"22bet\"><\/a><\/td><td class=\"column-3\"><strong>22bet Casino<\/strong><\/td><td class=\"column-4\">4.7 \/ 5 <i class=\"fa fa-star\"><\/td><td class=\"column-5\"><strong>100%<\/strong> bis zu <strong>300\u20ac<\/strong><br \/>\n<small><a href=\"\/de\/go\/22bet\" target=\"_blank\" rel=\"nofollow noopener\">AGB<\/a> &#8211; Spielen mit verantwortung (18+)<br \/>\n<\/small><\/td><td class=\"column-6\"><a href=\"\/de\/go\/22bet\" rel=\"nofollow noopener noreferrer\" target=\"_blank\" class=\"play\">Jetzt Spielen!<\/a><\/td>\n<\/tr>\n<\/tbody>\n<\/table>\n<!-- #tablepress-1 from cache -->\n\n\n<hr class=\"wp-block-separator has-alpha-channel-opacity\"\/>\n\n\n\n<h2 class=\"wp-block-heading\">Nur 5 Euro einzahlen und gleich loslegen<\/h2>\n\n\n\n<p class=\"wp-block-paragraph\"><span style=\"font-weight: 400;\">Vorbei sind die Zeiten, in denen nur reiche Leute in den Casinos zocken konnten. Wer heute ein Casino besuchen m\u00f6chte, kann das auch machen, wenn ihm daf\u00fcr aktuell keine hohen Geldbetr\u00e4ge zur Verf\u00fcgung stehen.&nbsp;<\/span><\/p>\n\n\n\n<p class=\"wp-block-paragraph\">Denn die Anbieter haben die Einstiegsh\u00fcrden in der letzten Zeit deutlich gesenkt. Wer sich ein wenig umsieht, kann erkennen, dass es bei einigen Casinos schon die M\u00f6glichkeit gibt, mit einer 5 Euro Einzahlung oder einer 10 Euro Einzahlung zu starten. Manche Anbieter verzichten sogar ganz auf einen Mindestbetrag bei der Einzahlung. In diesen F\u00e4llen ist es sogar m\u00f6glich, schon mit einem Euro zu spielen.<\/p>\n\n\n\n<h2 class=\"wp-block-heading\">Welche Zahlungsm\u00f6glichkeiten stehen f\u00fcr die 5 Euro Mindesteinzahlung zur Verf\u00fcgung?<\/h2>\n\n\n\n<p class=\"wp-block-paragraph\">Grunds\u00e4tzlich stehen bei einem Casino mit 5 Euro Einzahlung die gleichen M\u00f6glichkeiten zur Verf\u00fcgung wie bei den Einzahlungen von gr\u00f6\u00dferen Summen. Es lohnt sich allerdings in diesem Fall speziell, eine Zahlungsmethode zu w\u00e4hlen, bei der zum einen keine hohen Geb\u00fchren anfallen und die zum anderen unmittelbar auf dem Spielkonto verbucht werden.<\/p>\n\n\n\n<p class=\"wp-block-paragraph\">Das hat den Vorteil, dass sofort und ohne Abz\u00fcge des Einzahlungsbetrag mit dem Spiel der Wahl gestartet werden kann.<\/p>\n\n\n\n<p class=\"wp-block-paragraph\">F\u00fcr ein Casino mit 5 Euro Einzahlung empfehlen wir deshalb vor allem die folgenden Zahlungsm\u00f6glichkeiten:<\/p>\n\n\n\n<ul class=\"wp-block-list\">\n<li><span style=\"font-weight: 400;\">Kreditkarten (Visa bzw. Mastercard)<\/span><\/li>\n\n\n\n<li><span style=\"font-weight: 400;\">E-Wallets (PayPal bzw. Skrill)<\/span><\/li>\n\n\n\n<li><span style=\"font-weight: 400;\">Gutscheinkarten (zum Beispiel Paysafecard oder NeoSurf)<\/span><\/li>\n\n\n\n<li><span style=\"font-weight: 400;\">Giropay<\/span><\/li>\n\n\n\n<li><span style=\"font-weight: 400;\">Sofort\u00fcberweisung<\/span><\/li>\n\n\n\n<li><span style=\"font-weight: 400;\">Klarna<\/span><\/li>\n<\/ul>\n\n\n\n<h2 class=\"wp-block-heading\">Gibt es bei der 5 Euro Mindesteinzahlung im Casino einen Bonus?<\/h2>\n\n\n\n<p class=\"wp-block-paragraph\">Erfahrene Spieler wissen: Die Casinos sind in der Regel bei Einzahlungen sehr gro\u00dfz\u00fcgig bei der Vergabe von Freispielen und Boni. Doch ist das auch bei einem Casino mit 5 Euro Einzahlung der Fall?<\/p>\n\n\n\n<p class=\"wp-block-paragraph\">Grunds\u00e4tzlich ist die geringe Einzahlung f\u00fcr die Casinos kein Grund, auf einen Bonus oder ein Freispiel zu verzichten. Allerdings sind je nach Anbieter unterschiedliche Bedingungen zu beachten. Wichtig ist vor allem, dass zum Einl\u00f6sen der Freispiele oder Boni immer der gew\u00fcnschte Promotion Code verwendet werden muss.<\/p>\n\n\n\n<p class=\"wp-block-paragraph\">Dar\u00fcber hinaus muss dabei auch das Rollover beachtet werden. Dabei handelt es sich um die Bedingungen, die ein Casino f\u00fcr die Auszahlung bei einem Bonus vorgibt.<\/p>\n\n\n\n<p class=\"wp-block-paragraph\">Betr\u00e4gt der Rollover beispielsweise das 25-fache des Einzahlungswertes, m\u00fcssen bei einer Einzahlung von 5 Euro im Casino 125 Euro im Spiel umgesetzt werden, bevor der Bonus zur Auszahlung gelangen kann. Betr\u00e4gt der Rollover im gleichen Beispiel das 40-fache, m\u00fcssen hingegen bereits 200 Euro umgesetzt werden. Damit kann das Erspielen dieser Bedingung schon eine ziemliche Herausforderung werden.<\/p>\n\n\n\n<p class=\"wp-block-paragraph\">Doch in jedem von uns getesteten Casino mit 5 Euro Einzahlung gilt: Die Anbieter halten ihr Wort f\u00fcr alle, die sich auch selbst an die Regeln halten.<\/p>\n\n\n\n<h2 class=\"wp-block-heading\">Lohnen sich Casinos mit 5 Euro Einzahlung?<\/h2>\n\n\n\n<p class=\"wp-block-paragraph\">Nach unseren Analysen bieten immer mehr Casinos die M\u00f6glichkeit an, mit 5 Euro direkt loszulegen. Es lohnt sich durchaus, nach solchen Anbietern Ausschau zu halten.&nbsp; Nicht selten gibt es beispielsweise f\u00fcr die ersten drei Einzahlungen 200 Prozent plus 100 Prozent Bonus sowie mehrere Freispiele noch obendrauf.<\/p>\n\n\n\n<p class=\"wp-block-paragraph\">Es gibt sogar Anbieter, die das Limit f\u00fcr die Mindesteinzahlung noch niedriger angesetzt haben. Bei solchen Anbietern ist es bereits mit einer Einzahlung von einem Euro m\u00f6glich, die Casinos einfach einmal auszuprobieren. Selbst mit wenig Budget ist es so m\u00f6glich, gleich mehrere Anbieter ausgiebig zu testen.<\/p>\n\n\n\n<h2 class=\"wp-block-heading\">Fazit: 5 Euro Mindesteinzahlung reichen f\u00fcr eine abwechslungsreiche Zeit im Casino<\/h2>\n\n\n\n<p class=\"wp-block-paragraph\">Auch wenn es auf den ersten Blick nicht vorstellbar ist. Mit 5 Euro Einzahlung im Casino l\u00e4sst sich schon etwas anfangen, vor allem durch die Vergabe der Freispiele und Boni. Daf\u00fcr ist es allerdings erforderlich, wirklich genau darauf zu achten, was man f\u00fcr seine 5 Euro in der Praxis alles bekommt.<\/p>\n\n\n\n<p class=\"wp-block-paragraph\">Der Wettbewerb unter den Casinos ist gro\u00df und nahezu kein Anbieter kann es sich heutzutage noch leisten, auf neue Kunden zu verzichten. Vor allem all jene Casinos, die neu in den Markt dr\u00e4ngen, locken deshalb zum Start Interessenten durch faire Einzahlungsbedingungen an. Dazu geh\u00f6rt eben auch, die Einstiegsschwelle so gering wie m\u00f6glich zu halten.<\/p>\n\n\n\n<p class=\"wp-block-paragraph\">Es ist davon auszugehen, dass deshalb in der Zukunft noch mehr Casinos ihre Grenze f\u00fcr die Mindesteinzahlung auf 5 Euro oder noch weniger herabsetzen. Sobald das der Fall ist, werden wir die Anbieter selbstverst\u00e4ndlich in diese Liste aufnehmen.<\/p>\n","protected":false},"excerpt":{"rendered":"<p>Nicht jeder, der in einem Casino spielt, will gleich bei der ersten Einzahlung ein kleines Verm\u00f6gen investieren. Aus diesem Grund suchen viele Spieler ein Casino mit 5 Euro Mindesteinzahlung. Auf Casino Frog finden Sie die besten Casinos mit 5 Euro Einzahlung. Einfach einzahlen, Spiel ausw\u00e4hlen und loslegen. Unser Ziel ist es, das Spiel im Casino &#8230; <a title=\"Casino mit 5 Euro Einzahlung\" class=\"read-more\" href=\"https:\/\/casinofrog.com\/de\/online-casino\/5-euro-einzahlung\/\" aria-label=\"Mehr Informationen \u00fcber Casino mit 5 Euro Einzahlung\">Weiterlesen &#8230;<\/a><\/p>\n","protected":false},"author":4,"featured_media":0,"parent":345,"menu_order":0,"comment_status":"closed","ping_status":"closed","template":"","meta":{"_crdt_document":"","footnotes":""},"class_list":["post-13049","page","type-page","status-publish"],"_links":{"self":[{"href":"https:\/\/casinofrog.com\/de\/wp-json\/wp\/v2\/pages\/13049","targetHints":{"allow":["GET"]}}],"collection":[{"href":"https:\/\/casinofrog.com\/de\/wp-json\/wp\/v2\/pages"}],"about":[{"href":"https:\/\/casinofrog.com\/de\/wp-json\/wp\/v2\/types\/page"}],"author":[{"embeddable":true,"href":"https:\/\/casinofrog.com\/de\/wp-json\/wp\/v2\/users\/4"}],"replies":[{"embeddable":true,"href":"https:\/\/casinofrog.com\/de\/wp-json\/wp\/v2\/comments?post=13049"}],"version-history":[{"count":12,"href":"https:\/\/casinofrog.com\/de\/wp-json\/wp\/v2\/pages\/13049\/revisions"}],"predecessor-version":[{"id":20708,"href":"https:\/\/casinofrog.com\/de\/wp-json\/wp\/v2\/pages\/13049\/revisions\/20708"}],"up":[{"embeddable":true,"href":"https:\/\/casinofrog.com\/de\/wp-json\/wp\/v2\/pages\/345"}],"wp:attachment":[{"href":"https:\/\/casinofrog.com\/de\/wp-json\/wp\/v2\/media?parent=13049"}],"curies":[{"name":"wp","href":"https:\/\/api.w.org\/{rel}","templated":true}]}}