{"id":1269,"date":"2020-07-02T10:21:43","date_gmt":"2020-07-02T10:21:43","guid":{"rendered":"https:\/\/www.casinofrog.com\/?page_id=1269"},"modified":"2024-12-28T08:39:38","modified_gmt":"2024-12-28T08:39:38","slug":"hilfe","status":"publish","type":"page","link":"https:\/\/casinofrog.com\/de\/hilfe\/","title":{"rendered":"Hilfe bei Casino Frog (DE)"},"content":{"rendered":"\n<h2 class=\"wp-block-heading\">Casino Frog Hilfe-Center<\/h2>\n\n\n\n<p class=\"wp-block-paragraph\">Finden Sie die Antworten f\u00fcr ihr Anliegen, indem Sie ein Thema ausw\u00e4hlen oder die h\u00e4ufig gestellten Fragen durchgehen.<\/p>\n\n\n<form role=\"search\" method=\"get\" action=\"https:\/\/casinofrog.com\/de\/\" class=\"wp-block-search__button-outside wp-block-search__text-button wp-block-search\"    ><label class=\"wp-block-search__label\" for=\"wp-block-search__input-2\" ><strong>Suche<\/strong><\/label><div class=\"wp-block-search__inside-wrapper\" ><input class=\"wp-block-search__input\" id=\"wp-block-search__input-2\" placeholder=\"\" value=\"\" type=\"search\" name=\"s\" required \/><button aria-label=\"Suchen\" class=\"wp-block-search__button wp-element-button\" type=\"submit\" >Suchen<\/button><\/div><\/form>\n\n\n<hr class=\"wp-block-separator has-alpha-channel-opacity\"\/>\n\n\n\n<h2 class=\"wp-block-heading\">Wie k\u00f6nnen wir Ihnen helfen?<\/h2>\n\n\n\n<p class=\"has-text-align-center wp-block-paragraph\">Beginnen Sie mit der Auswahl eines Themas.<\/p>\n\n\n<div  class=\"lgc-column lgc-grid-parent lgc-grid-33 lgc-tablet-grid-50 lgc-mobile-grid-100 lgc-equal-heights \"><div  class=\"inside-grid-column\">\n<h4><strong><a href=\"https:\/\/casinofrog.com\/de\/uber\/\">\u00dcber Casino Frog<\/a><\/strong><\/h4>\n<p>Besuchen Sie unsere \u2018\u00dcber uns\u2019-Seite, um mehr \u00fcber Casino Frog, unsere Anliegen und unsere Werte zu erfahren.<\/p>\n<\/div><\/div>\n\n\n<div  class=\"lgc-column lgc-grid-parent lgc-grid-33 lgc-tablet-grid-50 lgc-mobile-grid-100 lgc-equal-heights \"><div  class=\"inside-grid-column\">\n<h4><strong><a href=\"https:\/\/casinofrog.com\/de\/verantwortungsvolles-spielen\/\">Verantwortungsvolles Spielen<\/a><\/strong><\/h4>\n<p>Wir bef\u00fcrworten verantwortungsvolles Spielen auf ganzer Linie. Finden Sie jetzt mehr \u00fcber unsere Haltung zu diesem Thema heraus.<\/p>\n<\/div><\/div>\n\n\n<div  class=\"lgc-column lgc-grid-parent lgc-grid-33 lgc-tablet-grid-50 lgc-mobile-grid-100 lgc-equal-heights \"><div  class=\"inside-grid-column\">\n<h4><strong><a href=\"https:\/\/casinofrog.com\/de\/kontakt\/\">Kontakt<\/a><\/strong><\/h4>\n<p>Wir w\u00fcrden uns freuen, von Ihnen zu h\u00f6ren. Senden Sie uns gern eine Nachricht und wir werden uns so schnell wie m\u00f6glich bei Ihnen melden.<\/p>\n<\/div><\/div>\n\n\n\n<h2 class=\"wp-block-heading\">Materialien<\/h2>\n\n\n\n<ul class=\"wp-block-list\">\n<li><a href=\"https:\/\/casinofrog.com\/de\/guides\/allgemeinen-geschaeftsbedingungen\/\">Die Allgemeinen Gesch\u00e4ftsbedingungen verstehen<\/a><\/li>\n\n\n\n<li><a href=\"https:\/\/casinofrog.com\/de\/guides\/wie-wir-bewerten\/\">Wie wir bewerten<\/a><\/li>\n\n\n\n<li><a href=\"https:\/\/casinofrog.com\/de\/guides\/wager-im-casino\/\">Wager im Casino: Umsatzbedingungen erkl\u00e4rt<\/a><\/li>\n\n\n\n<li><a aria-label=\"Gambling Therapy (opens in a new tab)\" href=\"https:\/\/www.gamblingtherapy.org\/de\" target=\"_blank\" rel=\"noopener noreferrer\">Gambling Therapy<\/a><\/li>\n<\/ul>\n\n\n\n<hr class=\"wp-block-separator has-alpha-channel-opacity\"\/>\n\n\n\n<h2 class=\"wp-block-heading\">H\u00e4ufig gestellte Fragen<\/h2>\n\n\n<style>#sp-ea-6594 .spcollapsing { height: 0; overflow: hidden; transition-property: height;transition-duration: 500ms;}#sp-ea-6594{ position: relative; }#sp-ea-6594 .ea-card{ opacity: 0;}#eap-preloader-6594{ position: absolute; left: 0; top: 0; height: 100%;width: 100%; text-align: center;display: flex; align-items: center;justify-content: center;}#sp-ea-6594.sp-easy-accordion>.sp-ea-single {margin-bottom: 10px; border: 1px solid #e2e2e2; }#sp-ea-6594.sp-easy-accordion>.sp-ea-single>.ea-header a {color: #444;}#sp-ea-6594.sp-easy-accordion>.sp-ea-single>.sp-collapse>.ea-body {background: #fff; color: #444;}#sp-ea-6594.sp-easy-accordion>.sp-ea-single {background: #eee;}#sp-ea-6594.sp-easy-accordion>.sp-ea-single>.ea-header a .ea-expand-icon { float: left; color: #444;font-size: 16px;}<\/style><div id=\"sp_easy_accordion-1776033734\"><div id=\"sp-ea-6594\" class=\"sp-ea-one sp-easy-accordion\" data-ea-active=\"ea-click\" data-ea-mode=\"vertical\" data-preloader=\"1\" data-scroll-active-item=\"\" data-offset-to-scroll=\"0\"><div id=\"eap-preloader-6594\" class=\"accordion-preloader\"><img decoding=\"async\" src=\"https:\/\/casinofrog.com\/wp-content\/plugins\/easy-accordion-free\/public\/assets\/ea_loader.svg\" alt=\"Loader image\"\/><\/div><div class=\"ea-card ea-expand sp-ea-single\"><h3 class=\"ea-header\"><a class=\"collapsed\" id=\"ea-header-65940\" role=\"button\" data-sptoggle=\"spcollapse\" data-sptarget=\"#collapse65940\" aria-controls=\"collapse65940\" href=\"#\" aria-expanded=\"true\" tabindex=\"0\"><i aria-hidden=\"true\" role=\"presentation\" class=\"ea-expand-icon eap-icon-ea-expand-minus\"><\/i> Was ist Casino Frog?<\/a><\/h3><div class=\"sp-collapse spcollapse collapsed show\" id=\"collapse65940\" role=\"region\" aria-labelledby=\"ea-header-65940\"> <div class=\"ea-body\"><p>Casino Frog ist ein Online Vergleichs-Service, der das Leben f\u00fcr Spieler einfacher machen soll. Unser Team besteht aus erfahrenen Experten mit unterschiedlichen Hintergr\u00fcnden, die Ihnen mit Leidenschaft bei der Suche des perfekten Online Casinos helfen.<\/p><\/div><\/div><\/div><div class=\"ea-card ea-expand sp-ea-single\"><h3 class=\"ea-header\"><a class=\"collapsed\" id=\"ea-header-65941\" role=\"button\" data-sptoggle=\"spcollapse\" data-sptarget=\"#collapse65941\" aria-controls=\"collapse65941\" href=\"#\" aria-expanded=\"true\" tabindex=\"0\"><i aria-hidden=\"true\" role=\"presentation\" class=\"ea-expand-icon eap-icon-ea-expand-minus\"><\/i> Wie trete ich einem Online Casino bei?<\/a><\/h3><div class=\"sp-collapse spcollapse collapsed show\" id=\"collapse65941\" role=\"region\" aria-labelledby=\"ea-header-65941\"> <div class=\"ea-body\"><p>Der einfachste Ansatz ist es, die Angebote in unserer <a href=\"https:\/\/casinofrog.com\/de\/online-casino\/\">ausf\u00fchrlichen Casino-Liste<\/a> miteinander zu vergleichen. Am Ende dieses Vergleichs k\u00f6nnen Sie sich f\u00fcr ein Casino entscheiden. Anschlie\u00dfend k\u00f6nnen Sie sich ein Spielerkonto registrieren, ihre Einzahlung t\u00e4tigen und schon kann es losgehen.<\/p><\/div><\/div><\/div><div class=\"ea-card ea-expand sp-ea-single\"><h3 class=\"ea-header\"><a class=\"collapsed\" id=\"ea-header-65942\" role=\"button\" data-sptoggle=\"spcollapse\" data-sptarget=\"#collapse65942\" aria-controls=\"collapse65942\" href=\"#\" aria-expanded=\"true\" tabindex=\"0\"><i aria-hidden=\"true\" role=\"presentation\" class=\"ea-expand-icon eap-icon-ea-expand-minus\"><\/i> Wie alt muss man beim Online-Gl\u00fccksspiel sein?<\/a><\/h3><div class=\"sp-collapse spcollapse collapsed show\" id=\"collapse65942\" role=\"region\" aria-labelledby=\"ea-header-65942\"> <div class=\"ea-body\"><p>Das Mindestalter in Online Casinos betr\u00e4gt 18 Jahre. Das ist in Deutschland so und auch in den meisten anderen L\u00e4ndern.<\/p><\/div><\/div><\/div><div class=\"ea-card ea-expand sp-ea-single\"><h3 class=\"ea-header\"><a class=\"collapsed\" id=\"ea-header-65943\" role=\"button\" data-sptoggle=\"spcollapse\" data-sptarget=\"#collapse65943\" aria-controls=\"collapse65943\" href=\"#\" aria-expanded=\"true\" tabindex=\"0\"><i aria-hidden=\"true\" role=\"presentation\" class=\"ea-expand-icon eap-icon-ea-expand-minus\"><\/i> Wann kann ich meine Bonusgewinne auszahlen?<\/a><\/h3><div class=\"sp-collapse spcollapse collapsed show\" id=\"collapse65943\" role=\"region\" aria-labelledby=\"ea-header-65943\"> <div class=\"ea-body\"><p>Sie k\u00f6nnen Ihren Bonus auszahlen, sobald Sie die Umsatzanforderungen erf\u00fcllt haben. Fast jedes Bonusangebot kommt mit bestimmten Bedingungen. So muss man zum Beispiel den Bonuswert X mal einsetzen, damit er sich in Echtgeld verwandelt.<\/p><\/div><\/div><\/div><div class=\"ea-card ea-expand sp-ea-single\"><h3 class=\"ea-header\"><a class=\"collapsed\" id=\"ea-header-65944\" role=\"button\" data-sptoggle=\"spcollapse\" data-sptarget=\"#collapse65944\" aria-controls=\"collapse65944\" href=\"#\" aria-expanded=\"true\" tabindex=\"0\"><i aria-hidden=\"true\" role=\"presentation\" class=\"ea-expand-icon eap-icon-ea-expand-minus\"><\/i> Sind Online Casinos sicher?<\/a><\/h3><div class=\"sp-collapse spcollapse collapsed show\" id=\"collapse65944\" role=\"region\" aria-labelledby=\"ea-header-65944\"> <div class=\"ea-body\"><p>Die kurze Antwort darauf lautet ja, Online Casinos sind sicher. Solange man bei einem lizenzierten und empfohlenen Anbieter spielt, ist man in guten H\u00e4nden. Alle bei uns empfohlenen Casinos sind voll lizenziert und verf\u00fcgen \u00fcber eine Datenverschl\u00fcsselung. Das Thema Sicherheit liegt uns am Herzen und ist eines der wichtigsten Kriterien bei der Bewertung eines Casinos.<\/p><\/div><\/div><\/div><div class=\"ea-card ea-expand sp-ea-single\"><h3 class=\"ea-header\"><a class=\"collapsed\" id=\"ea-header-65945\" role=\"button\" data-sptoggle=\"spcollapse\" data-sptarget=\"#collapse65945\" aria-controls=\"collapse65945\" href=\"#\" aria-expanded=\"true\" tabindex=\"0\"><i aria-hidden=\"true\" role=\"presentation\" class=\"ea-expand-icon eap-icon-ea-expand-minus\"><\/i> Wie h\u00f6re ich mit dem Spielen auf?<\/a><\/h3><div class=\"sp-collapse spcollapse collapsed show\" id=\"collapse65945\" role=\"region\" aria-labelledby=\"ea-header-65945\"> <div class=\"ea-body\"><p>Wenn das Spielen \u00fcberhandnimmt und keinen Spa\u00df mehr macht, dann sollte man eine Pause einlegen. Es gibt eine Vielzahl an Anlaufstellen f\u00fcr Betroffene, die mit dem Gl\u00fccksspiel pausieren oder endg\u00fcltig aufh\u00f6ren m\u00f6chten. Man kann sich zum Beispiel in den Online Casinos sperren lassen und Anlaufstellen wie anonyme-spieler.org\/ kontaktieren.<\/p><\/div><\/div><\/div><div class=\"ea-card ea-expand sp-ea-single\"><h3 class=\"ea-header\"><a class=\"collapsed\" id=\"ea-header-65946\" role=\"button\" data-sptoggle=\"spcollapse\" data-sptarget=\"#collapse65946\" aria-controls=\"collapse65946\" href=\"#\" aria-expanded=\"true\" tabindex=\"0\"><i aria-hidden=\"true\" role=\"presentation\" class=\"ea-expand-icon eap-icon-ea-expand-minus\"><\/i> Kann ich auf meinem Handy spielen?<\/a><\/h3><div class=\"sp-collapse spcollapse collapsed show\" id=\"collapse65946\" role=\"region\" aria-labelledby=\"ea-header-65946\"> <div class=\"ea-body\"><p>Ja, das k\u00f6nnen Sie. Alles, was man dazu ben\u00f6tigt, sind ein modernes Smartphone sowie eine Internetverbindung. Die Casinos verf\u00fcgen heutzutage \u00fcber hervorragende Webseiten f\u00fcr mobile User. Normalerweise muss man sich dazu auch keine App herunterladen, da die mobilen Browser Casinos perfekt f\u00fcr das Smartphone optimiert sind.<\/p><\/div><\/div><\/div><script type=\"application\/ld+json\">{ \"@context\": \"https:\/\/schema.org\", \"@type\": \"FAQPage\", \"@id\": \"sp-ea-schema-6594-69dc1fc6739a0\", \"mainEntity\": [{ \"@type\": \"Question\", \"name\": \"Was ist Casino Frog?\", \"acceptedAnswer\": { \"@type\": \"Answer\", \"text\": \"Casino Frog ist ein Online Vergleichs-Service, der das Leben f\u00fcr Spieler einfacher machen soll. Unser Team besteht aus erfahrenen Experten mit unterschiedlichen Hintergr\u00fcnden, die Ihnen mit Leidenschaft bei der Suche des perfekten Online Casinos helfen.\" } },{ \"@type\": \"Question\", \"name\": \"Wie trete ich einem Online Casino bei?\", \"acceptedAnswer\": { \"@type\": \"Answer\", \"text\": \"Der einfachste Ansatz ist es, die Angebote in unserer ausf\u00fchrlichen Casino-Liste miteinander zu vergleichen. Am Ende dieses Vergleichs k\u00f6nnen Sie sich f\u00fcr ein Casino entscheiden. Anschlie\u00dfend k\u00f6nnen Sie sich ein Spielerkonto registrieren, ihre Einzahlung t\u00e4tigen und schon kann es losgehen.\" } },{ \"@type\": \"Question\", \"name\": \"Wie alt muss man beim Online-Gl\u00fccksspiel sein?\", \"acceptedAnswer\": { \"@type\": \"Answer\", \"text\": \"Das Mindestalter in Online Casinos betr\u00e4gt 18 Jahre. Das ist in Deutschland so und auch in den meisten anderen L\u00e4ndern.\" } },{ \"@type\": \"Question\", \"name\": \"Wann kann ich meine Bonusgewinne auszahlen?\", \"acceptedAnswer\": { \"@type\": \"Answer\", \"text\": \"Sie k\u00f6nnen Ihren Bonus auszahlen, sobald Sie die Umsatzanforderungen erf\u00fcllt haben. Fast jedes Bonusangebot kommt mit bestimmten Bedingungen. So muss man zum Beispiel den Bonuswert X mal einsetzen, damit er sich in Echtgeld verwandelt.\" } },{ \"@type\": \"Question\", \"name\": \"Sind Online Casinos sicher?\", \"acceptedAnswer\": { \"@type\": \"Answer\", \"text\": \"Die kurze Antwort darauf lautet ja, Online Casinos sind sicher. Solange man bei einem lizenzierten und empfohlenen Anbieter spielt, ist man in guten H\u00e4nden. Alle bei uns empfohlenen Casinos sind voll lizenziert und verf\u00fcgen \u00fcber eine Datenverschl\u00fcsselung. Das Thema Sicherheit liegt uns am Herzen und ist eines der wichtigsten Kriterien bei der Bewertung eines Casinos.\" } },{ \"@type\": \"Question\", \"name\": \"Wie h\u00f6re ich mit dem Spielen auf?\", \"acceptedAnswer\": { \"@type\": \"Answer\", \"text\": \"Wenn das Spielen \u00fcberhandnimmt und keinen Spa\u00df mehr macht, dann sollte man eine Pause einlegen. Es gibt eine Vielzahl an Anlaufstellen f\u00fcr Betroffene, die mit dem Gl\u00fccksspiel pausieren oder endg\u00fcltig aufh\u00f6ren m\u00f6chten. Man kann sich zum Beispiel in den Online Casinos sperren lassen und Anlaufstellen wie anonyme-spieler.org\/ kontaktieren.\" } },{ \"@type\": \"Question\", \"name\": \"Kann ich auf meinem Handy spielen?\", \"acceptedAnswer\": { \"@type\": \"Answer\", \"text\": \"Ja, das k\u00f6nnen Sie. Alles, was man dazu ben\u00f6tigt, sind ein modernes Smartphone sowie eine Internetverbindung. Die Casinos verf\u00fcgen heutzutage \u00fcber hervorragende Webseiten f\u00fcr mobile User. Normalerweise muss man sich dazu auch keine App herunterladen, da die mobilen Browser Casinos perfekt f\u00fcr das Smartphone optimiert sind.\" } }] }<\/script><\/div><\/div>\n","protected":false},"excerpt":{"rendered":"<p>Casino Frog Hilfe-Center Finden Sie die Antworten f\u00fcr ihr Anliegen, indem Sie ein Thema ausw\u00e4hlen oder die h\u00e4ufig gestellten Fragen durchgehen. Wie k\u00f6nnen wir Ihnen helfen? Beginnen Sie mit der Auswahl eines Themas. Materialien H\u00e4ufig gestellte Fragen<\/p>\n","protected":false},"author":72,"featured_media":0,"parent":0,"menu_order":0,"comment_status":"closed","ping_status":"closed","template":"","meta":{"_crdt_document":"","footnotes":""},"class_list":["post-1269","page","type-page","status-publish"],"_links":{"self":[{"href":"https:\/\/casinofrog.com\/de\/wp-json\/wp\/v2\/pages\/1269","targetHints":{"allow":["GET"]}}],"collection":[{"href":"https:\/\/casinofrog.com\/de\/wp-json\/wp\/v2\/pages"}],"about":[{"href":"https:\/\/casinofrog.com\/de\/wp-json\/wp\/v2\/types\/page"}],"author":[{"embeddable":true,"href":"https:\/\/casinofrog.com\/de\/wp-json\/wp\/v2\/users\/72"}],"replies":[{"embeddable":true,"href":"https:\/\/casinofrog.com\/de\/wp-json\/wp\/v2\/comments?post=1269"}],"version-history":[{"count":14,"href":"https:\/\/casinofrog.com\/de\/wp-json\/wp\/v2\/pages\/1269\/revisions"}],"predecessor-version":[{"id":20537,"href":"https:\/\/casinofrog.com\/de\/wp-json\/wp\/v2\/pages\/1269\/revisions\/20537"}],"wp:attachment":[{"href":"https:\/\/casinofrog.com\/de\/wp-json\/wp\/v2\/media?parent=1269"}],"curies":[{"name":"wp","href":"https:\/\/api.w.org\/{rel}","templated":true}]}}