{"id":1200,"date":"2020-07-02T10:12:09","date_gmt":"2020-07-02T10:12:09","guid":{"rendered":"https:\/\/www.casinofrog.com\/?page_id=1200"},"modified":"2024-12-28T08:39:31","modified_gmt":"2024-12-28T08:39:31","slug":"autoren","status":"publish","type":"page","link":"https:\/\/casinofrog.com\/de\/autoren\/","title":{"rendered":"Autoren bei Casino Frog (DE)"},"content":{"rendered":"\n<p class=\"wp-block-paragraph\">Lernen Sie das Team Deutschland von Casino Frog kennen. Unsere Mitarbeiter tun alles daf\u00fcr, Ihnen die besten Inhalte im Bereich Casinos in Deutschland zu pr\u00e4sentieren. Mit ihrem vielf\u00e4ltigen Erfahrungsschatz verf\u00fcgen sie in der Gl\u00fccksspielbranche \u00fcber Einblicke, die ihresgleichen suchen.<\/p>\n\n\n\n<hr class=\"wp-block-separator has-alpha-channel-opacity\"\/>\n\n\n<div  class=\"lgc-column lgc-grid-parent lgc-grid-33 lgc-tablet-grid-50 lgc-mobile-grid-100 lgc-equal-heights \"><div  class=\"inside-grid-column\">\n<img loading=\"lazy\" decoding=\"async\" class=\"alignnone size-full wp-image-3314 round\" src=\"https:\/\/casinofrog.com\/wp-content\/uploads\/frank-schmidt.jpg\" alt=\"\" width=\"150\" height=\"150\" \/><br \/>\n<strong>Frank Schmidt<\/strong><br \/>\nFrank ist an der Idee und der Umsetzung dieses Projekts ma\u00dfgeblich beteiligt gewesen. Er hat jahrelang f\u00fcr Online Casinos gearbeitet und verf\u00fcgt deshalb \u00fcber Insider-Wissen, das nicht viele haben. Noch immer ist er in der Branche hervorragend vernetzt.<br \/>\n<\/div><\/div>\n\n\n<div  class=\"lgc-column lgc-grid-parent lgc-grid-33 lgc-tablet-grid-50 lgc-mobile-grid-100 lgc-equal-heights \"><div  class=\"inside-grid-column\">\n<img loading=\"lazy\" decoding=\"async\" class=\"alignnone size-full wp-image-3639 round\" src=\"https:\/\/casinofrog.com\/wp-content\/uploads\/sebastian-muller.jpg\" alt=\"\" width=\"150\" height=\"150\" \/><br \/>\n<strong>Sebastian M\u00fcller<\/strong><br \/>\nSebastian kennt die Welt des Gl\u00fccksspiels ebenfalls wie seine Westentasche. Als Spieler geht er manchmal gern in die Spielothek oder in die Spielbank, doch er dreht auch online gern mal eine Runde im Casino. Seit \u00fcber 10 Jahren arbeitet er im journalistischen Bereich.<br \/>\n<\/div><\/div>\n\n\n<div  class=\"lgc-column lgc-grid-parent lgc-grid-33 lgc-tablet-grid-50 lgc-mobile-grid-100 lgc-equal-heights \"><div  class=\"inside-grid-column\">\n<img loading=\"lazy\" decoding=\"async\" class=\"alignnone size-full wp-image-3470 round\" src=\"https:\/\/casinofrog.com\/wp-content\/uploads\/marie-graf.jpg\" alt=\"\" width=\"150\" height=\"150\" \/><br \/>\n<strong>Marie Graf<\/strong><br \/>\nMarie ist immer auf der Suche nach neuen ausgefallenen Spielautomaten. Sie ist vom Ideenreichtum der Spieleentwickler begeistert und testet neue Slots sofort nach Ver\u00f6ffentlichung. Bei der Prognose, welche Spiele zum Massenhit werden, ist sie ziemlich zuverl\u00e4ssig.<br \/>\n<\/div><\/div><div class=\"lgc-clear\"><\/div>\n\n\n<div  class=\"lgc-column lgc-grid-parent lgc-grid-33 lgc-tablet-grid-50 lgc-mobile-grid-100 lgc-equal-heights \"><div  class=\"inside-grid-column\">\n<img loading=\"lazy\" decoding=\"async\" class=\"alignnone size-full wp-image-3301 round\" src=\"https:\/\/casinofrog.com\/wp-content\/uploads\/fabian-bergmann.jpg\" alt=\"\" width=\"150\" height=\"150\" \/><br \/>\n<strong>Fabian Bergmann<\/strong><br \/>\nFabian ist unser Spezialist f\u00fcr Bonusangebote. Mit seinem R\u00f6ntgenblick durchbohrt er das Kleingedruckte und kann so souver\u00e4n erkennen, ob sich ein Deal wirklich lohnt. Dass er Mathematik studiert hat, spielt bei dieser Mission sicherlich auch in die Karten.<br \/>\n<\/div><\/div>\n\n\n<div  class=\"lgc-column lgc-grid-parent lgc-grid-33 lgc-tablet-grid-50 lgc-mobile-grid-100 lgc-equal-heights \"><div  class=\"inside-grid-column\">\n<img loading=\"lazy\" decoding=\"async\" class=\"alignnone size-full wp-image-3691 round\" src=\"https:\/\/casinofrog.com\/wp-content\/uploads\/vanessa-haas.jpg\" alt=\"\" width=\"150\" height=\"150\" \/><br \/>\n<strong>Vanessa Haas<\/strong><br \/>\nVanessa hat bereits f\u00fcr einen renommierten Spielehersteller und f\u00fcr ein bekanntes Online Casino gearbeitet. Nun verst\u00e4rkt ihre Expertise das Team von Casino Frog. Als Allrounderin kann sie unsere Inhalte auf jeder Ebene perfektionieren, wobei sie immer auch einen scharfen Blick auf die Zuverl\u00e4ssigkeit der Anbieter wirft.<br \/>\n<\/div><\/div>\n","protected":false},"excerpt":{"rendered":"<p>Lernen Sie das Team Deutschland von Casino Frog kennen. Unsere Mitarbeiter tun alles daf\u00fcr, Ihnen die besten Inhalte im Bereich Casinos in Deutschland zu pr\u00e4sentieren. Mit ihrem vielf\u00e4ltigen Erfahrungsschatz verf\u00fcgen sie in der Gl\u00fccksspielbranche \u00fcber Einblicke, die ihresgleichen suchen.<\/p>\n","protected":false},"author":72,"featured_media":0,"parent":0,"menu_order":0,"comment_status":"closed","ping_status":"closed","template":"","meta":{"_crdt_document":"","footnotes":""},"class_list":["post-1200","page","type-page","status-publish"],"_links":{"self":[{"href":"https:\/\/casinofrog.com\/de\/wp-json\/wp\/v2\/pages\/1200","targetHints":{"allow":["GET"]}}],"collection":[{"href":"https:\/\/casinofrog.com\/de\/wp-json\/wp\/v2\/pages"}],"about":[{"href":"https:\/\/casinofrog.com\/de\/wp-json\/wp\/v2\/types\/page"}],"author":[{"embeddable":true,"href":"https:\/\/casinofrog.com\/de\/wp-json\/wp\/v2\/users\/72"}],"replies":[{"embeddable":true,"href":"https:\/\/casinofrog.com\/de\/wp-json\/wp\/v2\/comments?post=1200"}],"version-history":[{"count":10,"href":"https:\/\/casinofrog.com\/de\/wp-json\/wp\/v2\/pages\/1200\/revisions"}],"predecessor-version":[{"id":20533,"href":"https:\/\/casinofrog.com\/de\/wp-json\/wp\/v2\/pages\/1200\/revisions\/20533"}],"wp:attachment":[{"href":"https:\/\/casinofrog.com\/de\/wp-json\/wp\/v2\/media?parent=1200"}],"curies":[{"name":"wp","href":"https:\/\/api.w.org\/{rel}","templated":true}]}}