{"id":11459,"date":"2020-11-20T10:52:13","date_gmt":"2020-11-20T10:52:13","guid":{"rendered":"https:\/\/casinofrog.com\/?page_id=11459"},"modified":"2024-12-23T11:19:32","modified_gmt":"2024-12-23T11:19:32","slug":"juegos","status":"publish","type":"page","link":"https:\/\/casinofrog.com\/ar\/casino-online\/juegos\/","title":{"rendered":"Juegos de casino online en Argentina 2026"},"content":{"rendered":"\n<p class=\"has-text-align-center wp-block-paragraph\">\u00bfQuer\u00e9s descubrir los mejores juegos que ofrecen los casinos en Argentina? \u00a1Encontralos y comparalos ac\u00e1!<\/p>\n\n\n\n<div style=\"text-align: center;\">\n<div style=\"display: inline-block; text-align: left;\"><i class=\"fa fa-asterisk\"><\/i> Los mejores juegos disponibles<br><i class=\"fa fa-asterisk\"><\/i> Las distintas categor\u00edas<br><i class=\"fa fa-asterisk\"><\/i> Qui\u00e9nes son los proveedoress<\/div>\n<\/div>\n\n\n\n<hr class=\"wp-block-separator has-alpha-channel-opacity\"\/>\n\n\n\n<h2 class=\"wp-block-heading\">Los mejores juegos de casino en l\u00ednea 2026<\/h2>\n\n\n\n<table id=\"tablepress-7\" class=\"tablepress tablepress-id-7 tablepress-responsive tablepress-responsive-stack-headers tablepress-responsive-stack-phone\">\n<thead>\n<tr class=\"row-1\">\n\t<td class=\"column-1\"><\/td><th class=\"column-2\">Casino<\/th><th class=\"column-3\">Nombre<\/th><th class=\"column-4\">Clasificaci\u00f3n<\/th><th class=\"column-5\">Bonos de casino<\/th><td class=\"column-6\"><\/td>\n<\/tr>\n<\/thead>\n<tbody class=\"row-striping\">\n<tr class=\"row-2\">\n\t<td class=\"column-1\"><\/td><td class=\"column-2\"><a href=\"https:\/\/casinofrog.com\/ar\/go\/ice-casino\" target=\"_blank\" rel=\"nofollow noopener noreferrer\"><img loading=\"lazy\" decoding=\"async\" src=\"\/wp-content\/uploads\/ice-casino.png\" width=\"130\" height=\"65\" alt=\"Ice Casino\"><\/a><\/td><td class=\"column-3\"><strong>Ice  Casino<\/strong><\/td><td class=\"column-4\">4.9 \/ 5 <i class=\"fa fa-star\"><\/td><td class=\"column-5\"><strong>120%<\/strong> hasta $300<br \/>\n<small><a href=\"https:\/\/casinofrog.com\/ar\/go\/ice-casino\" target=\"_blank\" rel=\"nofollow noopener\">T&C<\/a> &#8211; Juega con responsabilidad (18+) <br \/>\n<\/small><\/td><td class=\"column-6\"><a href=\"https:\/\/casinofrog.com\/ar\/go\/ice-casino\" rel=\"nofollow noopener noreferrer\" target=\"_blank\" class=\"play\">\u00a1Juega Ahora!<\/a><\/td>\n<\/tr>\n<tr class=\"row-3\">\n\t<td class=\"column-1\"><\/td><td class=\"column-2\"><a href=\"https:\/\/casinofrog.com\/ar\/go\/wazamba\" target=\"_blank\" rel=\"nofollow noopener noreferrer\"><img loading=\"lazy\" decoding=\"async\" src=\"\/wp-content\/uploads\/wazamba.png\" width=\"130\" height=\"65\" alt=\"Wazamba Casino\"><\/a><\/td><td class=\"column-3\"><strong>Wazamba<\/strong><\/td><td class=\"column-4\">4.8 \/ 5 <i class=\"fa fa-star\"><\/td><td class=\"column-5\"><strong>&#8211;<\/strong><br \/>\n<small><a href=\"https:\/\/casinofrog.com\/ar\/go\/wazamba\" target=\"_blank\" rel=\"nofollow noopener\">T&C<\/a> &#8211; Juega con responsabilidad (18+) <br \/>\n<\/small><\/td><td class=\"column-6\"><a href=\"https:\/\/casinofrog.com\/ar\/go\/wazamba\" rel=\"nofollow noopener noreferrer\" target=\"_blank\" class=\"play\">\u00a1Juega Ahora!<\/a><\/td>\n<\/tr>\n<tr class=\"row-4\">\n\t<td class=\"column-1\"><\/td><td class=\"column-2\"><a href=\"https:\/\/casinofrog.com\/ar\/go\/nomini\" target=\"_blank\" rel=\"nofollow noopener noreferrer\"><img loading=\"lazy\" decoding=\"async\" src=\"\/wp-content\/uploads\/nomini.png\" width=\"130\" height=\"65\" alt=\"Nomini Casino\"><\/a><\/td><td class=\"column-3\"><strong>Nomini<\/strong><\/td><td class=\"column-4\">4.8 \/ 5 <i class=\"fa fa-star\"><\/td><td class=\"column-5\"><strong>&#8211;<\/strong><br \/>\n<small><a href=\"https:\/\/casinofrog.com\/ar\/go\/nomini\" target=\"_blank\" rel=\"nofollow noopener\">T&C<\/a> &#8211; Juega con responsabilidad (18+) <br \/>\n<\/small><\/td><td class=\"column-6\"><a href=\"https:\/\/casinofrog.com\/ar\/go\/nomini\" rel=\"nofollow noopener noreferrer\" target=\"_blank\" class=\"play\">\u00a1Juega Ahora!<\/a><\/td>\n<\/tr>\n<\/tbody>\n<\/table>\n<!-- #tablepress-7 from cache -->\n\n\n<p class=\"wp-block-paragraph\">Desde Casino Frog te ofrecemos la lista con los mejores sitios de juegos de casino online en Argentina. Pod\u00e9s compararlos y elegir cual es tu favorito para comenzar a jugar. La mejor calidad est\u00e1 asegurada, cada uno de ellos licenciado y con las medidas de seguridad necesarias para que juegues tranquilo.<\/p>\n\n\n\n<hr class=\"wp-block-separator has-alpha-channel-opacity\"\/>\n\n\n\n<h2 class=\"wp-block-heading\">La oferta de juegos de casino online<\/h2>\n\n\n<div class=\"wp-block-image\">\n<figure class=\"alignright\"><img loading=\"lazy\" decoding=\"async\" width=\"85\" height=\"85\" src=\"https:\/\/casinofrog.com\/wp-content\/uploads\/juego-de-casino-online-ar.png\" alt=\"Juegos de casino Argentina\" class=\"wp-image-11535\"\/><\/figure>\n<\/div>\n\n\n<p class=\"wp-block-paragraph\">El \u00e9xito de un casino online va de la mano con la variedad de juegos que ofrece a los jugadores. Es el componente principal que determina la popularidad de la p\u00e1gina. Si bien no es la \u00fanica raz\u00f3n para atraer a los usuarios \u2013ya que existen las promociones, bonos y otros beneficios-, determina que un jugador permanezca activo y no abandone el casino en busca de otro.<\/p>\n\n\n\n<p class=\"wp-block-paragraph\">Si vos entr\u00e1s a un casino online y encontr\u00e1s solo unos pocos juegos, lo m\u00e1s probable es que no te sientas atra\u00eddo y vayas en b\u00fasqueda de otro mejor. La variedad es clave: permite cumplir con los gustos de todos los usuarios, ya sean juegos de mesa, de cartas u otras opciones.<\/p>\n\n\n\n<p class=\"wp-block-paragraph\">Por esa raz\u00f3n, todos los casinos que recomendamos desde Casino Frog cuentan con cat\u00e1logos bien amplios de juegos, para que la experiencia sea siempre divertida, din\u00e1mica y emocionante.<\/p>\n\n\n\n<hr class=\"wp-block-separator has-alpha-channel-opacity\"\/>\n\n\n\n<h2 class=\"wp-block-heading\">\u00bfCu\u00e1les son los juegos m\u00e1s populares?<\/h2>\n\n\n\n<p class=\"wp-block-paragraph\">A pesar de la oferta bien variada que hay, no todos los juegos comparten el mismo nivel de popularidad ni participaci\u00f3n. Hay algunos que se destacan sobre el resto, con una mayor demanda y cantidad de usuarios que los eligen. A continuaci\u00f3n, los juegos destacados en el <a href=\"https:\/\/casinofrog.com\/ar\/casino-online\/\">casino online de Argentina<\/a>.<\/p>\n\n\n\n<h3 class=\"wp-block-heading\">Tragamonedas<\/h3>\n\n\n\n<p class=\"wp-block-paragraph\">Existe un rey indiscutido entre los juegos, y se trata de las tragamonedas. Estos juegos, tambi\u00e9n conocidos como slots, cuentan con una popularidad enorme. Su funcionamiento es muy simple: al realizar un giro, hay que conseguir que el s\u00edmbolo ganador se repita varias veces en una l\u00ednea de pago determinada.<\/p>\n\n\n\n<p class=\"wp-block-paragraph\">Las tragamonedas del casino online cuentan con distintas caracter\u00edsticas que justifican su lugar:<\/p>\n\n\n\n<ul class=\"wp-block-list\">\n<li>Son muy divertidas y atractivas visualmente<\/li>\n\n\n\n<li>F\u00e1ciles de aprender, ideal para todo tipo de jugadores<\/li>\n\n\n\n<li>Se pueden jugar partidas cortas en los ratos libres<\/li>\n\n\n\n<li>No requieren de conocimientos previos sobre estrategia ni matem\u00e1tica<\/li>\n<\/ul>\n\n\n\n<p class=\"wp-block-paragraph\">A diferencia del juego tradicional, las tragamonedas en un casino online tienen una mayor variedad en cuanto a reglas y condiciones de juego. Por ejemplo, existen l\u00edneas de pago rectas y no rectas; distintos n\u00fameros de filas y carretes, como tres, cinco, ocho o m\u00e1s de cada una; juegos con premios fijos y otros con premios progresivos. Antes de comenzar a jugar en una tragamoneda, ten\u00e9s que revisar con atenci\u00f3n las condiciones de juego.<\/p>\n\n\n\n<p class=\"wp-block-paragraph\">Desde el aspecto audiovisual, las tragamonedas tambi\u00e9n son muy diferentes. Existen muchas tem\u00e1ticas y estilos de dise\u00f1o. Por ejemplo, series y pel\u00edculas famosas, paisajes ex\u00f3ticos, culturas antiguas \u2013como Grecia o Egipto, entre otros. Cada slot&nbsp; tiene sus propios sonidos y m\u00fasicas. Adem\u00e1s, la potencia del software permite que tengan gr\u00e1ficos avanzados, incluso en 3D.<\/p>\n\n\n\n<p class=\"wp-block-paragraph\">Todas estas caracter\u00edsticas hacen que cada juego de tragamonedas sea \u00fanico. Es imposible encontrar dos iguales. Si te gusta este tipo de juego, vas a tener una variedad incre\u00edble a tu alcance, para variar tu experiencia sin caer en una rutina aburrida.<\/p>\n\n\n\n<h3 class=\"wp-block-heading\">Ruletas<\/h3>\n\n\n\n<p class=\"wp-block-paragraph\">Segunda en popularidad encontramos a la ruleta. Este juego es otro de los cl\u00e1sicos del casino f\u00edsico que encontr\u00f3 su lugar de importancia tambi\u00e9n en el formato online. Las reglas b\u00e1sicas se mantienen, con los 37 n\u00fameros distribuidos en el tablero, y con tres colores: rojo, negro y verde.<\/p>\n\n\n\n<p class=\"wp-block-paragraph\">Este juego es m\u00e1s complejo, ya que se puede realizar una gran cantidad de combinaciones de apuestas antes de que empiece a girar la&nbsp; bola. Tambi\u00e9n existen diversos estilos, siendo la Americana (agrega el doble cero), la Europea y la Francesa los m\u00e1s comunes. El componente visual no deja de estar presente en los distintos juegos.<\/p>\n\n\n\n<p class=\"wp-block-paragraph\">Como jugador, ten\u00e9s dos opciones m\u00e1s para elegir. Se trata del modo de juego. Por un lado, la ruleta 100% virtual, que simula el giro de la bola con dise\u00f1os de computadora. La otra alternativa es la ruleta en vivo. \u00bfDe qu\u00e9 se trata esta forma de juego? M\u00e1s adelante te contaremos todos los detalles.<\/p>\n\n\n\n<h3 class=\"wp-block-heading\">P\u00f3ker<\/h3>\n\n\n\n<p class=\"wp-block-paragraph\">Es el momento del juego de cartas m\u00e1s elegido por los argentinos. El p\u00f3ker, a diferencia de otros juegos de casino, tiene un componente de habilidad muy importante, sin depender demasiado de la suerte. Por esa raz\u00f3n, resulta tan emocionante para muchos.<\/p>\n\n\n\n<p class=\"wp-block-paragraph\">Otro de sus atractivos es la competencia. En muchas de las partidas de p\u00f3ker, te enfrentar\u00e1s contra otros jugadores reales. El estilo de juego m\u00e1s popular se llama Texas Hold\u2019em. Cada jugador recibe dos cartas, y las tiene que combinar con las cinco que se reparten en la mesa. Las mesas var\u00edan entre 6 a 9 jugadores, en general. Existen otros tipos de juegos, como el Omaha.<\/p>\n\n\n\n<p class=\"wp-block-paragraph\">Para aquellos que prefieren una experiencia m\u00e1s tranquila, existe el video p\u00f3ker. Es un juego totalmente individual y m\u00e1s distendido, pero tambi\u00e9n divertido. En este formato, solo jug\u00e1s contra la m\u00e1quina. Ten\u00e9s m\u00e1s tiempo para pensar, sin distracciones adicionales. Para los m\u00e1s novatos, existen ayudas, como una tabla para recordar las manos posibles y su valor.<\/p>\n\n\n\n<h3 class=\"wp-block-heading\">Bingo<\/h3>\n\n\n\n<p class=\"wp-block-paragraph\">El bingo ha sido hist\u00f3ricamente uno de los protagonistas en la industria del juego en Argentina. Tuvo mucha participaci\u00f3n a lo largo de los a\u00f1os, en especial de mujeres. Por esa raz\u00f3n, no resulta sorpresivo que sea muy elegido dentro de los juegos de casino online.<\/p>\n\n\n\n<p class=\"wp-block-paragraph\">El bingo se juega con cartones, en este caso virtuales, compuestos por distintos n\u00fameros. De a uno, van saliendo diferentes n\u00fameros del bolillero, y en caso de que tengas ese n\u00famero en tu cart\u00f3n, lo tach\u00e1s. El primer jugador que complete su cart\u00f3n, ser\u00e1 el ganador, al conseguir el bingo.<\/p>\n\n\n\n<p class=\"wp-block-paragraph\">Es un juego muy divertido y con muchos jugadores en simultaneo. Incluso en algunos de ellos, es posible jugar con m\u00e1s de un cart\u00f3n, para probar suerte.<\/p>\n\n\n\n<h3 class=\"wp-block-heading\">Blackjack<\/h3>\n\n\n\n<p class=\"wp-block-paragraph\">El Blackjack es un juego de cartas tradicional, aunque en Argentina est\u00e1 un poco relegado. No resulta tan atractivo: es algo complejo en el comienzo, y a pesar de compartir mesa con otros jugadores, solo se juega contra banca.<\/p>\n\n\n\n<p class=\"wp-block-paragraph\">El objetivo del juego es conseguir la mano con un valor de 21, o lo m\u00e1s cercano posible, sin pasarse. La banca har\u00e1 lo mismo, y el que tenga el mayor n\u00famero dentro del l\u00edmite gana. Es importante conocer los valores de las cartas, y tambi\u00e9n ciertas estrategias para mejorar las posibilidades.<\/p>\n\n\n\n<h3 class=\"wp-block-heading\">Otros juegos<\/h3>\n\n\n\n<p class=\"wp-block-paragraph\">La oferta de juegos de los sitios es mucho m\u00e1s amplia. Existen otros juegos de cartas, como el Baccarat, dados, juegos progresivos o con jackpot, loter\u00edas, entre otros. Pod\u00e9s descubrir nuevas opciones y que se vuelvan tus favoritos.<\/p>\n\n\n\n<hr class=\"wp-block-separator has-alpha-channel-opacity\"\/>\n\n\n\n<h2 class=\"wp-block-heading\">Casino en vivo<\/h2>\n\n\n\n<p class=\"wp-block-paragraph\">El formato de casino en vivo es una posibilidad que brindan ciertos juegos online, que mezcla condimentos del juego tradicional con el formato digital. Es ideal para aquellos jugadores que necesitan esa cuota de nostalgia de las salas f\u00edsicas.<\/p>\n\n\n\n<p class=\"wp-block-paragraph\">B\u00e1sicamente, el casino en vivo funciona mediante una c\u00e1mara de video, que permite al usuario observar una sala real de casino, con un dealer o un croupier seg\u00fan corresponda. Este ser\u00e1 el encargado de manejar el juego. El usuario tiene una interfaz para seleccionar sus acciones, que se ven replicadas en la mesa.<\/p>\n\n\n\n<p class=\"wp-block-paragraph\">Este tipo de juego aporta una cuota de realismo mayor, y quita esa sensaci\u00f3n de inseguridad del juego digital. A pesar de que no es as\u00ed, muchos a\u00fan creen que las m\u00e1quinas digitales est\u00e1n arregladas para perder. En este caso, se puede mirar a una persona manejar las cartas o la bola de la ruleta, por ejemplo.<\/p>\n\n\n\n<p class=\"wp-block-paragraph\">Adem\u00e1s, existe un chat interactivo para comunicarse directamente con el dealer, o con los dem\u00e1s jugadores.<\/p>\n\n\n\n<hr class=\"wp-block-separator has-alpha-channel-opacity\"\/>\n\n\n\n<h2 class=\"wp-block-heading\">Los proveedores<\/h2>\n\n\n\n<p class=\"wp-block-paragraph\">Los sitios de casino online no son quienes dise\u00f1an los juegos. En realidad, existen distintos proveedores de software, que se encargan de fabricar cada uno de los juegos. Por lo tanto, ocupan un rol fundamental.<\/p>\n\n\n\n<p class=\"wp-block-paragraph\">Estos proveedores est\u00e1n en constante desarrollo de nuevos juegos, nuevas funciones atractivas y nuevos estilos. As\u00ed, los casinos pueden agrandar y extender sus cat\u00e1logos. Algunos de los proveedores de software mas importantes son: Realtime Gaming, Play\u2019n Go, BetSoft, IGT, Microgaming, y NetEnt.<\/p>\n\n\n\n<hr class=\"wp-block-separator has-alpha-channel-opacity\"\/>\n\n\n\n<h2 class=\"wp-block-heading\">Juego gratis<\/h2>\n\n\n\n<p class=\"wp-block-paragraph\">Una de las principales funciones que ofrecen los casinos online que recomendamos desde Casino Frog es la chance de probar los juegos gratuitamente. Antes de comenzar a apostar <a href=\"https:\/\/casinofrog.com\/ar\/casino-online\/real\/\">dinero real<\/a>, ten\u00e9s la oportunidad de testear como funcionan y cuales son sus reglas.<\/p>\n\n\n\n<p class=\"wp-block-paragraph\">Es una alternativa muy \u00fatil, para todo tipo de jugadores. Por ejemplo, los novatos pueden aprovechar los juegos gratis para conocer como funciona un casino online y adaptarse; mientras que los jugadores m\u00e1s experimentados pueden descubrir nuevos juegos para expandir sus opciones.<\/p>\n\n\n\n<hr class=\"wp-block-separator has-alpha-channel-opacity\"\/>\n\n\n\n<h2 class=\"wp-block-heading\">Preguntas m\u00e1s frecuentes<\/h2>\n\n\n<style>#sp-ea-11462 .spcollapsing { height: 0; overflow: hidden; transition-property: height;transition-duration: 500ms;}#sp-ea-11462{ position: relative; }#sp-ea-11462 .ea-card{ opacity: 0;}#eap-preloader-11462{ position: absolute; left: 0; top: 0; height: 100%;width: 100%; text-align: center;display: flex; align-items: center;justify-content: center;}#sp-ea-11462.sp-easy-accordion>.sp-ea-single {margin-bottom: 10px; border: 1px solid #e2e2e2; }#sp-ea-11462.sp-easy-accordion>.sp-ea-single>.ea-header a {color: #444;}#sp-ea-11462.sp-easy-accordion>.sp-ea-single>.sp-collapse>.ea-body {background: #fff; color: #444;}#sp-ea-11462.sp-easy-accordion>.sp-ea-single {background: #eee;}#sp-ea-11462.sp-easy-accordion>.sp-ea-single>.ea-header a .ea-expand-icon { float: left; color: #444;font-size: 16px;}<\/style><div id=\"sp_easy_accordion-1776446916\"><div id=\"sp-ea-11462\" class=\"sp-ea-one sp-easy-accordion\" data-ea-active=\"ea-click\" data-ea-mode=\"vertical\" data-preloader=\"1\" data-scroll-active-item=\"\" data-offset-to-scroll=\"0\"><div id=\"eap-preloader-11462\" class=\"accordion-preloader\"><img decoding=\"async\" src=\"https:\/\/casinofrog.com\/wp-content\/plugins\/easy-accordion-free\/public\/assets\/ea_loader.svg\" alt=\"Loader image\"\/><\/div><div class=\"ea-card ea-expand sp-ea-single\"><h3 class=\"ea-header\"><a class=\"collapsed\" id=\"ea-header-114620\" role=\"button\" data-sptoggle=\"spcollapse\" data-sptarget=\"#collapse114620\" aria-controls=\"collapse114620\" href=\"#\" aria-expanded=\"true\" tabindex=\"0\"><i aria-hidden=\"true\" role=\"presentation\" class=\"ea-expand-icon eap-icon-ea-expand-minus\"><\/i> \u00bfEs seguro jugar en un casino online?<\/a><\/h3><div class=\"sp-collapse spcollapse collapsed show\" id=\"collapse114620\" role=\"region\" aria-labelledby=\"ea-header-114620\"> <div class=\"ea-body\"><p>Todos los sitios que ofrecemos en Casino Frog son 100% seguros, respaldados con las licencias necesarias para funcionar. Te garantizamos la seguridad de tu informaci\u00f3n personal y de tu dinero.<\/p><\/div><\/div><\/div><div class=\"ea-card ea-expand sp-ea-single\"><h3 class=\"ea-header\"><a class=\"collapsed\" id=\"ea-header-114621\" role=\"button\" data-sptoggle=\"spcollapse\" data-sptarget=\"#collapse114621\" aria-controls=\"collapse114621\" href=\"#\" aria-expanded=\"true\" tabindex=\"0\"><i aria-hidden=\"true\" role=\"presentation\" class=\"ea-expand-icon eap-icon-ea-expand-minus\"><\/i> \u00bfEstoy obligado a jugar con dinero real?<\/a><\/h3><div class=\"sp-collapse spcollapse collapsed show\" id=\"collapse114621\" role=\"region\" aria-labelledby=\"ea-header-114621\"> <div class=\"ea-body\"><p>No necesariamente. Muchos de los juegos ofrecen la posibilidad de jugar de manera gratuita. Es una buena opci\u00f3n para probarlos, y luego animarte a apostar dinero.<\/p><\/div><\/div><\/div><div class=\"ea-card ea-expand sp-ea-single\"><h3 class=\"ea-header\"><a class=\"collapsed\" id=\"ea-header-114622\" role=\"button\" data-sptoggle=\"spcollapse\" data-sptarget=\"#collapse114622\" aria-controls=\"collapse114622\" href=\"#\" aria-expanded=\"true\" tabindex=\"0\"><i aria-hidden=\"true\" role=\"presentation\" class=\"ea-expand-icon eap-icon-ea-expand-minus\"><\/i> \u00bfD\u00f3nde puedo encontrar los juegos m\u00e1s populares?<\/a><\/h3><div class=\"sp-collapse spcollapse collapsed show\" id=\"collapse114622\" role=\"region\" aria-labelledby=\"ea-header-114622\"> <div class=\"ea-body\"><p>Casino Frog te brinda una lista con los mejores casinos online disponibles en Argentina. Pod\u00e9s compararlos y elegir tu favorito.<\/p><\/div><\/div><\/div><script type=\"application\/ld+json\">{ \"@context\": \"https:\/\/schema.org\", \"@type\": \"FAQPage\", \"@id\": \"sp-ea-schema-11462-69e26dc47d601\", \"mainEntity\": [{ \"@type\": \"Question\", \"name\": \"\u00bfEs seguro jugar en un casino online?\", \"acceptedAnswer\": { \"@type\": \"Answer\", \"text\": \"Todos los sitios que ofrecemos en Casino Frog son 100% seguros, respaldados con las licencias necesarias para funcionar. Te garantizamos la seguridad de tu informaci\u00f3n personal y de tu dinero.\" } },{ \"@type\": \"Question\", \"name\": \"\u00bfEstoy obligado a jugar con dinero real?\", \"acceptedAnswer\": { \"@type\": \"Answer\", \"text\": \"No necesariamente. Muchos de los juegos ofrecen la posibilidad de jugar de manera gratuita. Es una buena opci\u00f3n para probarlos, y luego animarte a apostar dinero.\" } },{ \"@type\": \"Question\", \"name\": \"\u00bfD\u00f3nde puedo encontrar los juegos m\u00e1s populares?\", \"acceptedAnswer\": { \"@type\": \"Answer\", \"text\": \"Casino Frog te brinda una lista con los mejores casinos online disponibles en Argentina. Pod\u00e9s compararlos y elegir tu favorito.\" } }] }<\/script><\/div><\/div>\n","protected":false},"excerpt":{"rendered":"<p>\u00bfQuer\u00e9s descubrir los mejores juegos que ofrecen los casinos en Argentina? \u00a1Encontralos y comparalos ac\u00e1! Los mejores juegos disponibles Las distintas categor\u00edas Qui\u00e9nes son los proveedoress Los mejores juegos de casino en l\u00ednea Desde Casino Frog te ofrecemos la lista con los mejores sitios de juegos de casino online en Argentina. Pod\u00e9s compararlos y elegir &#8230; <a title=\"Juegos de casino online en Argentina 2026\" class=\"read-more\" href=\"https:\/\/casinofrog.com\/ar\/casino-online\/juegos\/\" aria-label=\"Leer m\u00e1s sobre Juegos de casino online en Argentina 2026\">Leer m\u00e1s<\/a><\/p>\n","protected":false},"author":67,"featured_media":0,"parent":11131,"menu_order":0,"comment_status":"closed","ping_status":"closed","template":"","meta":{"_crdt_document":"","footnotes":""},"class_list":["post-11459","page","type-page","status-publish"],"_links":{"self":[{"href":"https:\/\/casinofrog.com\/ar\/wp-json\/wp\/v2\/pages\/11459","targetHints":{"allow":["GET"]}}],"collection":[{"href":"https:\/\/casinofrog.com\/ar\/wp-json\/wp\/v2\/pages"}],"about":[{"href":"https:\/\/casinofrog.com\/ar\/wp-json\/wp\/v2\/types\/page"}],"author":[{"embeddable":true,"href":"https:\/\/casinofrog.com\/ar\/wp-json\/wp\/v2\/users\/67"}],"replies":[{"embeddable":true,"href":"https:\/\/casinofrog.com\/ar\/wp-json\/wp\/v2\/comments?post=11459"}],"version-history":[{"count":12,"href":"https:\/\/casinofrog.com\/ar\/wp-json\/wp\/v2\/pages\/11459\/revisions"}],"predecessor-version":[{"id":20475,"href":"https:\/\/casinofrog.com\/ar\/wp-json\/wp\/v2\/pages\/11459\/revisions\/20475"}],"up":[{"embeddable":true,"href":"https:\/\/casinofrog.com\/ar\/wp-json\/wp\/v2\/pages\/11131"}],"wp:attachment":[{"href":"https:\/\/casinofrog.com\/ar\/wp-json\/wp\/v2\/media?parent=11459"}],"curies":[{"name":"wp","href":"https:\/\/api.w.org\/{rel}","templated":true}]}}