{"id":11200,"date":"2020-11-20T10:51:32","date_gmt":"2020-11-20T10:51:32","guid":{"rendered":"https:\/\/casinofrog.com\/?page_id=11200"},"modified":"2024-12-23T11:18:09","modified_gmt":"2024-12-23T11:18:09","slug":"real","status":"publish","type":"page","link":"https:\/\/casinofrog.com\/ar\/casino-online\/real\/","title":{"rendered":"Casino online dinero real en Argentina 2026"},"content":{"rendered":"\n<p class=\"has-text-align-center wp-block-paragraph\">\u00a1Encontr\u00e1 los mejores casinos disponibles en Argentina para jugar con dinero real!<\/p>\n\n\n\n<div style=\"text-align: center;\">\n<div style=\"display: inline-block; text-align: left;\"><i class=\"fa fa-asterisk\"><\/i> Los casinos online mejor calificados<br><i class=\"fa fa-asterisk\"><\/i> Los tipos de promociones que pod\u00e9s encontrar<br><i class=\"fa fa-asterisk\"><\/i> La variedad de juegos disponibles<br><i class=\"fa fa-asterisk\"><\/i> Tipos de pago confiables y seguros<\/div>\n<\/div>\n\n\n\n<hr class=\"wp-block-separator has-alpha-channel-opacity\"\/>\n\n\n\n<h2 class=\"wp-block-heading\">Los mejores casinos con dinero real en Argentina 2026<\/h2>\n\n\n\n<table id=\"tablepress-7\" class=\"tablepress tablepress-id-7 tablepress-responsive tablepress-responsive-stack-headers tablepress-responsive-stack-phone\">\n<thead>\n<tr class=\"row-1\">\n\t<td class=\"column-1\"><\/td><th class=\"column-2\">Casino<\/th><th class=\"column-3\">Nombre<\/th><th class=\"column-4\">Clasificaci\u00f3n<\/th><th class=\"column-5\">Bonos de casino<\/th><td class=\"column-6\"><\/td>\n<\/tr>\n<\/thead>\n<tbody class=\"row-striping\">\n<tr class=\"row-2\">\n\t<td class=\"column-1\"><\/td><td class=\"column-2\"><a href=\"https:\/\/casinofrog.com\/ar\/go\/ice-casino\" target=\"_blank\" rel=\"nofollow noopener noreferrer\"><img loading=\"lazy\" decoding=\"async\" src=\"\/wp-content\/uploads\/ice-casino.png\" width=\"130\" height=\"65\" alt=\"Ice Casino\"><\/a><\/td><td class=\"column-3\"><strong>Ice  Casino<\/strong><\/td><td class=\"column-4\">4.9 \/ 5 <i class=\"fa fa-star\"><\/td><td class=\"column-5\"><strong>120%<\/strong> hasta $300<br \/>\n<small><a href=\"https:\/\/casinofrog.com\/ar\/go\/ice-casino\" target=\"_blank\" rel=\"nofollow noopener\">T&C<\/a> &#8211; Juega con responsabilidad (18+) <br \/>\n<\/small><\/td><td class=\"column-6\"><a href=\"https:\/\/casinofrog.com\/ar\/go\/ice-casino\" rel=\"nofollow noopener noreferrer\" target=\"_blank\" class=\"play\">\u00a1Juega Ahora!<\/a><\/td>\n<\/tr>\n<tr class=\"row-3\">\n\t<td class=\"column-1\"><\/td><td class=\"column-2\"><a href=\"https:\/\/casinofrog.com\/ar\/go\/wazamba\" target=\"_blank\" rel=\"nofollow noopener noreferrer\"><img loading=\"lazy\" decoding=\"async\" src=\"\/wp-content\/uploads\/wazamba.png\" width=\"130\" height=\"65\" alt=\"Wazamba Casino\"><\/a><\/td><td class=\"column-3\"><strong>Wazamba<\/strong><\/td><td class=\"column-4\">4.8 \/ 5 <i class=\"fa fa-star\"><\/td><td class=\"column-5\"><strong>&#8211;<\/strong><br \/>\n<small><a href=\"https:\/\/casinofrog.com\/ar\/go\/wazamba\" target=\"_blank\" rel=\"nofollow noopener\">T&C<\/a> &#8211; Juega con responsabilidad (18+) <br \/>\n<\/small><\/td><td class=\"column-6\"><a href=\"https:\/\/casinofrog.com\/ar\/go\/wazamba\" rel=\"nofollow noopener noreferrer\" target=\"_blank\" class=\"play\">\u00a1Juega Ahora!<\/a><\/td>\n<\/tr>\n<tr class=\"row-4\">\n\t<td class=\"column-1\"><\/td><td class=\"column-2\"><a href=\"https:\/\/casinofrog.com\/ar\/go\/nomini\" target=\"_blank\" rel=\"nofollow noopener noreferrer\"><img loading=\"lazy\" decoding=\"async\" src=\"\/wp-content\/uploads\/nomini.png\" width=\"130\" height=\"65\" alt=\"Nomini Casino\"><\/a><\/td><td class=\"column-3\"><strong>Nomini<\/strong><\/td><td class=\"column-4\">4.8 \/ 5 <i class=\"fa fa-star\"><\/td><td class=\"column-5\"><strong>&#8211;<\/strong><br \/>\n<small><a href=\"https:\/\/casinofrog.com\/ar\/go\/nomini\" target=\"_blank\" rel=\"nofollow noopener\">T&C<\/a> &#8211; Juega con responsabilidad (18+) <br \/>\n<\/small><\/td><td class=\"column-6\"><a href=\"https:\/\/casinofrog.com\/ar\/go\/nomini\" rel=\"nofollow noopener noreferrer\" target=\"_blank\" class=\"play\">\u00a1Juega Ahora!<\/a><\/td>\n<\/tr>\n<\/tbody>\n<\/table>\n<!-- #tablepress-7 from cache -->\n\n\n<p class=\"wp-block-paragraph\">Casino Frog te ofrece los mejores casinos real online que hay en Argentina. Solo deb\u00e9s comparar y elegir tu favorito, y comenzar a jugar con las mejores condiciones en el mercado.<\/p>\n\n\n\n<hr class=\"wp-block-separator has-alpha-channel-opacity\"\/>\n\n\n\n<h2 class=\"wp-block-heading\">Ofertas y promociones de dinero real<\/h2>\n\n\n<div class=\"wp-block-image\">\n<figure class=\"alignright\"><img loading=\"lazy\" decoding=\"async\" width=\"250\" height=\"150\" src=\"https:\/\/casinofrog.com\/wp-content\/uploads\/casino-online-real-argentina.png\" alt=\"Casino Online Real\" class=\"wp-image-11277\"\/><\/figure>\n<\/div>\n\n\n<p class=\"wp-block-paragraph\">Para comenzar tu experiencia de la mejor manera, la opci\u00f3n que ten\u00e9s en tus manos es aprovechar los bonos y promociones de casinos. Es una manera de conseguir un plus para tu monedero, al conseguir dinero y giros gratis.<\/p>\n\n\n\n<p class=\"wp-block-paragraph\">Sin embargo, uno de los errores que suelen cometer muchos usuarios es aceptar la primera oferta que encuentran. No se detienen a analizar y comparar con otras ofertas o sitios, y se dejan llevar por los grandes n\u00fameros. En realidad, cada bono tiene ciertas condiciones que se deben cumplir para liberarlo, y los que parecen m\u00e1s beneficiosos, suelen tener alguna trampa.<\/p>\n\n\n\n<p class=\"wp-block-paragraph\">Por esa raz\u00f3n, Casino Frog se encarga de facilitarte la tarea, ya que los sitios que ofrecemos se caracterizan por sus bonos correctos y balanceados en cuanto a los t\u00e9rminos y condiciones.<\/p>\n\n\n\n<h3 class=\"wp-block-heading\">\u00bfQu\u00e9 son los c\u00f3digos promocionales?<\/h3>\n\n\n\n<p class=\"wp-block-paragraph\">Se llaman c\u00f3digos promocionales a aquellos c\u00f3digos que ofrecen regalos u ofertas al ingresarlos en un sitio. Es una pr\u00e1ctica muy com\u00fan buscar c\u00f3digos por internet. Sin embargo, no son una obligaci\u00f3n. Muchas de las ofertas de los casinos real online argentina solo necesitan que te registres como miembro. En aquellos casos que un c\u00f3digo sea necesario, nos aseguramos de indicarlo con precisi\u00f3n.<\/p>\n\n\n\n<h4 class=\"wp-block-heading\">El bono de bienvenida<\/h4>\n\n\n\n<p class=\"wp-block-paragraph\">El bono de bienvenida, o bono por registro, es una de las pr\u00e1cticas regulares que ofrecen los casinos para atraer p\u00fablico nuevo. Se trata de un regalo \u00fanico por cuenta, para recibir a los usuarios nuevos. Existen distintos tipos de bonos de bienvenida, siendo bonificaciones sobre los primeros dep\u00f3sitos o giros gratis los m\u00e1s comunes. En algunas ocasiones, se pueden obtener peque\u00f1as sumas de dinero sin la necesidad de un dep\u00f3sito.<\/p>\n\n\n\n<h4 class=\"wp-block-heading\">Bonos de dep\u00f3sito<\/h4>\n\n\n\n<p class=\"wp-block-paragraph\">Para los usuarios regulares, los bonos de dep\u00f3sito son la recompensa t\u00edpica de los casinos online. Es ideal para todos los que juegan con dinero real, ya que se obtiene&nbsp; una suma de regalo, que suele&nbsp; igualar el dep\u00f3sito. Por ejemplo, si un usuario deposita $200, y el bono es del 100%, termina con $400 en su cuenta.<\/p>\n\n\n\n<p class=\"wp-block-paragraph\">Cada casino en especial maneja el bono con condiciones espec\u00edficas. En algunos se encuentra disponible de manera regular en el primer dep\u00f3sito del d\u00eda, mientras que otros lo hacen un d\u00eda a la semana, por ejemplo los viernes.<\/p>\n\n\n\n<h4 class=\"wp-block-heading\">Otras ofertas y regalos<\/h4>\n\n\n\n<p class=\"wp-block-paragraph\">Los jugadores pueden acceder a otro tipo de promociones. Muchos de los casinos suelen premiar a sus usuarios m\u00e1s fieles con regalos, como cash backs o&nbsp; giros gratis. Tambi\u00e9n hay concursos, sorteos y otras formas de incentivar el juego.<\/p>\n\n\n\n<hr class=\"wp-block-separator has-alpha-channel-opacity\"\/>\n\n\n\n<h2 class=\"wp-block-heading\">Los beneficios y atracciones del juego online con dinero real<\/h2>\n\n\n\n<p class=\"wp-block-paragraph\">El casino online real es muy atractivo y emocionante. El juego con dinero real es la verdadera cara del entretenimiento, donde la adrenalina se mezcla con otros sentimientos. \u00bfCu\u00e1les son las razones de su \u00e9xito?<\/p>\n\n\n\n<ul class=\"wp-block-list\">\n<li>En primer lugar, los sentimientos que despierta apostar dinero real. Si bien el juego gratis es divertido, no cuenta con esa capa de emociones que ofrece una mano de p\u00f3ker o una tirada de ruleta con apuestas reales. La adrenalina, la ansiedad, la emoci\u00f3n, son condimentos que en la justa medida transforman la experiencia.<\/li>\n\n\n\n<li>Se pueden obtener premios enormes. Si bien no pasa todos los d\u00edas, y se necesita un poco \u2013o mucho- de suerte, los premios pueden alcanzar cifras altas, en especial los juegos con jackpot.<\/li>\n\n\n\n<li>Las promociones para los jugadores de dinero real son importantes y ayudan a seguir jugando.<\/li>\n\n\n\n<li>Pod\u00e9s empezar con un presupuesto corto, y engordar tu balance de a poco, con peque\u00f1as ganancias constantes.<\/li>\n<\/ul>\n\n\n\n<h3 class=\"wp-block-heading\">\u00bfHay desventajas?<\/h3>\n\n\n\n<p class=\"wp-block-paragraph\">La industria del juego es divertida y emocionante, pero el juego con dinero real puede traer problemas. En algunos casos, los jugadores pueden apostar m\u00e1s dinero del que deber\u00edan, o jugar por demasiadas horas. Si esto te sucede, deb\u00e9s tratar de frenar por un tiempo. Existe el riesgo de caer en un problema de adicci\u00f3n al juego.<\/p>\n\n\n\n<p class=\"wp-block-paragraph\">Esta situaci\u00f3n le puede suceder a cualquiera, y no es algo para avergonzarte. Ante cualquier inconveniente, no dud\u00e9s en pedir ayuda.<\/p>\n\n\n\n<hr class=\"wp-block-separator has-alpha-channel-opacity\"\/>\n\n\n\n<h2 class=\"wp-block-heading\">Los juegos m\u00e1s populares de los casinos<\/h2>\n\n\n\n<p class=\"wp-block-paragraph\">Los casinos online de Argentina con dinero real tienen una variedad de juegos bien amplia, para satisfacer los gustos de todos los usuarios. Con el correr del tiempo, la cantidad de juegos va aumentando, as\u00ed como tambi\u00e9n los proveedores de software.<\/p>\n\n\n\n<p class=\"wp-block-paragraph\">Existen juegos m\u00e1s populares, como el caso de las tragamonedas, pero la oferta incluye diversos juegos de cartas, dados, juegos de mesa, entre otros. Adem\u00e1s, en muchos casos se puede optar por un formato virtual o por los juegos en vivo. Estos se destacan por la participaci\u00f3n de un dealer real, que se puede observar en directo a trav\u00e9s de una c\u00e1mara.<\/p>\n\n\n\n<h3 class=\"wp-block-heading\">Tragamonedas<\/h3>\n\n\n\n<p class=\"wp-block-paragraph\">Las tragamonedas o slots ocupan el primer lugar en cuanto a <a href=\"https:\/\/casinofrog.com\/ar\/casino-online\/juegos\/\">juegos del casino online<\/a>. Son muy divertidas y sencillas de aprender, as\u00ed que todos los jugadores pueden participar. La acci\u00f3n tiene un ritmo elevado, y cada giro no demanda mucho tiempo. Tienen un RTP bastante elevado, que significa mayores chances de ganar.<\/p>\n\n\n\n<p class=\"wp-block-paragraph\">La variante de tragamonedas es tan grande que resulta imposible encontrar dos iguales. Cada una tiene sus propios gr\u00e1ficos, sonidos y m\u00fasica, con estilos y tem\u00e1ticas diferentes.<\/p>\n\n\n\n<p class=\"wp-block-paragraph\">RTP promedio: 95-98%<\/p>\n\n\n\n<h3 class=\"wp-block-heading\">P\u00f3ker<\/h3>\n\n\n\n<p class=\"wp-block-paragraph\">El tradicional juego de cartas tiene su lugar de importancia en el juego online. Los estilos m\u00e1s populares incluyen el Texas Hold\u2019em y el Omaha. A diferencia de otros juegos, el p\u00f3ker tiene un componente alto de habilidad y no tanta dependencia en la suerte. Para mejorar tus chances de ganar, tendr\u00e1s que aprender y perfeccionar tus habilidades.<\/p>\n\n\n\n<h3 class=\"wp-block-heading\">Blackjack<\/h3>\n\n\n\n<p class=\"wp-block-paragraph\">Este juego de cartas es infaltable. Antes de sentarte en una mesa de blackjack, es necesario que manejes las reglas base. Caso contrario, no sabr\u00e1s que hacer. Pod\u00e9s mirar tutoriales o leer gu\u00edas b\u00e1sicas. Una vez que ten\u00e9s esos conocimientos, te recomendamos empezar con apuestas bajas, de manera segura, hasta que te sientas confiado.<\/p>\n\n\n\n<p class=\"wp-block-paragraph\">RTP Promedio: 99%<\/p>\n\n\n\n<h3 class=\"wp-block-heading\">Ruleta<\/h3>\n\n\n\n<p class=\"wp-block-paragraph\">Uno de los juegos t\u00edpicos del casino tradicional, que repite su \u00e9xito en la industria online. Podes elegir entre la ruleta americana, europea o francesa. Si bien no tiene el mismo nivel de emoci\u00f3n que en una sala f\u00edsica, igualmente mueve importantes sumas de dinero.<\/p>\n\n\n\n<p class=\"wp-block-paragraph\">RTP promedio: 94-95%.<\/p>\n\n\n\n<h3 class=\"wp-block-heading\">Otros juegos<\/h3>\n\n\n\n<p class=\"wp-block-paragraph\">El cat\u00e1logo de juegos es m\u00e1s extenso, con otras opciones que pod\u00e9s descubrir. Desde Baccarat, Craps, bingos y loter\u00edas, juegos progresivos y mucho m\u00e1s.<\/p>\n\n\n\n<hr class=\"wp-block-separator has-alpha-channel-opacity\"\/>\n\n\n\n<h2 class=\"wp-block-heading\">Dep\u00f3sitos y retiros de dinero real<\/h2>\n\n\n\n<p class=\"wp-block-paragraph\">El primer paso para poder jugar al <a href=\"https:\/\/casinofrog.com\/ar\/casino-online\/\">casino online<\/a> real es depositar fondos en tu cuenta. Los usuarios tienen distintos m\u00e9todos a disposici\u00f3n, para utilizar seg\u00fan su comodidad o preferencia. Cualquiera de ellos brinda seguridad y confianza, tanto al depositar como retirar dinero.<\/p>\n\n\n\n<ol class=\"wp-block-list\">\n<li>Tarjetas de cr\u00e9dito y d\u00e9bito Visa o MasterCard<\/li>\n\n\n\n<li>Transferencias Bancarias<\/li>\n\n\n\n<li>Carteras electr\u00f3nicas: PayPal, Skrill, Neteller, Paysafecard<\/li>\n\n\n\n<li>Transferencias desde el m\u00f3vil con Zimpler<\/li>\n<\/ol>\n\n\n\n<p class=\"wp-block-paragraph\">Algunos casinos no tienen costos en los movimientos de dinero, mientras que otros si cobran una suma. Desde Casino Frog recomendamos sitios que mantienen sus costos al m\u00ednimo posible.<\/p>\n\n\n\n<hr class=\"wp-block-separator has-alpha-channel-opacity\"\/>\n\n\n\n<h2 class=\"wp-block-heading\">La calificaci\u00f3n de los casinos de dinero real en Casino Frog<\/h2>\n\n\n\n<p class=\"wp-block-paragraph\">Nuestro objetivo principal es ofrecer los mejores sitios de casino de dinero real en Argentina, para que puedas comparar y elegir tu favorito de manera sencilla y r\u00e1pida. Analizar la cantidad de sitios que hay es un trabajo casi imposible para un jugador. Por esa raz\u00f3n, nos encargamos de disminuir tu esfuerzo al m\u00ednimo.<\/p>\n\n\n\n<p class=\"wp-block-paragraph\">Para calificar cada uno de los casinos, manejamos ciertos criterios. Algunos de ellos son:<\/p>\n\n\n\n<h3 class=\"wp-block-heading\">Selecci\u00f3n de juegos<\/h3>\n\n\n\n<p class=\"wp-block-paragraph\">Los juegos son el componente principal de un sitio de casino. Aquella plataforma que tiene poca variedad, nunca tendr\u00e1 \u00e9xito. La diversidad es importante para una buena calificaci\u00f3n, aunque valoramos la calidad sobre la cantidad.<\/p>\n\n\n\n<h3 class=\"wp-block-heading\">Licencia de juego<\/h3>\n\n\n\n<p class=\"wp-block-paragraph\">Todos los sitios que recomendamos cuentan con la licencia correspondiente. Se trata de los permisos necesarios para ofrecer los servicios de casino online en los pa\u00edses donde est\u00e1n instalados. Adem\u00e1s, brindan un ambiente m\u00e1s seguro de juego.<\/p>\n\n\n\n<h3 class=\"wp-block-heading\">M\u00e9todos para manejo de fondos<\/h3>\n\n\n\n<p class=\"wp-block-paragraph\">Los sitios tienen que ofrecer variantes para depositar y retirar el dinero. As\u00ed, cada jugador puede optar por la opci\u00f3n que m\u00e1s le conviene. Deben ofrecer seguridad y tambi\u00e9n ser lo m\u00e1s r\u00e1pido posible.<\/p>\n\n\n\n<h3 class=\"wp-block-heading\">Seguridad<\/h3>\n\n\n\n<p class=\"wp-block-paragraph\">La seguridad es clave al momento de jugar con dinero real. Cada usuario quiere que su informaci\u00f3n y su dinero est\u00e9n seguros. Nuestros criterios incluyen la encriptaci\u00f3n de todos los datos personales de los jugadores, y la seguridad en los manejos de dinero.<\/p>\n\n\n\n<hr class=\"wp-block-separator has-alpha-channel-opacity\"\/>\n\n\n\n<h2 class=\"wp-block-heading\">Preguntas m\u00e1s frecuentes<\/h2>\n\n\n<style>#sp-ea-11207 .spcollapsing { height: 0; overflow: hidden; transition-property: height;transition-duration: 500ms;}#sp-ea-11207{ position: relative; }#sp-ea-11207 .ea-card{ opacity: 0;}#eap-preloader-11207{ position: absolute; left: 0; top: 0; height: 100%;width: 100%; text-align: center;display: flex; align-items: center;justify-content: center;}#sp-ea-11207.sp-easy-accordion>.sp-ea-single {margin-bottom: 10px; border: 1px solid #e2e2e2; }#sp-ea-11207.sp-easy-accordion>.sp-ea-single>.ea-header a {color: #444;}#sp-ea-11207.sp-easy-accordion>.sp-ea-single>.sp-collapse>.ea-body {background: #fff; color: #444;}#sp-ea-11207.sp-easy-accordion>.sp-ea-single {background: #eee;}#sp-ea-11207.sp-easy-accordion>.sp-ea-single>.ea-header a .ea-expand-icon { float: left; color: #444;font-size: 16px;}<\/style><div id=\"sp_easy_accordion-1775514008\"><div id=\"sp-ea-11207\" class=\"sp-ea-one sp-easy-accordion\" data-ea-active=\"ea-click\" data-ea-mode=\"vertical\" data-preloader=\"1\" data-scroll-active-item=\"\" data-offset-to-scroll=\"0\"><div id=\"eap-preloader-11207\" class=\"accordion-preloader\"><img decoding=\"async\" src=\"https:\/\/casinofrog.com\/wp-content\/plugins\/easy-accordion-free\/public\/assets\/ea_loader.svg\" alt=\"Loader image\"\/><\/div><div class=\"ea-card ea-expand sp-ea-single\"><h3 class=\"ea-header\"><a class=\"collapsed\" id=\"ea-header-112070\" role=\"button\" data-sptoggle=\"spcollapse\" data-sptarget=\"#collapse112070\" aria-controls=\"collapse112070\" href=\"#\" aria-expanded=\"true\" tabindex=\"0\"><i aria-hidden=\"true\" role=\"presentation\" class=\"ea-expand-icon eap-icon-ea-expand-minus\"><\/i> \u00bfEs legal jugar al casino online real en Argentina?<\/a><\/h3><div class=\"sp-collapse spcollapse collapsed show\" id=\"collapse112070\" role=\"region\" aria-labelledby=\"ea-header-112070\"> <div class=\"ea-body\"><p>S\u00ed, los argentinos pueden jugar al casino online sin ning\u00fan tipo de problema, siempre y cuando se trate de sitios que est\u00e9n asentados fuera del pa\u00eds. La legislaci\u00f3n local a\u00fan no est\u00e1 aprobada en su totalidad.<\/p><\/div><\/div><\/div><div class=\"ea-card ea-expand sp-ea-single\"><h3 class=\"ea-header\"><a class=\"collapsed\" id=\"ea-header-112071\" role=\"button\" data-sptoggle=\"spcollapse\" data-sptarget=\"#collapse112071\" aria-controls=\"collapse112071\" href=\"#\" aria-expanded=\"true\" tabindex=\"0\"><i aria-hidden=\"true\" role=\"presentation\" class=\"ea-expand-icon eap-icon-ea-expand-minus\"><\/i> \u00bfEs seguro apostar dinero real?<\/a><\/h3><div class=\"sp-collapse spcollapse collapsed show\" id=\"collapse112071\" role=\"region\" aria-labelledby=\"ea-header-112071\"> <div class=\"ea-body\"><p>Claro que s\u00ed. En los casinos que recomendamos desde Casino Frog, la seguridad de los fondos es completa al 100%.<\/p><\/div><\/div><\/div><div class=\"ea-card ea-expand sp-ea-single\"><h3 class=\"ea-header\"><a class=\"collapsed\" id=\"ea-header-112072\" role=\"button\" data-sptoggle=\"spcollapse\" data-sptarget=\"#collapse112072\" aria-controls=\"collapse112072\" href=\"#\" aria-expanded=\"true\" tabindex=\"0\"><i aria-hidden=\"true\" role=\"presentation\" class=\"ea-expand-icon eap-icon-ea-expand-minus\"><\/i> \u00bfCu\u00e1les son los mejores casinos para jugar con dinero real?<\/a><\/h3><div class=\"sp-collapse spcollapse collapsed show\" id=\"collapse112072\" role=\"region\" aria-labelledby=\"ea-header-112072\"> <div class=\"ea-body\"><p>Nosotros te ofrecemos una lista con los mejores casinos disponibles, para que compares sus caracter\u00edsticas y elijas el que m\u00e1s te guste.<\/p><\/div><\/div><\/div><div class=\"ea-card ea-expand sp-ea-single\"><h3 class=\"ea-header\"><a class=\"collapsed\" id=\"ea-header-112073\" role=\"button\" data-sptoggle=\"spcollapse\" data-sptarget=\"#collapse112073\" aria-controls=\"collapse112073\" href=\"#\" aria-expanded=\"true\" tabindex=\"0\"><i aria-hidden=\"true\" role=\"presentation\" class=\"ea-expand-icon eap-icon-ea-expand-minus\"><\/i> \u00bfEstoy obligado a jugar con dinero real?<\/a><\/h3><div class=\"sp-collapse spcollapse collapsed show\" id=\"collapse112073\" role=\"region\" aria-labelledby=\"ea-header-112073\"> <div class=\"ea-body\"><p>No es una obligaci\u00f3n apostar dinero. Muchos casinos ofrecen la opci\u00f3n de jugar gratis, que tambi\u00e9n es divertido. Sin embargo, la verdadera cara del casino online se encuentra en el juego real.<\/p><\/div><\/div><\/div><script type=\"application\/ld+json\">{ \"@context\": \"https:\/\/schema.org\", \"@type\": \"FAQPage\", \"@id\": \"sp-ea-schema-11207-69d4319835676\", \"mainEntity\": [{ \"@type\": \"Question\", \"name\": \"\u00bfEs legal jugar al casino online real en Argentina?\", \"acceptedAnswer\": { \"@type\": \"Answer\", \"text\": \"S\u00ed, los argentinos pueden jugar al casino online sin ning\u00fan tipo de problema, siempre y cuando se trate de sitios que est\u00e9n asentados fuera del pa\u00eds. La legislaci\u00f3n local a\u00fan no est\u00e1 aprobada en su totalidad.\" } },{ \"@type\": \"Question\", \"name\": \"\u00bfEs seguro apostar dinero real?\", \"acceptedAnswer\": { \"@type\": \"Answer\", \"text\": \"Claro que s\u00ed. En los casinos que recomendamos desde Casino Frog, la seguridad de los fondos es completa al 100%.\" } },{ \"@type\": \"Question\", \"name\": \"\u00bfCu\u00e1les son los mejores casinos para jugar con dinero real?\", \"acceptedAnswer\": { \"@type\": \"Answer\", \"text\": \"Nosotros te ofrecemos una lista con los mejores casinos disponibles, para que compares sus caracter\u00edsticas y elijas el que m\u00e1s te guste.\" } },{ \"@type\": \"Question\", \"name\": \"\u00bfEstoy obligado a jugar con dinero real?\", \"acceptedAnswer\": { \"@type\": \"Answer\", \"text\": \"No es una obligaci\u00f3n apostar dinero. Muchos casinos ofrecen la opci\u00f3n de jugar gratis, que tambi\u00e9n es divertido. Sin embargo, la verdadera cara del casino online se encuentra en el juego real.\" } }] }<\/script><\/div><\/div>\n","protected":false},"excerpt":{"rendered":"<p>\u00a1Encontr\u00e1 los mejores casinos disponibles en Argentina para jugar con dinero real! Los casinos online mejor calificados Los tipos de promociones que pod\u00e9s encontrar La variedad de juegos disponibles Tipos de pago confiables y seguros Los mejores casinos con dinero real en Argentina Casino Frog te ofrece los mejores casinos real online que hay en &#8230; <a title=\"Casino online dinero real en Argentina 2026\" class=\"read-more\" href=\"https:\/\/casinofrog.com\/ar\/casino-online\/real\/\" aria-label=\"Leer m\u00e1s sobre Casino online dinero real en Argentina 2026\">Leer m\u00e1s<\/a><\/p>\n","protected":false},"author":68,"featured_media":0,"parent":11131,"menu_order":0,"comment_status":"closed","ping_status":"closed","template":"","meta":{"_crdt_document":"","footnotes":""},"class_list":["post-11200","page","type-page","status-publish"],"_links":{"self":[{"href":"https:\/\/casinofrog.com\/ar\/wp-json\/wp\/v2\/pages\/11200","targetHints":{"allow":["GET"]}}],"collection":[{"href":"https:\/\/casinofrog.com\/ar\/wp-json\/wp\/v2\/pages"}],"about":[{"href":"https:\/\/casinofrog.com\/ar\/wp-json\/wp\/v2\/types\/page"}],"author":[{"embeddable":true,"href":"https:\/\/casinofrog.com\/ar\/wp-json\/wp\/v2\/users\/68"}],"replies":[{"embeddable":true,"href":"https:\/\/casinofrog.com\/ar\/wp-json\/wp\/v2\/comments?post=11200"}],"version-history":[{"count":9,"href":"https:\/\/casinofrog.com\/ar\/wp-json\/wp\/v2\/pages\/11200\/revisions"}],"predecessor-version":[{"id":20474,"href":"https:\/\/casinofrog.com\/ar\/wp-json\/wp\/v2\/pages\/11200\/revisions\/20474"}],"up":[{"embeddable":true,"href":"https:\/\/casinofrog.com\/ar\/wp-json\/wp\/v2\/pages\/11131"}],"wp:attachment":[{"href":"https:\/\/casinofrog.com\/ar\/wp-json\/wp\/v2\/media?parent=11200"}],"curies":[{"name":"wp","href":"https:\/\/api.w.org\/{rel}","templated":true}]}}