{"id":11131,"date":"2020-11-20T10:51:23","date_gmt":"2020-11-20T10:51:23","guid":{"rendered":"https:\/\/casinofrog.com\/?page_id=11131"},"modified":"2024-12-23T11:17:51","modified_gmt":"2024-12-23T11:17:51","slug":"casino-online","status":"publish","type":"page","link":"https:\/\/casinofrog.com\/ar\/casino-online\/","title":{"rendered":"Casino Online Argentina 2026"},"content":{"rendered":"\n<p class=\"has-text-align-center wp-block-paragraph\">Casino Frog te ofrece los mejores casinos online disponibles en Argentina. No pierdas el tiempo y encontr\u00e1 el mejor para vos.<\/p>\n\n\n\n<div style=\"text-align: center;\">\n<div style=\"display: inline-block; text-align: left;\"><i class=\"fa fa-asterisk\"><\/i>&nbsp;Una lista con los mejores sitios de casino<br><i class=\"fa fa-asterisk\"><\/i> Opciones para depositar y retirar dinero<br><i class=\"fa fa-asterisk\"><\/i> Las principales ventajas de jugar online<br><i class=\"fa fa-asterisk\"><\/i> Mejores juegos y bonos disponibles<\/div>\n<\/div>\n\n\n\n<hr class=\"wp-block-separator has-alpha-channel-opacity\"\/>\n\n\n\n<h2 class=\"wp-block-heading\">Los mejores casinos online de Argentina 2026<\/h2>\n\n\n\n<table id=\"tablepress-7\" class=\"tablepress tablepress-id-7 tablepress-responsive tablepress-responsive-stack-headers tablepress-responsive-stack-phone\">\n<thead>\n<tr class=\"row-1\">\n\t<td class=\"column-1\"><\/td><th class=\"column-2\">Casino<\/th><th class=\"column-3\">Nombre<\/th><th class=\"column-4\">Clasificaci\u00f3n<\/th><th class=\"column-5\">Bonos de casino<\/th><td class=\"column-6\"><\/td>\n<\/tr>\n<\/thead>\n<tbody class=\"row-striping\">\n<tr class=\"row-2\">\n\t<td class=\"column-1\"><\/td><td class=\"column-2\"><a href=\"https:\/\/casinofrog.com\/ar\/go\/ice-casino\" target=\"_blank\" rel=\"nofollow noopener noreferrer\"><img loading=\"lazy\" decoding=\"async\" src=\"\/wp-content\/uploads\/ice-casino.png\" width=\"130\" height=\"65\" alt=\"Ice Casino\"><\/a><\/td><td class=\"column-3\"><strong>Ice  Casino<\/strong><\/td><td class=\"column-4\">4.9 \/ 5 <i class=\"fa fa-star\"><\/td><td class=\"column-5\"><strong>120%<\/strong> hasta $300<br \/>\n<small><a href=\"https:\/\/casinofrog.com\/ar\/go\/ice-casino\" target=\"_blank\" rel=\"nofollow noopener\">T&C<\/a> &#8211; Juega con responsabilidad (18+) <br \/>\n<\/small><\/td><td class=\"column-6\"><a href=\"https:\/\/casinofrog.com\/ar\/go\/ice-casino\" rel=\"nofollow noopener noreferrer\" target=\"_blank\" class=\"play\">\u00a1Juega Ahora!<\/a><\/td>\n<\/tr>\n<tr class=\"row-3\">\n\t<td class=\"column-1\"><\/td><td class=\"column-2\"><a href=\"https:\/\/casinofrog.com\/ar\/go\/wazamba\" target=\"_blank\" rel=\"nofollow noopener noreferrer\"><img loading=\"lazy\" decoding=\"async\" src=\"\/wp-content\/uploads\/wazamba.png\" width=\"130\" height=\"65\" alt=\"Wazamba Casino\"><\/a><\/td><td class=\"column-3\"><strong>Wazamba<\/strong><\/td><td class=\"column-4\">4.8 \/ 5 <i class=\"fa fa-star\"><\/td><td class=\"column-5\"><strong>&#8211;<\/strong><br \/>\n<small><a href=\"https:\/\/casinofrog.com\/ar\/go\/wazamba\" target=\"_blank\" rel=\"nofollow noopener\">T&C<\/a> &#8211; Juega con responsabilidad (18+) <br \/>\n<\/small><\/td><td class=\"column-6\"><a href=\"https:\/\/casinofrog.com\/ar\/go\/wazamba\" rel=\"nofollow noopener noreferrer\" target=\"_blank\" class=\"play\">\u00a1Juega Ahora!<\/a><\/td>\n<\/tr>\n<tr class=\"row-4\">\n\t<td class=\"column-1\"><\/td><td class=\"column-2\"><a href=\"https:\/\/casinofrog.com\/ar\/go\/nomini\" target=\"_blank\" rel=\"nofollow noopener noreferrer\"><img loading=\"lazy\" decoding=\"async\" src=\"\/wp-content\/uploads\/nomini.png\" width=\"130\" height=\"65\" alt=\"Nomini Casino\"><\/a><\/td><td class=\"column-3\"><strong>Nomini<\/strong><\/td><td class=\"column-4\">4.8 \/ 5 <i class=\"fa fa-star\"><\/td><td class=\"column-5\"><strong>&#8211;<\/strong><br \/>\n<small><a href=\"https:\/\/casinofrog.com\/ar\/go\/nomini\" target=\"_blank\" rel=\"nofollow noopener\">T&C<\/a> &#8211; Juega con responsabilidad (18+) <br \/>\n<\/small><\/td><td class=\"column-6\"><a href=\"https:\/\/casinofrog.com\/ar\/go\/nomini\" rel=\"nofollow noopener noreferrer\" target=\"_blank\" class=\"play\">\u00a1Juega Ahora!<\/a><\/td>\n<\/tr>\n<\/tbody>\n<\/table>\n\n\n\n<p class=\"wp-block-paragraph\">En Casino Frog encontrar\u00e1s los mejores sitios de casino online que se puedan encontrar en Argentina. Podr\u00e1s comparar y elegir tu favorito. Cada uno de ellos cuenta con la licencia de juego necesaria para funcionar, y son de la mejor calidad dentro de la industria del juego.<\/p>\n\n\n\n<hr class=\"wp-block-separator has-alpha-channel-opacity\"\/>\n\n\n\n<h2 class=\"wp-block-heading\">Juego legal en Argentina<\/h2>\n\n\n<div class=\"wp-block-image\">\n<figure class=\"alignright\"><img loading=\"lazy\" decoding=\"async\" width=\"250\" height=\"150\" src=\"https:\/\/casinofrog.com\/wp-content\/uploads\/casino-online-argentina.png\" alt=\"Casino Online Argentina\" class=\"wp-image-11260\"\/><\/figure>\n<\/div>\n\n\n<p class=\"wp-block-paragraph\">El mercado de casino online Argentina a\u00fan est\u00e1 en formaci\u00f3n. Todav\u00eda&nbsp; no se estableci\u00f3 una legalizaci\u00f3n a lo largo de todo el pa\u00eds, sino que es un tema en tratamiento. Algunos lugares comienzan de a poco a permitir el juego legal, mientras que otros no.<\/p>\n\n\n\n<p class=\"wp-block-paragraph\">Sin embargo, los jugadores argentinos pueden participar de cualquier casino que est\u00e9 localizado fuera del pa\u00eds, siempre y cuando cuente con las licencias y permisos necesarios en sus lugares de origen.<\/p>\n\n\n\n<p class=\"wp-block-paragraph\">La edad m\u00ednima para participar del juego en Argentina es de 18 a\u00f1os.<\/p>\n\n\n\n<hr class=\"wp-block-separator has-alpha-channel-opacity\"\/>\n\n\n\n<h2 class=\"wp-block-heading\">Los mejores juegos de casino<\/h2>\n\n\n\n<p class=\"wp-block-paragraph\">El online casino tiene como componente principal <a href=\"https:\/\/casinofrog.com\/ar\/casino-online\/juegos\/\">los juegos<\/a>. Son la atracci\u00f3n que divierte y entretiene a los usuarios. El cat\u00e1logo debe ser amplio, para que haya distintas opciones a elegir, y cada uno encuentre sus favoritos.<\/p>\n\n\n\n<p class=\"wp-block-paragraph\">La variedad de los juegos incluye desde los cl\u00e1sicos de siempre, juegos de mesa, cartas, loter\u00edas, juegos progresivos, juegos en vivo y mucho m\u00e1s.&nbsp; Adem\u00e1s, gracias al poder del software, cada juego est\u00e1 acompa\u00f1ado de m\u00fasica, sonido y gr\u00e1ficos de alta calidad. Es una experiencia audiovisual \u00fanica.<\/p>\n\n\n\n<h3 class=\"wp-block-heading\">Las tragamonedas<\/h3>\n\n\n\n<p class=\"wp-block-paragraph\">El juego m\u00e1s popular en la industria del casino online en Argentina es las tragamonedas, tambi\u00e9n llamadas slots. Es un juego ideal para todo tipo de jugadores, ya que es f\u00e1cil de aprender y muy divertido. Es posible encontrar una enorme cantidad de variantes, tanto en tem\u00e1ticas, estilos y reglas. Resulta imposible encontrar dos tragamonedas iguales.<\/p>\n\n\n\n<h3 class=\"wp-block-heading\">Blackjack<\/h3>\n\n\n\n<p class=\"wp-block-paragraph\">Uno de los juegos de cartas tradicionales. La popularidad en el formato cl\u00e1sico se repite en el casino online Argentina. No es un juego tan sencillo como las tragamonedas, pero si\u00edes muy atractivo. Pod\u00e9s compartir mesa con otros jugadores y enfrentar al croupier en el blackjack en vivo, o simplemente disfrutar de la tranquilidad en el formato de casino online.<\/p>\n\n\n\n<h3 class=\"wp-block-heading\">P\u00f3ker<\/h3>\n\n\n\n<p class=\"wp-block-paragraph\">Si hablamos de juegos de cartas, el p\u00f3ker no puede faltar. Existen muchas variantes que ofrecen los casinos en l\u00ednea, entre las que se destaca el Texas Hold\u2019em. Es el juego m\u00e1s com\u00fan, con dos cartas y en una mesa contra otros jugadores.<\/p>\n\n\n\n<p class=\"wp-block-paragraph\">Los usuarios que prefieren una experiencia m\u00e1s sencilla pueden optar por el video p\u00f3ker. Es un formato de juego individual, y no enfrentar\u00e1s a otros jugadores, sino a la banca. Se juega con cinco cartas, y no es dif\u00edcil, aunque tiene sus posibles estrategias.<\/p>\n\n\n\n<h3 class=\"wp-block-heading\">La ruleta<\/h3>\n\n\n\n<p class=\"wp-block-paragraph\">Existen tres tipos de ruleta principales: la americana, la europea y la francesa. Con un tablero de 37 n\u00fameros, divididos en rojo, negro y verde, los jugadores pueden hacer todo tipo de apuestas y combinaciones. La ruleta tambi\u00e9n ofrece su variedad de juego en vivo, para quienes prefieren ese condimento del juego tradicional.<\/p>\n\n\n\n<hr class=\"wp-block-separator has-alpha-channel-opacity\"\/>\n\n\n\n<h2 class=\"wp-block-heading\">Las ventajas del casino online en Argentina<\/h2>\n\n\n\n<p class=\"wp-block-paragraph\">No hay ninguna duda del impacto que tuvo la tecnolog\u00eda en la vida cotidiana de las personas. Desde los smartphone hasta las conexiones a internet m\u00f3vil, cambiaron los usos y costumbres en muchas situaciones.<\/p>\n\n\n\n<p class=\"wp-block-paragraph\">La industria del casino tambi\u00e9n se vio afectada, con el formato online superando al juego tradicional, incluso en Argentina. Este m\u00e9todo de juego tiene algunas ventajas.<\/p>\n\n\n\n<ul class=\"wp-block-list\">\n<li><strong>La comodidad total para el usuario.<\/strong> Gracias a la tecnolog\u00eda, el usuario puede jugar desde la comodidad de su hogar. No hace falta ni salir de la habitaci\u00f3n si as\u00ed lo prefer\u00eds. Todos los juegos est\u00e1n en un mismo lugar y al alcance de la mano. Al no tener que presentarse en un establecimiento, no hay que seguir un c\u00f3digo de vestimenta ni nada parecido. Pod\u00e9s jugar de la manera que prefieras, sin ning\u00fan tipo de condicionamiento.<\/li>\n\n\n\n<li><strong>La amplitud horaria.<\/strong> De manera similar, no existen horarios que limiten la actividad del jugador. Las puertas est\u00e1n abiertas durante las 24 horas del d\u00eda. Pod\u00e9s elegir tu momento ideal para disfrutar de los juegos online en el casino.<\/li>\n\n\n\n<li><strong>Prob\u00e1 los juegos gratis.<\/strong> Muchos de los sitios online de online casino tienen la funci\u00f3n de probar los juegos de manera gratuita. Es ideal para conocer nuevas opciones antes de apostar <a href=\"https:\/\/casinofrog.com\/ar\/casino-online\/real\/\">dinero real<\/a>, o para que los usuarios m\u00e1s nuevos se adaptan y conozcan como funciona un casino.<\/li>\n\n\n\n<li><strong>No hay distracciones.<\/strong> La experiencia del casino online argentino es individual, sin el ruido, las luces y las distracciones del formato tradicional. Esto brinda m\u00e1s tranquilidad, y en general, una experiencia m\u00e1s disfrutable. Adem\u00e1s, es mucho m\u00e1s f\u00e1cil elegir cuando terminar el juego y salir de inmediato.<\/li>\n<\/ul>\n\n\n\n<hr class=\"wp-block-separator has-alpha-channel-opacity\"\/>\n\n\n\n<h2 class=\"wp-block-heading\">Promociones y bonos que ofrecen los casinos<\/h2>\n\n\n\n<p class=\"wp-block-paragraph\">Las p\u00e1ginas web de casino online suelen ofrecer distintos tipos de promociones y bonos para los jugadores. Sirven para comenzar la experiencia de la mejor manera, y para incentivar a los usuarios a que incrementen o mantengan su ritmo de juego. Adem\u00e1s, es una gran herramienta para captar la atenci\u00f3n del p\u00fablico nuevo.<\/p>\n\n\n\n<p class=\"wp-block-paragraph\">Cada sitio tiene su propia oferta de bonos o promociones. No son iguales en los diferentes casinos, sino que cada uno maneja y decide que ofrecer. Sin embargo, existen ciertas promociones que son las m\u00e1s comunes.<\/p>\n\n\n\n<h3 class=\"wp-block-heading\">El bono de bienvenida<\/h3>\n\n\n\n<p class=\"wp-block-paragraph\">Como su nombre lo indica, este bono se otorga a los usuarios nuevos, luego de crear su cuenta. Consta de un porcentaje de bonificaci\u00f3n sobre su primer dep\u00f3sito \u2013en algunos casos se extiende a dos o tres dep\u00f3sitos-&nbsp; y puede estar acompa\u00f1ado de algunos giros gratis. Este bono se puede usar una sola vez por cuenta.<\/p>\n\n\n\n<h3 class=\"wp-block-heading\">Bono \u201cespejo\u201d<\/h3>\n\n\n\n<p class=\"wp-block-paragraph\">Es el bono que m\u00e1s ofrecen los casinos. Cuando hac\u00e9s un dep\u00f3sito, te iguala el monto. Por ejemplo, al depositar $50, obten\u00e9s $100. Algunos sitios tienen d\u00edas espec\u00edficos, como los lunes o viernes.<\/p>\n\n\n\n<h3 class=\"wp-block-heading\">Bonos high roller<\/h3>\n\n\n\n<p class=\"wp-block-paragraph\">Este tipo de promociones est\u00e1n enfocados en los usuarios del nivel m\u00e1s alto, que apuestan largas cantidades de dinero.<\/p>\n\n\n\n<h3 class=\"wp-block-heading\">Bonos de recarga<\/h3>\n\n\n\n<p class=\"wp-block-paragraph\">Las plataformas tambi\u00e9n son de recompensar a sus jugadores m\u00e1s activos. Si manten\u00e9s un nivel&nbsp; constante, podr\u00e1s recibir alg\u00fan regalo adicional.<\/p>\n\n\n\n<p class=\"wp-block-paragraph\">Otra caracter\u00edstica respecto a los bonos son los c\u00f3digos promocionales. Se pueden utilizar en los casinos para obtener beneficios. En Casino Frog, estamos al tanto de cada c\u00f3digo promocional nuevo que se lanza.<\/p>\n\n\n\n<hr class=\"wp-block-separator has-alpha-channel-opacity\"\/>\n\n\n\n<h2 class=\"wp-block-heading\">M\u00e9todos de pago seguros<\/h2>\n\n\n\n<p class=\"wp-block-paragraph\">Para empezar a jugar al casino online Argentina, necesit\u00e1s colocar fondos en tu cuenta. Hay que revisar las formas de dep\u00f3sito y tambi\u00e9n de retiro que ofrece cada casino, ya que seguro quer\u00e9s jugar con dinero real.<\/p>\n\n\n\n<p class=\"wp-block-paragraph\">Las secciones de manejo de los fondos cuentan con una amplia lista de alternativas, para que todos los usuarios puedan hacer sus dep\u00f3sitos y retiros. Hay que destacar que algunos casinos te obligan a retirar el dinero con el mismo m\u00e9todo que hiciste el deposito. Por lo tanto, eleg\u00ed con cuidado tu opci\u00f3n preferida.<\/p>\n\n\n\n<p class=\"wp-block-paragraph\">Las opciones m\u00e1s comunes son:<\/p>\n\n\n\n<ul class=\"wp-block-list\">\n<li>Tarjetas de debito y cr\u00e9dito Visa, MasterCard o American Express<\/li>\n\n\n\n<li>Transferencias bancarias<\/li>\n\n\n\n<li>PayPal (aunque su uso en Argentina est\u00e1 limitado).<\/li>\n\n\n\n<li>Carteras electr\u00f3nicas: Skrill, Neteller, WebMoney, AstroPay, etc.<\/li>\n<\/ul>\n\n\n\n<p class=\"wp-block-paragraph\">Incluso algunos sitios comenzaron a aceptar criptomonedas como forma de pago, por ejemplo el Bitcoin.<\/p>\n\n\n\n<h2 class=\"wp-block-heading\">Los factores que afectan la calificaci\u00f3n de Casino Frog<\/h2>\n\n\n\n<p class=\"wp-block-paragraph\">Para analizar y calificar cada uno de los casinos, en Casino Frog utilizamos distintos factores de medici\u00f3n.<\/p>\n\n\n\n<h3 class=\"wp-block-heading\">Seguridad y privacidad<\/h3>\n\n\n\n<p class=\"wp-block-paragraph\">Todos los usuarios quieren que su informaci\u00f3n personal est\u00e9 segura, y no que sea robada o distribuida. Por eso, la seguridad y privacidad son uno de nuestros factores principales a la hora de calificar. Los mejores casinos usan distintas herramientas para proteger la informaci\u00f3n, como firewalls y encriptaci\u00f3n total de los datos.<\/p>\n\n\n\n<h3 class=\"wp-block-heading\">Compatibilidad con dispositivos m\u00f3viles<\/h3>\n\n\n\n<p class=\"wp-block-paragraph\">El smartphone se volvi\u00f3 un elemento clave en la vida de las personas. Por lo tanto, si no hay soporte para el m\u00f3vil, los usuarios rechazan el sitio. El online casino ideal est\u00e1 optimizado para celulares y tabletas, ya sean Android o iPhone.<\/p>\n\n\n\n<p class=\"wp-block-paragraph\">Para que la experiencia del usuario de m\u00f3vil sea positiva, debe contar con una interfaz sencilla, una navegaci\u00f3n f\u00e1cil y tiempos de carga r\u00e1pidos, entre otros factores.<\/p>\n\n\n\n<h3 class=\"wp-block-heading\">Opciones de manejo de fondos<\/h3>\n\n\n\n<p class=\"wp-block-paragraph\">Adem\u00e1s de ser seguros, debe haber varias alternativas para depositar y retirar dinero. Esto da m\u00e1s flexibilidad y rapidez para obtener o retirar los fondos. Cuantas m\u00e1s opciones est\u00e9n disponibles, mejor ser\u00e1.<\/p>\n\n\n\n<h3 class=\"wp-block-heading\">Oferta de juegos<\/h3>\n\n\n\n<p class=\"wp-block-paragraph\">Una selecci\u00f3n extensa de juegos es fundamental. En Casino Frog, no estamos interesados en casinos en l\u00ednea con pocas atracciones. Tienen que tener muchos juegos, as\u00ed como tambi\u00e9n la variante en vivo.<\/p>\n\n\n\n<h3 class=\"wp-block-heading\">Servicio al cliente<\/h3>\n\n\n\n<p class=\"wp-block-paragraph\">Como jugador, es clave que tengas la ayuda ante cualquier problema que pueda aparecer. Por eso, es de alta prioridad que el casino online tenga un servicio de atenci\u00f3n al cliente disponible, en especial durante las 24 horas del d\u00eda. Adem\u00e1s, debe estar en espa\u00f1ol.<\/p>\n\n\n\n<h3 class=\"wp-block-heading\">Ofertas de bonos<\/h3>\n\n\n\n<p class=\"wp-block-paragraph\">Es importante que un casino brinde bonos y promociones a sus jugadores. Desde bono de bienvenida, premios por lealtad y mas. En Casino Frog, estamos al tanto de los principales bonos del momento, para verificar quienes los ofrecen y quienes no.<\/p>\n\n\n\n<h3 class=\"wp-block-heading\">Experiencia del Usuario<\/h3>\n\n\n\n<p class=\"wp-block-paragraph\">La finalidad del jugador es divertirse y jugar. El dise\u00f1o de los sitios debe facilitar la experiencia, no complicarla. Por eso, debe contar con un proceso de registro sin complicaciones, una navegaci\u00f3n fluida, una interfaz con los men\u00fas bien definidos, etc.<\/p>\n\n\n\n<p class=\"wp-block-paragraph\">Todos estos puntos conforman la calificaci\u00f3n final que otorgamos en Casino Frog.<\/p>\n\n\n\n<hr class=\"wp-block-separator has-alpha-channel-opacity\"\/>\n\n\n\n<h2 class=\"wp-block-heading\">Preguntas mas frecuentes<\/h2>\n\n\n<style>#sp-ea-11148 .spcollapsing { height: 0; overflow: hidden; transition-property: height;transition-duration: 500ms;}#sp-ea-11148{ position: relative; }#sp-ea-11148 .ea-card{ opacity: 0;}#eap-preloader-11148{ position: absolute; left: 0; top: 0; height: 100%;width: 100%; text-align: center;display: flex; align-items: center;justify-content: center;}#sp-ea-11148.sp-easy-accordion>.sp-ea-single {margin-bottom: 10px; border: 1px solid #e2e2e2; }#sp-ea-11148.sp-easy-accordion>.sp-ea-single>.ea-header a {color: #444;}#sp-ea-11148.sp-easy-accordion>.sp-ea-single>.sp-collapse>.ea-body {background: #fff; color: #444;}#sp-ea-11148.sp-easy-accordion>.sp-ea-single {background: #eee;}#sp-ea-11148.sp-easy-accordion>.sp-ea-single>.ea-header a .ea-expand-icon { float: left; color: #444;font-size: 16px;}<\/style><div id=\"sp_easy_accordion-1777473943\"><div id=\"sp-ea-11148\" class=\"sp-ea-one sp-easy-accordion\" data-ea-active=\"ea-click\" data-ea-mode=\"vertical\" data-preloader=\"1\" data-scroll-active-item=\"\" data-offset-to-scroll=\"0\"><div id=\"eap-preloader-11148\" class=\"accordion-preloader\"><img decoding=\"async\" src=\"https:\/\/casinofrog.com\/wp-content\/plugins\/easy-accordion-free\/public\/assets\/ea_loader.svg\" alt=\"Loader image\"\/><\/div><div class=\"ea-card ea-expand sp-ea-single\"><h3 class=\"ea-header\"><a class=\"collapsed\" id=\"ea-header-111480\" role=\"button\" data-sptoggle=\"spcollapse\" data-sptarget=\"#collapse111480\" aria-controls=\"collapse111480\" href=\"#\" aria-expanded=\"true\" tabindex=\"0\"><i aria-hidden=\"true\" role=\"presentation\" class=\"ea-expand-icon eap-icon-ea-expand-minus\"><\/i> \u00bfC\u00f3mo encuentro el mejor casino online Argentina?<\/a><\/h3><div class=\"sp-collapse spcollapse collapsed show\" id=\"collapse111480\" role=\"region\" aria-labelledby=\"ea-header-111480\"> <div class=\"ea-body\"><p><span style=\"font-weight: 400\">Casino Frog se encarga de hacer la mayor parte del trabajo. Te ofrecemos una lista de los mejores casinos disponibles, para que vos compares y elijas tu preferido.<\/span><\/p><\/div><\/div><\/div><div class=\"ea-card ea-expand sp-ea-single\"><h3 class=\"ea-header\"><a class=\"collapsed\" id=\"ea-header-111481\" role=\"button\" data-sptoggle=\"spcollapse\" data-sptarget=\"#collapse111481\" aria-controls=\"collapse111481\" href=\"#\" aria-expanded=\"true\" tabindex=\"0\"><i aria-hidden=\"true\" role=\"presentation\" class=\"ea-expand-icon eap-icon-ea-expand-minus\"><\/i> \u00bfCu\u00e1les son los casinos m\u00e1s seguros?<\/a><\/h3><div class=\"sp-collapse spcollapse collapsed show\" id=\"collapse111481\" role=\"region\" aria-labelledby=\"ea-header-111481\"> <div class=\"ea-body\"><p><span style=\"font-weight: 400\">Los casinos m\u00e1s seguros son aquellos que cuentan con licencias y una regulaci\u00f3n en sus lugares de origen. En Casino Frog solo recomendamos sitios que cumplan con estas caracter\u00edsticas.<\/span><\/p><\/div><\/div><\/div><div class=\"ea-card ea-expand sp-ea-single\"><h3 class=\"ea-header\"><a class=\"collapsed\" id=\"ea-header-111482\" role=\"button\" data-sptoggle=\"spcollapse\" data-sptarget=\"#collapse111482\" aria-controls=\"collapse111482\" href=\"#\" aria-expanded=\"true\" tabindex=\"0\"><i aria-hidden=\"true\" role=\"presentation\" class=\"ea-expand-icon eap-icon-ea-expand-minus\"><\/i> \u00bfEl juego es legal en Argentina?<\/a><\/h3><div class=\"sp-collapse spcollapse collapsed show\" id=\"collapse111482\" role=\"region\" aria-labelledby=\"ea-header-111482\"> <div class=\"ea-body\"><p><span style=\"font-weight: 400\">Argentina no cuenta con una legalizaci\u00f3n completa en todo el pa\u00eds respecto al juego online, sino que es un tema en tratamiento. Sin embargo, los jugadores pueden ingresar a los sitios de casino online que est\u00e9n fuera del pa\u00eds.<\/span><\/p><\/div><\/div><\/div><div class=\"ea-card ea-expand sp-ea-single\"><h3 class=\"ea-header\"><a class=\"collapsed\" id=\"ea-header-111483\" role=\"button\" data-sptoggle=\"spcollapse\" data-sptarget=\"#collapse111483\" aria-controls=\"collapse111483\" href=\"#\" aria-expanded=\"true\" tabindex=\"0\"><i aria-hidden=\"true\" role=\"presentation\" class=\"ea-expand-icon eap-icon-ea-expand-minus\"><\/i> \u00bfCu\u00e1les son las ventajas del formato online?<\/a><\/h3><div class=\"sp-collapse spcollapse collapsed show\" id=\"collapse111483\" role=\"region\" aria-labelledby=\"ea-header-111483\"> <div class=\"ea-body\"><p><span style=\"font-weight: 400\">Jugar un casino online en Argentina trae consigo muchas ventajas. Por ejemplo, la comodidad de elegir el lugar y horario de juego, importantes bonos de bienvenida y otras ofertas, opciones variadas para colocar fondos en tu cuenta, muchos juegos en un solo lugar, y mucho m\u00e1s.<\/span><\/p><\/div><\/div><\/div><script type=\"application\/ld+json\">{ \"@context\": \"https:\/\/schema.org\", \"@type\": \"FAQPage\", \"@id\": \"sp-ea-schema-11148-69f2199793706\", \"mainEntity\": [{ \"@type\": \"Question\", \"name\": \"\u00bfC\u00f3mo encuentro el mejor casino online Argentina?\", \"acceptedAnswer\": { \"@type\": \"Answer\", \"text\": \"Casino Frog se encarga de hacer la mayor parte del trabajo. Te ofrecemos una lista de los mejores casinos disponibles, para que vos compares y elijas tu preferido.\" } },{ \"@type\": \"Question\", \"name\": \"\u00bfCu\u00e1les son los casinos m\u00e1s seguros?\", \"acceptedAnswer\": { \"@type\": \"Answer\", \"text\": \"Los casinos m\u00e1s seguros son aquellos que cuentan con licencias y una regulaci\u00f3n en sus lugares de origen. En Casino Frog solo recomendamos sitios que cumplan con estas caracter\u00edsticas.\" } },{ \"@type\": \"Question\", \"name\": \"\u00bfEl juego es legal en Argentina?\", \"acceptedAnswer\": { \"@type\": \"Answer\", \"text\": \"Argentina no cuenta con una legalizaci\u00f3n completa en todo el pa\u00eds respecto al juego online, sino que es un tema en tratamiento. Sin embargo, los jugadores pueden ingresar a los sitios de casino online que est\u00e9n fuera del pa\u00eds.\" } },{ \"@type\": \"Question\", \"name\": \"\u00bfCu\u00e1les son las ventajas del formato online?\", \"acceptedAnswer\": { \"@type\": \"Answer\", \"text\": \"Jugar un casino online en Argentina trae consigo muchas ventajas. Por ejemplo, la comodidad de elegir el lugar y horario de juego, importantes bonos de bienvenida y otras ofertas, opciones variadas para colocar fondos en tu cuenta, muchos juegos en un solo lugar, y mucho m\u00e1s.\" } }] }<\/script><\/div><\/div>\n","protected":false},"excerpt":{"rendered":"<p>Casino Frog te ofrece los mejores casinos online disponibles en Argentina. No pierdas el tiempo y encontr\u00e1 el mejor para vos. &nbsp;Una lista con los mejores sitios de casino Opciones para depositar y retirar dinero Las principales ventajas de jugar online Mejores juegos y bonos disponibles Los mejores casinos online de Argentina En Casino Frog &#8230; <a title=\"Casino Online Argentina 2026\" class=\"read-more\" href=\"https:\/\/casinofrog.com\/ar\/casino-online\/\" aria-label=\"Leer m\u00e1s sobre Casino Online Argentina 2026\">Leer m\u00e1s<\/a><\/p>\n","protected":false},"author":66,"featured_media":0,"parent":0,"menu_order":0,"comment_status":"closed","ping_status":"closed","template":"","meta":{"_crdt_document":"","footnotes":""},"class_list":["post-11131","page","type-page","status-publish"],"_links":{"self":[{"href":"https:\/\/casinofrog.com\/ar\/wp-json\/wp\/v2\/pages\/11131","targetHints":{"allow":["GET"]}}],"collection":[{"href":"https:\/\/casinofrog.com\/ar\/wp-json\/wp\/v2\/pages"}],"about":[{"href":"https:\/\/casinofrog.com\/ar\/wp-json\/wp\/v2\/types\/page"}],"author":[{"embeddable":true,"href":"https:\/\/casinofrog.com\/ar\/wp-json\/wp\/v2\/users\/66"}],"replies":[{"embeddable":true,"href":"https:\/\/casinofrog.com\/ar\/wp-json\/wp\/v2\/comments?post=11131"}],"version-history":[{"count":11,"href":"https:\/\/casinofrog.com\/ar\/wp-json\/wp\/v2\/pages\/11131\/revisions"}],"predecessor-version":[{"id":20473,"href":"https:\/\/casinofrog.com\/ar\/wp-json\/wp\/v2\/pages\/11131\/revisions\/20473"}],"wp:attachment":[{"href":"https:\/\/casinofrog.com\/ar\/wp-json\/wp\/v2\/media?parent=11131"}],"curies":[{"name":"wp","href":"https:\/\/api.w.org\/{rel}","templated":true}]}}