{"id":11089,"date":"2020-11-11T08:22:53","date_gmt":"2020-11-11T08:22:53","guid":{"rendered":"https:\/\/casinofrog.com\/?page_id=11089"},"modified":"2024-12-28T08:36:40","modified_gmt":"2024-12-28T08:36:40","slug":"asistencia","status":"publish","type":"page","link":"https:\/\/casinofrog.com\/ar\/asistencia\/","title":{"rendered":"Asistencia en Casino Frog (AR)"},"content":{"rendered":"\n<h2 class=\"wp-block-heading\">Centro de ayuda Casino Frog<\/h2>\n\n\n\n<p class=\"wp-block-paragraph\">Encuentra respuestas a cualquier consulta que puedas tener seleccionado un tema o buscando en la secci\u00f3n de preguntas frecuentes m\u00e1s abajo.<\/p>\n\n\n<form role=\"search\" method=\"get\" action=\"https:\/\/casinofrog.com\/ar\/\" class=\"wp-block-search__button-outside wp-block-search__text-button wp-block-search\"    ><label class=\"wp-block-search__label\" for=\"wp-block-search__input-2\" >Buscar<\/label><div class=\"wp-block-search__inside-wrapper\" ><input class=\"wp-block-search__input\" id=\"wp-block-search__input-2\" placeholder=\"\" value=\"\" type=\"search\" name=\"s\" required \/><button aria-label=\"Buscar\" class=\"wp-block-search__button wp-element-button\" type=\"submit\" >Buscar<\/button><\/div><\/form>\n\n\n<hr class=\"wp-block-separator has-alpha-channel-opacity\"\/>\n\n\n\n<h2 class=\"wp-block-heading\">\u00bfC\u00f3mo podemos ayudarte?<\/h2>\n\n\n\n<p class=\"has-text-align-center wp-block-paragraph\">Empieza eligiendo un tema.<\/p>\n\n\n<div  class=\"lgc-column lgc-grid-parent lgc-grid-33 lgc-tablet-grid-50 lgc-mobile-grid-100 lgc-equal-heights \"><div  class=\"inside-grid-column\">\n<h4><a href=\"https:\/\/casinofrog.com\/ar\/quienes-somos\/\">Acerca de Casino Frog<\/a><\/h4>\n<p>Acced\u00e9 a nuestra p\u00e1gina acerca de nosotros si dese\u00e1s aprender m\u00e1s sobre Casino Frog, que incluye nuestros objetivos y valores. <\/p><\/div><\/div>\n\n\n<div  class=\"lgc-column lgc-grid-parent lgc-grid-33 lgc-tablet-grid-50 lgc-mobile-grid-100 lgc-equal-heights \"><div  class=\"inside-grid-column\">\n<h4><a href=\"https:\/\/casinofrog.com\/ar\/juego-responsable\/\">Juego responsable<\/a><\/h4>\n<p>Nosotros apoyamos y promovemos el juego responsable. Descubr\u00ed m\u00e1s sobre nuestra postura. <\/p><\/div><\/div>\n\n\n<div  class=\"lgc-column lgc-grid-parent lgc-grid-33 lgc-tablet-grid-50 lgc-mobile-grid-100 lgc-equal-heights \"><div  class=\"inside-grid-column\">\n<h4><a href=\"https:\/\/casinofrog.com\/ar\/contactate\/\">Contactanos<\/a><\/h4>\n<p>Nos encantar\u00eda escucharte. Envi\u00e1 tu mensaje con cualquier tipo de problema y nos pondremos en contacto tan pronto como sea posible. <\/p><\/div><\/div>\n\n\n\n<hr class=\"wp-block-separator has-alpha-channel-opacity\"\/>\n\n\n\n<h2 class=\"wp-block-heading\">Preguntas m\u00e1s frecuentes<\/h2>\n\n\n<style>#sp-ea-11091 .spcollapsing { height: 0; overflow: hidden; transition-property: height;transition-duration: 500ms;}#sp-ea-11091{ position: relative; }#sp-ea-11091 .ea-card{ opacity: 0;}#eap-preloader-11091{ position: absolute; left: 0; top: 0; height: 100%;width: 100%; text-align: center;display: flex; align-items: center;justify-content: center;}#sp-ea-11091.sp-easy-accordion>.sp-ea-single {margin-bottom: 10px; border: 1px solid #e2e2e2; }#sp-ea-11091.sp-easy-accordion>.sp-ea-single>.ea-header a {color: #444;}#sp-ea-11091.sp-easy-accordion>.sp-ea-single>.sp-collapse>.ea-body {background: #fff; color: #444;}#sp-ea-11091.sp-easy-accordion>.sp-ea-single {background: #eee;}#sp-ea-11091.sp-easy-accordion>.sp-ea-single>.ea-header a .ea-expand-icon { float: left; color: #444;font-size: 16px;}<\/style><div id=\"sp_easy_accordion-1775721685\"><div id=\"sp-ea-11091\" class=\"sp-ea-one sp-easy-accordion\" data-ea-active=\"ea-click\" data-ea-mode=\"vertical\" data-preloader=\"1\" data-scroll-active-item=\"\" data-offset-to-scroll=\"0\"><div id=\"eap-preloader-11091\" class=\"accordion-preloader\"><img decoding=\"async\" src=\"https:\/\/casinofrog.com\/wp-content\/plugins\/easy-accordion-free\/public\/assets\/ea_loader.svg\" alt=\"Loader image\"\/><\/div><div class=\"ea-card ea-expand sp-ea-single\"><h3 class=\"ea-header\"><a class=\"collapsed\" id=\"ea-header-110910\" role=\"button\" data-sptoggle=\"spcollapse\" data-sptarget=\"#collapse110910\" aria-controls=\"collapse110910\" href=\"#\" aria-expanded=\"true\" tabindex=\"0\"><i aria-hidden=\"true\" role=\"presentation\" class=\"ea-expand-icon eap-icon-ea-expand-minus\"><\/i> \u00bfQu\u00e9 es Casino Frog?<\/a><\/h3><div class=\"sp-collapse spcollapse collapsed show\" id=\"collapse110910\" role=\"region\" aria-labelledby=\"ea-header-110910\"> <div class=\"ea-body\"><p>Casino Frog es un servicio de comparaci\u00f3n en l\u00ednea creado para facilitar la vida a los jugadores. Nuestro equipo est\u00e1 compuesto por expertos con diferentes estudios, que son apasionados y te ayudar\u00e1n a encontrar el sitio de casino ideal para vos.<\/p><\/div><\/div><\/div><div class=\"ea-card ea-expand sp-ea-single\"><h3 class=\"ea-header\"><a class=\"collapsed\" id=\"ea-header-110911\" role=\"button\" data-sptoggle=\"spcollapse\" data-sptarget=\"#collapse110911\" aria-controls=\"collapse110911\" href=\"#\" aria-expanded=\"true\" tabindex=\"0\"><i aria-hidden=\"true\" role=\"presentation\" class=\"ea-expand-icon eap-icon-ea-expand-minus\"><\/i> \u00bfC\u00f3mo me registro a un sitio de casino?<\/a><\/h3><div class=\"sp-collapse spcollapse collapsed show\" id=\"collapse110911\" role=\"region\" aria-labelledby=\"ea-header-110911\"> <div class=\"ea-body\"><p>La forma m\u00e1s f\u00e1cil es <a href=\"https:\/\/casinofrog.com\/ca\/online-casino\/\">comparar las ofertas<\/a> de nuestra lista detallada de casinos. Seleccion\u00e1 tu favorito cuando terminas de comparar. Despu\u00e9s de eso, deb\u00e9s registrarte, la forma m\u00e1s com\u00fan es llenar un formulario de registro. Una vez que completas el proceso, solo queda hacer un dep\u00f3sito y ya pod\u00e9s jugar.<\/p><\/div><\/div><\/div><div class=\"ea-card ea-expand sp-ea-single\"><h3 class=\"ea-header\"><a class=\"collapsed\" id=\"ea-header-110912\" role=\"button\" data-sptoggle=\"spcollapse\" data-sptarget=\"#collapse110912\" aria-controls=\"collapse110912\" href=\"#\" aria-expanded=\"true\" tabindex=\"0\"><i aria-hidden=\"true\" role=\"presentation\" class=\"ea-expand-icon eap-icon-ea-expand-minus\"><\/i> \u00bfCu\u00e1l es la edad legal para jugar online?<\/a><\/h3><div class=\"sp-collapse spcollapse collapsed show\" id=\"collapse110912\" role=\"region\" aria-labelledby=\"ea-header-110912\"> <div class=\"ea-body\"><p>La edad m\u00ednima de requisito para jugar en un casino online en Argentina es de 18 a\u00f1os.<\/p><\/div><\/div><\/div><div class=\"ea-card ea-expand sp-ea-single\"><h3 class=\"ea-header\"><a class=\"collapsed\" id=\"ea-header-110913\" role=\"button\" data-sptoggle=\"spcollapse\" data-sptarget=\"#collapse110913\" aria-controls=\"collapse110913\" href=\"#\" aria-expanded=\"true\" tabindex=\"0\"><i aria-hidden=\"true\" role=\"presentation\" class=\"ea-expand-icon eap-icon-ea-expand-minus\"><\/i> \u00bfCuando puedo retirar mis ganancias de bonus?<\/a><\/h3><div class=\"sp-collapse spcollapse collapsed show\" id=\"collapse110913\" role=\"region\" aria-labelledby=\"ea-header-110913\"> <div class=\"ea-body\"><p>Podr\u00e1s retirar tu dinero del bono una vez que hayas completado los requerimientos del bono. Casi todas las ofertas de bonos tienen ciertos t\u00e9rminos y condiciones, por ejemplo, una obligaci\u00f3n de <em>rollover<\/em> del bono en determinas ocasiones.<\/p><\/div><\/div><\/div><div class=\"ea-card ea-expand sp-ea-single\"><h3 class=\"ea-header\"><a class=\"collapsed\" id=\"ea-header-110914\" role=\"button\" data-sptoggle=\"spcollapse\" data-sptarget=\"#collapse110914\" aria-controls=\"collapse110914\" href=\"#\" aria-expanded=\"true\" tabindex=\"0\"><i aria-hidden=\"true\" role=\"presentation\" class=\"ea-expand-icon eap-icon-ea-expand-minus\"><\/i> \u00bfLos casinos online casinos son seguros?<\/a><\/h3><div class=\"sp-collapse spcollapse collapsed show\" id=\"collapse110914\" role=\"region\" aria-labelledby=\"ea-header-110914\"> <div class=\"ea-body\"><p>La respuesta corta es s\u00ed, los casinos online son seguros. Mientras hayas elegido un casino verificado y con licencia, est\u00e1s en buenas manos. Todos los sitios de casino que promovemos est\u00e1n encriptados y licenciados al completo. La seguridad del jugador es muy importante para nosotros y es el factor principal cuando puntuamos un casino.<\/p><\/div><\/div><\/div><div class=\"ea-card ea-expand sp-ea-single\"><h3 class=\"ea-header\"><a class=\"collapsed\" id=\"ea-header-110915\" role=\"button\" data-sptoggle=\"spcollapse\" data-sptarget=\"#collapse110915\" aria-controls=\"collapse110915\" href=\"#\" aria-expanded=\"true\" tabindex=\"0\"><i aria-hidden=\"true\" role=\"presentation\" class=\"ea-expand-icon eap-icon-ea-expand-minus\"><\/i> \u00bfC\u00f3mo abandono el juego?<\/a><\/h3><div class=\"sp-collapse spcollapse collapsed show\" id=\"collapse110915\" role=\"region\" aria-labelledby=\"ea-header-110915\"> <div class=\"ea-body\"><p>Si est\u00e1s en una posici\u00f3n donde el juego ya no es divertido ni disfrutable, deber\u00edas tomar una pausa. Existen distintas opciones para aquellos que necesitan dejar el juego por un tiempo, o abandonarlo por completo. Pod\u00e9s prohibirte a vos mismo todos los sitios. Tambi\u00e9n existen organizaciones y p\u00e1ginas web, como el caso de <a href=\"http:\/\/www.juegoresponsable.com.ar\/\" target=\"_blank\" rel=\"noopener\">http:\/\/www.juegoresponsable.com.ar\/<\/a> , que pueden ayudarte.<\/p><\/div><\/div><\/div><div class=\"ea-card ea-expand sp-ea-single\"><h3 class=\"ea-header\"><a class=\"collapsed\" id=\"ea-header-110916\" role=\"button\" data-sptoggle=\"spcollapse\" data-sptarget=\"#collapse110916\" aria-controls=\"collapse110916\" href=\"#\" aria-expanded=\"true\" tabindex=\"0\"><i aria-hidden=\"true\" role=\"presentation\" class=\"ea-expand-icon eap-icon-ea-expand-minus\"><\/i> \u00bfPuedo jugar en mi celular?<\/a><\/h3><div class=\"sp-collapse spcollapse collapsed show\" id=\"collapse110916\" role=\"region\" aria-labelledby=\"ea-header-110916\"> <div class=\"ea-body\"><p>Si, pod\u00e9s hacerlo. Todo lo que necesit\u00e1s es un celular smartphone moderno y una conexi\u00f3n a internet. Los sitios de casinos de la actualidad tienen gran soporte para los usuarios m\u00f3viles. En la mayor\u00eda de las ocasiones, no hace falta descargar una aplicaci\u00f3n para jugar, ya que el navegador de tu celular es suficiente.<\/p><\/div><\/div><\/div><script type=\"application\/ld+json\">{ \"@context\": \"https:\/\/schema.org\", \"@type\": \"FAQPage\", \"@id\": \"sp-ea-schema-11091-69d75cd553ec3\", \"mainEntity\": [{ \"@type\": \"Question\", \"name\": \"\u00bfQu\u00e9 es Casino Frog?\", \"acceptedAnswer\": { \"@type\": \"Answer\", \"text\": \"Casino Frog es un servicio de comparaci\u00f3n en l\u00ednea creado para facilitar la vida a los jugadores. Nuestro equipo est\u00e1 compuesto por expertos con diferentes estudios, que son apasionados y te ayudar\u00e1n a encontrar el sitio de casino ideal para vos.\" } },{ \"@type\": \"Question\", \"name\": \"\u00bfC\u00f3mo me registro a un sitio de casino?\", \"acceptedAnswer\": { \"@type\": \"Answer\", \"text\": \"La forma m\u00e1s f\u00e1cil es comparar las ofertas de nuestra lista detallada de casinos. Seleccion\u00e1 tu favorito cuando terminas de comparar. Despu\u00e9s de eso, deb\u00e9s registrarte, la forma m\u00e1s com\u00fan es llenar un formulario de registro. Una vez que completas el proceso, solo queda hacer un dep\u00f3sito y ya pod\u00e9s jugar.\" } },{ \"@type\": \"Question\", \"name\": \"\u00bfCu\u00e1l es la edad legal para jugar online?\", \"acceptedAnswer\": { \"@type\": \"Answer\", \"text\": \"La edad m\u00ednima de requisito para jugar en un casino online en Argentina es de 18 a\u00f1os.\" } },{ \"@type\": \"Question\", \"name\": \"\u00bfCuando puedo retirar mis ganancias de bonus?\", \"acceptedAnswer\": { \"@type\": \"Answer\", \"text\": \"Podr\u00e1s retirar tu dinero del bono una vez que hayas completado los requerimientos del bono. Casi todas las ofertas de bonos tienen ciertos t\u00e9rminos y condiciones, por ejemplo, una obligaci\u00f3n de<em>rollover<\/em>del bono en determinas ocasiones.\" } },{ \"@type\": \"Question\", \"name\": \"\u00bfLos casinos online casinos son seguros?\", \"acceptedAnswer\": { \"@type\": \"Answer\", \"text\": \"La respuesta corta es s\u00ed, los casinos online son seguros. Mientras hayas elegido un casino verificado y con licencia, est\u00e1s en buenas manos. Todos los sitios de casino que promovemos est\u00e1n encriptados y licenciados al completo. La seguridad del jugador es muy importante para nosotros y es el factor principal cuando puntuamos un casino.\" } },{ \"@type\": \"Question\", \"name\": \"\u00bfC\u00f3mo abandono el juego?\", \"acceptedAnswer\": { \"@type\": \"Answer\", \"text\": \"Si est\u00e1s en una posici\u00f3n donde el juego ya no es divertido ni disfrutable, deber\u00edas tomar una pausa. Existen distintas opciones para aquellos que necesitan dejar el juego por un tiempo, o abandonarlo por completo. Pod\u00e9s prohibirte a vos mismo todos los sitios. Tambi\u00e9n existen organizaciones y p\u00e1ginas web, como el caso de http:\/\/www.juegoresponsable.com.ar\/ , que pueden ayudarte.\" } },{ \"@type\": \"Question\", \"name\": \"\u00bfPuedo jugar en mi celular?\", \"acceptedAnswer\": { \"@type\": \"Answer\", \"text\": \"Si, pod\u00e9s hacerlo. Todo lo que necesit\u00e1s es un celular smartphone moderno y una conexi\u00f3n a internet. Los sitios de casinos de la actualidad tienen gran soporte para los usuarios m\u00f3viles. En la mayor\u00eda de las ocasiones, no hace falta descargar una aplicaci\u00f3n para jugar, ya que el navegador de tu celular es suficiente.\" } }] }<\/script><\/div><\/div>\n","protected":false},"excerpt":{"rendered":"<p>Centro de ayuda Casino Frog Encuentra respuestas a cualquier consulta que puedas tener seleccionado un tema o buscando en la secci\u00f3n de preguntas frecuentes m\u00e1s abajo. \u00bfC\u00f3mo podemos ayudarte? Empieza eligiendo un tema. Preguntas m\u00e1s frecuentes<\/p>\n","protected":false},"author":72,"featured_media":0,"parent":0,"menu_order":0,"comment_status":"closed","ping_status":"closed","template":"","meta":{"_crdt_document":"","footnotes":""},"class_list":["post-11089","page","type-page","status-publish"],"_links":{"self":[{"href":"https:\/\/casinofrog.com\/ar\/wp-json\/wp\/v2\/pages\/11089","targetHints":{"allow":["GET"]}}],"collection":[{"href":"https:\/\/casinofrog.com\/ar\/wp-json\/wp\/v2\/pages"}],"about":[{"href":"https:\/\/casinofrog.com\/ar\/wp-json\/wp\/v2\/types\/page"}],"author":[{"embeddable":true,"href":"https:\/\/casinofrog.com\/ar\/wp-json\/wp\/v2\/users\/72"}],"replies":[{"embeddable":true,"href":"https:\/\/casinofrog.com\/ar\/wp-json\/wp\/v2\/comments?post=11089"}],"version-history":[{"count":4,"href":"https:\/\/casinofrog.com\/ar\/wp-json\/wp\/v2\/pages\/11089\/revisions"}],"predecessor-version":[{"id":20516,"href":"https:\/\/casinofrog.com\/ar\/wp-json\/wp\/v2\/pages\/11089\/revisions\/20516"}],"wp:attachment":[{"href":"https:\/\/casinofrog.com\/ar\/wp-json\/wp\/v2\/media?parent=11089"}],"curies":[{"name":"wp","href":"https:\/\/api.w.org\/{rel}","templated":true}]}}