{"id":10914,"date":"2020-11-10T08:57:23","date_gmt":"2020-11-10T08:57:23","guid":{"rendered":"https:\/\/casinofrog.com\/?page_id=10914"},"modified":"2024-12-28T08:36:27","modified_gmt":"2024-12-28T08:36:27","slug":"carreras","status":"publish","type":"page","link":"https:\/\/casinofrog.com\/ar\/carreras\/","title":{"rendered":"Carreras en Casino Frog (AR)"},"content":{"rendered":"\n<p class=\"wp-block-paragraph\">En Casino Frog, tenemos ambiciones altas para nosotros, y siempre estamos buscando ayudar a nuestros visitantes argentinos y del resto del mundo. Como a\u00fan estamos en una etapa de constante expansi\u00f3n, queremos reclutar nuevos talentos para el equipo.<\/p>\n\n\n\n<p class=\"wp-block-paragraph\">\u00bfQuiz\u00e1 ten\u00e9s lo que estamos buscando? Envi\u00e1 tu aplicaci\u00f3n a jobs@casinofrog.com!<\/p>\n\n\n\n<h2 class=\"wp-block-heading\">\u00bfPor qu\u00e9 trabajar con nosotros?<\/h2>\n\n\n\n<p class=\"wp-block-paragraph\">Nuestro objetivo principal es facilitar a las personas la b\u00fasqueda de los sitios de casinos m\u00e1s seguros y confiables del mercado. Podemos cumplirlo al seguir la industria de manera cuidadosa y manteni\u00e9ndonos actualizados e informados acerca de cualquier cambio.<\/p>\n\n\n\n<p class=\"wp-block-paragraph\">Valoramos el trabajo individual y en equipo de la misma manera. La voz de cada trabajador es escuchada, y estamos convencidos que el intercambio de ideas y conocimiento es la clave del \u00e9xito.<\/p>\n\n\n\n<p class=\"wp-block-paragraph\">El esp\u00edritu de equipo es otra palabra clave en la cultura de nuestra compa\u00f1\u00eda, y por eso siempre nos ayudamos y aprendemos de uno al otro, para alcanzar los objetivos comunes. Tambi\u00e9n nos aseguramos que haya espacio para el crecimiento personal, con apoyo constante y entrenamiento apropiado cuando es necesario.<\/p>\n\n\n\n<h3 class=\"wp-block-heading\">Creemos en nuestros compa\u00f1eros de trabajo<\/h3>\n\n\n\n<p class=\"wp-block-paragraph\">El ambiente en el que trabajamos est\u00e1 en constante cambio y evoluci\u00f3n, por lo que siempre hay lugar para perfeccionar tus habilidades. Es nuestra misi\u00f3n asegurar que cada uno de los compa\u00f1eros est\u00e9 c\u00f3modo en su rol. Nosotros ofrecemos entrenamiento y otras herramientas para crear el ambiente de trabajo ideal para nuestros empleados.<\/p>\n\n\n\n<h3 class=\"wp-block-heading\">Ambiente de trabajo acogedor<\/h3>\n\n\n\n<p class=\"wp-block-paragraph\">Cada uno de los empleados en Casino Frog debe sentir que cumple un rol importante en la compa\u00f1\u00eda. Tambi\u00e9n somos firmes creyentes de un ambiente diverso e inclusivo, donde todos son tratados de la misma manera. Esto contribuye a crear un lugar de trabajo m\u00e1s din\u00e1mico y amistoso.<\/p>\n\n\n\n<h3 class=\"wp-block-heading\">Objetivos comunes<\/h3>\n\n\n\n<p class=\"wp-block-paragraph\">Creemos en el trabajo en equipo, y al compartir los mismos valores, podemos trabajar para alcanzar los mismos objetivos. El \u00e9xito de esta estrategia fue comprobado en Casino Frog. Dicho esto, la responsabilidad individual tambi\u00e9n es valorada, ya que forja el car\u00e1cter y refuerza el esp\u00edritu de equipo.<\/p>\n\n\n\n<h2 class=\"wp-block-heading\">Unite a nuestro equipo<\/h2>\n\n\n\n<p class=\"wp-block-paragraph\">\u00bfBusc\u00e1s avanzar en tu carrera? Encontr\u00e1 los puestos de trabajo disponibles en Casino Frog a continuaci\u00f3n.<\/p>\n\n\n\n<h4 class=\"wp-block-heading\">Desarrollador web \u2013 tiempo completo<\/h4>\n\n\n\n<p class=\"wp-block-paragraph\">Si sos un desarrollador web experimentado y con pasi\u00f3n por los juegos, \u00a1podr\u00edas ser nuestra nueva estrella! Siempre estamos buscando implementar nuevas funciones y servicios en nuestro sitio, y estamos buscando a alguien motivado y que comparta nuestra visi\u00f3n.<\/p>\n\n\n\n<h4 class=\"wp-block-heading\">Analista de casinos \u2013tiempo completo\/tiempo parcial<\/h4>\n\n\n\n<p class=\"wp-block-paragraph\">Buscamos expandir nuestra librer\u00eda de contenido de manera constante, con rese\u00f1as excepcionales de casinos. Para ello, necesitamos un redactor con experiencia previa y conocimientos sobre el mercado de casinos.<\/p>\n\n\n\n<h2 class=\"wp-block-heading\">Aplica hoy<\/h2>\n\n\n\n<p class=\"wp-block-paragraph\">\u00bfNo encontr\u00e1s la posici\u00f3n que est\u00e1s buscando? Envi\u00e1 un mensaje y hacenos saber como pod\u00e9s ayudar al equipo de Casino Frog. Nos encantar\u00eda ver tu CV, as\u00ed que envialo por mail a jobs@casinofrog.com.<\/p>\n","protected":false},"excerpt":{"rendered":"<p>En Casino Frog, tenemos ambiciones altas para nosotros, y siempre estamos buscando ayudar a nuestros visitantes argentinos y del resto del mundo. Como a\u00fan estamos en una etapa de constante expansi\u00f3n, queremos reclutar nuevos talentos para el equipo. \u00bfQuiz\u00e1 ten\u00e9s lo que estamos buscando? Envi\u00e1 tu aplicaci\u00f3n a jobs@casinofrog.com! \u00bfPor qu\u00e9 trabajar con nosotros? Nuestro &#8230; <a title=\"Carreras en Casino Frog (AR)\" class=\"read-more\" href=\"https:\/\/casinofrog.com\/ar\/carreras\/\" aria-label=\"Leer m\u00e1s sobre Carreras en Casino Frog (AR)\">Leer m\u00e1s<\/a><\/p>\n","protected":false},"author":72,"featured_media":0,"parent":0,"menu_order":0,"comment_status":"closed","ping_status":"closed","template":"","meta":{"_crdt_document":"","footnotes":""},"class_list":["post-10914","page","type-page","status-publish"],"_links":{"self":[{"href":"https:\/\/casinofrog.com\/ar\/wp-json\/wp\/v2\/pages\/10914","targetHints":{"allow":["GET"]}}],"collection":[{"href":"https:\/\/casinofrog.com\/ar\/wp-json\/wp\/v2\/pages"}],"about":[{"href":"https:\/\/casinofrog.com\/ar\/wp-json\/wp\/v2\/types\/page"}],"author":[{"embeddable":true,"href":"https:\/\/casinofrog.com\/ar\/wp-json\/wp\/v2\/users\/72"}],"replies":[{"embeddable":true,"href":"https:\/\/casinofrog.com\/ar\/wp-json\/wp\/v2\/comments?post=10914"}],"version-history":[{"count":3,"href":"https:\/\/casinofrog.com\/ar\/wp-json\/wp\/v2\/pages\/10914\/revisions"}],"predecessor-version":[{"id":20514,"href":"https:\/\/casinofrog.com\/ar\/wp-json\/wp\/v2\/pages\/10914\/revisions\/20514"}],"wp:attachment":[{"href":"https:\/\/casinofrog.com\/ar\/wp-json\/wp\/v2\/media?parent=10914"}],"curies":[{"name":"wp","href":"https:\/\/api.w.org\/{rel}","templated":true}]}}