{"id":10675,"date":"2020-11-10T08:56:52","date_gmt":"2020-11-10T08:56:52","guid":{"rendered":"https:\/\/casinofrog.com\/?page_id=10675"},"modified":"2024-12-28T08:36:19","modified_gmt":"2024-12-28T08:36:19","slug":"redactores","status":"publish","type":"page","link":"https:\/\/casinofrog.com\/ar\/redactores\/","title":{"rendered":"Los redactores de Casino Frog (AR)"},"content":{"rendered":"\n<p class=\"wp-block-paragraph\">Conoc\u00e9 nuestro equipo argentino en Casino Frog. Ellos son profesionales dedicados a entregar el mejor contenido sobre casinos. Con sus habilidades en conjunto, est\u00e1n revolucionando la industria del juego, llegando a un nuevo nivel de redacci\u00f3n y contenido.<\/p>\n\n\n\n<hr class=\"wp-block-separator has-alpha-channel-opacity\"\/>\n\n\n<div  class=\"lgc-column lgc-grid-parent lgc-grid-33 lgc-tablet-grid-50 lgc-mobile-grid-100 lgc-equal-heights \"><div  class=\"inside-grid-column\">\n<img loading=\"lazy\" decoding=\"async\" class=\"round alignnone wp-image-10740 size-full\" src=\"https:\/\/casinofrog.com\/wp-content\/uploads\/lorelei-morinigo.jpg\" alt=\"\" width=\"150\" height=\"150\" \/>\n<p style=\"text-align: left;\"><strong>Lorelei Morinigo<br \/>\n<\/strong>La pasi\u00f3n de Lorelei por su trabajo es incomparable. Due\u00f1a de un incre\u00edble talento en la redacci\u00f3n y creaci\u00f3n de contenido, es parte vital del equipo. La actividad m\u00e1s emocionante para ella es probar cada una de las nuevas funciones y tecnolog\u00edas que adoptan los casinos online, para luego escribir sobre ellas.<\/p>\n<p style=\"text-align: left;\"><\/p><\/div><\/div>\n\n\n\n<p class=\"has-text-align-left wp-block-paragraph\"><\/p>\n\n\n<div  class=\"lgc-column lgc-grid-parent lgc-grid-33 lgc-tablet-grid-50 lgc-mobile-grid-100 lgc-equal-heights \"><div  class=\"inside-grid-column\">\n<img loading=\"lazy\" decoding=\"async\" class=\"round alignnone wp-image-10756 size-full\" src=\"https:\/\/casinofrog.com\/wp-content\/uploads\/esteban-mazacana.jpg\" alt=\"\" width=\"150\" height=\"150\" \/><br \/>\n<strong>Esteban Mazacana<\/strong><br \/>\nEsteban es nuestro experto en la industria de los casinos, con m\u00e1s de dos d\u00e9cadas de trabajo en este campo. Sus amplios conocimientos le permiten detectar cada uno de los detalles y secretos de los sitios web de casinos. Las tragamonedas son su juego favorito.<br \/>\n<\/div><\/div>\n\n\n<div  class=\"lgc-column lgc-grid-parent lgc-grid-33 lgc-tablet-grid-50 lgc-mobile-grid-100 lgc-equal-heights \"><div  class=\"inside-grid-column\">\n<img loading=\"lazy\" decoding=\"async\" class=\"round alignnone wp-image-10772 size-full\" src=\"https:\/\/casinofrog.com\/wp-content\/uploads\/kevin-ibarro.jpg\" alt=\"\" width=\"150\" height=\"150\" \/><br \/>\n<strong>Kevin Ibarro<\/strong><br \/>\nKevin es el miembro m\u00e1s joven del equipo, pero no te dejes enga\u00f1ar por su edad. Es un apasionado por la industria del juego desde que era peque\u00f1o, as\u00ed que ha ido estudiando y obteniendo conocimientos a lo largo de los a\u00f1os. Su especialidad son los juegos de cartas, con un manejo perfecto del P\u00f3ker y Blackjack.<br \/>\n<\/div><\/div><div class=\"lgc-clear\"><\/div>\n","protected":false},"excerpt":{"rendered":"<p>Conoc\u00e9 nuestro equipo argentino en Casino Frog. Ellos son profesionales dedicados a entregar el mejor contenido sobre casinos. Con sus habilidades en conjunto, est\u00e1n revolucionando la industria del juego, llegando a un nuevo nivel de redacci\u00f3n y contenido.<\/p>\n","protected":false},"author":72,"featured_media":0,"parent":0,"menu_order":0,"comment_status":"closed","ping_status":"closed","template":"","meta":{"_crdt_document":"","footnotes":""},"class_list":["post-10675","page","type-page","status-publish"],"_links":{"self":[{"href":"https:\/\/casinofrog.com\/ar\/wp-json\/wp\/v2\/pages\/10675","targetHints":{"allow":["GET"]}}],"collection":[{"href":"https:\/\/casinofrog.com\/ar\/wp-json\/wp\/v2\/pages"}],"about":[{"href":"https:\/\/casinofrog.com\/ar\/wp-json\/wp\/v2\/types\/page"}],"author":[{"embeddable":true,"href":"https:\/\/casinofrog.com\/ar\/wp-json\/wp\/v2\/users\/72"}],"replies":[{"embeddable":true,"href":"https:\/\/casinofrog.com\/ar\/wp-json\/wp\/v2\/comments?post=10675"}],"version-history":[{"count":3,"href":"https:\/\/casinofrog.com\/ar\/wp-json\/wp\/v2\/pages\/10675\/revisions"}],"predecessor-version":[{"id":20512,"href":"https:\/\/casinofrog.com\/ar\/wp-json\/wp\/v2\/pages\/10675\/revisions\/20512"}],"wp:attachment":[{"href":"https:\/\/casinofrog.com\/ar\/wp-json\/wp\/v2\/media?parent=10675"}],"curies":[{"name":"wp","href":"https:\/\/api.w.org\/{rel}","templated":true}]}}