{"id":10671,"date":"2020-11-09T12:54:46","date_gmt":"2020-11-09T12:54:46","guid":{"rendered":"https:\/\/casinofrog.com\/?page_id=10671"},"modified":"2024-12-28T08:34:57","modified_gmt":"2024-12-28T08:34:57","slug":"juego-responsable","status":"publish","type":"page","link":"https:\/\/casinofrog.com\/ar\/juego-responsable\/","title":{"rendered":"Juego responsable en Argentina"},"content":{"rendered":"<div class=\"wp-block-image\">\n<figure class=\"alignright\"><img loading=\"lazy\" decoding=\"async\" width=\"130\" height=\"130\" src=\"https:\/\/casinofrog.com\/wp-content\/uploads\/juego-responsable.png\" alt=\"Juego responsable\" class=\"wp-image-11012\"\/><\/figure>\n<\/div>\n\n\n<p class=\"wp-block-paragraph\">El entretenimiento online, como las casinos y las apuestas, son una gran manera de pasar el tiempo. Sin embargo, existen riesgos asociados con el juego, y por esa raz\u00f3n, es esencial que los jugadores lo hagan de manera responsable.<\/p>\n\n\n\n<p class=\"wp-block-paragraph\">La mayor\u00eda de los pa\u00edses que permiten el juego tienen sistemas dise\u00f1ados para ayudar a aquellos afectados por los problemas que genera el mismo juego. Las empresas que se benefician tambi\u00e9n deben participar en la ayuda a aquellos que se sufren de adicci\u00f3n, o est\u00e1n cerca de caer en ella.<\/p>\n\n\n\n<p class=\"wp-block-paragraph\">Argentina no es la excepci\u00f3n. Si bien la legislaci\u00f3n del juego online est\u00e1 a\u00fan en proceso de establecerse de manera nacional, existen p\u00e1ginas para fomentar el juego responsable, as\u00ed como tambi\u00e9n la participaci\u00f3n de los propios sitios web.<\/p>\n\n\n\n<hr class=\"wp-block-separator has-alpha-channel-opacity\"\/>\n\n\n\n<h2 class=\"wp-block-heading\">\u00bfQu\u00e9 es el problema con el juego?<\/h2>\n\n\n\n<p class=\"wp-block-paragraph\">Los problemas con el juego se definen como la situaci\u00f3n en la que el juego o las apuestas han ido m\u00e1s all\u00e1 del simple entretenimiento. Aquellos que sufren de estos problemas, o incluso adicci\u00f3n al juego, han perdido el disfrute y la diversi\u00f3n cuando usan dinero real. En realidad, sienten la necesidad de seguir jugando, como si no tuvieran alternativa posible. Como resultado, sus vidas se ven afectadas seriamente.<\/p>\n\n\n\n<p class=\"wp-block-paragraph\">Existen diversos factores que los jugadores deben tener en cuenta al pensar si el juego se ha vuelto un problema para ellos. Las se\u00f1ales de peligro incluyen juego excesivo para intentar recuperar perdidas o el uso de dinero que deber\u00eda utilizarse en otras prioridades, como el alquiler, las cuentas o comida.<\/p>\n\n\n\n<p class=\"wp-block-paragraph\">El juego nunca debe ser visto como una manera de generar dinero. Tampoco como un m\u00e9todo para pagar el alquiler o las cuentas del hogar. En un escenario ideal, el juego solo debe ser visto como un entretenimiento, nada m\u00e1s.<\/p>\n\n\n\n<h3 class=\"wp-block-heading\">El consejo de juego responsable de Casino Frog<\/h3>\n\n\n\n<p class=\"wp-block-paragraph\">El juego es una gran diversi\u00f3n, pero es muy importante que los jugadores aprendan c\u00f3mo jugar de manera responsable para evitar los problemas. Nuestro equipo de expertos recomienda que los jugadores sepan de los posibles riesgos del juego. Ten\u00e9s que estar seguro que el juego solo tiene valor como entretenimiento.<\/p>\n\n\n\n<p class=\"wp-block-paragraph\">Cuando juegues en linea, record\u00e1 que un juego es solamente eso, un juego. No debe ser visto como una forma de generar dinero, ni tampoco una inversi\u00f3n. En internet es posible encontrar muchas estrategias o t\u00e1cticas para el juego online, pero ninguno de estos m\u00e9todos se puede considerar una forma de ganarse la vida.<\/p>\n\n\n\n<h4 class=\"wp-block-heading\">Establecer un presupuesto<\/h4>\n\n\n\n<p class=\"wp-block-paragraph\">Antes de jugar con dinero real, deb\u00e9s establecer tu prepuesto. Es clave que el monto sea una suma que puedas perder sin inconvenientes. Si te qued\u00e1s sin presupuesto, ten\u00e9s que retirarte.<\/p>\n\n\n\n<p class=\"wp-block-paragraph\">Las p\u00e9rdidas son inevitables en el juego, pero aquellos con problemas reales, sienten las derrotas en el coraz\u00f3n, gastando de m\u00e1s en su intento de recuperar el dinero. No caigas en la trampa. Si perd\u00e9s todo, aceptalo y abandon\u00e1 el juego.<\/p>\n\n\n\n<p class=\"wp-block-paragraph\">Todo el dinero que usas para el juego debe pertenecer al presupuesto para entretenimiento. Si necesit\u00e1s el dinero para prioridades, como comida o alquiler, guardalo y que est\u00e9 listo para cubrir esas necesidades. Incluso si pens\u00e1s que tu estrategia es ganadora, y confi\u00e1s que no vas perder, puede suceder igual.<\/p>\n\n\n\n<p class=\"wp-block-paragraph\">Nosotros sugerimos que todos los jugadores sepan de la ayuda disponible en Argentina. Preparate para pedir ayuda cuando lo necesites. No hay verg\u00fcenza en esto, y puede ser el primer paso hacia una rehabilitaci\u00f3n exitosa. El problema con el juego puede ser devastador. Si los jugadores piden ayuda ante la primera se\u00f1al de auxilio, es m\u00e1s f\u00e1cil recuperarse.<\/p>\n\n\n\n<hr class=\"wp-block-separator has-alpha-channel-opacity\"\/>\n\n\n\n<h2 class=\"wp-block-heading\">C\u00f3mo pedir ayuda frente a problemas con el juego en Argentina<\/h2>\n\n\n\n<p class=\"wp-block-paragraph\">Si vos o uno de tus seres queridos se encuentra con un problema con el juego, pod\u00e9s pedir ayuda en distintos sitios. En Argentina, existe un sitio web, creado en conjunto por diversos actores de la industria del juego, con el objetivo de ayudar y generar conciencia frente al juego responsable.<\/p>\n\n\n\n<p class=\"wp-block-paragraph\">Pod\u00e9s ingresar a <a href=\"http:\/\/www.juegoresponsable.com.ar\/\" target=\"_blank\" rel=\"noopener noreferrer\">http:\/\/www.juegoresponsable.com.ar\/<\/a> para conocer m\u00e1s. Hay informaci\u00f3n, noticias, consultas y hasta un n\u00famero gratuito para contactarse.<\/p>\n\n\n\n<p class=\"wp-block-paragraph\">Adem\u00e1s, los principales sitios web de juego online est\u00e1n comprometidos con la lucha y el juego responsable. Cuentan con secciones especiales y formas de contacto ante cualquier problema.<\/p>\n\n\n\n<p class=\"wp-block-paragraph\">Para disfrutar de la industria en conjunto, es decir, los casinos, aplicaciones, apuestas y juegos disponibles, es necesaria la responsabilidad de cada jugador. Segu\u00ed nuestros consejos y as\u00ed reducir\u00e1s al m\u00e1ximo las posibilidades de desarrollar una adicci\u00f3n con el juego.<\/p>\n\n\n\n<p class=\"wp-block-paragraph\">No apost\u00e9s dinero que no pod\u00e9s perder, y siempre fren\u00e1 ante cualquier se\u00f1al. Aprend\u00e9 sobre Juego Responsable y as\u00ed disfrutar\u00e1s al m\u00e1ximo del entretenimiento. Sin embargo, ante cualquier inconveniente, no dudes en pedir ayuda y acudir a quienes brindan apoyo.<\/p>\n","protected":false},"excerpt":{"rendered":"<p>El entretenimiento online, como las casinos y las apuestas, son una gran manera de pasar el tiempo. Sin embargo, existen riesgos asociados con el juego, y por esa raz\u00f3n, es esencial que los jugadores lo hagan de manera responsable. La mayor\u00eda de los pa\u00edses que permiten el juego tienen sistemas dise\u00f1ados para ayudar a aquellos &#8230; <a title=\"Juego responsable en Argentina\" class=\"read-more\" href=\"https:\/\/casinofrog.com\/ar\/juego-responsable\/\" aria-label=\"Leer m\u00e1s sobre Juego responsable en Argentina\">Leer m\u00e1s<\/a><\/p>\n","protected":false},"author":66,"featured_media":0,"parent":0,"menu_order":0,"comment_status":"closed","ping_status":"closed","template":"","meta":{"_crdt_document":"","footnotes":""},"class_list":["post-10671","page","type-page","status-publish"],"_links":{"self":[{"href":"https:\/\/casinofrog.com\/ar\/wp-json\/wp\/v2\/pages\/10671","targetHints":{"allow":["GET"]}}],"collection":[{"href":"https:\/\/casinofrog.com\/ar\/wp-json\/wp\/v2\/pages"}],"about":[{"href":"https:\/\/casinofrog.com\/ar\/wp-json\/wp\/v2\/types\/page"}],"author":[{"embeddable":true,"href":"https:\/\/casinofrog.com\/ar\/wp-json\/wp\/v2\/users\/66"}],"replies":[{"embeddable":true,"href":"https:\/\/casinofrog.com\/ar\/wp-json\/wp\/v2\/comments?post=10671"}],"version-history":[{"count":3,"href":"https:\/\/casinofrog.com\/ar\/wp-json\/wp\/v2\/pages\/10671\/revisions"}],"predecessor-version":[{"id":20504,"href":"https:\/\/casinofrog.com\/ar\/wp-json\/wp\/v2\/pages\/10671\/revisions\/20504"}],"wp:attachment":[{"href":"https:\/\/casinofrog.com\/ar\/wp-json\/wp\/v2\/media?parent=10671"}],"curies":[{"name":"wp","href":"https:\/\/api.w.org\/{rel}","templated":true}]}}