{"id":10667,"date":"2020-11-09T12:48:47","date_gmt":"2020-11-09T12:48:47","guid":{"rendered":"https:\/\/casinofrog.com\/?page_id=10667"},"modified":"2024-12-28T08:36:15","modified_gmt":"2024-12-28T08:36:15","slug":"quienes-somos","status":"publish","type":"page","link":"https:\/\/casinofrog.com\/ar\/quienes-somos\/","title":{"rendered":"Acerca de Casino Frog (AR)"},"content":{"rendered":"\n<h2 class=\"wp-block-heading\"><figure><img loading=\"lazy\" decoding=\"async\" class=\"alignnone wp-image-11487 size-full\" src=\"https:\/\/casinofrog.com\/wp-content\/uploads\/quienes-somos-argentina.png\" alt=\"Acerda de Casino Frog\" width=\"1400\" height=\"425\" srcset=\"https:\/\/casinofrog.com\/wp-content\/uploads\/quienes-somos-argentina.png 1400w, https:\/\/casinofrog.com\/wp-content\/uploads\/quienes-somos-argentina-300x91.png 300w, https:\/\/casinofrog.com\/wp-content\/uploads\/quienes-somos-argentina-1024x311.png 1024w, https:\/\/casinofrog.com\/wp-content\/uploads\/quienes-somos-argentina-768x233.png 768w\" sizes=\"auto, (max-width: 1400px) 100vw, 1400px\" \/><\/figure>Nuestra misi\u00f3n<\/h2>\n\n\n\n<p class=\"wp-block-paragraph\">En Casino Frog Argentina, iniciamos una misi\u00f3n para proporcionar una visi\u00f3n exhaustiva sobre la industria del juego. La transparencia es clave, por lo cual siempre nos mantendremos como una fuente confiable de informaci\u00f3n precisa e imparcial. Al llevar a cabo extensas pruebas, nuestro equipo de expertos aspira a brindar un contenido objetivo, que te asegure la mejor experiencia posible en un casino.<\/p>\n\n\n\n<hr class=\"wp-block-separator has-alpha-channel-opacity\"\/>\n\n\n\n<h2 class=\"wp-block-heading\">Nuestros valores<\/h2>\n\n\n\n<p class=\"wp-block-paragraph\">El equipo de Casino Frog Argentina est\u00e1 guiado por nuestros valores principales.<\/p>\n\n\n\n<p class=\"wp-block-paragraph\">Creemos en un verdadero compromiso con el cliente, y para ello moldeamos nuestro contenido de acuerdo a las necesidades de los usuarios. Al priorizar calidad sobre cantidad, podemos ayudar a nuestros usuarios al mismo tiempo que respetamos su valioso tiempo.<\/p>\n\n\n\n<p class=\"wp-block-paragraph\">La transparencia y la integridad son vitales para nosotros. El contenido que ofrecemos debe ser genuino, accesible y alcanzar los est\u00e1ndares m\u00e1s altos posibles.<\/p>\n\n\n\n<p class=\"wp-block-paragraph\">Estos valores esenciales son compartidos por todo el equipo, ya que la colaboraci\u00f3n y el trabajo en conjunto es la clave para avanzar hacia adelante como compa\u00f1\u00eda.<\/p>\n\n\n\n<hr class=\"wp-block-separator has-alpha-channel-opacity\"\/>\n\n\n\n<h2 class=\"wp-block-heading\">Nuestra garant\u00eda<\/h2>\n\n\n\n<p class=\"wp-block-paragraph\">Al permanecer independientes, nos aseguramos que el contenido de nuestro sitio sea imparcial. Esto incluye todos nuestros art\u00edculos, gu\u00edas y valoraciones de los casinos.<\/p>\n\n\n\n<p class=\"wp-block-paragraph\">Los casinos ofrecidos en Casino Frog Argentina son examinados a fondo. Cada uno de los casinos que se encuentran en el sitio necesita cumplir con todos nuestros requisitos. Confiables, justos, r\u00e1pidos y, lo m\u00e1s importante, seguros. Tu seguridad es nuestra prioridad.<\/p>\n\n\n\n<p class=\"wp-block-paragraph\">Casino Frog Argentina siempre ser\u00e1 un servicio gratuito. La experiencia y el conocimiento siempre en crecimiento que ofrecemos no tienen ning\u00fan costo, ni lo tendr\u00e1n.<\/p>\n\n\n\n<p class=\"wp-block-paragraph\">Aclaraci\u00f3n:<br><em>Casino Frog es un sitio de afiliados. Lo que significa es que nosotros no ofrecemos ning\u00fan juego de casino propio, sino que promovemos sitios online de casinos. Cuando nuestros visitantes se registran y juegan en un casino a trav\u00e9s de nuestra p\u00e1gina web, podremos recibir una compensaci\u00f3n.<\/em><\/p>\n","protected":false},"excerpt":{"rendered":"<p>Nuestra misi\u00f3n En Casino Frog Argentina, iniciamos una misi\u00f3n para proporcionar una visi\u00f3n exhaustiva sobre la industria del juego. La transparencia es clave, por lo cual siempre nos mantendremos como una fuente confiable de informaci\u00f3n precisa e imparcial. Al llevar a cabo extensas pruebas, nuestro equipo de expertos aspira a brindar un contenido objetivo, que &#8230; <a title=\"Acerca de Casino Frog (AR)\" class=\"read-more\" href=\"https:\/\/casinofrog.com\/ar\/quienes-somos\/\" aria-label=\"Leer m\u00e1s sobre Acerca de Casino Frog (AR)\">Leer m\u00e1s<\/a><\/p>\n","protected":false},"author":72,"featured_media":0,"parent":0,"menu_order":0,"comment_status":"closed","ping_status":"closed","template":"","meta":{"_crdt_document":"","footnotes":""},"class_list":["post-10667","page","type-page","status-publish"],"_links":{"self":[{"href":"https:\/\/casinofrog.com\/ar\/wp-json\/wp\/v2\/pages\/10667","targetHints":{"allow":["GET"]}}],"collection":[{"href":"https:\/\/casinofrog.com\/ar\/wp-json\/wp\/v2\/pages"}],"about":[{"href":"https:\/\/casinofrog.com\/ar\/wp-json\/wp\/v2\/types\/page"}],"author":[{"embeddable":true,"href":"https:\/\/casinofrog.com\/ar\/wp-json\/wp\/v2\/users\/72"}],"replies":[{"embeddable":true,"href":"https:\/\/casinofrog.com\/ar\/wp-json\/wp\/v2\/comments?post=10667"}],"version-history":[{"count":4,"href":"https:\/\/casinofrog.com\/ar\/wp-json\/wp\/v2\/pages\/10667\/revisions"}],"predecessor-version":[{"id":20511,"href":"https:\/\/casinofrog.com\/ar\/wp-json\/wp\/v2\/pages\/10667\/revisions\/20511"}],"wp:attachment":[{"href":"https:\/\/casinofrog.com\/ar\/wp-json\/wp\/v2\/media?parent=10667"}],"curies":[{"name":"wp","href":"https:\/\/api.w.org\/{rel}","templated":true}]}}