{"id":10659,"date":"2020-11-09T12:43:13","date_gmt":"2020-11-09T12:43:13","guid":{"rendered":"https:\/\/casinofrog.com\/?page_id=10659"},"modified":"2024-12-23T11:12:04","modified_gmt":"2024-12-23T11:12:04","slug":"casino-frog-argentina","status":"publish","type":"page","link":"https:\/\/casinofrog.com\/ar\/","title":{"rendered":"Casino Frog Argentina (AR)"},"content":{"rendered":"\n<h2 class=\"wp-block-heading\">Encuentra tu casino 2026<\/h2>\n\n\n\n<table id=\"tablepress-7\" class=\"tablepress tablepress-id-7 tablepress-responsive tablepress-responsive-stack-headers tablepress-responsive-stack-phone\">\n<thead>\n<tr class=\"row-1\">\n\t<td class=\"column-1\"><\/td><th class=\"column-2\">Casino<\/th><th class=\"column-3\">Nombre<\/th><th class=\"column-4\">Clasificaci\u00f3n<\/th><th class=\"column-5\">Bonos de casino<\/th><td class=\"column-6\"><\/td>\n<\/tr>\n<\/thead>\n<tbody class=\"row-striping\">\n<tr class=\"row-2\">\n\t<td class=\"column-1\"><\/td><td class=\"column-2\"><a href=\"https:\/\/casinofrog.com\/ar\/go\/ice-casino\" target=\"_blank\" rel=\"nofollow noopener noreferrer\"><img loading=\"lazy\" decoding=\"async\" src=\"\/wp-content\/uploads\/ice-casino.png\" width=\"130\" height=\"65\" alt=\"Ice Casino\"><\/a><\/td><td class=\"column-3\"><strong>Ice  Casino<\/strong><\/td><td class=\"column-4\">4.9 \/ 5 <i class=\"fa fa-star\"><\/td><td class=\"column-5\"><strong>120%<\/strong> hasta $300<br \/>\n<small><a href=\"https:\/\/casinofrog.com\/ar\/go\/ice-casino\" target=\"_blank\" rel=\"nofollow noopener\">T&C<\/a> &#8211; Juega con responsabilidad (18+) <br \/>\n<\/small><\/td><td class=\"column-6\"><a href=\"https:\/\/casinofrog.com\/ar\/go\/ice-casino\" rel=\"nofollow noopener noreferrer\" target=\"_blank\" class=\"play\">\u00a1Juega Ahora!<\/a><\/td>\n<\/tr>\n<tr class=\"row-3\">\n\t<td class=\"column-1\"><\/td><td class=\"column-2\"><a href=\"https:\/\/casinofrog.com\/ar\/go\/wazamba\" target=\"_blank\" rel=\"nofollow noopener noreferrer\"><img loading=\"lazy\" decoding=\"async\" src=\"\/wp-content\/uploads\/wazamba.png\" width=\"130\" height=\"65\" alt=\"Wazamba Casino\"><\/a><\/td><td class=\"column-3\"><strong>Wazamba<\/strong><\/td><td class=\"column-4\">4.8 \/ 5 <i class=\"fa fa-star\"><\/td><td class=\"column-5\"><strong>&#8211;<\/strong><br \/>\n<small><a href=\"https:\/\/casinofrog.com\/ar\/go\/wazamba\" target=\"_blank\" rel=\"nofollow noopener\">T&C<\/a> &#8211; Juega con responsabilidad (18+) <br \/>\n<\/small><\/td><td class=\"column-6\"><a href=\"https:\/\/casinofrog.com\/ar\/go\/wazamba\" rel=\"nofollow noopener noreferrer\" target=\"_blank\" class=\"play\">\u00a1Juega Ahora!<\/a><\/td>\n<\/tr>\n<tr class=\"row-4\">\n\t<td class=\"column-1\"><\/td><td class=\"column-2\"><a href=\"https:\/\/casinofrog.com\/ar\/go\/nomini\" target=\"_blank\" rel=\"nofollow noopener noreferrer\"><img loading=\"lazy\" decoding=\"async\" src=\"\/wp-content\/uploads\/nomini.png\" width=\"130\" height=\"65\" alt=\"Nomini Casino\"><\/a><\/td><td class=\"column-3\"><strong>Nomini<\/strong><\/td><td class=\"column-4\">4.8 \/ 5 <i class=\"fa fa-star\"><\/td><td class=\"column-5\"><strong>&#8211;<\/strong><br \/>\n<small><a href=\"https:\/\/casinofrog.com\/ar\/go\/nomini\" target=\"_blank\" rel=\"nofollow noopener\">T&C<\/a> &#8211; Juega con responsabilidad (18+) <br \/>\n<\/small><\/td><td class=\"column-6\"><a href=\"https:\/\/casinofrog.com\/ar\/go\/nomini\" rel=\"nofollow noopener noreferrer\" target=\"_blank\" class=\"play\">\u00a1Juega Ahora!<\/a><\/td>\n<\/tr>\n<\/tbody>\n<\/table>\n<!-- #tablepress-7 from cache -->\n\n\n<h2 class=\"wp-block-heading\">Gu\u00eda Argentina de Casinos en L\u00ednea<\/h2>\n\n\n<div class=\"wp-block-image\">\n<figure class=\"alignright\"><img loading=\"lazy\" decoding=\"async\" width=\"140\" height=\"130\" src=\"https:\/\/casinofrog.com\/wp-content\/uploads\/casino-frog-argentina.png\" alt=\"Casino Frog Argentina\" class=\"wp-image-11047\"\/><\/figure>\n<\/div>\n\n\n<p class=\"wp-block-paragraph\">Sumergite en nuestro contenido y vas a encontrar art\u00edculos transparentes, honestos y actuales sobre la industria del casino. Casino Frog es la \u00fanica fuente de informaci\u00f3n que necesitas cuando est\u00e9s buscando el casino adecuado. Creemos firmemente en el juego justo y los derechos del consumidor, por eso recomendamos exclusivamente sitios de casino confiables. Nuestros conocimientos \u2013en constante expansi\u00f3n- cubren todo lo que debes saber sobre casinos.<\/p>\n\n\n\n<p class=\"wp-block-paragraph\">Pod\u00e9s usar alguno de los siguientes enlaces para un acceso directo a nuestros art\u00edculos m\u00e1s populares. Vas a encontrar una lista de comparaci\u00f3n \u00fatil y f\u00e1cil de usar en cada uno de los art\u00edculos.<\/p>\n\n\n\n<ul class=\"wp-block-list\">\n<li><a href=\"https:\/\/casinofrog.com\/ar\/casino-online\/\">Casino online Argentina<\/a><\/li>\n\n\n\n<li><a href=\"https:\/\/casinofrog.com\/ar\/casino-online\/juegos\/\">Juegos de casino online en Argentina<\/a><\/li>\n\n\n\n<li><a href=\"https:\/\/casinofrog.com\/ar\/casino-online\/real\/\">Casino online dinero real en Argentina<\/a><\/li>\n<\/ul>\n\n\n\n<hr class=\"wp-block-separator has-alpha-channel-opacity\"\/>\n\n\n\n<p class=\"wp-block-paragraph\">Comenz\u00e1 de la mejor manera posible al utilizar nuestra herramienta de comparaci\u00f3n de casinos. Ser\u00e1 f\u00e1cil para vos encontrar tu sitio favorito. Us\u00e1 la siguiente lista para obtener una visi\u00f3n en conjunto de los casinos m\u00e1s confiables, opciones para el manejo del dinero, ofertas y bonos, valoraciones y mucho m\u00e1s.<\/p>\n\n\n\n<h3 class=\"wp-block-heading\">Estamos ac\u00e1 para ayudar<\/h3>\n\n\n\n<p class=\"wp-block-paragraph\">Queremos estar seguros que cada pregunta que puedas llegar a tener tenga una respuesta apropiada. En algunas ocasiones, podr\u00e1s tener alguna pregunta que no est\u00e1 respondida en ninguno de nuestros art\u00edculos, gu\u00edas o en la p\u00e1gina de preguntas m\u00e1s frecuentes \u2013FAQ-.<\/p>\n\n\n\n<p class=\"wp-block-paragraph\">Llegado el caso, por favor env\u00edanos tus preguntas y feedback completando el&nbsp;<a href=\"https:\/\/casinofrog.com\/ar\/contactate\/\">formulario de contacto<\/a>, y responderemos en el momento.<\/p>\n\n\n\n<hr class=\"wp-block-separator has-alpha-channel-opacity\"\/>\n\n\n\n<h2 class=\"wp-block-heading\">Tu seguridad est\u00e1 primero<\/h2>\n\n\n\n<p class=\"wp-block-paragraph\">Confianza, honestidad y seguridad son lo m\u00e1s importante para nosotros. Nuestro objetivo es analizar cada sitio de casino en el mercado para asegurarnos que es confiable y seguro antes de recomend\u00e1rtelo.<\/p>\n\n\n\n<p class=\"wp-block-paragraph\">Cada uno de los casinos que recomendamos necesita una licencia apropiada, m\u00e9todos de pago de confianza, asistencia al cliente profesional y pagos r\u00e1pidos. Esa es la garant\u00eda de Casino Frog.<\/p>\n\n\n\n<p class=\"wp-block-paragraph\">El juego \u2013con moderaci\u00f3n- debe ser divertido y emocionante. M\u00e1s importante a\u00fan, debe disfrutarse en un ambiente seguro. Por esa raz\u00f3n, hemos hecho nuestra prioridad asegurarnos que todos los casinos que ofrecemos son confiables y seguros.<\/p>\n\n\n\n<h3 class=\"wp-block-heading\">\u00bfPor qu\u00e9 Casino Frog?<\/h3>\n\n\n\n<p class=\"wp-block-paragraph\">En Casino Frog, apostamos por la diversi\u00f3n. Con eso dicho, somos una compa\u00f1\u00eda seria. Jugar significa que est\u00e1s apostando el dinero que conseguiste con tu esfuerzo, por lo que es nuestro trabajo asegurar que obtienes los mejores resultados con tus gastos.<\/p>\n\n\n\n<p class=\"wp-block-paragraph\">El equipo de Casino Frog ha estado en el negocio por d\u00e9cadas. Sabemos lo que estamos haciendo, y podemos garantizar que tendr\u00e1s la mejor experiencia ac\u00e1.<\/p>\n\n\n\n<p class=\"wp-block-paragraph\">Unite a la familia de Casino Frog y gan\u00e1 acceso a cada uno de los casinos establecidos, nuevos y antiguos. Tambi\u00e9n encontrar\u00e1s las mejores ofertas de bonos y toda la informaci\u00f3n actualizada que necesitas para tu experiencia en el casino<\/p>\n\n\n\n<p class=\"wp-block-paragraph\">Adem\u00e1s, nuestros servicios son completamente gratuitos, y siempre lo ser\u00e1n. Nunca te cobraremos por nada. No hay costos ocultos, es todo gratis.<\/p>\n\n\n\n<p class=\"wp-block-paragraph\">\u00bfQuer\u00e9s saber m\u00e1s sobre nosotros? Visit\u00e1 nuestra p\u00e1gina&nbsp;<a href=\"https:\/\/casinofrog.com\/ar\/quienes-somos\/\">Acerca de nosotros<\/a> para conocer m\u00e1s sobre nuestra misi\u00f3n y nuestros valores.<\/p>\n\n\n\n<hr class=\"wp-block-separator has-alpha-channel-opacity\"\/>\n\n\n\n<h2 class=\"wp-block-heading\">Asesoramiento profesional al alcance de la mano<\/h2>\n\n\n\n<p class=\"wp-block-paragraph\">Sin importar si sos nuevo en el juego o un veterano de los casinos, pod\u00e9s encontrar la respuesta a tus preguntas ac\u00e1.<\/p>\n\n\n\n<p class=\"wp-block-paragraph\">Los expertos en Casino Frog han creado de manera minuciosa estas&nbsp;gu\u00edas para novatos, as\u00ed cualquier jugador nuevo puede empezar a jugar desde el primer momento. Aprend\u00e9 todo lo que necesit\u00e1s para ganar m\u00e1s y conseguir pagos m\u00e1s r\u00e1pidos. \u00a1Convertite un jugador de casino exitoso hoy!<\/p>\n\n\n\n<p class=\"wp-block-paragraph\">Los veteranos tambi\u00e9n encontrar\u00e1n mucha informaci\u00f3n \u00fatil, para estar actualizados con los \u00faltimos cambios en el mercado de casinos online.<\/p>\n\n\n\n<h3 class=\"wp-block-heading\">Nos importa<\/h3>\n\n\n\n<p class=\"wp-block-paragraph\">El entretenimiento online siempre debe ser disfrutado con moderaci\u00f3n. Los juegos de casino deber\u00edan ser divertidos y emocionantes, pero pueden transformarse en un problema para ciertos jugadores. Si est\u00e1s experimentando un problema, o conoc\u00e9s a alguien en una&nbsp; situaci\u00f3n similar, es importante buscar ayuda apropiada r\u00e1pidamente.<\/p>\n\n\n\n<p class=\"wp-block-paragraph\">Visita nuestra <a href=\"https:\/\/casinofrog.com\/ar\/juego-responsable\/\">gu\u00eda de Juego Responsable<\/a>&nbsp;para aprender m\u00e1s. Tambi\u00e9n encontrar\u00e1s los enlaces apropiados para pedir ayuda de inmediato con las autoridades correspondientes.<\/p>\n","protected":false},"excerpt":{"rendered":"<p>Encuentra tu casino Gu\u00eda Argentina de Casinos en L\u00ednea Sumergite en nuestro contenido y vas a encontrar art\u00edculos transparentes, honestos y actuales sobre la industria del casino. Casino Frog es la \u00fanica fuente de informaci\u00f3n que necesitas cuando est\u00e9s buscando el casino adecuado. Creemos firmemente en el juego justo y los derechos del consumidor, por &#8230; <a title=\"Casino Frog Argentina (AR)\" class=\"read-more\" href=\"https:\/\/casinofrog.com\/ar\/\" aria-label=\"Leer m\u00e1s sobre Casino Frog Argentina (AR)\">Leer m\u00e1s<\/a><\/p>\n","protected":false},"author":72,"featured_media":0,"parent":0,"menu_order":0,"comment_status":"closed","ping_status":"closed","template":"","meta":{"_crdt_document":"","footnotes":""},"class_list":["post-10659","page","type-page","status-publish"],"_links":{"self":[{"href":"https:\/\/casinofrog.com\/ar\/wp-json\/wp\/v2\/pages\/10659","targetHints":{"allow":["GET"]}}],"collection":[{"href":"https:\/\/casinofrog.com\/ar\/wp-json\/wp\/v2\/pages"}],"about":[{"href":"https:\/\/casinofrog.com\/ar\/wp-json\/wp\/v2\/types\/page"}],"author":[{"embeddable":true,"href":"https:\/\/casinofrog.com\/ar\/wp-json\/wp\/v2\/users\/72"}],"replies":[{"embeddable":true,"href":"https:\/\/casinofrog.com\/ar\/wp-json\/wp\/v2\/comments?post=10659"}],"version-history":[{"count":14,"href":"https:\/\/casinofrog.com\/ar\/wp-json\/wp\/v2\/pages\/10659\/revisions"}],"predecessor-version":[{"id":20456,"href":"https:\/\/casinofrog.com\/ar\/wp-json\/wp\/v2\/pages\/10659\/revisions\/20456"}],"wp:attachment":[{"href":"https:\/\/casinofrog.com\/ar\/wp-json\/wp\/v2\/media?parent=10659"}],"curies":[{"name":"wp","href":"https:\/\/api.w.org\/{rel}","templated":true}]}}